{"id":15040,"date":"2016-07-05T09:25:23","date_gmt":"2016-07-05T07:25:23","guid":{"rendered":"http:\/\/foliobooks.pl\/en\/sklep\/castros-cuba\/"},"modified":"2024-03-20T16:22:24","modified_gmt":"2024-03-20T15:22:24","slug":"castros-cuba","status":"publish","type":"product","link":"https:\/\/foliobooks.pl\/en\/shop\/castros-cuba\/","title":{"rendered":"Castro\u2019s Cuba"},"content":{"rendered":"<p>\u201cHolds many surprises for the reader who has seen the Cuban reality . . . only through the distorting prism of propaganda.\u201d \u2014The New York Times Book Review, 1967<\/p>\n<p>On December 31, 1958, Lee Lockwood, then a young photojournalist, went to Cuba to cover what looked to be the end of Batista\u2019s regime. He arrived the day before Fidel Castro took power and spent a week canvassing the island before finding the victorious leader. Castro immediately took to Lockwood and over the next decade invited him back many times, granting him special access to his inner circle and free rein to explore the island without the usual restrictions imposed upon American journalists.<\/p>\n<p>In 1965, Castro granted Lockwood a rare, in-depth interview but then missed appointment after appointment. Days turned into weeks turned into three interminable months, as Lockwood, like many journalists before and since, waited for Castro. But it was worth the anticipation, climaxing in a marathon seven-day interview that covered everything from racial issues in America to the Cuban Missile Crisis. It remains to this day one of the most penetrating portraits of the Cuban leader.<\/p>\n<p>Originally published in 1967, Lockwood\u2019s interviews and observations are now republished by TASCHEN alongside hundreds of photographs covering both the weeks Lockwood spent traveling with Castro and the years he documented Cuba\u2019s transformation throughout the \u201960s. From military encampments in the Sierra Maestra mountains to Havana street life and political rallies, many of these color images have never been published before. A foreword and afterword by Latin America expert Saul Landau contextualize Lockwood\u2019s work at a moment in history when U.S.\u2013Cuba relations once again take center stage.<\/p>\n","protected":false},"excerpt":{"rendered":"<p>\u201cHolds many surprises for the reader who has seen the Cuban reality . . . only through the distorting prism of propaganda.\u201d \u2014The New York Times Book Review, 1967 On December 31, 1958, Lee Lockwood, then a young photojournalist, went to Cuba to cover what looked to be the end of Batista\u2019s regime. He arrived&#8230;<\/p>\n","protected":false},"featured_media":15031,"comment_status":"closed","ping_status":"closed","template":"","meta":[],"product_brand":[],"product_cat":[4517,4521],"product_tag":[1681,6121,516,1267,156,1185],"class_list":{"0":"post-15040","1":"product","2":"type-product","3":"status-publish","4":"has-post-thumbnail","6":"product_cat-photography-en","7":"product_cat-silva-rerum-en-en","8":"product_tag-history","9":"product_tag-photography","10":"product_tag-places-en","11":"product_tag-reportage","12":"product_tag-travel","13":"product_tag-world-en","14":"pa_author_att-lee-lockwood-en","15":"pa_author_att-saul-landau-en","16":"pa_cover-hardcover","17":"pa_format-255-x-34-cm-en","18":"pa_isbn-9783836529983-en","19":"pa_language-eng","20":"pa_pages-368-en-2","21":"pa_published-2016-07-15-en","22":"pa_publisher-taschen-en-en","24":"first","25":"instock","26":"sold-individually","27":"shipping-taxable","28":"purchasable","29":"product-type-simple"},"yoast_head":"<!-- This site is optimized with the Yoast SEO plugin v27.5 - https:\/\/yoast.com\/product\/yoast-seo-wordpress\/ -->\n<title>Castro\u2019s Cuba (Lee Lockwood, Saul Landau) - book \/ album - Folio<\/title>\n<meta name=\"description\" content=\"Wejd\u017a i kup ksi\u0105\u017ck\u0119 Castro\u2019s Cuba autorstwa Lee Lockwood, Saul Landau wydan\u0105 przez TASCHEN (2016-07-15) w formacie 25,5 x 34 cm (ISBN: 9783836529983). Zapraszamy!\" \/>\n<meta name=\"robots\" content=\"index, follow, max-snippet:-1, max-image-preview:large, max-video-preview:-1\" \/>\n<link rel=\"canonical\" href=\"https:\/\/foliobooks.pl\/en\/shop\/castros-cuba\/\" \/>\n<meta property=\"og:locale\" content=\"en_US\" \/>\n<meta property=\"og:type\" content=\"article\" \/>\n<meta property=\"og:title\" content=\"Castro\u2019s Cuba (Lee Lockwood, Saul Landau) - book \/ album - Folio\" \/>\n<meta property=\"og:description\" content=\"Wejd\u017a i kup ksi\u0105\u017ck\u0119 Castro\u2019s Cuba autorstwa Lee Lockwood, Saul Landau wydan\u0105 przez TASCHEN (2016-07-15) w formacie 25,5 x 34 cm (ISBN: 9783836529983). Zapraszamy!\" \/>\n<meta property=\"og:url\" content=\"https:\/\/foliobooks.pl\/en\/shop\/castros-cuba\/\" \/>\n<meta property=\"og:site_name\" content=\"Folio\" \/>\n<meta property=\"article:modified_time\" content=\"2024-03-20T15:22:24+00:00\" \/>\n<meta property=\"og:image\" content=\"https:\/\/foliobooks.pl\/wp-content\/uploads\/2016\/07\/9783836529983.png\" \/>\n\t<meta property=\"og:image:width\" content=\"570\" \/>\n\t<meta property=\"og:image:height\" content=\"708\" \/>\n\t<meta property=\"og:image:type\" content=\"image\/png\" \/>\n<meta name=\"twitter:card\" content=\"summary_large_image\" \/>\n<meta name=\"twitter:label1\" content=\"Est. reading time\" \/>\n\t<meta name=\"twitter:data1\" content=\"1 minute\" \/>\n<script type=\"application\/ld+json\" class=\"yoast-schema-graph\">{\"@context\":\"https:\\\/\\\/schema.org\",\"@graph\":[{\"@type\":\"WebPage\",\"@id\":\"https:\\\/\\\/foliobooks.pl\\\/en\\\/shop\\\/castros-cuba\\\/\",\"url\":\"https:\\\/\\\/foliobooks.pl\\\/en\\\/shop\\\/castros-cuba\\\/\",\"name\":\"Castro\u2019s Cuba (Lee Lockwood, Saul Landau) - book \\\/ album - Folio\",\"isPartOf\":{\"@id\":\"https:\\\/\\\/foliobooks.pl\\\/en\\\/#website\"},\"primaryImageOfPage\":{\"@id\":\"https:\\\/\\\/foliobooks.pl\\\/en\\\/shop\\\/castros-cuba\\\/#primaryimage\"},\"image\":{\"@id\":\"https:\\\/\\\/foliobooks.pl\\\/en\\\/shop\\\/castros-cuba\\\/#primaryimage\"},\"thumbnailUrl\":\"https:\\\/\\\/foliobooks.pl\\\/wp-content\\\/uploads\\\/2016\\\/07\\\/9783836529983.png\",\"datePublished\":\"2016-07-05T07:25:23+00:00\",\"dateModified\":\"2024-03-20T15:22:24+00:00\",\"description\":\"Wejd\u017a i kup ksi\u0105\u017ck\u0119 Castro\u2019s Cuba autorstwa Lee Lockwood, Saul Landau wydan\u0105 przez TASCHEN (2016-07-15) w formacie 25,5 x 34 cm (ISBN: 9783836529983). Zapraszamy!\",\"breadcrumb\":{\"@id\":\"https:\\\/\\\/foliobooks.pl\\\/en\\\/shop\\\/castros-cuba\\\/#breadcrumb\"},\"inLanguage\":\"en-US\",\"potentialAction\":[{\"@type\":\"ReadAction\",\"target\":[\"https:\\\/\\\/foliobooks.pl\\\/en\\\/shop\\\/castros-cuba\\\/\"]}]},{\"@type\":\"ImageObject\",\"inLanguage\":\"en-US\",\"@id\":\"https:\\\/\\\/foliobooks.pl\\\/en\\\/shop\\\/castros-cuba\\\/#primaryimage\",\"url\":\"https:\\\/\\\/foliobooks.pl\\\/wp-content\\\/uploads\\\/2016\\\/07\\\/9783836529983.png\",\"contentUrl\":\"https:\\\/\\\/foliobooks.pl\\\/wp-content\\\/uploads\\\/2016\\\/07\\\/9783836529983.png\",\"width\":570,\"height\":708},{\"@type\":\"BreadcrumbList\",\"@id\":\"https:\\\/\\\/foliobooks.pl\\\/en\\\/shop\\\/castros-cuba\\\/#breadcrumb\",\"itemListElement\":[{\"@type\":\"ListItem\",\"position\":1,\"name\":\"Strona g\u0142\u00f3wna\",\"item\":\"https:\\\/\\\/foliobooks.pl\\\/en\\\/\"},{\"@type\":\"ListItem\",\"position\":2,\"name\":\"Shop\",\"item\":\"https:\\\/\\\/foliobooks.pl\\\/en\\\/shop\\\/\"},{\"@type\":\"ListItem\",\"position\":3,\"name\":\"Castro\u2019s Cuba\"}]},{\"@type\":\"WebSite\",\"@id\":\"https:\\\/\\\/foliobooks.pl\\\/en\\\/#website\",\"url\":\"https:\\\/\\\/foliobooks.pl\\\/en\\\/\",\"name\":\"Folio\",\"description\":\"Ksi\u0119garnia internetowa\",\"potentialAction\":[{\"@type\":\"SearchAction\",\"target\":{\"@type\":\"EntryPoint\",\"urlTemplate\":\"https:\\\/\\\/foliobooks.pl\\\/en\\\/?s={search_term_string}\"},\"query-input\":{\"@type\":\"PropertyValueSpecification\",\"valueRequired\":true,\"valueName\":\"search_term_string\"}}],\"inLanguage\":\"en-US\"}]}<\/script>\n<!-- \/ Yoast SEO plugin. -->","yoast_head_json":{"title":"Castro\u2019s Cuba (Lee Lockwood, Saul Landau) - book \/ album - Folio","description":"Wejd\u017a i kup ksi\u0105\u017ck\u0119 Castro\u2019s Cuba autorstwa Lee Lockwood, Saul Landau wydan\u0105 przez TASCHEN (2016-07-15) w formacie 25,5 x 34 cm (ISBN: 9783836529983). Zapraszamy!","robots":{"index":"index","follow":"follow","max-snippet":"max-snippet:-1","max-image-preview":"max-image-preview:large","max-video-preview":"max-video-preview:-1"},"canonical":"https:\/\/foliobooks.pl\/en\/shop\/castros-cuba\/","og_locale":"en_US","og_type":"article","og_title":"Castro\u2019s Cuba (Lee Lockwood, Saul Landau) - book \/ album - Folio","og_description":"Wejd\u017a i kup ksi\u0105\u017ck\u0119 Castro\u2019s Cuba autorstwa Lee Lockwood, Saul Landau wydan\u0105 przez TASCHEN (2016-07-15) w formacie 25,5 x 34 cm (ISBN: 9783836529983). Zapraszamy!","og_url":"https:\/\/foliobooks.pl\/en\/shop\/castros-cuba\/","og_site_name":"Folio","article_modified_time":"2024-03-20T15:22:24+00:00","og_image":[{"width":570,"height":708,"url":"https:\/\/foliobooks.pl\/wp-content\/uploads\/2016\/07\/9783836529983.png","type":"image\/png"}],"twitter_card":"summary_large_image","twitter_misc":{"Est. reading time":"1 minute"},"schema":{"@context":"https:\/\/schema.org","@graph":[{"@type":"WebPage","@id":"https:\/\/foliobooks.pl\/en\/shop\/castros-cuba\/","url":"https:\/\/foliobooks.pl\/en\/shop\/castros-cuba\/","name":"Castro\u2019s Cuba (Lee Lockwood, Saul Landau) - book \/ album - Folio","isPartOf":{"@id":"https:\/\/foliobooks.pl\/en\/#website"},"primaryImageOfPage":{"@id":"https:\/\/foliobooks.pl\/en\/shop\/castros-cuba\/#primaryimage"},"image":{"@id":"https:\/\/foliobooks.pl\/en\/shop\/castros-cuba\/#primaryimage"},"thumbnailUrl":"https:\/\/foliobooks.pl\/wp-content\/uploads\/2016\/07\/9783836529983.png","datePublished":"2016-07-05T07:25:23+00:00","dateModified":"2024-03-20T15:22:24+00:00","description":"Wejd\u017a i kup ksi\u0105\u017ck\u0119 Castro\u2019s Cuba autorstwa Lee Lockwood, Saul Landau wydan\u0105 przez TASCHEN (2016-07-15) w formacie 25,5 x 34 cm (ISBN: 9783836529983). Zapraszamy!","breadcrumb":{"@id":"https:\/\/foliobooks.pl\/en\/shop\/castros-cuba\/#breadcrumb"},"inLanguage":"en-US","potentialAction":[{"@type":"ReadAction","target":["https:\/\/foliobooks.pl\/en\/shop\/castros-cuba\/"]}]},{"@type":"ImageObject","inLanguage":"en-US","@id":"https:\/\/foliobooks.pl\/en\/shop\/castros-cuba\/#primaryimage","url":"https:\/\/foliobooks.pl\/wp-content\/uploads\/2016\/07\/9783836529983.png","contentUrl":"https:\/\/foliobooks.pl\/wp-content\/uploads\/2016\/07\/9783836529983.png","width":570,"height":708},{"@type":"BreadcrumbList","@id":"https:\/\/foliobooks.pl\/en\/shop\/castros-cuba\/#breadcrumb","itemListElement":[{"@type":"ListItem","position":1,"name":"Strona g\u0142\u00f3wna","item":"https:\/\/foliobooks.pl\/en\/"},{"@type":"ListItem","position":2,"name":"Shop","item":"https:\/\/foliobooks.pl\/en\/shop\/"},{"@type":"ListItem","position":3,"name":"Castro\u2019s Cuba"}]},{"@type":"WebSite","@id":"https:\/\/foliobooks.pl\/en\/#website","url":"https:\/\/foliobooks.pl\/en\/","name":"Folio","description":"Ksi\u0119garnia internetowa","potentialAction":[{"@type":"SearchAction","target":{"@type":"EntryPoint","urlTemplate":"https:\/\/foliobooks.pl\/en\/?s={search_term_string}"},"query-input":{"@type":"PropertyValueSpecification","valueRequired":true,"valueName":"search_term_string"}}],"inLanguage":"en-US"}]}},"_links":{"self":[{"href":"https:\/\/foliobooks.pl\/en\/wp-json\/wp\/v2\/product\/15040","targetHints":{"allow":["GET"]}}],"collection":[{"href":"https:\/\/foliobooks.pl\/en\/wp-json\/wp\/v2\/product"}],"about":[{"href":"https:\/\/foliobooks.pl\/en\/wp-json\/wp\/v2\/types\/product"}],"replies":[{"embeddable":true,"href":"https:\/\/foliobooks.pl\/en\/wp-json\/wp\/v2\/comments?post=15040"}],"wp:featuredmedia":[{"embeddable":true,"href":"https:\/\/foliobooks.pl\/en\/wp-json\/wp\/v2\/media\/15031"}],"wp:attachment":[{"href":"https:\/\/foliobooks.pl\/en\/wp-json\/wp\/v2\/media?parent=15040"}],"wp:term":[{"taxonomy":"product_brand","embeddable":true,"href":"https:\/\/foliobooks.pl\/en\/wp-json\/wp\/v2\/product_brand?post=15040"},{"taxonomy":"product_cat","embeddable":true,"href":"https:\/\/foliobooks.pl\/en\/wp-json\/wp\/v2\/product_cat?post=15040"},{"taxonomy":"product_tag","embeddable":true,"href":"https:\/\/foliobooks.pl\/en\/wp-json\/wp\/v2\/product_tag?post=15040"}],"curies":[{"name":"wp","href":"https:\/\/api.w.org\/{rel}","templated":true}]}}