{"id":14939,"date":"2016-06-22T12:24:51","date_gmt":"2016-06-22T10:24:51","guid":{"rendered":"http:\/\/foliobooks.pl\/en\/sklep\/stuart-haygarth-strand\/"},"modified":"2025-09-30T11:55:28","modified_gmt":"2025-09-30T09:55:28","slug":"stuart-haygarth-strand","status":"publish","type":"product","link":"https:\/\/foliobooks.pl\/en\/shop\/stuart-haygarth-strand\/","title":{"rendered":"Stuart Haygarth. Strand"},"content":{"rendered":"<p>British artist and designer Stuart Haygarth gathers discarded or overlooked objects and elevates them into art. He makes exquisite designs and stunning installations out of common detritus and everyday waste. Yet his work is as much about the process of collecting and collating materials as it is the creation of value or beauty. For Strand \u2013 the Old English and Old German word for \u2018beach\u2019 \u2013 he walked the entire length of the English south coast, from Gravesend to Land\u2019s End, picking up hundreds of man-made items left washed up on the shore. Combs, lighters and baby dolls, plastic balls, toys, containers and shoes were just some of the many objects he gathered on the 450-mile trip. Back in the studio, he categorized every item by type and colour before arranging them into precise compositions and photographing them. Displaying the formal rigour of the designer and the aesthetic eye of the artist, the resulting images seduce with their beauty and visual immediacy. The objects form an archive of sorts, a fragmented narrative of unknown people\u2019s lives, as well as a material document of Haygarth\u2019s journey. But his beautiful pictures tell another tale too: the story of our reckless pollution of the environment, for each of these manufactured objects has been thrown away and then carried by the world\u2019s oceans and seas. They are the flotsam and jetsam of daily life.<\/p>\n","protected":false},"excerpt":{"rendered":"<p>British artist and designer Stuart Haygarth gathers discarded or overlooked objects and elevates them into art. He makes exquisite designs and stunning installations out of common detritus and everyday waste. Yet his work is as much about the process of collecting and collating materials as it is the creation of value or beauty. For Strand&#8230;<\/p>\n","protected":false},"featured_media":14938,"comment_status":"closed","ping_status":"closed","template":"","meta":[],"product_brand":[],"product_cat":[4522,4517,4521],"product_tag":[334,979,154,6121,156],"class_list":{"0":"post-14939","1":"product","2":"type-product","3":"status-publish","4":"has-post-thumbnail","6":"product_cat-art-en","7":"product_cat-photography-en","8":"product_cat-silva-rerum-en-en","9":"product_tag-collections-en","10":"product_tag-contemporary-art-en","11":"product_tag-monographs","12":"product_tag-photography","13":"product_tag-travel","14":"pa_author_att-stuart-haygarth-en","15":"pa_cover-hardcover","16":"pa_format-21-x-26-cm-en","17":"pa_isbn-9781908970251-en","18":"pa_language-eng","19":"pa_pages-128-en","20":"pa_published-2016-04-01-en","21":"pa_publisher-artbooks-en","23":"first","24":"instock","25":"sale","26":"shipping-taxable","27":"purchasable","28":"product-type-simple"},"yoast_head":"<!-- This site is optimized with the Yoast SEO plugin v27.6 - https:\/\/yoast.com\/product\/yoast-seo-wordpress\/ -->\n<title>Stuart Haygarth. Strand (Stuart Haygarth) - book \/ album - Folio<\/title>\n<meta name=\"description\" content=\"Wejd\u017a i kup ksi\u0105\u017ck\u0119 Stuart Haygarth. Strand autorstwa Stuart Haygarth wydan\u0105 przez Art\/Books (2016-04-01) w formacie 21 x 26 cm (ISBN: 9781908970251). Zapraszamy!\" \/>\n<meta name=\"robots\" content=\"index, follow, max-snippet:-1, max-image-preview:large, max-video-preview:-1\" \/>\n<link rel=\"canonical\" href=\"https:\/\/foliobooks.pl\/en\/shop\/stuart-haygarth-strand\/\" \/>\n<meta property=\"og:locale\" content=\"en_US\" \/>\n<meta property=\"og:type\" content=\"article\" \/>\n<meta property=\"og:title\" content=\"Stuart Haygarth. Strand (Stuart Haygarth) - book \/ album - Folio\" \/>\n<meta property=\"og:description\" content=\"Wejd\u017a i kup ksi\u0105\u017ck\u0119 Stuart Haygarth. Strand autorstwa Stuart Haygarth wydan\u0105 przez Art\/Books (2016-04-01) w formacie 21 x 26 cm (ISBN: 9781908970251). Zapraszamy!\" \/>\n<meta property=\"og:url\" content=\"https:\/\/foliobooks.pl\/en\/shop\/stuart-haygarth-strand\/\" \/>\n<meta property=\"og:site_name\" content=\"Folio\" \/>\n<meta property=\"article:modified_time\" content=\"2025-09-30T09:55:28+00:00\" \/>\n<meta property=\"og:image\" content=\"https:\/\/foliobooks.pl\/wp-content\/uploads\/2016\/06\/9781908970251.png\" \/>\n\t<meta property=\"og:image:width\" content=\"570\" \/>\n\t<meta property=\"og:image:height\" content=\"708\" \/>\n\t<meta property=\"og:image:type\" content=\"image\/png\" \/>\n<meta name=\"twitter:card\" content=\"summary_large_image\" \/>\n<meta name=\"twitter:label1\" content=\"Est. reading time\" \/>\n\t<meta name=\"twitter:data1\" content=\"1 minute\" \/>\n<script type=\"application\/ld+json\" class=\"yoast-schema-graph\">{\"@context\":\"https:\\\/\\\/schema.org\",\"@graph\":[{\"@type\":\"WebPage\",\"@id\":\"https:\\\/\\\/foliobooks.pl\\\/en\\\/shop\\\/stuart-haygarth-strand\\\/\",\"url\":\"https:\\\/\\\/foliobooks.pl\\\/en\\\/shop\\\/stuart-haygarth-strand\\\/\",\"name\":\"Stuart Haygarth. Strand (Stuart Haygarth) - book \\\/ album - Folio\",\"isPartOf\":{\"@id\":\"https:\\\/\\\/foliobooks.pl\\\/en\\\/#website\"},\"primaryImageOfPage\":{\"@id\":\"https:\\\/\\\/foliobooks.pl\\\/en\\\/shop\\\/stuart-haygarth-strand\\\/#primaryimage\"},\"image\":{\"@id\":\"https:\\\/\\\/foliobooks.pl\\\/en\\\/shop\\\/stuart-haygarth-strand\\\/#primaryimage\"},\"thumbnailUrl\":\"https:\\\/\\\/foliobooks.pl\\\/wp-content\\\/uploads\\\/2016\\\/06\\\/9781908970251.png\",\"datePublished\":\"2016-06-22T10:24:51+00:00\",\"dateModified\":\"2025-09-30T09:55:28+00:00\",\"description\":\"Wejd\u017a i kup ksi\u0105\u017ck\u0119 Stuart Haygarth. Strand autorstwa Stuart Haygarth wydan\u0105 przez Art\\\/Books (2016-04-01) w formacie 21 x 26 cm (ISBN: 9781908970251). Zapraszamy!\",\"breadcrumb\":{\"@id\":\"https:\\\/\\\/foliobooks.pl\\\/en\\\/shop\\\/stuart-haygarth-strand\\\/#breadcrumb\"},\"inLanguage\":\"en-US\",\"potentialAction\":[{\"@type\":\"ReadAction\",\"target\":[\"https:\\\/\\\/foliobooks.pl\\\/en\\\/shop\\\/stuart-haygarth-strand\\\/\"]}]},{\"@type\":\"ImageObject\",\"inLanguage\":\"en-US\",\"@id\":\"https:\\\/\\\/foliobooks.pl\\\/en\\\/shop\\\/stuart-haygarth-strand\\\/#primaryimage\",\"url\":\"https:\\\/\\\/foliobooks.pl\\\/wp-content\\\/uploads\\\/2016\\\/06\\\/9781908970251.png\",\"contentUrl\":\"https:\\\/\\\/foliobooks.pl\\\/wp-content\\\/uploads\\\/2016\\\/06\\\/9781908970251.png\",\"width\":570,\"height\":708},{\"@type\":\"BreadcrumbList\",\"@id\":\"https:\\\/\\\/foliobooks.pl\\\/en\\\/shop\\\/stuart-haygarth-strand\\\/#breadcrumb\",\"itemListElement\":[{\"@type\":\"ListItem\",\"position\":1,\"name\":\"Strona g\u0142\u00f3wna\",\"item\":\"https:\\\/\\\/foliobooks.pl\\\/en\\\/\"},{\"@type\":\"ListItem\",\"position\":2,\"name\":\"Shop\",\"item\":\"https:\\\/\\\/foliobooks.pl\\\/en\\\/shop\\\/\"},{\"@type\":\"ListItem\",\"position\":3,\"name\":\"Stuart Haygarth. Strand\"}]},{\"@type\":\"WebSite\",\"@id\":\"https:\\\/\\\/foliobooks.pl\\\/en\\\/#website\",\"url\":\"https:\\\/\\\/foliobooks.pl\\\/en\\\/\",\"name\":\"Folio\",\"description\":\"Ksi\u0119garnia internetowa\",\"potentialAction\":[{\"@type\":\"SearchAction\",\"target\":{\"@type\":\"EntryPoint\",\"urlTemplate\":\"https:\\\/\\\/foliobooks.pl\\\/en\\\/?s={search_term_string}\"},\"query-input\":{\"@type\":\"PropertyValueSpecification\",\"valueRequired\":true,\"valueName\":\"search_term_string\"}}],\"inLanguage\":\"en-US\"}]}<\/script>\n<!-- \/ Yoast SEO plugin. -->","yoast_head_json":{"title":"Stuart Haygarth. Strand (Stuart Haygarth) - book \/ album - Folio","description":"Wejd\u017a i kup ksi\u0105\u017ck\u0119 Stuart Haygarth. Strand autorstwa Stuart Haygarth wydan\u0105 przez Art\/Books (2016-04-01) w formacie 21 x 26 cm (ISBN: 9781908970251). Zapraszamy!","robots":{"index":"index","follow":"follow","max-snippet":"max-snippet:-1","max-image-preview":"max-image-preview:large","max-video-preview":"max-video-preview:-1"},"canonical":"https:\/\/foliobooks.pl\/en\/shop\/stuart-haygarth-strand\/","og_locale":"en_US","og_type":"article","og_title":"Stuart Haygarth. Strand (Stuart Haygarth) - book \/ album - Folio","og_description":"Wejd\u017a i kup ksi\u0105\u017ck\u0119 Stuart Haygarth. Strand autorstwa Stuart Haygarth wydan\u0105 przez Art\/Books (2016-04-01) w formacie 21 x 26 cm (ISBN: 9781908970251). Zapraszamy!","og_url":"https:\/\/foliobooks.pl\/en\/shop\/stuart-haygarth-strand\/","og_site_name":"Folio","article_modified_time":"2025-09-30T09:55:28+00:00","og_image":[{"width":570,"height":708,"url":"https:\/\/foliobooks.pl\/wp-content\/uploads\/2016\/06\/9781908970251.png","type":"image\/png"}],"twitter_card":"summary_large_image","twitter_misc":{"Est. reading time":"1 minute"},"schema":{"@context":"https:\/\/schema.org","@graph":[{"@type":"WebPage","@id":"https:\/\/foliobooks.pl\/en\/shop\/stuart-haygarth-strand\/","url":"https:\/\/foliobooks.pl\/en\/shop\/stuart-haygarth-strand\/","name":"Stuart Haygarth. Strand (Stuart Haygarth) - book \/ album - Folio","isPartOf":{"@id":"https:\/\/foliobooks.pl\/en\/#website"},"primaryImageOfPage":{"@id":"https:\/\/foliobooks.pl\/en\/shop\/stuart-haygarth-strand\/#primaryimage"},"image":{"@id":"https:\/\/foliobooks.pl\/en\/shop\/stuart-haygarth-strand\/#primaryimage"},"thumbnailUrl":"https:\/\/foliobooks.pl\/wp-content\/uploads\/2016\/06\/9781908970251.png","datePublished":"2016-06-22T10:24:51+00:00","dateModified":"2025-09-30T09:55:28+00:00","description":"Wejd\u017a i kup ksi\u0105\u017ck\u0119 Stuart Haygarth. Strand autorstwa Stuart Haygarth wydan\u0105 przez Art\/Books (2016-04-01) w formacie 21 x 26 cm (ISBN: 9781908970251). Zapraszamy!","breadcrumb":{"@id":"https:\/\/foliobooks.pl\/en\/shop\/stuart-haygarth-strand\/#breadcrumb"},"inLanguage":"en-US","potentialAction":[{"@type":"ReadAction","target":["https:\/\/foliobooks.pl\/en\/shop\/stuart-haygarth-strand\/"]}]},{"@type":"ImageObject","inLanguage":"en-US","@id":"https:\/\/foliobooks.pl\/en\/shop\/stuart-haygarth-strand\/#primaryimage","url":"https:\/\/foliobooks.pl\/wp-content\/uploads\/2016\/06\/9781908970251.png","contentUrl":"https:\/\/foliobooks.pl\/wp-content\/uploads\/2016\/06\/9781908970251.png","width":570,"height":708},{"@type":"BreadcrumbList","@id":"https:\/\/foliobooks.pl\/en\/shop\/stuart-haygarth-strand\/#breadcrumb","itemListElement":[{"@type":"ListItem","position":1,"name":"Strona g\u0142\u00f3wna","item":"https:\/\/foliobooks.pl\/en\/"},{"@type":"ListItem","position":2,"name":"Shop","item":"https:\/\/foliobooks.pl\/en\/shop\/"},{"@type":"ListItem","position":3,"name":"Stuart Haygarth. Strand"}]},{"@type":"WebSite","@id":"https:\/\/foliobooks.pl\/en\/#website","url":"https:\/\/foliobooks.pl\/en\/","name":"Folio","description":"Ksi\u0119garnia internetowa","potentialAction":[{"@type":"SearchAction","target":{"@type":"EntryPoint","urlTemplate":"https:\/\/foliobooks.pl\/en\/?s={search_term_string}"},"query-input":{"@type":"PropertyValueSpecification","valueRequired":true,"valueName":"search_term_string"}}],"inLanguage":"en-US"}]}},"_links":{"self":[{"href":"https:\/\/foliobooks.pl\/en\/wp-json\/wp\/v2\/product\/14939","targetHints":{"allow":["GET"]}}],"collection":[{"href":"https:\/\/foliobooks.pl\/en\/wp-json\/wp\/v2\/product"}],"about":[{"href":"https:\/\/foliobooks.pl\/en\/wp-json\/wp\/v2\/types\/product"}],"replies":[{"embeddable":true,"href":"https:\/\/foliobooks.pl\/en\/wp-json\/wp\/v2\/comments?post=14939"}],"wp:featuredmedia":[{"embeddable":true,"href":"https:\/\/foliobooks.pl\/en\/wp-json\/wp\/v2\/media\/14938"}],"wp:attachment":[{"href":"https:\/\/foliobooks.pl\/en\/wp-json\/wp\/v2\/media?parent=14939"}],"wp:term":[{"taxonomy":"product_brand","embeddable":true,"href":"https:\/\/foliobooks.pl\/en\/wp-json\/wp\/v2\/product_brand?post=14939"},{"taxonomy":"product_cat","embeddable":true,"href":"https:\/\/foliobooks.pl\/en\/wp-json\/wp\/v2\/product_cat?post=14939"},{"taxonomy":"product_tag","embeddable":true,"href":"https:\/\/foliobooks.pl\/en\/wp-json\/wp\/v2\/product_tag?post=14939"}],"curies":[{"name":"wp","href":"https:\/\/api.w.org\/{rel}","templated":true}]}}