{"id":14608,"date":"2016-05-25T10:54:41","date_gmt":"2016-05-25T08:54:41","guid":{"rendered":"http:\/\/foliobooks.pl\/en\/sklep\/raphael-basic-art-series\/"},"modified":"2025-04-15T14:29:16","modified_gmt":"2025-04-15T12:29:16","slug":"raphael-basic-art-series","status":"publish","type":"product","link":"https:\/\/foliobooks.pl\/en\/shop\/raphael-basic-art-series\/","title":{"rendered":"Raphael. Basic Art Series"},"content":{"rendered":"<p>In art history, we tend to be on first name terms only with the most revered of masters. The Renaissance painter and architect Raphael Santi (1483\u20131520) is one such star. The man we call simply Raphael has for centuries been hailed as a supreme Renaissance artist. For some, he even outstrips his equally famous, equally first-named, contemporaries, Leonardo and Michelangelo.<\/p>\n<p>From 1500 to 1508, Raphael worked throughout central Italy, particularly in Florence where he secured his reputation as a painter of portraits and beautifully rendered Madonnas, archetypical icons within the Catholic faith. In 1508 he was summoned to Rome by Pope Julius II and later embarked on an ambitious mural scheme for the Stanza della Segnatura in the Vatican. Within this room, Raphael\u2019s The School of Athens is considered a paradigm of the High Renaissance, merging Classical philosophy with perfected perspectival space, animated figures, and a composition of majestic balance.<\/p>\n<p>This essential introduction explores how in just two decades of work, Raphael painted his way to legendary greatness. With highlights from his prolific output, it presents the mastery of figures and forms that secured his place not only in the trinity of Renaissance luminaries but also among the most esteemed artists of all time.<\/p>\n","protected":false},"excerpt":{"rendered":"<p>In art history, we tend to be on first name terms only with the most revered of masters. The Renaissance painter and architect Raphael Santi (1483\u20131520) is one such star. The man we call simply Raphael has for centuries been hailed as a supreme Renaissance artist. For some, he even outstrips his equally famous, equally&#8230;<\/p>\n","protected":false},"featured_media":14599,"comment_status":"closed","ping_status":"closed","template":"","meta":[],"product_brand":[],"product_cat":[4522],"product_tag":[334,1146,154,524],"class_list":{"0":"post-14608","1":"product","2":"type-product","3":"status-publish","4":"has-post-thumbnail","6":"product_cat-art-en","7":"product_tag-collections-en","8":"product_tag-great-masters-en","9":"product_tag-monographs","10":"product_tag-painting-en","11":"pa_author_att-christof-thoenes-en","12":"pa_cover-hardcover","13":"pa_format-21-x-26-cm-en","14":"pa_isbn-9783836532426-en","15":"pa_language-eng","16":"pa_pages-96-en","17":"pa_published-2016-06-01-en","18":"pa_publisher-taschen-en-en","20":"first","21":"instock","22":"sold-individually","23":"shipping-taxable","24":"purchasable","25":"product-type-simple"},"yoast_head":"<!-- This site is optimized with the Yoast SEO plugin v27.4 - https:\/\/yoast.com\/product\/yoast-seo-wordpress\/ -->\n<title>Raphael. Basic Art Series (Christof Thoenes) - book \/ album - Folio<\/title>\n<meta name=\"description\" content=\"Wejd\u017a i kup ksi\u0105\u017ck\u0119 Raphael. Basic Art Series autorstwa Christof Thoenes wydan\u0105 przez TASCHEN (2016-06-01) w formacie 21 x 26 cm (ISBN: 9783836532426). Zapraszamy!\" \/>\n<meta name=\"robots\" content=\"index, follow, max-snippet:-1, max-image-preview:large, max-video-preview:-1\" \/>\n<link rel=\"canonical\" href=\"https:\/\/foliobooks.pl\/en\/shop\/raphael-basic-art-series\/\" \/>\n<meta property=\"og:locale\" content=\"en_US\" \/>\n<meta property=\"og:type\" content=\"article\" \/>\n<meta property=\"og:title\" content=\"Raphael. Basic Art Series (Christof Thoenes) - book \/ album - Folio\" \/>\n<meta property=\"og:description\" content=\"Wejd\u017a i kup ksi\u0105\u017ck\u0119 Raphael. Basic Art Series autorstwa Christof Thoenes wydan\u0105 przez TASCHEN (2016-06-01) w formacie 21 x 26 cm (ISBN: 9783836532426). Zapraszamy!\" \/>\n<meta property=\"og:url\" content=\"https:\/\/foliobooks.pl\/en\/shop\/raphael-basic-art-series\/\" \/>\n<meta property=\"og:site_name\" content=\"Folio\" \/>\n<meta property=\"article:modified_time\" content=\"2025-04-15T12:29:16+00:00\" \/>\n<meta property=\"og:image\" content=\"https:\/\/foliobooks.pl\/wp-content\/uploads\/2016\/05\/9783836532426.png\" \/>\n\t<meta property=\"og:image:width\" content=\"570\" \/>\n\t<meta property=\"og:image:height\" content=\"708\" \/>\n\t<meta property=\"og:image:type\" content=\"image\/png\" \/>\n<meta name=\"twitter:card\" content=\"summary_large_image\" \/>\n<meta name=\"twitter:label1\" content=\"Est. reading time\" \/>\n\t<meta name=\"twitter:data1\" content=\"1 minute\" \/>\n<script type=\"application\/ld+json\" class=\"yoast-schema-graph\">{\"@context\":\"https:\\\/\\\/schema.org\",\"@graph\":[{\"@type\":\"WebPage\",\"@id\":\"https:\\\/\\\/foliobooks.pl\\\/en\\\/shop\\\/raphael-basic-art-series\\\/\",\"url\":\"https:\\\/\\\/foliobooks.pl\\\/en\\\/shop\\\/raphael-basic-art-series\\\/\",\"name\":\"Raphael. Basic Art Series (Christof Thoenes) - book \\\/ album - Folio\",\"isPartOf\":{\"@id\":\"https:\\\/\\\/foliobooks.pl\\\/en\\\/#website\"},\"primaryImageOfPage\":{\"@id\":\"https:\\\/\\\/foliobooks.pl\\\/en\\\/shop\\\/raphael-basic-art-series\\\/#primaryimage\"},\"image\":{\"@id\":\"https:\\\/\\\/foliobooks.pl\\\/en\\\/shop\\\/raphael-basic-art-series\\\/#primaryimage\"},\"thumbnailUrl\":\"https:\\\/\\\/foliobooks.pl\\\/wp-content\\\/uploads\\\/2016\\\/05\\\/9783836532426.png\",\"datePublished\":\"2016-05-25T08:54:41+00:00\",\"dateModified\":\"2025-04-15T12:29:16+00:00\",\"description\":\"Wejd\u017a i kup ksi\u0105\u017ck\u0119 Raphael. Basic Art Series autorstwa Christof Thoenes wydan\u0105 przez TASCHEN (2016-06-01) w formacie 21 x 26 cm (ISBN: 9783836532426). Zapraszamy!\",\"breadcrumb\":{\"@id\":\"https:\\\/\\\/foliobooks.pl\\\/en\\\/shop\\\/raphael-basic-art-series\\\/#breadcrumb\"},\"inLanguage\":\"en-US\",\"potentialAction\":[{\"@type\":\"ReadAction\",\"target\":[\"https:\\\/\\\/foliobooks.pl\\\/en\\\/shop\\\/raphael-basic-art-series\\\/\"]}]},{\"@type\":\"ImageObject\",\"inLanguage\":\"en-US\",\"@id\":\"https:\\\/\\\/foliobooks.pl\\\/en\\\/shop\\\/raphael-basic-art-series\\\/#primaryimage\",\"url\":\"https:\\\/\\\/foliobooks.pl\\\/wp-content\\\/uploads\\\/2016\\\/05\\\/9783836532426.png\",\"contentUrl\":\"https:\\\/\\\/foliobooks.pl\\\/wp-content\\\/uploads\\\/2016\\\/05\\\/9783836532426.png\",\"width\":570,\"height\":708},{\"@type\":\"BreadcrumbList\",\"@id\":\"https:\\\/\\\/foliobooks.pl\\\/en\\\/shop\\\/raphael-basic-art-series\\\/#breadcrumb\",\"itemListElement\":[{\"@type\":\"ListItem\",\"position\":1,\"name\":\"Strona g\u0142\u00f3wna\",\"item\":\"https:\\\/\\\/foliobooks.pl\\\/en\\\/\"},{\"@type\":\"ListItem\",\"position\":2,\"name\":\"Shop\",\"item\":\"https:\\\/\\\/foliobooks.pl\\\/en\\\/shop\\\/\"},{\"@type\":\"ListItem\",\"position\":3,\"name\":\"Raphael. Basic Art Series\"}]},{\"@type\":\"WebSite\",\"@id\":\"https:\\\/\\\/foliobooks.pl\\\/en\\\/#website\",\"url\":\"https:\\\/\\\/foliobooks.pl\\\/en\\\/\",\"name\":\"Folio\",\"description\":\"Ksi\u0119garnia internetowa\",\"potentialAction\":[{\"@type\":\"SearchAction\",\"target\":{\"@type\":\"EntryPoint\",\"urlTemplate\":\"https:\\\/\\\/foliobooks.pl\\\/en\\\/?s={search_term_string}\"},\"query-input\":{\"@type\":\"PropertyValueSpecification\",\"valueRequired\":true,\"valueName\":\"search_term_string\"}}],\"inLanguage\":\"en-US\"}]}<\/script>\n<!-- \/ Yoast SEO plugin. -->","yoast_head_json":{"title":"Raphael. Basic Art Series (Christof Thoenes) - book \/ album - Folio","description":"Wejd\u017a i kup ksi\u0105\u017ck\u0119 Raphael. Basic Art Series autorstwa Christof Thoenes wydan\u0105 przez TASCHEN (2016-06-01) w formacie 21 x 26 cm (ISBN: 9783836532426). Zapraszamy!","robots":{"index":"index","follow":"follow","max-snippet":"max-snippet:-1","max-image-preview":"max-image-preview:large","max-video-preview":"max-video-preview:-1"},"canonical":"https:\/\/foliobooks.pl\/en\/shop\/raphael-basic-art-series\/","og_locale":"en_US","og_type":"article","og_title":"Raphael. Basic Art Series (Christof Thoenes) - book \/ album - Folio","og_description":"Wejd\u017a i kup ksi\u0105\u017ck\u0119 Raphael. Basic Art Series autorstwa Christof Thoenes wydan\u0105 przez TASCHEN (2016-06-01) w formacie 21 x 26 cm (ISBN: 9783836532426). Zapraszamy!","og_url":"https:\/\/foliobooks.pl\/en\/shop\/raphael-basic-art-series\/","og_site_name":"Folio","article_modified_time":"2025-04-15T12:29:16+00:00","og_image":[{"width":570,"height":708,"url":"https:\/\/foliobooks.pl\/wp-content\/uploads\/2016\/05\/9783836532426.png","type":"image\/png"}],"twitter_card":"summary_large_image","twitter_misc":{"Est. reading time":"1 minute"},"schema":{"@context":"https:\/\/schema.org","@graph":[{"@type":"WebPage","@id":"https:\/\/foliobooks.pl\/en\/shop\/raphael-basic-art-series\/","url":"https:\/\/foliobooks.pl\/en\/shop\/raphael-basic-art-series\/","name":"Raphael. Basic Art Series (Christof Thoenes) - book \/ album - Folio","isPartOf":{"@id":"https:\/\/foliobooks.pl\/en\/#website"},"primaryImageOfPage":{"@id":"https:\/\/foliobooks.pl\/en\/shop\/raphael-basic-art-series\/#primaryimage"},"image":{"@id":"https:\/\/foliobooks.pl\/en\/shop\/raphael-basic-art-series\/#primaryimage"},"thumbnailUrl":"https:\/\/foliobooks.pl\/wp-content\/uploads\/2016\/05\/9783836532426.png","datePublished":"2016-05-25T08:54:41+00:00","dateModified":"2025-04-15T12:29:16+00:00","description":"Wejd\u017a i kup ksi\u0105\u017ck\u0119 Raphael. Basic Art Series autorstwa Christof Thoenes wydan\u0105 przez TASCHEN (2016-06-01) w formacie 21 x 26 cm (ISBN: 9783836532426). Zapraszamy!","breadcrumb":{"@id":"https:\/\/foliobooks.pl\/en\/shop\/raphael-basic-art-series\/#breadcrumb"},"inLanguage":"en-US","potentialAction":[{"@type":"ReadAction","target":["https:\/\/foliobooks.pl\/en\/shop\/raphael-basic-art-series\/"]}]},{"@type":"ImageObject","inLanguage":"en-US","@id":"https:\/\/foliobooks.pl\/en\/shop\/raphael-basic-art-series\/#primaryimage","url":"https:\/\/foliobooks.pl\/wp-content\/uploads\/2016\/05\/9783836532426.png","contentUrl":"https:\/\/foliobooks.pl\/wp-content\/uploads\/2016\/05\/9783836532426.png","width":570,"height":708},{"@type":"BreadcrumbList","@id":"https:\/\/foliobooks.pl\/en\/shop\/raphael-basic-art-series\/#breadcrumb","itemListElement":[{"@type":"ListItem","position":1,"name":"Strona g\u0142\u00f3wna","item":"https:\/\/foliobooks.pl\/en\/"},{"@type":"ListItem","position":2,"name":"Shop","item":"https:\/\/foliobooks.pl\/en\/shop\/"},{"@type":"ListItem","position":3,"name":"Raphael. Basic Art Series"}]},{"@type":"WebSite","@id":"https:\/\/foliobooks.pl\/en\/#website","url":"https:\/\/foliobooks.pl\/en\/","name":"Folio","description":"Ksi\u0119garnia internetowa","potentialAction":[{"@type":"SearchAction","target":{"@type":"EntryPoint","urlTemplate":"https:\/\/foliobooks.pl\/en\/?s={search_term_string}"},"query-input":{"@type":"PropertyValueSpecification","valueRequired":true,"valueName":"search_term_string"}}],"inLanguage":"en-US"}]}},"_links":{"self":[{"href":"https:\/\/foliobooks.pl\/en\/wp-json\/wp\/v2\/product\/14608","targetHints":{"allow":["GET"]}}],"collection":[{"href":"https:\/\/foliobooks.pl\/en\/wp-json\/wp\/v2\/product"}],"about":[{"href":"https:\/\/foliobooks.pl\/en\/wp-json\/wp\/v2\/types\/product"}],"replies":[{"embeddable":true,"href":"https:\/\/foliobooks.pl\/en\/wp-json\/wp\/v2\/comments?post=14608"}],"wp:featuredmedia":[{"embeddable":true,"href":"https:\/\/foliobooks.pl\/en\/wp-json\/wp\/v2\/media\/14599"}],"wp:attachment":[{"href":"https:\/\/foliobooks.pl\/en\/wp-json\/wp\/v2\/media?parent=14608"}],"wp:term":[{"taxonomy":"product_brand","embeddable":true,"href":"https:\/\/foliobooks.pl\/en\/wp-json\/wp\/v2\/product_brand?post=14608"},{"taxonomy":"product_cat","embeddable":true,"href":"https:\/\/foliobooks.pl\/en\/wp-json\/wp\/v2\/product_cat?post=14608"},{"taxonomy":"product_tag","embeddable":true,"href":"https:\/\/foliobooks.pl\/en\/wp-json\/wp\/v2\/product_tag?post=14608"}],"curies":[{"name":"wp","href":"https:\/\/api.w.org\/{rel}","templated":true}]}}