{"id":14549,"date":"2016-05-10T15:42:19","date_gmt":"2016-05-10T13:42:19","guid":{"rendered":"http:\/\/foliobooks.pl\/en\/sklep\/savor\/"},"modified":"2025-09-30T11:52:36","modified_gmt":"2025-09-30T09:52:36","slug":"savor","status":"publish","type":"product","link":"https:\/\/foliobooks.pl\/en\/shop\/savor\/","title":{"rendered":"Savor"},"content":{"rendered":"<p>Experiencing the bounty of nature is one of life&#8217;s great joys: foraging, gardening, fishing, and, ultimately, cooking casual meals, whether indoors or outside over an open fire. From her home in the mountains of Aspen, Colorado, llona Oppenheim devises recipes that make the best use of the abundance of her surroundings: foraged mushrooms and berries, fresh-caught fish, pasture-raised dairy, and home-milled flours. Oppenheim&#8217;s recipes rely on quality ingredients and simple cooking techniques to make nutritious, family-centric dishes, including Kale and Feta Quiche, Ricotta and Roasted Fig Bruschetta, Vegetable Soup with Mini Meatballs, Porcini Fettuccine, Tomato Tart, Oatmeal Baked Apples, and Pear Crisp, among others. Many of these recipes call for only a handful of ingredients and require very few steps, resulting in dishes that are easy to make and fresh, wholesome, and delicious too.<\/p>\n","protected":false},"excerpt":{"rendered":"<p>Experiencing the bounty of nature is one of life&#8217;s great joys: foraging, gardening, fishing, and, ultimately, cooking casual meals, whether indoors or outside over an open fire. From her home in the mountains of Aspen, Colorado, llona Oppenheim devises recipes that make the best use of the abundance of her surroundings: foraged mushrooms and berries,&#8230;<\/p>\n","protected":false},"featured_media":14548,"comment_status":"closed","ping_status":"closed","template":"","meta":[],"product_brand":[],"product_cat":[4518],"product_tag":[1010,1008],"class_list":{"0":"post-14549","1":"product","2":"type-product","3":"status-publish","4":"has-post-thumbnail","6":"product_cat-cookery-en","7":"product_tag-food-en","8":"product_tag-recipes-en","9":"pa_author_att-ilona-oppenheim-en","10":"pa_cover-hardcover","11":"pa_format-22-x-28-cm-en","12":"pa_isbn-9781579656669-en","13":"pa_language-eng","14":"pa_pages-256-en-2","15":"pa_published-2016-04-05-en","16":"pa_publisher-artisan-en","18":"first","19":"instock","20":"sale","21":"sold-individually","22":"shipping-taxable","23":"purchasable","24":"product-type-simple"},"yoast_head":"<!-- This site is optimized with the Yoast SEO plugin v27.5 - https:\/\/yoast.com\/product\/yoast-seo-wordpress\/ -->\n<title>Savor (Ilona Oppenheim) - book \/ album - Folio<\/title>\n<meta name=\"description\" content=\"Wejd\u017a i kup ksi\u0105\u017ck\u0119 Savor autorstwa Ilona Oppenheim wydan\u0105 przez Artisan (2016-04-05) w formacie 22 x 28 cm (ISBN: 9781579656669). Zapraszamy!\" \/>\n<meta name=\"robots\" content=\"index, follow, max-snippet:-1, max-image-preview:large, max-video-preview:-1\" \/>\n<link rel=\"canonical\" href=\"https:\/\/foliobooks.pl\/en\/shop\/savor\/\" \/>\n<meta property=\"og:locale\" content=\"en_US\" \/>\n<meta property=\"og:type\" content=\"article\" \/>\n<meta property=\"og:title\" content=\"Savor (Ilona Oppenheim) - book \/ album - Folio\" \/>\n<meta property=\"og:description\" content=\"Wejd\u017a i kup ksi\u0105\u017ck\u0119 Savor autorstwa Ilona Oppenheim wydan\u0105 przez Artisan (2016-04-05) w formacie 22 x 28 cm (ISBN: 9781579656669). Zapraszamy!\" \/>\n<meta property=\"og:url\" content=\"https:\/\/foliobooks.pl\/en\/shop\/savor\/\" \/>\n<meta property=\"og:site_name\" content=\"Folio\" \/>\n<meta property=\"article:modified_time\" content=\"2025-09-30T09:52:36+00:00\" \/>\n<meta property=\"og:image\" content=\"https:\/\/foliobooks.pl\/wp-content\/uploads\/2016\/05\/9781579656669.png\" \/>\n\t<meta property=\"og:image:width\" content=\"570\" \/>\n\t<meta property=\"og:image:height\" content=\"708\" \/>\n\t<meta property=\"og:image:type\" content=\"image\/png\" \/>\n<meta name=\"twitter:card\" content=\"summary_large_image\" \/>\n<meta name=\"twitter:label1\" content=\"Est. reading time\" \/>\n\t<meta name=\"twitter:data1\" content=\"1 minute\" \/>\n<script type=\"application\/ld+json\" class=\"yoast-schema-graph\">{\"@context\":\"https:\\\/\\\/schema.org\",\"@graph\":[{\"@type\":\"WebPage\",\"@id\":\"https:\\\/\\\/foliobooks.pl\\\/en\\\/shop\\\/savor\\\/\",\"url\":\"https:\\\/\\\/foliobooks.pl\\\/en\\\/shop\\\/savor\\\/\",\"name\":\"Savor (Ilona Oppenheim) - book \\\/ album - Folio\",\"isPartOf\":{\"@id\":\"https:\\\/\\\/foliobooks.pl\\\/en\\\/#website\"},\"primaryImageOfPage\":{\"@id\":\"https:\\\/\\\/foliobooks.pl\\\/en\\\/shop\\\/savor\\\/#primaryimage\"},\"image\":{\"@id\":\"https:\\\/\\\/foliobooks.pl\\\/en\\\/shop\\\/savor\\\/#primaryimage\"},\"thumbnailUrl\":\"https:\\\/\\\/foliobooks.pl\\\/wp-content\\\/uploads\\\/2016\\\/05\\\/9781579656669.png\",\"datePublished\":\"2016-05-10T13:42:19+00:00\",\"dateModified\":\"2025-09-30T09:52:36+00:00\",\"description\":\"Wejd\u017a i kup ksi\u0105\u017ck\u0119 Savor autorstwa Ilona Oppenheim wydan\u0105 przez Artisan (2016-04-05) w formacie 22 x 28 cm (ISBN: 9781579656669). Zapraszamy!\",\"breadcrumb\":{\"@id\":\"https:\\\/\\\/foliobooks.pl\\\/en\\\/shop\\\/savor\\\/#breadcrumb\"},\"inLanguage\":\"en-US\",\"potentialAction\":[{\"@type\":\"ReadAction\",\"target\":[\"https:\\\/\\\/foliobooks.pl\\\/en\\\/shop\\\/savor\\\/\"]}]},{\"@type\":\"ImageObject\",\"inLanguage\":\"en-US\",\"@id\":\"https:\\\/\\\/foliobooks.pl\\\/en\\\/shop\\\/savor\\\/#primaryimage\",\"url\":\"https:\\\/\\\/foliobooks.pl\\\/wp-content\\\/uploads\\\/2016\\\/05\\\/9781579656669.png\",\"contentUrl\":\"https:\\\/\\\/foliobooks.pl\\\/wp-content\\\/uploads\\\/2016\\\/05\\\/9781579656669.png\",\"width\":570,\"height\":708},{\"@type\":\"BreadcrumbList\",\"@id\":\"https:\\\/\\\/foliobooks.pl\\\/en\\\/shop\\\/savor\\\/#breadcrumb\",\"itemListElement\":[{\"@type\":\"ListItem\",\"position\":1,\"name\":\"Strona g\u0142\u00f3wna\",\"item\":\"https:\\\/\\\/foliobooks.pl\\\/en\\\/\"},{\"@type\":\"ListItem\",\"position\":2,\"name\":\"Shop\",\"item\":\"https:\\\/\\\/foliobooks.pl\\\/en\\\/shop\\\/\"},{\"@type\":\"ListItem\",\"position\":3,\"name\":\"Savor\"}]},{\"@type\":\"WebSite\",\"@id\":\"https:\\\/\\\/foliobooks.pl\\\/en\\\/#website\",\"url\":\"https:\\\/\\\/foliobooks.pl\\\/en\\\/\",\"name\":\"Folio\",\"description\":\"Ksi\u0119garnia internetowa\",\"potentialAction\":[{\"@type\":\"SearchAction\",\"target\":{\"@type\":\"EntryPoint\",\"urlTemplate\":\"https:\\\/\\\/foliobooks.pl\\\/en\\\/?s={search_term_string}\"},\"query-input\":{\"@type\":\"PropertyValueSpecification\",\"valueRequired\":true,\"valueName\":\"search_term_string\"}}],\"inLanguage\":\"en-US\"}]}<\/script>\n<!-- \/ Yoast SEO plugin. -->","yoast_head_json":{"title":"Savor (Ilona Oppenheim) - book \/ album - Folio","description":"Wejd\u017a i kup ksi\u0105\u017ck\u0119 Savor autorstwa Ilona Oppenheim wydan\u0105 przez Artisan (2016-04-05) w formacie 22 x 28 cm (ISBN: 9781579656669). Zapraszamy!","robots":{"index":"index","follow":"follow","max-snippet":"max-snippet:-1","max-image-preview":"max-image-preview:large","max-video-preview":"max-video-preview:-1"},"canonical":"https:\/\/foliobooks.pl\/en\/shop\/savor\/","og_locale":"en_US","og_type":"article","og_title":"Savor (Ilona Oppenheim) - book \/ album - Folio","og_description":"Wejd\u017a i kup ksi\u0105\u017ck\u0119 Savor autorstwa Ilona Oppenheim wydan\u0105 przez Artisan (2016-04-05) w formacie 22 x 28 cm (ISBN: 9781579656669). Zapraszamy!","og_url":"https:\/\/foliobooks.pl\/en\/shop\/savor\/","og_site_name":"Folio","article_modified_time":"2025-09-30T09:52:36+00:00","og_image":[{"width":570,"height":708,"url":"https:\/\/foliobooks.pl\/wp-content\/uploads\/2016\/05\/9781579656669.png","type":"image\/png"}],"twitter_card":"summary_large_image","twitter_misc":{"Est. reading time":"1 minute"},"schema":{"@context":"https:\/\/schema.org","@graph":[{"@type":"WebPage","@id":"https:\/\/foliobooks.pl\/en\/shop\/savor\/","url":"https:\/\/foliobooks.pl\/en\/shop\/savor\/","name":"Savor (Ilona Oppenheim) - book \/ album - Folio","isPartOf":{"@id":"https:\/\/foliobooks.pl\/en\/#website"},"primaryImageOfPage":{"@id":"https:\/\/foliobooks.pl\/en\/shop\/savor\/#primaryimage"},"image":{"@id":"https:\/\/foliobooks.pl\/en\/shop\/savor\/#primaryimage"},"thumbnailUrl":"https:\/\/foliobooks.pl\/wp-content\/uploads\/2016\/05\/9781579656669.png","datePublished":"2016-05-10T13:42:19+00:00","dateModified":"2025-09-30T09:52:36+00:00","description":"Wejd\u017a i kup ksi\u0105\u017ck\u0119 Savor autorstwa Ilona Oppenheim wydan\u0105 przez Artisan (2016-04-05) w formacie 22 x 28 cm (ISBN: 9781579656669). Zapraszamy!","breadcrumb":{"@id":"https:\/\/foliobooks.pl\/en\/shop\/savor\/#breadcrumb"},"inLanguage":"en-US","potentialAction":[{"@type":"ReadAction","target":["https:\/\/foliobooks.pl\/en\/shop\/savor\/"]}]},{"@type":"ImageObject","inLanguage":"en-US","@id":"https:\/\/foliobooks.pl\/en\/shop\/savor\/#primaryimage","url":"https:\/\/foliobooks.pl\/wp-content\/uploads\/2016\/05\/9781579656669.png","contentUrl":"https:\/\/foliobooks.pl\/wp-content\/uploads\/2016\/05\/9781579656669.png","width":570,"height":708},{"@type":"BreadcrumbList","@id":"https:\/\/foliobooks.pl\/en\/shop\/savor\/#breadcrumb","itemListElement":[{"@type":"ListItem","position":1,"name":"Strona g\u0142\u00f3wna","item":"https:\/\/foliobooks.pl\/en\/"},{"@type":"ListItem","position":2,"name":"Shop","item":"https:\/\/foliobooks.pl\/en\/shop\/"},{"@type":"ListItem","position":3,"name":"Savor"}]},{"@type":"WebSite","@id":"https:\/\/foliobooks.pl\/en\/#website","url":"https:\/\/foliobooks.pl\/en\/","name":"Folio","description":"Ksi\u0119garnia internetowa","potentialAction":[{"@type":"SearchAction","target":{"@type":"EntryPoint","urlTemplate":"https:\/\/foliobooks.pl\/en\/?s={search_term_string}"},"query-input":{"@type":"PropertyValueSpecification","valueRequired":true,"valueName":"search_term_string"}}],"inLanguage":"en-US"}]}},"_links":{"self":[{"href":"https:\/\/foliobooks.pl\/en\/wp-json\/wp\/v2\/product\/14549","targetHints":{"allow":["GET"]}}],"collection":[{"href":"https:\/\/foliobooks.pl\/en\/wp-json\/wp\/v2\/product"}],"about":[{"href":"https:\/\/foliobooks.pl\/en\/wp-json\/wp\/v2\/types\/product"}],"replies":[{"embeddable":true,"href":"https:\/\/foliobooks.pl\/en\/wp-json\/wp\/v2\/comments?post=14549"}],"wp:featuredmedia":[{"embeddable":true,"href":"https:\/\/foliobooks.pl\/en\/wp-json\/wp\/v2\/media\/14548"}],"wp:attachment":[{"href":"https:\/\/foliobooks.pl\/en\/wp-json\/wp\/v2\/media?parent=14549"}],"wp:term":[{"taxonomy":"product_brand","embeddable":true,"href":"https:\/\/foliobooks.pl\/en\/wp-json\/wp\/v2\/product_brand?post=14549"},{"taxonomy":"product_cat","embeddable":true,"href":"https:\/\/foliobooks.pl\/en\/wp-json\/wp\/v2\/product_cat?post=14549"},{"taxonomy":"product_tag","embeddable":true,"href":"https:\/\/foliobooks.pl\/en\/wp-json\/wp\/v2\/product_tag?post=14549"}],"curies":[{"name":"wp","href":"https:\/\/api.w.org\/{rel}","templated":true}]}}