{"id":14359,"date":"2016-04-29T11:35:26","date_gmt":"2016-04-29T09:35:26","guid":{"rendered":"http:\/\/foliobooks.pl\/en\/sklep\/los-angeles-portrait-of-a-city\/"},"modified":"2025-12-16T15:17:46","modified_gmt":"2025-12-16T14:17:46","slug":"los-angeles-portrait-of-a-city","status":"publish","type":"product","link":"https:\/\/foliobooks.pl\/en\/shop\/los-angeles-portrait-of-a-city\/","title":{"rendered":"Los Angeles. Portrait of a City"},"content":{"rendered":"<p>From the first known photograph taken in Los Angeles to its most recent sweeping vistas, this photographic tribute to the City of Angels provides a fascinating journey through the city\u2019s cultural, political, industrial, and sociological history. It traces the city\u2019s development from the 1880s\u2019 real estate boom, through the early days of Hollywood and the urban sprawl of the late 20th century, right up to the present day. With over 500 images, L.A. is shown emerging from a desert wasteland to become a vast palm-studded urban metropolis.<\/p>\n<p>Events that made world news\u2014including two Olympics, Bobby Kennedy\u2019s assassination, and the Rodney King riots\u2014reveal a city of many dimensions. The entertainment capital of the world, Hollywood, and its celebrities are showcased along with many other notable residents, personalities, architects, artists, and musicians. The city\u2019s pop cultural movements, its music, surfing, health food fads, gangs, and hot rods are included, as are its notorious crimes and criminals. This book depicts Los Angeles in all its glory and grit, via hundreds of freshly discovered images including those of Julius Shulman, Garry Winogrand, William Claxton and many other superb photographers, culled from major historical archives, museums, private collectors, and universities. These are given context and resonance through essays by renowned California historian Kevin Starr and Los Angeles literature expert David L. Ulin.<\/p>\n","protected":false},"excerpt":{"rendered":"<p>From the first known photograph taken in Los Angeles to its most recent sweeping vistas, this photographic tribute to the City of Angels provides a fascinating journey through the city\u2019s cultural, political, industrial, and sociological history. It traces the city\u2019s development from the 1880s\u2019 real estate boom, through the early days of Hollywood and the&#8230;<\/p>\n","protected":false},"featured_media":14352,"comment_status":"closed","ping_status":"closed","template":"","meta":[],"product_brand":[],"product_cat":[4517],"product_tag":[6121,516,1267,1185],"class_list":{"0":"post-14359","1":"product","2":"type-product","3":"status-publish","4":"has-post-thumbnail","6":"product_cat-photography-en","7":"product_tag-photography","8":"product_tag-places-en","9":"product_tag-reportage","10":"product_tag-world-en","11":"pa_author_att-david-l-ulin-en","12":"pa_author_att-jim-heimann-en","13":"pa_author_att-kevin-starr-en","14":"pa_cover-hardcover","15":"pa_format-25-x-34-cm-en","16":"pa_isbn-9783836502917-en","17":"pa_language-multi","18":"pa_pages-572-en","19":"pa_published-2013-09-01-en","20":"pa_publisher-taschen-en-en","22":"first","23":"outofstock","24":"sold-individually","25":"shipping-taxable","26":"purchasable","27":"product-type-simple"},"yoast_head":"<!-- This site is optimized with the Yoast SEO plugin v27.4 - https:\/\/yoast.com\/product\/yoast-seo-wordpress\/ -->\n<title>Los Angeles. Portrait of a City (David L. Ulin, Jim Heimann, Kevin Starr) - book \/ album - Folio<\/title>\n<meta name=\"description\" content=\"Wejd\u017a i kup ksi\u0105\u017ck\u0119 Los Angeles. Portrait of a City autorstwa David L. Ulin, Jim Heimann, Kevin Starr wydan\u0105 przez TASCHEN (2013-09-01) w formacie 25 x 34 cm (ISBN: 9783836502917). Zapraszamy!\" \/>\n<meta name=\"robots\" content=\"index, follow, max-snippet:-1, max-image-preview:large, max-video-preview:-1\" \/>\n<link rel=\"canonical\" href=\"https:\/\/foliobooks.pl\/en\/shop\/los-angeles-portrait-of-a-city\/\" \/>\n<meta property=\"og:locale\" content=\"en_US\" \/>\n<meta property=\"og:type\" content=\"article\" \/>\n<meta property=\"og:title\" content=\"Los Angeles. Portrait of a City (David L. Ulin, Jim Heimann, Kevin Starr) - book \/ album - Folio\" \/>\n<meta property=\"og:description\" content=\"Wejd\u017a i kup ksi\u0105\u017ck\u0119 Los Angeles. Portrait of a City autorstwa David L. Ulin, Jim Heimann, Kevin Starr wydan\u0105 przez TASCHEN (2013-09-01) w formacie 25 x 34 cm (ISBN: 9783836502917). Zapraszamy!\" \/>\n<meta property=\"og:url\" content=\"https:\/\/foliobooks.pl\/en\/shop\/los-angeles-portrait-of-a-city\/\" \/>\n<meta property=\"og:site_name\" content=\"Folio\" \/>\n<meta property=\"article:modified_time\" content=\"2025-12-16T14:17:46+00:00\" \/>\n<meta property=\"og:image\" content=\"https:\/\/foliobooks.pl\/wp-content\/uploads\/2016\/04\/9783836502917.png\" \/>\n\t<meta property=\"og:image:width\" content=\"570\" \/>\n\t<meta property=\"og:image:height\" content=\"708\" \/>\n\t<meta property=\"og:image:type\" content=\"image\/png\" \/>\n<meta name=\"twitter:card\" content=\"summary_large_image\" \/>\n<meta name=\"twitter:label1\" content=\"Est. reading time\" \/>\n\t<meta name=\"twitter:data1\" content=\"1 minute\" \/>\n<script type=\"application\/ld+json\" class=\"yoast-schema-graph\">{\"@context\":\"https:\\\/\\\/schema.org\",\"@graph\":[{\"@type\":\"WebPage\",\"@id\":\"https:\\\/\\\/foliobooks.pl\\\/en\\\/shop\\\/los-angeles-portrait-of-a-city\\\/\",\"url\":\"https:\\\/\\\/foliobooks.pl\\\/en\\\/shop\\\/los-angeles-portrait-of-a-city\\\/\",\"name\":\"Los Angeles. Portrait of a City (David L. Ulin, Jim Heimann, Kevin Starr) - book \\\/ album - Folio\",\"isPartOf\":{\"@id\":\"https:\\\/\\\/foliobooks.pl\\\/en\\\/#website\"},\"primaryImageOfPage\":{\"@id\":\"https:\\\/\\\/foliobooks.pl\\\/en\\\/shop\\\/los-angeles-portrait-of-a-city\\\/#primaryimage\"},\"image\":{\"@id\":\"https:\\\/\\\/foliobooks.pl\\\/en\\\/shop\\\/los-angeles-portrait-of-a-city\\\/#primaryimage\"},\"thumbnailUrl\":\"https:\\\/\\\/foliobooks.pl\\\/wp-content\\\/uploads\\\/2016\\\/04\\\/9783836502917.png\",\"datePublished\":\"2016-04-29T09:35:26+00:00\",\"dateModified\":\"2025-12-16T14:17:46+00:00\",\"description\":\"Wejd\u017a i kup ksi\u0105\u017ck\u0119 Los Angeles. Portrait of a City autorstwa David L. Ulin, Jim Heimann, Kevin Starr wydan\u0105 przez TASCHEN (2013-09-01) w formacie 25 x 34 cm (ISBN: 9783836502917). Zapraszamy!\",\"breadcrumb\":{\"@id\":\"https:\\\/\\\/foliobooks.pl\\\/en\\\/shop\\\/los-angeles-portrait-of-a-city\\\/#breadcrumb\"},\"inLanguage\":\"en-US\",\"potentialAction\":[{\"@type\":\"ReadAction\",\"target\":[\"https:\\\/\\\/foliobooks.pl\\\/en\\\/shop\\\/los-angeles-portrait-of-a-city\\\/\"]}]},{\"@type\":\"ImageObject\",\"inLanguage\":\"en-US\",\"@id\":\"https:\\\/\\\/foliobooks.pl\\\/en\\\/shop\\\/los-angeles-portrait-of-a-city\\\/#primaryimage\",\"url\":\"https:\\\/\\\/foliobooks.pl\\\/wp-content\\\/uploads\\\/2016\\\/04\\\/9783836502917.png\",\"contentUrl\":\"https:\\\/\\\/foliobooks.pl\\\/wp-content\\\/uploads\\\/2016\\\/04\\\/9783836502917.png\",\"width\":570,\"height\":708},{\"@type\":\"BreadcrumbList\",\"@id\":\"https:\\\/\\\/foliobooks.pl\\\/en\\\/shop\\\/los-angeles-portrait-of-a-city\\\/#breadcrumb\",\"itemListElement\":[{\"@type\":\"ListItem\",\"position\":1,\"name\":\"Strona g\u0142\u00f3wna\",\"item\":\"https:\\\/\\\/foliobooks.pl\\\/en\\\/\"},{\"@type\":\"ListItem\",\"position\":2,\"name\":\"Shop\",\"item\":\"https:\\\/\\\/foliobooks.pl\\\/en\\\/shop\\\/\"},{\"@type\":\"ListItem\",\"position\":3,\"name\":\"Los Angeles. Portrait of a City\"}]},{\"@type\":\"WebSite\",\"@id\":\"https:\\\/\\\/foliobooks.pl\\\/en\\\/#website\",\"url\":\"https:\\\/\\\/foliobooks.pl\\\/en\\\/\",\"name\":\"Folio\",\"description\":\"Ksi\u0119garnia internetowa\",\"potentialAction\":[{\"@type\":\"SearchAction\",\"target\":{\"@type\":\"EntryPoint\",\"urlTemplate\":\"https:\\\/\\\/foliobooks.pl\\\/en\\\/?s={search_term_string}\"},\"query-input\":{\"@type\":\"PropertyValueSpecification\",\"valueRequired\":true,\"valueName\":\"search_term_string\"}}],\"inLanguage\":\"en-US\"}]}<\/script>\n<!-- \/ Yoast SEO plugin. -->","yoast_head_json":{"title":"Los Angeles. Portrait of a City (David L. Ulin, Jim Heimann, Kevin Starr) - book \/ album - Folio","description":"Wejd\u017a i kup ksi\u0105\u017ck\u0119 Los Angeles. Portrait of a City autorstwa David L. Ulin, Jim Heimann, Kevin Starr wydan\u0105 przez TASCHEN (2013-09-01) w formacie 25 x 34 cm (ISBN: 9783836502917). Zapraszamy!","robots":{"index":"index","follow":"follow","max-snippet":"max-snippet:-1","max-image-preview":"max-image-preview:large","max-video-preview":"max-video-preview:-1"},"canonical":"https:\/\/foliobooks.pl\/en\/shop\/los-angeles-portrait-of-a-city\/","og_locale":"en_US","og_type":"article","og_title":"Los Angeles. Portrait of a City (David L. Ulin, Jim Heimann, Kevin Starr) - book \/ album - Folio","og_description":"Wejd\u017a i kup ksi\u0105\u017ck\u0119 Los Angeles. Portrait of a City autorstwa David L. Ulin, Jim Heimann, Kevin Starr wydan\u0105 przez TASCHEN (2013-09-01) w formacie 25 x 34 cm (ISBN: 9783836502917). Zapraszamy!","og_url":"https:\/\/foliobooks.pl\/en\/shop\/los-angeles-portrait-of-a-city\/","og_site_name":"Folio","article_modified_time":"2025-12-16T14:17:46+00:00","og_image":[{"width":570,"height":708,"url":"https:\/\/foliobooks.pl\/wp-content\/uploads\/2016\/04\/9783836502917.png","type":"image\/png"}],"twitter_card":"summary_large_image","twitter_misc":{"Est. reading time":"1 minute"},"schema":{"@context":"https:\/\/schema.org","@graph":[{"@type":"WebPage","@id":"https:\/\/foliobooks.pl\/en\/shop\/los-angeles-portrait-of-a-city\/","url":"https:\/\/foliobooks.pl\/en\/shop\/los-angeles-portrait-of-a-city\/","name":"Los Angeles. Portrait of a City (David L. Ulin, Jim Heimann, Kevin Starr) - book \/ album - Folio","isPartOf":{"@id":"https:\/\/foliobooks.pl\/en\/#website"},"primaryImageOfPage":{"@id":"https:\/\/foliobooks.pl\/en\/shop\/los-angeles-portrait-of-a-city\/#primaryimage"},"image":{"@id":"https:\/\/foliobooks.pl\/en\/shop\/los-angeles-portrait-of-a-city\/#primaryimage"},"thumbnailUrl":"https:\/\/foliobooks.pl\/wp-content\/uploads\/2016\/04\/9783836502917.png","datePublished":"2016-04-29T09:35:26+00:00","dateModified":"2025-12-16T14:17:46+00:00","description":"Wejd\u017a i kup ksi\u0105\u017ck\u0119 Los Angeles. Portrait of a City autorstwa David L. Ulin, Jim Heimann, Kevin Starr wydan\u0105 przez TASCHEN (2013-09-01) w formacie 25 x 34 cm (ISBN: 9783836502917). Zapraszamy!","breadcrumb":{"@id":"https:\/\/foliobooks.pl\/en\/shop\/los-angeles-portrait-of-a-city\/#breadcrumb"},"inLanguage":"en-US","potentialAction":[{"@type":"ReadAction","target":["https:\/\/foliobooks.pl\/en\/shop\/los-angeles-portrait-of-a-city\/"]}]},{"@type":"ImageObject","inLanguage":"en-US","@id":"https:\/\/foliobooks.pl\/en\/shop\/los-angeles-portrait-of-a-city\/#primaryimage","url":"https:\/\/foliobooks.pl\/wp-content\/uploads\/2016\/04\/9783836502917.png","contentUrl":"https:\/\/foliobooks.pl\/wp-content\/uploads\/2016\/04\/9783836502917.png","width":570,"height":708},{"@type":"BreadcrumbList","@id":"https:\/\/foliobooks.pl\/en\/shop\/los-angeles-portrait-of-a-city\/#breadcrumb","itemListElement":[{"@type":"ListItem","position":1,"name":"Strona g\u0142\u00f3wna","item":"https:\/\/foliobooks.pl\/en\/"},{"@type":"ListItem","position":2,"name":"Shop","item":"https:\/\/foliobooks.pl\/en\/shop\/"},{"@type":"ListItem","position":3,"name":"Los Angeles. Portrait of a City"}]},{"@type":"WebSite","@id":"https:\/\/foliobooks.pl\/en\/#website","url":"https:\/\/foliobooks.pl\/en\/","name":"Folio","description":"Ksi\u0119garnia internetowa","potentialAction":[{"@type":"SearchAction","target":{"@type":"EntryPoint","urlTemplate":"https:\/\/foliobooks.pl\/en\/?s={search_term_string}"},"query-input":{"@type":"PropertyValueSpecification","valueRequired":true,"valueName":"search_term_string"}}],"inLanguage":"en-US"}]}},"_links":{"self":[{"href":"https:\/\/foliobooks.pl\/en\/wp-json\/wp\/v2\/product\/14359","targetHints":{"allow":["GET"]}}],"collection":[{"href":"https:\/\/foliobooks.pl\/en\/wp-json\/wp\/v2\/product"}],"about":[{"href":"https:\/\/foliobooks.pl\/en\/wp-json\/wp\/v2\/types\/product"}],"replies":[{"embeddable":true,"href":"https:\/\/foliobooks.pl\/en\/wp-json\/wp\/v2\/comments?post=14359"}],"wp:featuredmedia":[{"embeddable":true,"href":"https:\/\/foliobooks.pl\/en\/wp-json\/wp\/v2\/media\/14352"}],"wp:attachment":[{"href":"https:\/\/foliobooks.pl\/en\/wp-json\/wp\/v2\/media?parent=14359"}],"wp:term":[{"taxonomy":"product_brand","embeddable":true,"href":"https:\/\/foliobooks.pl\/en\/wp-json\/wp\/v2\/product_brand?post=14359"},{"taxonomy":"product_cat","embeddable":true,"href":"https:\/\/foliobooks.pl\/en\/wp-json\/wp\/v2\/product_cat?post=14359"},{"taxonomy":"product_tag","embeddable":true,"href":"https:\/\/foliobooks.pl\/en\/wp-json\/wp\/v2\/product_tag?post=14359"}],"curies":[{"name":"wp","href":"https:\/\/api.w.org\/{rel}","templated":true}]}}