{"id":14235,"date":"2016-04-28T15:02:05","date_gmt":"2016-04-28T13:02:05","guid":{"rendered":"http:\/\/foliobooks.pl\/en\/sklep\/blossfeldt-the-complete-published-work\/"},"modified":"2022-09-20T15:51:57","modified_gmt":"2022-09-20T13:51:57","slug":"blossfeldt-the-complete-published-work","status":"publish","type":"product","link":"https:\/\/foliobooks.pl\/en\/shop\/blossfeldt-the-complete-published-work\/","title":{"rendered":"Blossfeldt. The Complete Published Work"},"content":{"rendered":"<p>German photography pioneer Karl Blossfeldt (1865\u20131932) photographed plants so beautifully, and with such originality, that his work transcends the medium itself. Over more than 30 years, he took thousands of photographs, revealing a formally rigorous talent whose precision and dedication bridge the 19th- and 20th-century worlds of image making and bring a distinctly sculptural aspect to a firmly two-dimensional art form. Beautifully but starkly composed against plain cardboard backgrounds, Blossfeldt\u2019s images, relying on a northern light for their sense of volume, reveal nothing of the man but everything of themselves. They are still lifes, piercingly final statements on their subject, and have endured owing to their aesthetics and the ongoing fascination of students and photographers. Like their maker, they are quietly and lastingly effective.<\/p>\n","protected":false},"excerpt":{"rendered":"<p>German photography pioneer Karl Blossfeldt (1865\u20131932) photographed plants so beautifully, and with such originality, that his work transcends the medium itself. Over more than 30 years, he took thousands of photographs, revealing a formally rigorous talent whose precision and dedication bridge the 19th- and 20th-century worlds of image making and bring a distinctly sculptural aspect&#8230;<\/p>\n","protected":false},"featured_media":14228,"comment_status":"closed","ping_status":"closed","template":"","meta":[],"product_brand":[],"product_cat":[4517],"product_tag":[154],"class_list":{"0":"post-14235","1":"product","2":"type-product","3":"status-publish","4":"has-post-thumbnail","6":"product_cat-photography-en","7":"product_tag-monographs","8":"pa_author_att-hans-christian-adam-2-en","9":"pa_cover-hardcover","10":"pa_format-14-x-195-cm-en","11":"pa_isbn-9783836550727-en","12":"pa_language-multi","13":"pa_pages-544-en","14":"pa_published-2014-04-01-en","15":"pa_publisher-taschen-en-en","17":"first","18":"outofstock","19":"sold-individually","20":"shipping-taxable","21":"purchasable","22":"product-type-simple"},"yoast_head":"<!-- This site is optimized with the Yoast SEO plugin v27.4 - https:\/\/yoast.com\/product\/yoast-seo-wordpress\/ -->\n<title>Blossfeldt. The Complete Published Work (Hans Christian Adam) - book \/ album - Folio<\/title>\n<meta name=\"description\" content=\"Wejd\u017a i kup ksi\u0105\u017ck\u0119 Blossfeldt. The Complete Published Work autorstwa Hans Christian Adam wydan\u0105 przez TASCHEN (2014-04-01) w formacie 14 x 19,5 cm (ISBN: 9783836550727). Zapraszamy!\" \/>\n<meta name=\"robots\" content=\"index, follow, max-snippet:-1, max-image-preview:large, max-video-preview:-1\" \/>\n<link rel=\"canonical\" href=\"https:\/\/foliobooks.pl\/en\/shop\/blossfeldt-the-complete-published-work\/\" \/>\n<meta property=\"og:locale\" content=\"en_US\" \/>\n<meta property=\"og:type\" content=\"article\" \/>\n<meta property=\"og:title\" content=\"Blossfeldt. The Complete Published Work (Hans Christian Adam) - book \/ album - Folio\" \/>\n<meta property=\"og:description\" content=\"Wejd\u017a i kup ksi\u0105\u017ck\u0119 Blossfeldt. The Complete Published Work autorstwa Hans Christian Adam wydan\u0105 przez TASCHEN (2014-04-01) w formacie 14 x 19,5 cm (ISBN: 9783836550727). Zapraszamy!\" \/>\n<meta property=\"og:url\" content=\"https:\/\/foliobooks.pl\/en\/shop\/blossfeldt-the-complete-published-work\/\" \/>\n<meta property=\"og:site_name\" content=\"Folio\" \/>\n<meta property=\"article:modified_time\" content=\"2022-09-20T13:51:57+00:00\" \/>\n<meta property=\"og:image\" content=\"https:\/\/foliobooks.pl\/wp-content\/uploads\/2016\/04\/9783836550727.png\" \/>\n\t<meta property=\"og:image:width\" content=\"570\" \/>\n\t<meta property=\"og:image:height\" content=\"708\" \/>\n\t<meta property=\"og:image:type\" content=\"image\/png\" \/>\n<meta name=\"twitter:card\" content=\"summary_large_image\" \/>\n<meta name=\"twitter:label1\" content=\"Est. reading time\" \/>\n\t<meta name=\"twitter:data1\" content=\"1 minute\" \/>\n<script type=\"application\/ld+json\" class=\"yoast-schema-graph\">{\"@context\":\"https:\\\/\\\/schema.org\",\"@graph\":[{\"@type\":\"WebPage\",\"@id\":\"https:\\\/\\\/foliobooks.pl\\\/en\\\/shop\\\/blossfeldt-the-complete-published-work\\\/\",\"url\":\"https:\\\/\\\/foliobooks.pl\\\/en\\\/shop\\\/blossfeldt-the-complete-published-work\\\/\",\"name\":\"Blossfeldt. The Complete Published Work (Hans Christian Adam) - book \\\/ album - Folio\",\"isPartOf\":{\"@id\":\"https:\\\/\\\/foliobooks.pl\\\/en\\\/#website\"},\"primaryImageOfPage\":{\"@id\":\"https:\\\/\\\/foliobooks.pl\\\/en\\\/shop\\\/blossfeldt-the-complete-published-work\\\/#primaryimage\"},\"image\":{\"@id\":\"https:\\\/\\\/foliobooks.pl\\\/en\\\/shop\\\/blossfeldt-the-complete-published-work\\\/#primaryimage\"},\"thumbnailUrl\":\"https:\\\/\\\/foliobooks.pl\\\/wp-content\\\/uploads\\\/2016\\\/04\\\/9783836550727.png\",\"datePublished\":\"2016-04-28T13:02:05+00:00\",\"dateModified\":\"2022-09-20T13:51:57+00:00\",\"description\":\"Wejd\u017a i kup ksi\u0105\u017ck\u0119 Blossfeldt. The Complete Published Work autorstwa Hans Christian Adam wydan\u0105 przez TASCHEN (2014-04-01) w formacie 14 x 19,5 cm (ISBN: 9783836550727). Zapraszamy!\",\"breadcrumb\":{\"@id\":\"https:\\\/\\\/foliobooks.pl\\\/en\\\/shop\\\/blossfeldt-the-complete-published-work\\\/#breadcrumb\"},\"inLanguage\":\"en-US\",\"potentialAction\":[{\"@type\":\"ReadAction\",\"target\":[\"https:\\\/\\\/foliobooks.pl\\\/en\\\/shop\\\/blossfeldt-the-complete-published-work\\\/\"]}]},{\"@type\":\"ImageObject\",\"inLanguage\":\"en-US\",\"@id\":\"https:\\\/\\\/foliobooks.pl\\\/en\\\/shop\\\/blossfeldt-the-complete-published-work\\\/#primaryimage\",\"url\":\"https:\\\/\\\/foliobooks.pl\\\/wp-content\\\/uploads\\\/2016\\\/04\\\/9783836550727.png\",\"contentUrl\":\"https:\\\/\\\/foliobooks.pl\\\/wp-content\\\/uploads\\\/2016\\\/04\\\/9783836550727.png\",\"width\":570,\"height\":708},{\"@type\":\"BreadcrumbList\",\"@id\":\"https:\\\/\\\/foliobooks.pl\\\/en\\\/shop\\\/blossfeldt-the-complete-published-work\\\/#breadcrumb\",\"itemListElement\":[{\"@type\":\"ListItem\",\"position\":1,\"name\":\"Strona g\u0142\u00f3wna\",\"item\":\"https:\\\/\\\/foliobooks.pl\\\/en\\\/\"},{\"@type\":\"ListItem\",\"position\":2,\"name\":\"Shop\",\"item\":\"https:\\\/\\\/foliobooks.pl\\\/en\\\/shop\\\/\"},{\"@type\":\"ListItem\",\"position\":3,\"name\":\"Blossfeldt. The Complete Published Work\"}]},{\"@type\":\"WebSite\",\"@id\":\"https:\\\/\\\/foliobooks.pl\\\/en\\\/#website\",\"url\":\"https:\\\/\\\/foliobooks.pl\\\/en\\\/\",\"name\":\"Folio\",\"description\":\"Ksi\u0119garnia internetowa\",\"potentialAction\":[{\"@type\":\"SearchAction\",\"target\":{\"@type\":\"EntryPoint\",\"urlTemplate\":\"https:\\\/\\\/foliobooks.pl\\\/en\\\/?s={search_term_string}\"},\"query-input\":{\"@type\":\"PropertyValueSpecification\",\"valueRequired\":true,\"valueName\":\"search_term_string\"}}],\"inLanguage\":\"en-US\"}]}<\/script>\n<!-- \/ Yoast SEO plugin. -->","yoast_head_json":{"title":"Blossfeldt. The Complete Published Work (Hans Christian Adam) - book \/ album - Folio","description":"Wejd\u017a i kup ksi\u0105\u017ck\u0119 Blossfeldt. The Complete Published Work autorstwa Hans Christian Adam wydan\u0105 przez TASCHEN (2014-04-01) w formacie 14 x 19,5 cm (ISBN: 9783836550727). Zapraszamy!","robots":{"index":"index","follow":"follow","max-snippet":"max-snippet:-1","max-image-preview":"max-image-preview:large","max-video-preview":"max-video-preview:-1"},"canonical":"https:\/\/foliobooks.pl\/en\/shop\/blossfeldt-the-complete-published-work\/","og_locale":"en_US","og_type":"article","og_title":"Blossfeldt. The Complete Published Work (Hans Christian Adam) - book \/ album - Folio","og_description":"Wejd\u017a i kup ksi\u0105\u017ck\u0119 Blossfeldt. The Complete Published Work autorstwa Hans Christian Adam wydan\u0105 przez TASCHEN (2014-04-01) w formacie 14 x 19,5 cm (ISBN: 9783836550727). Zapraszamy!","og_url":"https:\/\/foliobooks.pl\/en\/shop\/blossfeldt-the-complete-published-work\/","og_site_name":"Folio","article_modified_time":"2022-09-20T13:51:57+00:00","og_image":[{"width":570,"height":708,"url":"https:\/\/foliobooks.pl\/wp-content\/uploads\/2016\/04\/9783836550727.png","type":"image\/png"}],"twitter_card":"summary_large_image","twitter_misc":{"Est. reading time":"1 minute"},"schema":{"@context":"https:\/\/schema.org","@graph":[{"@type":"WebPage","@id":"https:\/\/foliobooks.pl\/en\/shop\/blossfeldt-the-complete-published-work\/","url":"https:\/\/foliobooks.pl\/en\/shop\/blossfeldt-the-complete-published-work\/","name":"Blossfeldt. The Complete Published Work (Hans Christian Adam) - book \/ album - Folio","isPartOf":{"@id":"https:\/\/foliobooks.pl\/en\/#website"},"primaryImageOfPage":{"@id":"https:\/\/foliobooks.pl\/en\/shop\/blossfeldt-the-complete-published-work\/#primaryimage"},"image":{"@id":"https:\/\/foliobooks.pl\/en\/shop\/blossfeldt-the-complete-published-work\/#primaryimage"},"thumbnailUrl":"https:\/\/foliobooks.pl\/wp-content\/uploads\/2016\/04\/9783836550727.png","datePublished":"2016-04-28T13:02:05+00:00","dateModified":"2022-09-20T13:51:57+00:00","description":"Wejd\u017a i kup ksi\u0105\u017ck\u0119 Blossfeldt. The Complete Published Work autorstwa Hans Christian Adam wydan\u0105 przez TASCHEN (2014-04-01) w formacie 14 x 19,5 cm (ISBN: 9783836550727). Zapraszamy!","breadcrumb":{"@id":"https:\/\/foliobooks.pl\/en\/shop\/blossfeldt-the-complete-published-work\/#breadcrumb"},"inLanguage":"en-US","potentialAction":[{"@type":"ReadAction","target":["https:\/\/foliobooks.pl\/en\/shop\/blossfeldt-the-complete-published-work\/"]}]},{"@type":"ImageObject","inLanguage":"en-US","@id":"https:\/\/foliobooks.pl\/en\/shop\/blossfeldt-the-complete-published-work\/#primaryimage","url":"https:\/\/foliobooks.pl\/wp-content\/uploads\/2016\/04\/9783836550727.png","contentUrl":"https:\/\/foliobooks.pl\/wp-content\/uploads\/2016\/04\/9783836550727.png","width":570,"height":708},{"@type":"BreadcrumbList","@id":"https:\/\/foliobooks.pl\/en\/shop\/blossfeldt-the-complete-published-work\/#breadcrumb","itemListElement":[{"@type":"ListItem","position":1,"name":"Strona g\u0142\u00f3wna","item":"https:\/\/foliobooks.pl\/en\/"},{"@type":"ListItem","position":2,"name":"Shop","item":"https:\/\/foliobooks.pl\/en\/shop\/"},{"@type":"ListItem","position":3,"name":"Blossfeldt. The Complete Published Work"}]},{"@type":"WebSite","@id":"https:\/\/foliobooks.pl\/en\/#website","url":"https:\/\/foliobooks.pl\/en\/","name":"Folio","description":"Ksi\u0119garnia internetowa","potentialAction":[{"@type":"SearchAction","target":{"@type":"EntryPoint","urlTemplate":"https:\/\/foliobooks.pl\/en\/?s={search_term_string}"},"query-input":{"@type":"PropertyValueSpecification","valueRequired":true,"valueName":"search_term_string"}}],"inLanguage":"en-US"}]}},"_links":{"self":[{"href":"https:\/\/foliobooks.pl\/en\/wp-json\/wp\/v2\/product\/14235","targetHints":{"allow":["GET"]}}],"collection":[{"href":"https:\/\/foliobooks.pl\/en\/wp-json\/wp\/v2\/product"}],"about":[{"href":"https:\/\/foliobooks.pl\/en\/wp-json\/wp\/v2\/types\/product"}],"replies":[{"embeddable":true,"href":"https:\/\/foliobooks.pl\/en\/wp-json\/wp\/v2\/comments?post=14235"}],"wp:featuredmedia":[{"embeddable":true,"href":"https:\/\/foliobooks.pl\/en\/wp-json\/wp\/v2\/media\/14228"}],"wp:attachment":[{"href":"https:\/\/foliobooks.pl\/en\/wp-json\/wp\/v2\/media?parent=14235"}],"wp:term":[{"taxonomy":"product_brand","embeddable":true,"href":"https:\/\/foliobooks.pl\/en\/wp-json\/wp\/v2\/product_brand?post=14235"},{"taxonomy":"product_cat","embeddable":true,"href":"https:\/\/foliobooks.pl\/en\/wp-json\/wp\/v2\/product_cat?post=14235"},{"taxonomy":"product_tag","embeddable":true,"href":"https:\/\/foliobooks.pl\/en\/wp-json\/wp\/v2\/product_tag?post=14235"}],"curies":[{"name":"wp","href":"https:\/\/api.w.org\/{rel}","templated":true}]}}