{"id":14215,"date":"2016-04-28T13:57:30","date_gmt":"2016-04-28T11:57:30","guid":{"rendered":"http:\/\/foliobooks.pl\/en\/sklep\/seba-cabinet-of-natural-curiosities-2\/"},"modified":"2022-12-01T16:26:25","modified_gmt":"2022-12-01T15:26:25","slug":"seba-cabinet-of-natural-curiosities-2","status":"publish","type":"product","link":"https:\/\/foliobooks.pl\/en\/shop\/seba-cabinet-of-natural-curiosities-2\/","title":{"rendered":"Seba. Cabinet of Natural Curiosities"},"content":{"rendered":"<p>The Cabinet of Natural Curiosities is one of the 18th century&#8217;s greatest natural history achievements and remains one of the most prized natural history books of all time. Though scientists of his era often collected natural specimens for research purposes, Amsterdam-based pharmacist Albertus Seba (1665-1736) was unrivaled in his passion. His amazing collection of animals, plants, and insects from all around the world earned him international fame.<\/p>\n<p>In 1731, after decades of collecting, Seba commissioned careful and often scenic illustrations of every specimen. With these meticulous drawings, he arranged for the publication of a four-volume catalog, covering the entire collection from strange and exotic plants to snakes, frogs, crocodiles, shellfish, corals, birds, and butterflies, as well as creatures that are now extinct.<\/p>\n<p>Taken from a rare hand-colored original, the best-selling collection features an introduction that contextualizes the fascinating tradition of natural collections to which Seba&#8217;s curiosities belonged.<\/p>\n","protected":false},"excerpt":{"rendered":"<p>The Cabinet of Natural Curiosities is one of the 18th century&#8217;s greatest natural history achievements and remains one of the most prized natural history books of all time. Though scientists of his era often collected natural specimens for research purposes, Amsterdam-based pharmacist Albertus Seba (1665-1736) was unrivaled in his passion. His amazing collection of animals,&#8230;<\/p>\n","protected":false},"featured_media":58892,"comment_status":"closed","ping_status":"closed","template":"","meta":[],"product_brand":[],"product_cat":[4522],"product_tag":[2253,1681,1649],"class_list":{"0":"post-14215","1":"product","2":"type-product","3":"status-publish","4":"has-post-thumbnail","6":"product_cat-art-en","7":"product_tag-graphics","8":"product_tag-history","9":"product_tag-illustration","10":"pa_author_att-irmgard-musch-en","11":"pa_author_att-jes-rust-en","12":"pa_author_att-rainer-willmann-en","13":"pa_cover-hardcover","14":"pa_format-37-x-24-cm-en","15":"pa_isbn-9783836569064-en","16":"pa_language-multi","17":"pa_pages-592-en","18":"pa_published-2020-05-07-en","19":"pa_publisher-taschen-en-en","21":"first","22":"outofstock","23":"sold-individually","24":"shipping-taxable","25":"purchasable","26":"product-type-simple"},"yoast_head":"<!-- This site is optimized with the Yoast SEO plugin v27.5 - https:\/\/yoast.com\/product\/yoast-seo-wordpress\/ -->\n<title>Seba. Cabinet of Natural Curiosities (Irmgard M\u00fcsch, Jes Rust, Rainer Willmann) - book \/ album - Folio<\/title>\n<meta name=\"description\" content=\"Wejd\u017a i kup ksi\u0105\u017ck\u0119 Seba. Cabinet of Natural Curiosities autorstwa Irmgard M\u00fcsch, Jes Rust, Rainer Willmann wydan\u0105 przez TASCHEN (2020-05-07) w formacie 37 x 24 cm (ISBN: 9783836569064). Zapraszamy!\" \/>\n<meta name=\"robots\" content=\"index, follow, max-snippet:-1, max-image-preview:large, max-video-preview:-1\" \/>\n<link rel=\"canonical\" href=\"https:\/\/foliobooks.pl\/en\/shop\/seba-cabinet-of-natural-curiosities-2\/\" \/>\n<meta property=\"og:locale\" content=\"en_US\" \/>\n<meta property=\"og:type\" content=\"article\" \/>\n<meta property=\"og:title\" content=\"Seba. Cabinet of Natural Curiosities (Irmgard M\u00fcsch, Jes Rust, Rainer Willmann) - book \/ album - Folio\" \/>\n<meta property=\"og:description\" content=\"Wejd\u017a i kup ksi\u0105\u017ck\u0119 Seba. Cabinet of Natural Curiosities autorstwa Irmgard M\u00fcsch, Jes Rust, Rainer Willmann wydan\u0105 przez TASCHEN (2020-05-07) w formacie 37 x 24 cm (ISBN: 9783836569064). Zapraszamy!\" \/>\n<meta property=\"og:url\" content=\"https:\/\/foliobooks.pl\/en\/shop\/seba-cabinet-of-natural-curiosities-2\/\" \/>\n<meta property=\"og:site_name\" content=\"Folio\" \/>\n<meta property=\"article:modified_time\" content=\"2022-12-01T15:26:25+00:00\" \/>\n<meta property=\"og:image\" content=\"https:\/\/foliobooks.pl\/wp-content\/uploads\/2016\/04\/9783836569064.jpg\" \/>\n\t<meta property=\"og:image:width\" content=\"343\" \/>\n\t<meta property=\"og:image:height\" content=\"499\" \/>\n\t<meta property=\"og:image:type\" content=\"image\/jpeg\" \/>\n<meta name=\"twitter:card\" content=\"summary_large_image\" \/>\n<meta name=\"twitter:label1\" content=\"Est. reading time\" \/>\n\t<meta name=\"twitter:data1\" content=\"1 minute\" \/>\n<script type=\"application\/ld+json\" class=\"yoast-schema-graph\">{\"@context\":\"https:\\\/\\\/schema.org\",\"@graph\":[{\"@type\":\"WebPage\",\"@id\":\"https:\\\/\\\/foliobooks.pl\\\/en\\\/shop\\\/seba-cabinet-of-natural-curiosities-2\\\/\",\"url\":\"https:\\\/\\\/foliobooks.pl\\\/en\\\/shop\\\/seba-cabinet-of-natural-curiosities-2\\\/\",\"name\":\"Seba. Cabinet of Natural Curiosities (Irmgard M\u00fcsch, Jes Rust, Rainer Willmann) - book \\\/ album - Folio\",\"isPartOf\":{\"@id\":\"https:\\\/\\\/foliobooks.pl\\\/en\\\/#website\"},\"primaryImageOfPage\":{\"@id\":\"https:\\\/\\\/foliobooks.pl\\\/en\\\/shop\\\/seba-cabinet-of-natural-curiosities-2\\\/#primaryimage\"},\"image\":{\"@id\":\"https:\\\/\\\/foliobooks.pl\\\/en\\\/shop\\\/seba-cabinet-of-natural-curiosities-2\\\/#primaryimage\"},\"thumbnailUrl\":\"https:\\\/\\\/foliobooks.pl\\\/wp-content\\\/uploads\\\/2016\\\/04\\\/9783836569064.jpg\",\"datePublished\":\"2016-04-28T11:57:30+00:00\",\"dateModified\":\"2022-12-01T15:26:25+00:00\",\"description\":\"Wejd\u017a i kup ksi\u0105\u017ck\u0119 Seba. Cabinet of Natural Curiosities autorstwa Irmgard M\u00fcsch, Jes Rust, Rainer Willmann wydan\u0105 przez TASCHEN (2020-05-07) w formacie 37 x 24 cm (ISBN: 9783836569064). Zapraszamy!\",\"breadcrumb\":{\"@id\":\"https:\\\/\\\/foliobooks.pl\\\/en\\\/shop\\\/seba-cabinet-of-natural-curiosities-2\\\/#breadcrumb\"},\"inLanguage\":\"en-US\",\"potentialAction\":[{\"@type\":\"ReadAction\",\"target\":[\"https:\\\/\\\/foliobooks.pl\\\/en\\\/shop\\\/seba-cabinet-of-natural-curiosities-2\\\/\"]}]},{\"@type\":\"ImageObject\",\"inLanguage\":\"en-US\",\"@id\":\"https:\\\/\\\/foliobooks.pl\\\/en\\\/shop\\\/seba-cabinet-of-natural-curiosities-2\\\/#primaryimage\",\"url\":\"https:\\\/\\\/foliobooks.pl\\\/wp-content\\\/uploads\\\/2016\\\/04\\\/9783836569064.jpg\",\"contentUrl\":\"https:\\\/\\\/foliobooks.pl\\\/wp-content\\\/uploads\\\/2016\\\/04\\\/9783836569064.jpg\",\"width\":343,\"height\":499},{\"@type\":\"BreadcrumbList\",\"@id\":\"https:\\\/\\\/foliobooks.pl\\\/en\\\/shop\\\/seba-cabinet-of-natural-curiosities-2\\\/#breadcrumb\",\"itemListElement\":[{\"@type\":\"ListItem\",\"position\":1,\"name\":\"Strona g\u0142\u00f3wna\",\"item\":\"https:\\\/\\\/foliobooks.pl\\\/en\\\/\"},{\"@type\":\"ListItem\",\"position\":2,\"name\":\"Shop\",\"item\":\"https:\\\/\\\/foliobooks.pl\\\/en\\\/shop\\\/\"},{\"@type\":\"ListItem\",\"position\":3,\"name\":\"Seba. Cabinet of Natural Curiosities\"}]},{\"@type\":\"WebSite\",\"@id\":\"https:\\\/\\\/foliobooks.pl\\\/en\\\/#website\",\"url\":\"https:\\\/\\\/foliobooks.pl\\\/en\\\/\",\"name\":\"Folio\",\"description\":\"Ksi\u0119garnia internetowa\",\"potentialAction\":[{\"@type\":\"SearchAction\",\"target\":{\"@type\":\"EntryPoint\",\"urlTemplate\":\"https:\\\/\\\/foliobooks.pl\\\/en\\\/?s={search_term_string}\"},\"query-input\":{\"@type\":\"PropertyValueSpecification\",\"valueRequired\":true,\"valueName\":\"search_term_string\"}}],\"inLanguage\":\"en-US\"}]}<\/script>\n<!-- \/ Yoast SEO plugin. -->","yoast_head_json":{"title":"Seba. Cabinet of Natural Curiosities (Irmgard M\u00fcsch, Jes Rust, Rainer Willmann) - book \/ album - Folio","description":"Wejd\u017a i kup ksi\u0105\u017ck\u0119 Seba. Cabinet of Natural Curiosities autorstwa Irmgard M\u00fcsch, Jes Rust, Rainer Willmann wydan\u0105 przez TASCHEN (2020-05-07) w formacie 37 x 24 cm (ISBN: 9783836569064). Zapraszamy!","robots":{"index":"index","follow":"follow","max-snippet":"max-snippet:-1","max-image-preview":"max-image-preview:large","max-video-preview":"max-video-preview:-1"},"canonical":"https:\/\/foliobooks.pl\/en\/shop\/seba-cabinet-of-natural-curiosities-2\/","og_locale":"en_US","og_type":"article","og_title":"Seba. Cabinet of Natural Curiosities (Irmgard M\u00fcsch, Jes Rust, Rainer Willmann) - book \/ album - Folio","og_description":"Wejd\u017a i kup ksi\u0105\u017ck\u0119 Seba. Cabinet of Natural Curiosities autorstwa Irmgard M\u00fcsch, Jes Rust, Rainer Willmann wydan\u0105 przez TASCHEN (2020-05-07) w formacie 37 x 24 cm (ISBN: 9783836569064). Zapraszamy!","og_url":"https:\/\/foliobooks.pl\/en\/shop\/seba-cabinet-of-natural-curiosities-2\/","og_site_name":"Folio","article_modified_time":"2022-12-01T15:26:25+00:00","og_image":[{"width":343,"height":499,"url":"https:\/\/foliobooks.pl\/wp-content\/uploads\/2016\/04\/9783836569064.jpg","type":"image\/jpeg"}],"twitter_card":"summary_large_image","twitter_misc":{"Est. reading time":"1 minute"},"schema":{"@context":"https:\/\/schema.org","@graph":[{"@type":"WebPage","@id":"https:\/\/foliobooks.pl\/en\/shop\/seba-cabinet-of-natural-curiosities-2\/","url":"https:\/\/foliobooks.pl\/en\/shop\/seba-cabinet-of-natural-curiosities-2\/","name":"Seba. Cabinet of Natural Curiosities (Irmgard M\u00fcsch, Jes Rust, Rainer Willmann) - book \/ album - Folio","isPartOf":{"@id":"https:\/\/foliobooks.pl\/en\/#website"},"primaryImageOfPage":{"@id":"https:\/\/foliobooks.pl\/en\/shop\/seba-cabinet-of-natural-curiosities-2\/#primaryimage"},"image":{"@id":"https:\/\/foliobooks.pl\/en\/shop\/seba-cabinet-of-natural-curiosities-2\/#primaryimage"},"thumbnailUrl":"https:\/\/foliobooks.pl\/wp-content\/uploads\/2016\/04\/9783836569064.jpg","datePublished":"2016-04-28T11:57:30+00:00","dateModified":"2022-12-01T15:26:25+00:00","description":"Wejd\u017a i kup ksi\u0105\u017ck\u0119 Seba. Cabinet of Natural Curiosities autorstwa Irmgard M\u00fcsch, Jes Rust, Rainer Willmann wydan\u0105 przez TASCHEN (2020-05-07) w formacie 37 x 24 cm (ISBN: 9783836569064). Zapraszamy!","breadcrumb":{"@id":"https:\/\/foliobooks.pl\/en\/shop\/seba-cabinet-of-natural-curiosities-2\/#breadcrumb"},"inLanguage":"en-US","potentialAction":[{"@type":"ReadAction","target":["https:\/\/foliobooks.pl\/en\/shop\/seba-cabinet-of-natural-curiosities-2\/"]}]},{"@type":"ImageObject","inLanguage":"en-US","@id":"https:\/\/foliobooks.pl\/en\/shop\/seba-cabinet-of-natural-curiosities-2\/#primaryimage","url":"https:\/\/foliobooks.pl\/wp-content\/uploads\/2016\/04\/9783836569064.jpg","contentUrl":"https:\/\/foliobooks.pl\/wp-content\/uploads\/2016\/04\/9783836569064.jpg","width":343,"height":499},{"@type":"BreadcrumbList","@id":"https:\/\/foliobooks.pl\/en\/shop\/seba-cabinet-of-natural-curiosities-2\/#breadcrumb","itemListElement":[{"@type":"ListItem","position":1,"name":"Strona g\u0142\u00f3wna","item":"https:\/\/foliobooks.pl\/en\/"},{"@type":"ListItem","position":2,"name":"Shop","item":"https:\/\/foliobooks.pl\/en\/shop\/"},{"@type":"ListItem","position":3,"name":"Seba. Cabinet of Natural Curiosities"}]},{"@type":"WebSite","@id":"https:\/\/foliobooks.pl\/en\/#website","url":"https:\/\/foliobooks.pl\/en\/","name":"Folio","description":"Ksi\u0119garnia internetowa","potentialAction":[{"@type":"SearchAction","target":{"@type":"EntryPoint","urlTemplate":"https:\/\/foliobooks.pl\/en\/?s={search_term_string}"},"query-input":{"@type":"PropertyValueSpecification","valueRequired":true,"valueName":"search_term_string"}}],"inLanguage":"en-US"}]}},"_links":{"self":[{"href":"https:\/\/foliobooks.pl\/en\/wp-json\/wp\/v2\/product\/14215","targetHints":{"allow":["GET"]}}],"collection":[{"href":"https:\/\/foliobooks.pl\/en\/wp-json\/wp\/v2\/product"}],"about":[{"href":"https:\/\/foliobooks.pl\/en\/wp-json\/wp\/v2\/types\/product"}],"replies":[{"embeddable":true,"href":"https:\/\/foliobooks.pl\/en\/wp-json\/wp\/v2\/comments?post=14215"}],"wp:featuredmedia":[{"embeddable":true,"href":"https:\/\/foliobooks.pl\/en\/wp-json\/wp\/v2\/media\/58892"}],"wp:attachment":[{"href":"https:\/\/foliobooks.pl\/en\/wp-json\/wp\/v2\/media?parent=14215"}],"wp:term":[{"taxonomy":"product_brand","embeddable":true,"href":"https:\/\/foliobooks.pl\/en\/wp-json\/wp\/v2\/product_brand?post=14215"},{"taxonomy":"product_cat","embeddable":true,"href":"https:\/\/foliobooks.pl\/en\/wp-json\/wp\/v2\/product_cat?post=14215"},{"taxonomy":"product_tag","embeddable":true,"href":"https:\/\/foliobooks.pl\/en\/wp-json\/wp\/v2\/product_tag?post=14215"}],"curies":[{"name":"wp","href":"https:\/\/api.w.org\/{rel}","templated":true}]}}