{"id":14078,"date":"2016-04-21T11:18:31","date_gmt":"2016-04-21T09:18:31","guid":{"rendered":"http:\/\/foliobooks.pl\/en\/sklep\/basilius-beslers-florilegium-the-book-of-plants\/"},"modified":"2025-12-18T16:43:38","modified_gmt":"2025-12-18T15:43:38","slug":"basilius-beslers-florilegium-the-book-of-plants","status":"publish","type":"product","link":"https:\/\/foliobooks.pl\/en\/shop\/basilius-beslers-florilegium-the-book-of-plants\/","title":{"rendered":"Basilius Besler&#8217;s Florilegium. The Book of Plants"},"content":{"rendered":"<p>A magnificent pictorial document of the flowers grown in the greatest German garden of its time, the Hortus Eystettensis is in a class of its own when it comes to the range of flowers engraved.<\/p>\n<p>First published in 1613, the 367 copperplate engravings by Basilius Besler (1561\u20131629) capture the spectacular diversity of the palatial gardens of Prince-Bishop Johann Konrad von Gemmingen (1593\/95\u20131612) in Eichst\u00e4tt, Bavaria, Germany. The meticulous illustrations are organized according to the four seasons, and, following the classification system used today, show plants belonging to a total of 90 families and covering 340 genera. The whole collection is regarded as one of the finest treasures of botanical literature; it was described by Carl Linnaeus, the legendary 18th-century botanist and zoologist, as an \u201cincomparable work.\u201d<\/p>\n<p>Besler\u2019s pictorial catalog long outlived the gardens, which were destroyed in 1634 by invading Swedish troops. In auction, the asking price for a first-edition copy of Hortus Eystettensis is now more than half a million dollars. With this edition, TASCHEN opens up the garden to a much wider audience: a rich and beautiful record, destined to keep the garden\u2019s beauty in bloom.<\/p>\n","protected":false},"excerpt":{"rendered":"<p>A magnificent pictorial document of the flowers grown in the greatest German garden of its time, the Hortus Eystettensis is in a class of its own when it comes to the range of flowers engraved. First published in 1613, the 367 copperplate engravings by Basilius Besler (1561\u20131629) capture the spectacular diversity of the palatial gardens&#8230;<\/p>\n","protected":false},"featured_media":14069,"comment_status":"closed","ping_status":"closed","template":"","meta":[],"product_brand":[],"product_cat":[4522],"product_tag":[2253,1649],"class_list":{"0":"post-14078","1":"product","2":"type-product","3":"status-publish","4":"has-post-thumbnail","6":"product_cat-art-en","7":"product_tag-graphics","8":"product_tag-illustration","9":"pa_author_att-klaus-walter-littger-werner-dressendorfer-en","10":"pa_cover-hardcover","11":"pa_format-14-x-195-cm-en","12":"pa_isbn-9783836557870-en","13":"pa_language-eng","14":"pa_pages-544-en","15":"pa_published-2016-04-15-en","16":"pa_publisher-taschen-en-en","18":"first","19":"instock","20":"sold-individually","21":"shipping-taxable","22":"purchasable","23":"product-type-simple"},"yoast_head":"<!-- This site is optimized with the Yoast SEO plugin v27.4 - https:\/\/yoast.com\/product\/yoast-seo-wordpress\/ -->\n<title>Basilius Besler&#039;s Florilegium. The Book of Plants (Klaus Walter Littger, Werner Dressend\u00f6rfer) - book \/ album - Folio<\/title>\n<meta name=\"description\" content=\"Wejd\u017a i kup ksi\u0105\u017ck\u0119 Basilius Besler&#039;s Florilegium. The Book of Plants autorstwa Klaus Walter Littger, Werner Dressend\u00f6rfer wydan\u0105 przez TASCHEN (2016-04-15) w formacie 14 x 19,5 cm (ISBN: 9783836557870). Zapraszamy!\" \/>\n<meta name=\"robots\" content=\"index, follow, max-snippet:-1, max-image-preview:large, max-video-preview:-1\" \/>\n<link rel=\"canonical\" href=\"https:\/\/foliobooks.pl\/en\/shop\/basilius-beslers-florilegium-the-book-of-plants\/\" \/>\n<meta property=\"og:locale\" content=\"en_US\" \/>\n<meta property=\"og:type\" content=\"article\" \/>\n<meta property=\"og:title\" content=\"Basilius Besler&#039;s Florilegium. The Book of Plants (Klaus Walter Littger, Werner Dressend\u00f6rfer) - book \/ album - Folio\" \/>\n<meta property=\"og:description\" content=\"Wejd\u017a i kup ksi\u0105\u017ck\u0119 Basilius Besler&#039;s Florilegium. The Book of Plants autorstwa Klaus Walter Littger, Werner Dressend\u00f6rfer wydan\u0105 przez TASCHEN (2016-04-15) w formacie 14 x 19,5 cm (ISBN: 9783836557870). Zapraszamy!\" \/>\n<meta property=\"og:url\" content=\"https:\/\/foliobooks.pl\/en\/shop\/basilius-beslers-florilegium-the-book-of-plants\/\" \/>\n<meta property=\"og:site_name\" content=\"Folio\" \/>\n<meta property=\"article:modified_time\" content=\"2025-12-18T15:43:38+00:00\" \/>\n<meta property=\"og:image\" content=\"https:\/\/foliobooks.pl\/wp-content\/uploads\/2016\/04\/9783836557870.png\" \/>\n\t<meta property=\"og:image:width\" content=\"570\" \/>\n\t<meta property=\"og:image:height\" content=\"708\" \/>\n\t<meta property=\"og:image:type\" content=\"image\/png\" \/>\n<meta name=\"twitter:card\" content=\"summary_large_image\" \/>\n<meta name=\"twitter:label1\" content=\"Est. reading time\" \/>\n\t<meta name=\"twitter:data1\" content=\"1 minute\" \/>\n<script type=\"application\/ld+json\" class=\"yoast-schema-graph\">{\"@context\":\"https:\\\/\\\/schema.org\",\"@graph\":[{\"@type\":\"WebPage\",\"@id\":\"https:\\\/\\\/foliobooks.pl\\\/en\\\/shop\\\/basilius-beslers-florilegium-the-book-of-plants\\\/\",\"url\":\"https:\\\/\\\/foliobooks.pl\\\/en\\\/shop\\\/basilius-beslers-florilegium-the-book-of-plants\\\/\",\"name\":\"Basilius Besler's Florilegium. The Book of Plants (Klaus Walter Littger, Werner Dressend\u00f6rfer) - book \\\/ album - Folio\",\"isPartOf\":{\"@id\":\"https:\\\/\\\/foliobooks.pl\\\/en\\\/#website\"},\"primaryImageOfPage\":{\"@id\":\"https:\\\/\\\/foliobooks.pl\\\/en\\\/shop\\\/basilius-beslers-florilegium-the-book-of-plants\\\/#primaryimage\"},\"image\":{\"@id\":\"https:\\\/\\\/foliobooks.pl\\\/en\\\/shop\\\/basilius-beslers-florilegium-the-book-of-plants\\\/#primaryimage\"},\"thumbnailUrl\":\"https:\\\/\\\/foliobooks.pl\\\/wp-content\\\/uploads\\\/2016\\\/04\\\/9783836557870.png\",\"datePublished\":\"2016-04-21T09:18:31+00:00\",\"dateModified\":\"2025-12-18T15:43:38+00:00\",\"description\":\"Wejd\u017a i kup ksi\u0105\u017ck\u0119 Basilius Besler's Florilegium. The Book of Plants autorstwa Klaus Walter Littger, Werner Dressend\u00f6rfer wydan\u0105 przez TASCHEN (2016-04-15) w formacie 14 x 19,5 cm (ISBN: 9783836557870). Zapraszamy!\",\"breadcrumb\":{\"@id\":\"https:\\\/\\\/foliobooks.pl\\\/en\\\/shop\\\/basilius-beslers-florilegium-the-book-of-plants\\\/#breadcrumb\"},\"inLanguage\":\"en-US\",\"potentialAction\":[{\"@type\":\"ReadAction\",\"target\":[\"https:\\\/\\\/foliobooks.pl\\\/en\\\/shop\\\/basilius-beslers-florilegium-the-book-of-plants\\\/\"]}]},{\"@type\":\"ImageObject\",\"inLanguage\":\"en-US\",\"@id\":\"https:\\\/\\\/foliobooks.pl\\\/en\\\/shop\\\/basilius-beslers-florilegium-the-book-of-plants\\\/#primaryimage\",\"url\":\"https:\\\/\\\/foliobooks.pl\\\/wp-content\\\/uploads\\\/2016\\\/04\\\/9783836557870.png\",\"contentUrl\":\"https:\\\/\\\/foliobooks.pl\\\/wp-content\\\/uploads\\\/2016\\\/04\\\/9783836557870.png\",\"width\":570,\"height\":708},{\"@type\":\"BreadcrumbList\",\"@id\":\"https:\\\/\\\/foliobooks.pl\\\/en\\\/shop\\\/basilius-beslers-florilegium-the-book-of-plants\\\/#breadcrumb\",\"itemListElement\":[{\"@type\":\"ListItem\",\"position\":1,\"name\":\"Strona g\u0142\u00f3wna\",\"item\":\"https:\\\/\\\/foliobooks.pl\\\/en\\\/\"},{\"@type\":\"ListItem\",\"position\":2,\"name\":\"Shop\",\"item\":\"https:\\\/\\\/foliobooks.pl\\\/en\\\/shop\\\/\"},{\"@type\":\"ListItem\",\"position\":3,\"name\":\"Basilius Besler&#8217;s Florilegium. The Book of Plants\"}]},{\"@type\":\"WebSite\",\"@id\":\"https:\\\/\\\/foliobooks.pl\\\/en\\\/#website\",\"url\":\"https:\\\/\\\/foliobooks.pl\\\/en\\\/\",\"name\":\"Folio\",\"description\":\"Ksi\u0119garnia internetowa\",\"potentialAction\":[{\"@type\":\"SearchAction\",\"target\":{\"@type\":\"EntryPoint\",\"urlTemplate\":\"https:\\\/\\\/foliobooks.pl\\\/en\\\/?s={search_term_string}\"},\"query-input\":{\"@type\":\"PropertyValueSpecification\",\"valueRequired\":true,\"valueName\":\"search_term_string\"}}],\"inLanguage\":\"en-US\"}]}<\/script>\n<!-- \/ Yoast SEO plugin. -->","yoast_head_json":{"title":"Basilius Besler's Florilegium. The Book of Plants (Klaus Walter Littger, Werner Dressend\u00f6rfer) - book \/ album - Folio","description":"Wejd\u017a i kup ksi\u0105\u017ck\u0119 Basilius Besler's Florilegium. The Book of Plants autorstwa Klaus Walter Littger, Werner Dressend\u00f6rfer wydan\u0105 przez TASCHEN (2016-04-15) w formacie 14 x 19,5 cm (ISBN: 9783836557870). Zapraszamy!","robots":{"index":"index","follow":"follow","max-snippet":"max-snippet:-1","max-image-preview":"max-image-preview:large","max-video-preview":"max-video-preview:-1"},"canonical":"https:\/\/foliobooks.pl\/en\/shop\/basilius-beslers-florilegium-the-book-of-plants\/","og_locale":"en_US","og_type":"article","og_title":"Basilius Besler's Florilegium. The Book of Plants (Klaus Walter Littger, Werner Dressend\u00f6rfer) - book \/ album - Folio","og_description":"Wejd\u017a i kup ksi\u0105\u017ck\u0119 Basilius Besler's Florilegium. The Book of Plants autorstwa Klaus Walter Littger, Werner Dressend\u00f6rfer wydan\u0105 przez TASCHEN (2016-04-15) w formacie 14 x 19,5 cm (ISBN: 9783836557870). Zapraszamy!","og_url":"https:\/\/foliobooks.pl\/en\/shop\/basilius-beslers-florilegium-the-book-of-plants\/","og_site_name":"Folio","article_modified_time":"2025-12-18T15:43:38+00:00","og_image":[{"width":570,"height":708,"url":"https:\/\/foliobooks.pl\/wp-content\/uploads\/2016\/04\/9783836557870.png","type":"image\/png"}],"twitter_card":"summary_large_image","twitter_misc":{"Est. reading time":"1 minute"},"schema":{"@context":"https:\/\/schema.org","@graph":[{"@type":"WebPage","@id":"https:\/\/foliobooks.pl\/en\/shop\/basilius-beslers-florilegium-the-book-of-plants\/","url":"https:\/\/foliobooks.pl\/en\/shop\/basilius-beslers-florilegium-the-book-of-plants\/","name":"Basilius Besler's Florilegium. The Book of Plants (Klaus Walter Littger, Werner Dressend\u00f6rfer) - book \/ album - Folio","isPartOf":{"@id":"https:\/\/foliobooks.pl\/en\/#website"},"primaryImageOfPage":{"@id":"https:\/\/foliobooks.pl\/en\/shop\/basilius-beslers-florilegium-the-book-of-plants\/#primaryimage"},"image":{"@id":"https:\/\/foliobooks.pl\/en\/shop\/basilius-beslers-florilegium-the-book-of-plants\/#primaryimage"},"thumbnailUrl":"https:\/\/foliobooks.pl\/wp-content\/uploads\/2016\/04\/9783836557870.png","datePublished":"2016-04-21T09:18:31+00:00","dateModified":"2025-12-18T15:43:38+00:00","description":"Wejd\u017a i kup ksi\u0105\u017ck\u0119 Basilius Besler's Florilegium. The Book of Plants autorstwa Klaus Walter Littger, Werner Dressend\u00f6rfer wydan\u0105 przez TASCHEN (2016-04-15) w formacie 14 x 19,5 cm (ISBN: 9783836557870). Zapraszamy!","breadcrumb":{"@id":"https:\/\/foliobooks.pl\/en\/shop\/basilius-beslers-florilegium-the-book-of-plants\/#breadcrumb"},"inLanguage":"en-US","potentialAction":[{"@type":"ReadAction","target":["https:\/\/foliobooks.pl\/en\/shop\/basilius-beslers-florilegium-the-book-of-plants\/"]}]},{"@type":"ImageObject","inLanguage":"en-US","@id":"https:\/\/foliobooks.pl\/en\/shop\/basilius-beslers-florilegium-the-book-of-plants\/#primaryimage","url":"https:\/\/foliobooks.pl\/wp-content\/uploads\/2016\/04\/9783836557870.png","contentUrl":"https:\/\/foliobooks.pl\/wp-content\/uploads\/2016\/04\/9783836557870.png","width":570,"height":708},{"@type":"BreadcrumbList","@id":"https:\/\/foliobooks.pl\/en\/shop\/basilius-beslers-florilegium-the-book-of-plants\/#breadcrumb","itemListElement":[{"@type":"ListItem","position":1,"name":"Strona g\u0142\u00f3wna","item":"https:\/\/foliobooks.pl\/en\/"},{"@type":"ListItem","position":2,"name":"Shop","item":"https:\/\/foliobooks.pl\/en\/shop\/"},{"@type":"ListItem","position":3,"name":"Basilius Besler&#8217;s Florilegium. The Book of Plants"}]},{"@type":"WebSite","@id":"https:\/\/foliobooks.pl\/en\/#website","url":"https:\/\/foliobooks.pl\/en\/","name":"Folio","description":"Ksi\u0119garnia internetowa","potentialAction":[{"@type":"SearchAction","target":{"@type":"EntryPoint","urlTemplate":"https:\/\/foliobooks.pl\/en\/?s={search_term_string}"},"query-input":{"@type":"PropertyValueSpecification","valueRequired":true,"valueName":"search_term_string"}}],"inLanguage":"en-US"}]}},"_links":{"self":[{"href":"https:\/\/foliobooks.pl\/en\/wp-json\/wp\/v2\/product\/14078","targetHints":{"allow":["GET"]}}],"collection":[{"href":"https:\/\/foliobooks.pl\/en\/wp-json\/wp\/v2\/product"}],"about":[{"href":"https:\/\/foliobooks.pl\/en\/wp-json\/wp\/v2\/types\/product"}],"replies":[{"embeddable":true,"href":"https:\/\/foliobooks.pl\/en\/wp-json\/wp\/v2\/comments?post=14078"}],"wp:featuredmedia":[{"embeddable":true,"href":"https:\/\/foliobooks.pl\/en\/wp-json\/wp\/v2\/media\/14069"}],"wp:attachment":[{"href":"https:\/\/foliobooks.pl\/en\/wp-json\/wp\/v2\/media?parent=14078"}],"wp:term":[{"taxonomy":"product_brand","embeddable":true,"href":"https:\/\/foliobooks.pl\/en\/wp-json\/wp\/v2\/product_brand?post=14078"},{"taxonomy":"product_cat","embeddable":true,"href":"https:\/\/foliobooks.pl\/en\/wp-json\/wp\/v2\/product_cat?post=14078"},{"taxonomy":"product_tag","embeddable":true,"href":"https:\/\/foliobooks.pl\/en\/wp-json\/wp\/v2\/product_tag?post=14078"}],"curies":[{"name":"wp","href":"https:\/\/api.w.org\/{rel}","templated":true}]}}