{"id":14066,"date":"2016-04-21T11:09:50","date_gmt":"2016-04-21T09:09:50","guid":{"rendered":"http:\/\/foliobooks.pl\/en\/sklep\/ai-weiwei\/"},"modified":"2022-08-26T11:04:14","modified_gmt":"2022-08-26T09:04:14","slug":"ai-weiwei","status":"publish","type":"product","link":"https:\/\/foliobooks.pl\/en\/shop\/ai-weiwei\/","title":{"rendered":"Ai Weiwei"},"content":{"rendered":"<p>As his personal circumstances move in constant flux, Ai Weiwei remains a cultural magnet. Renowned for his political activism and social media activity almost as much as for his social interventions, contemporary approach to the readymade, and knowledge of Chinese traditional crafts, Ai\u2019s fame extends throughout and beyond the art world.<\/p>\n<p>Drawn from TASCHEN\u2019s limited Collector\u2019s Edition, this monograph explores each of Ai\u2019s career phases up until his release from Chinese custody. It features extensive visual material to trace Ai\u2019s development from his early New York days right through to his recent practice. Focus moments include his international breakthrough in the early 2000s, his porcelain Sunflower Seeds at the Turbine Hall of the Tate Modern, his response to the Sichuan earthquake of 2008, and his police detention in 2011. With behind-the-scenes studio pictures, production shots, and numerous statements derived from exclusive interviews with Ai, we gain privileged access to the artist\u2019s process, influences, and importance.<\/p>\n<p>The book includes texts from Uli Sigg, Ai\u2019s longtime friend and former Swiss ambassador to China; Roger M. Buergel, who curated the 2007 documenta and hosted the artist\u2019s Fairytale piece; and experts on Chinese culture and politics: Carlos Rojas, William A. Callahan, and James J. Lally.<\/p>\n","protected":false},"excerpt":{"rendered":"<p>As his personal circumstances move in constant flux, Ai Weiwei remains a cultural magnet. Renowned for his political activism and social media activity almost as much as for his social interventions, contemporary approach to the readymade, and knowledge of Chinese traditional crafts, Ai\u2019s fame extends throughout and beyond the art world. Drawn from TASCHEN\u2019s limited&#8230;<\/p>\n","protected":false},"featured_media":14057,"comment_status":"closed","ping_status":"closed","template":"","meta":[],"product_brand":[],"product_cat":[4522],"product_tag":[334,979],"class_list":{"0":"post-14066","1":"product","2":"type-product","3":"status-publish","4":"has-post-thumbnail","6":"product_cat-art-en","7":"product_tag-collections-en","8":"product_tag-contemporary-art-en","9":"pa_author_att-uli-sigg-en","10":"pa_cover-hardcover","11":"pa_format-25-x-335-cm-en","12":"pa_isbn-9783836526494-en","13":"pa_language-multi","14":"pa_pages-600-en","15":"pa_published-2016-05-15-en","16":"pa_publisher-taschen-en-en","18":"first","19":"outofstock","20":"sold-individually","21":"shipping-taxable","22":"purchasable","23":"product-type-simple"},"yoast_head":"<!-- This site is optimized with the Yoast SEO plugin v27.6 - https:\/\/yoast.com\/product\/yoast-seo-wordpress\/ -->\n<title>Ai Weiwei (Uli Sigg) - book \/ album - Folio<\/title>\n<meta name=\"description\" content=\"Wejd\u017a i kup ksi\u0105\u017ck\u0119 Ai Weiwei autorstwa Uli Sigg wydan\u0105 przez TASCHEN (2016-05-15) w formacie 25 x 33,5 cm (ISBN: 9783836526494). Zapraszamy!\" \/>\n<meta name=\"robots\" content=\"index, follow, max-snippet:-1, max-image-preview:large, max-video-preview:-1\" \/>\n<link rel=\"canonical\" href=\"https:\/\/foliobooks.pl\/en\/shop\/ai-weiwei\/\" \/>\n<meta property=\"og:locale\" content=\"en_US\" \/>\n<meta property=\"og:type\" content=\"article\" \/>\n<meta property=\"og:title\" content=\"Ai Weiwei (Uli Sigg) - book \/ album - Folio\" \/>\n<meta property=\"og:description\" content=\"Wejd\u017a i kup ksi\u0105\u017ck\u0119 Ai Weiwei autorstwa Uli Sigg wydan\u0105 przez TASCHEN (2016-05-15) w formacie 25 x 33,5 cm (ISBN: 9783836526494). Zapraszamy!\" \/>\n<meta property=\"og:url\" content=\"https:\/\/foliobooks.pl\/en\/shop\/ai-weiwei\/\" \/>\n<meta property=\"og:site_name\" content=\"Folio\" \/>\n<meta property=\"article:modified_time\" content=\"2022-08-26T09:04:14+00:00\" \/>\n<meta property=\"og:image\" content=\"https:\/\/foliobooks.pl\/wp-content\/uploads\/2016\/04\/9783836526494.png\" \/>\n\t<meta property=\"og:image:width\" content=\"570\" \/>\n\t<meta property=\"og:image:height\" content=\"708\" \/>\n\t<meta property=\"og:image:type\" content=\"image\/png\" \/>\n<meta name=\"twitter:card\" content=\"summary_large_image\" \/>\n<meta name=\"twitter:label1\" content=\"Est. reading time\" \/>\n\t<meta name=\"twitter:data1\" content=\"1 minute\" \/>\n<script type=\"application\/ld+json\" class=\"yoast-schema-graph\">{\"@context\":\"https:\\\/\\\/schema.org\",\"@graph\":[{\"@type\":\"WebPage\",\"@id\":\"https:\\\/\\\/foliobooks.pl\\\/en\\\/shop\\\/ai-weiwei\\\/\",\"url\":\"https:\\\/\\\/foliobooks.pl\\\/en\\\/shop\\\/ai-weiwei\\\/\",\"name\":\"Ai Weiwei (Uli Sigg) - book \\\/ album - Folio\",\"isPartOf\":{\"@id\":\"https:\\\/\\\/foliobooks.pl\\\/en\\\/#website\"},\"primaryImageOfPage\":{\"@id\":\"https:\\\/\\\/foliobooks.pl\\\/en\\\/shop\\\/ai-weiwei\\\/#primaryimage\"},\"image\":{\"@id\":\"https:\\\/\\\/foliobooks.pl\\\/en\\\/shop\\\/ai-weiwei\\\/#primaryimage\"},\"thumbnailUrl\":\"https:\\\/\\\/foliobooks.pl\\\/wp-content\\\/uploads\\\/2016\\\/04\\\/9783836526494.png\",\"datePublished\":\"2016-04-21T09:09:50+00:00\",\"dateModified\":\"2022-08-26T09:04:14+00:00\",\"description\":\"Wejd\u017a i kup ksi\u0105\u017ck\u0119 Ai Weiwei autorstwa Uli Sigg wydan\u0105 przez TASCHEN (2016-05-15) w formacie 25 x 33,5 cm (ISBN: 9783836526494). Zapraszamy!\",\"breadcrumb\":{\"@id\":\"https:\\\/\\\/foliobooks.pl\\\/en\\\/shop\\\/ai-weiwei\\\/#breadcrumb\"},\"inLanguage\":\"en-US\",\"potentialAction\":[{\"@type\":\"ReadAction\",\"target\":[\"https:\\\/\\\/foliobooks.pl\\\/en\\\/shop\\\/ai-weiwei\\\/\"]}]},{\"@type\":\"ImageObject\",\"inLanguage\":\"en-US\",\"@id\":\"https:\\\/\\\/foliobooks.pl\\\/en\\\/shop\\\/ai-weiwei\\\/#primaryimage\",\"url\":\"https:\\\/\\\/foliobooks.pl\\\/wp-content\\\/uploads\\\/2016\\\/04\\\/9783836526494.png\",\"contentUrl\":\"https:\\\/\\\/foliobooks.pl\\\/wp-content\\\/uploads\\\/2016\\\/04\\\/9783836526494.png\",\"width\":570,\"height\":708},{\"@type\":\"BreadcrumbList\",\"@id\":\"https:\\\/\\\/foliobooks.pl\\\/en\\\/shop\\\/ai-weiwei\\\/#breadcrumb\",\"itemListElement\":[{\"@type\":\"ListItem\",\"position\":1,\"name\":\"Strona g\u0142\u00f3wna\",\"item\":\"https:\\\/\\\/foliobooks.pl\\\/en\\\/\"},{\"@type\":\"ListItem\",\"position\":2,\"name\":\"Shop\",\"item\":\"https:\\\/\\\/foliobooks.pl\\\/en\\\/shop\\\/\"},{\"@type\":\"ListItem\",\"position\":3,\"name\":\"Ai Weiwei\"}]},{\"@type\":\"WebSite\",\"@id\":\"https:\\\/\\\/foliobooks.pl\\\/en\\\/#website\",\"url\":\"https:\\\/\\\/foliobooks.pl\\\/en\\\/\",\"name\":\"Folio\",\"description\":\"Ksi\u0119garnia internetowa\",\"potentialAction\":[{\"@type\":\"SearchAction\",\"target\":{\"@type\":\"EntryPoint\",\"urlTemplate\":\"https:\\\/\\\/foliobooks.pl\\\/en\\\/?s={search_term_string}\"},\"query-input\":{\"@type\":\"PropertyValueSpecification\",\"valueRequired\":true,\"valueName\":\"search_term_string\"}}],\"inLanguage\":\"en-US\"}]}<\/script>\n<!-- \/ Yoast SEO plugin. -->","yoast_head_json":{"title":"Ai Weiwei (Uli Sigg) - book \/ album - Folio","description":"Wejd\u017a i kup ksi\u0105\u017ck\u0119 Ai Weiwei autorstwa Uli Sigg wydan\u0105 przez TASCHEN (2016-05-15) w formacie 25 x 33,5 cm (ISBN: 9783836526494). Zapraszamy!","robots":{"index":"index","follow":"follow","max-snippet":"max-snippet:-1","max-image-preview":"max-image-preview:large","max-video-preview":"max-video-preview:-1"},"canonical":"https:\/\/foliobooks.pl\/en\/shop\/ai-weiwei\/","og_locale":"en_US","og_type":"article","og_title":"Ai Weiwei (Uli Sigg) - book \/ album - Folio","og_description":"Wejd\u017a i kup ksi\u0105\u017ck\u0119 Ai Weiwei autorstwa Uli Sigg wydan\u0105 przez TASCHEN (2016-05-15) w formacie 25 x 33,5 cm (ISBN: 9783836526494). Zapraszamy!","og_url":"https:\/\/foliobooks.pl\/en\/shop\/ai-weiwei\/","og_site_name":"Folio","article_modified_time":"2022-08-26T09:04:14+00:00","og_image":[{"width":570,"height":708,"url":"https:\/\/foliobooks.pl\/wp-content\/uploads\/2016\/04\/9783836526494.png","type":"image\/png"}],"twitter_card":"summary_large_image","twitter_misc":{"Est. reading time":"1 minute"},"schema":{"@context":"https:\/\/schema.org","@graph":[{"@type":"WebPage","@id":"https:\/\/foliobooks.pl\/en\/shop\/ai-weiwei\/","url":"https:\/\/foliobooks.pl\/en\/shop\/ai-weiwei\/","name":"Ai Weiwei (Uli Sigg) - book \/ album - Folio","isPartOf":{"@id":"https:\/\/foliobooks.pl\/en\/#website"},"primaryImageOfPage":{"@id":"https:\/\/foliobooks.pl\/en\/shop\/ai-weiwei\/#primaryimage"},"image":{"@id":"https:\/\/foliobooks.pl\/en\/shop\/ai-weiwei\/#primaryimage"},"thumbnailUrl":"https:\/\/foliobooks.pl\/wp-content\/uploads\/2016\/04\/9783836526494.png","datePublished":"2016-04-21T09:09:50+00:00","dateModified":"2022-08-26T09:04:14+00:00","description":"Wejd\u017a i kup ksi\u0105\u017ck\u0119 Ai Weiwei autorstwa Uli Sigg wydan\u0105 przez TASCHEN (2016-05-15) w formacie 25 x 33,5 cm (ISBN: 9783836526494). Zapraszamy!","breadcrumb":{"@id":"https:\/\/foliobooks.pl\/en\/shop\/ai-weiwei\/#breadcrumb"},"inLanguage":"en-US","potentialAction":[{"@type":"ReadAction","target":["https:\/\/foliobooks.pl\/en\/shop\/ai-weiwei\/"]}]},{"@type":"ImageObject","inLanguage":"en-US","@id":"https:\/\/foliobooks.pl\/en\/shop\/ai-weiwei\/#primaryimage","url":"https:\/\/foliobooks.pl\/wp-content\/uploads\/2016\/04\/9783836526494.png","contentUrl":"https:\/\/foliobooks.pl\/wp-content\/uploads\/2016\/04\/9783836526494.png","width":570,"height":708},{"@type":"BreadcrumbList","@id":"https:\/\/foliobooks.pl\/en\/shop\/ai-weiwei\/#breadcrumb","itemListElement":[{"@type":"ListItem","position":1,"name":"Strona g\u0142\u00f3wna","item":"https:\/\/foliobooks.pl\/en\/"},{"@type":"ListItem","position":2,"name":"Shop","item":"https:\/\/foliobooks.pl\/en\/shop\/"},{"@type":"ListItem","position":3,"name":"Ai Weiwei"}]},{"@type":"WebSite","@id":"https:\/\/foliobooks.pl\/en\/#website","url":"https:\/\/foliobooks.pl\/en\/","name":"Folio","description":"Ksi\u0119garnia internetowa","potentialAction":[{"@type":"SearchAction","target":{"@type":"EntryPoint","urlTemplate":"https:\/\/foliobooks.pl\/en\/?s={search_term_string}"},"query-input":{"@type":"PropertyValueSpecification","valueRequired":true,"valueName":"search_term_string"}}],"inLanguage":"en-US"}]}},"_links":{"self":[{"href":"https:\/\/foliobooks.pl\/en\/wp-json\/wp\/v2\/product\/14066","targetHints":{"allow":["GET"]}}],"collection":[{"href":"https:\/\/foliobooks.pl\/en\/wp-json\/wp\/v2\/product"}],"about":[{"href":"https:\/\/foliobooks.pl\/en\/wp-json\/wp\/v2\/types\/product"}],"replies":[{"embeddable":true,"href":"https:\/\/foliobooks.pl\/en\/wp-json\/wp\/v2\/comments?post=14066"}],"wp:featuredmedia":[{"embeddable":true,"href":"https:\/\/foliobooks.pl\/en\/wp-json\/wp\/v2\/media\/14057"}],"wp:attachment":[{"href":"https:\/\/foliobooks.pl\/en\/wp-json\/wp\/v2\/media?parent=14066"}],"wp:term":[{"taxonomy":"product_brand","embeddable":true,"href":"https:\/\/foliobooks.pl\/en\/wp-json\/wp\/v2\/product_brand?post=14066"},{"taxonomy":"product_cat","embeddable":true,"href":"https:\/\/foliobooks.pl\/en\/wp-json\/wp\/v2\/product_cat?post=14066"},{"taxonomy":"product_tag","embeddable":true,"href":"https:\/\/foliobooks.pl\/en\/wp-json\/wp\/v2\/product_tag?post=14066"}],"curies":[{"name":"wp","href":"https:\/\/api.w.org\/{rel}","templated":true}]}}