{"id":13815,"date":"2016-04-06T11:26:22","date_gmt":"2016-04-06T09:26:22","guid":{"rendered":"http:\/\/foliobooks.pl\/en\/sklep\/velazquez-complete-works\/"},"modified":"2020-08-05T11:53:04","modified_gmt":"2020-08-05T09:53:04","slug":"velazquez-complete-works","status":"publish","type":"product","link":"https:\/\/foliobooks.pl\/en\/shop\/velazquez-complete-works\/","title":{"rendered":"Vel\u00e1zquez. Complete Works"},"content":{"rendered":"<p>Manet called him \u201cthe greatest painter of all.\u201d Picasso was so inspired by his masterpiece Las Meninas that he painted 44 variations of it. Francis Bacon painted a study of his portrait of Pope Innocent X. Monet and Renoir, Corot and Courbet, Degas and Dal\u00ed\u2026for so many champions of art history, the ultimate soundboard was\u2014and remains\u2014Diego Rodr\u00edguez de Silva y Vel\u00e1zquez (1599-1660).<\/p>\n<p>This updated catalog raisonn\u00e9 brings together Vel\u00e1zquez\u2019s complete works, jaw-droppingly reproduced in extra-large format, with a selection of enlarged details and brand new photography of recently restored paintings, achieved through the joint initiative of TASCHEN and Wildenstein. The book&#8217;s dazzling images are accompanied by insightful commentary from Jos\u00e9 L\u00f3pez-Rey on Vel\u00e1zquez&#8217;s interest in human life and his equal attention to all subjects, from an old woman frying eggs to a pope or king, as well as his commitment to color and light, which would influence the Impressionists over two centuries later.<\/p>\n","protected":false},"excerpt":{"rendered":"<p>Manet called him \u201cthe greatest painter of all.\u201d Picasso was so inspired by his masterpiece Las Meninas that he painted 44 variations of it. Francis Bacon painted a study of his portrait of Pope Innocent X. Monet and Renoir, Corot and Courbet, Degas and Dal\u00ed\u2026for so many champions of art history, the ultimate soundboard was\u2014and&#8230;<\/p>\n","protected":false},"featured_media":13813,"comment_status":"closed","ping_status":"closed","template":"","meta":[],"product_brand":[],"product_cat":[4522],"product_tag":[1146,1681,154,6463,524,1066],"class_list":{"0":"post-13815","1":"product","2":"type-product","3":"status-publish","4":"has-post-thumbnail","6":"product_cat-art-en","7":"product_tag-great-masters-en","8":"product_tag-history","9":"product_tag-monographs","10":"product_tag-old-arts","11":"product_tag-painting-en","12":"product_tag-portraits-en","13":"pa_author_att-jose-lopez-rey","14":"pa_author_att-odile-delenda","15":"pa_cover-hardcover-box","16":"pa_format-29-x-39-cm","17":"pa_isbn-7528","18":"pa_language-eng","19":"pa_pages-416-en-2","20":"pa_publisher-taschen-en-en","22":"first","23":"outofstock","24":"sold-individually","25":"shipping-taxable","26":"purchasable","27":"product-type-simple"},"yoast_head":"<!-- This site is optimized with the Yoast SEO plugin v27.4 - https:\/\/yoast.com\/product\/yoast-seo-wordpress\/ -->\n<title>Vel\u00e1zquez. Complete Works (Jos\u00e9 L\u00f3pez-Rey, Odile Delenda) - book \/ album - Folio<\/title>\n<meta name=\"description\" content=\"Wejd\u017a i kup ksi\u0105\u017ck\u0119 Vel\u00e1zquez. Complete Works autorstwa Jos\u00e9 L\u00f3pez-Rey, Odile Delenda wydan\u0105 przez TASCHEN () w formacie 29 x 39 cm (ISBN: 9783836550161). Zapraszamy!\" \/>\n<meta name=\"robots\" content=\"index, follow, max-snippet:-1, max-image-preview:large, max-video-preview:-1\" \/>\n<link rel=\"canonical\" href=\"https:\/\/foliobooks.pl\/en\/shop\/velazquez-complete-works\/\" \/>\n<meta property=\"og:locale\" content=\"en_US\" \/>\n<meta property=\"og:type\" content=\"article\" \/>\n<meta property=\"og:title\" content=\"Vel\u00e1zquez. Complete Works (Jos\u00e9 L\u00f3pez-Rey, Odile Delenda) - book \/ album - Folio\" \/>\n<meta property=\"og:description\" content=\"Wejd\u017a i kup ksi\u0105\u017ck\u0119 Vel\u00e1zquez. Complete Works autorstwa Jos\u00e9 L\u00f3pez-Rey, Odile Delenda wydan\u0105 przez TASCHEN () w formacie 29 x 39 cm (ISBN: 9783836550161). Zapraszamy!\" \/>\n<meta property=\"og:url\" content=\"https:\/\/foliobooks.pl\/en\/shop\/velazquez-complete-works\/\" \/>\n<meta property=\"og:site_name\" content=\"Folio\" \/>\n<meta property=\"article:modified_time\" content=\"2020-08-05T09:53:04+00:00\" \/>\n<meta property=\"og:image\" content=\"https:\/\/foliobooks.pl\/wp-content\/uploads\/2016\/04\/9783836550161.png\" \/>\n\t<meta property=\"og:image:width\" content=\"570\" \/>\n\t<meta property=\"og:image:height\" content=\"708\" \/>\n\t<meta property=\"og:image:type\" content=\"image\/png\" \/>\n<meta name=\"twitter:card\" content=\"summary_large_image\" \/>\n<meta name=\"twitter:label1\" content=\"Est. reading time\" \/>\n\t<meta name=\"twitter:data1\" content=\"1 minute\" \/>\n<script type=\"application\/ld+json\" class=\"yoast-schema-graph\">{\"@context\":\"https:\\\/\\\/schema.org\",\"@graph\":[{\"@type\":\"WebPage\",\"@id\":\"https:\\\/\\\/foliobooks.pl\\\/en\\\/shop\\\/velazquez-complete-works\\\/\",\"url\":\"https:\\\/\\\/foliobooks.pl\\\/en\\\/shop\\\/velazquez-complete-works\\\/\",\"name\":\"Vel\u00e1zquez. Complete Works (Jos\u00e9 L\u00f3pez-Rey, Odile Delenda) - book \\\/ album - Folio\",\"isPartOf\":{\"@id\":\"https:\\\/\\\/foliobooks.pl\\\/en\\\/#website\"},\"primaryImageOfPage\":{\"@id\":\"https:\\\/\\\/foliobooks.pl\\\/en\\\/shop\\\/velazquez-complete-works\\\/#primaryimage\"},\"image\":{\"@id\":\"https:\\\/\\\/foliobooks.pl\\\/en\\\/shop\\\/velazquez-complete-works\\\/#primaryimage\"},\"thumbnailUrl\":\"https:\\\/\\\/foliobooks.pl\\\/wp-content\\\/uploads\\\/2016\\\/04\\\/9783836550161.png\",\"datePublished\":\"2016-04-06T09:26:22+00:00\",\"dateModified\":\"2020-08-05T09:53:04+00:00\",\"description\":\"Wejd\u017a i kup ksi\u0105\u017ck\u0119 Vel\u00e1zquez. Complete Works autorstwa Jos\u00e9 L\u00f3pez-Rey, Odile Delenda wydan\u0105 przez TASCHEN () w formacie 29 x 39 cm (ISBN: 9783836550161). Zapraszamy!\",\"breadcrumb\":{\"@id\":\"https:\\\/\\\/foliobooks.pl\\\/en\\\/shop\\\/velazquez-complete-works\\\/#breadcrumb\"},\"inLanguage\":\"en-US\",\"potentialAction\":[{\"@type\":\"ReadAction\",\"target\":[\"https:\\\/\\\/foliobooks.pl\\\/en\\\/shop\\\/velazquez-complete-works\\\/\"]}]},{\"@type\":\"ImageObject\",\"inLanguage\":\"en-US\",\"@id\":\"https:\\\/\\\/foliobooks.pl\\\/en\\\/shop\\\/velazquez-complete-works\\\/#primaryimage\",\"url\":\"https:\\\/\\\/foliobooks.pl\\\/wp-content\\\/uploads\\\/2016\\\/04\\\/9783836550161.png\",\"contentUrl\":\"https:\\\/\\\/foliobooks.pl\\\/wp-content\\\/uploads\\\/2016\\\/04\\\/9783836550161.png\",\"width\":570,\"height\":708},{\"@type\":\"BreadcrumbList\",\"@id\":\"https:\\\/\\\/foliobooks.pl\\\/en\\\/shop\\\/velazquez-complete-works\\\/#breadcrumb\",\"itemListElement\":[{\"@type\":\"ListItem\",\"position\":1,\"name\":\"Strona g\u0142\u00f3wna\",\"item\":\"https:\\\/\\\/foliobooks.pl\\\/en\\\/\"},{\"@type\":\"ListItem\",\"position\":2,\"name\":\"Shop\",\"item\":\"https:\\\/\\\/foliobooks.pl\\\/en\\\/shop\\\/\"},{\"@type\":\"ListItem\",\"position\":3,\"name\":\"Vel\u00e1zquez. Complete Works\"}]},{\"@type\":\"WebSite\",\"@id\":\"https:\\\/\\\/foliobooks.pl\\\/en\\\/#website\",\"url\":\"https:\\\/\\\/foliobooks.pl\\\/en\\\/\",\"name\":\"Folio\",\"description\":\"Ksi\u0119garnia internetowa\",\"potentialAction\":[{\"@type\":\"SearchAction\",\"target\":{\"@type\":\"EntryPoint\",\"urlTemplate\":\"https:\\\/\\\/foliobooks.pl\\\/en\\\/?s={search_term_string}\"},\"query-input\":{\"@type\":\"PropertyValueSpecification\",\"valueRequired\":true,\"valueName\":\"search_term_string\"}}],\"inLanguage\":\"en-US\"}]}<\/script>\n<!-- \/ Yoast SEO plugin. -->","yoast_head_json":{"title":"Vel\u00e1zquez. Complete Works (Jos\u00e9 L\u00f3pez-Rey, Odile Delenda) - book \/ album - Folio","description":"Wejd\u017a i kup ksi\u0105\u017ck\u0119 Vel\u00e1zquez. Complete Works autorstwa Jos\u00e9 L\u00f3pez-Rey, Odile Delenda wydan\u0105 przez TASCHEN () w formacie 29 x 39 cm (ISBN: 9783836550161). Zapraszamy!","robots":{"index":"index","follow":"follow","max-snippet":"max-snippet:-1","max-image-preview":"max-image-preview:large","max-video-preview":"max-video-preview:-1"},"canonical":"https:\/\/foliobooks.pl\/en\/shop\/velazquez-complete-works\/","og_locale":"en_US","og_type":"article","og_title":"Vel\u00e1zquez. Complete Works (Jos\u00e9 L\u00f3pez-Rey, Odile Delenda) - book \/ album - Folio","og_description":"Wejd\u017a i kup ksi\u0105\u017ck\u0119 Vel\u00e1zquez. Complete Works autorstwa Jos\u00e9 L\u00f3pez-Rey, Odile Delenda wydan\u0105 przez TASCHEN () w formacie 29 x 39 cm (ISBN: 9783836550161). Zapraszamy!","og_url":"https:\/\/foliobooks.pl\/en\/shop\/velazquez-complete-works\/","og_site_name":"Folio","article_modified_time":"2020-08-05T09:53:04+00:00","og_image":[{"width":570,"height":708,"url":"https:\/\/foliobooks.pl\/wp-content\/uploads\/2016\/04\/9783836550161.png","type":"image\/png"}],"twitter_card":"summary_large_image","twitter_misc":{"Est. reading time":"1 minute"},"schema":{"@context":"https:\/\/schema.org","@graph":[{"@type":"WebPage","@id":"https:\/\/foliobooks.pl\/en\/shop\/velazquez-complete-works\/","url":"https:\/\/foliobooks.pl\/en\/shop\/velazquez-complete-works\/","name":"Vel\u00e1zquez. Complete Works (Jos\u00e9 L\u00f3pez-Rey, Odile Delenda) - book \/ album - Folio","isPartOf":{"@id":"https:\/\/foliobooks.pl\/en\/#website"},"primaryImageOfPage":{"@id":"https:\/\/foliobooks.pl\/en\/shop\/velazquez-complete-works\/#primaryimage"},"image":{"@id":"https:\/\/foliobooks.pl\/en\/shop\/velazquez-complete-works\/#primaryimage"},"thumbnailUrl":"https:\/\/foliobooks.pl\/wp-content\/uploads\/2016\/04\/9783836550161.png","datePublished":"2016-04-06T09:26:22+00:00","dateModified":"2020-08-05T09:53:04+00:00","description":"Wejd\u017a i kup ksi\u0105\u017ck\u0119 Vel\u00e1zquez. Complete Works autorstwa Jos\u00e9 L\u00f3pez-Rey, Odile Delenda wydan\u0105 przez TASCHEN () w formacie 29 x 39 cm (ISBN: 9783836550161). Zapraszamy!","breadcrumb":{"@id":"https:\/\/foliobooks.pl\/en\/shop\/velazquez-complete-works\/#breadcrumb"},"inLanguage":"en-US","potentialAction":[{"@type":"ReadAction","target":["https:\/\/foliobooks.pl\/en\/shop\/velazquez-complete-works\/"]}]},{"@type":"ImageObject","inLanguage":"en-US","@id":"https:\/\/foliobooks.pl\/en\/shop\/velazquez-complete-works\/#primaryimage","url":"https:\/\/foliobooks.pl\/wp-content\/uploads\/2016\/04\/9783836550161.png","contentUrl":"https:\/\/foliobooks.pl\/wp-content\/uploads\/2016\/04\/9783836550161.png","width":570,"height":708},{"@type":"BreadcrumbList","@id":"https:\/\/foliobooks.pl\/en\/shop\/velazquez-complete-works\/#breadcrumb","itemListElement":[{"@type":"ListItem","position":1,"name":"Strona g\u0142\u00f3wna","item":"https:\/\/foliobooks.pl\/en\/"},{"@type":"ListItem","position":2,"name":"Shop","item":"https:\/\/foliobooks.pl\/en\/shop\/"},{"@type":"ListItem","position":3,"name":"Vel\u00e1zquez. Complete Works"}]},{"@type":"WebSite","@id":"https:\/\/foliobooks.pl\/en\/#website","url":"https:\/\/foliobooks.pl\/en\/","name":"Folio","description":"Ksi\u0119garnia internetowa","potentialAction":[{"@type":"SearchAction","target":{"@type":"EntryPoint","urlTemplate":"https:\/\/foliobooks.pl\/en\/?s={search_term_string}"},"query-input":{"@type":"PropertyValueSpecification","valueRequired":true,"valueName":"search_term_string"}}],"inLanguage":"en-US"}]}},"_links":{"self":[{"href":"https:\/\/foliobooks.pl\/en\/wp-json\/wp\/v2\/product\/13815","targetHints":{"allow":["GET"]}}],"collection":[{"href":"https:\/\/foliobooks.pl\/en\/wp-json\/wp\/v2\/product"}],"about":[{"href":"https:\/\/foliobooks.pl\/en\/wp-json\/wp\/v2\/types\/product"}],"replies":[{"embeddable":true,"href":"https:\/\/foliobooks.pl\/en\/wp-json\/wp\/v2\/comments?post=13815"}],"wp:featuredmedia":[{"embeddable":true,"href":"https:\/\/foliobooks.pl\/en\/wp-json\/wp\/v2\/media\/13813"}],"wp:attachment":[{"href":"https:\/\/foliobooks.pl\/en\/wp-json\/wp\/v2\/media?parent=13815"}],"wp:term":[{"taxonomy":"product_brand","embeddable":true,"href":"https:\/\/foliobooks.pl\/en\/wp-json\/wp\/v2\/product_brand?post=13815"},{"taxonomy":"product_cat","embeddable":true,"href":"https:\/\/foliobooks.pl\/en\/wp-json\/wp\/v2\/product_cat?post=13815"},{"taxonomy":"product_tag","embeddable":true,"href":"https:\/\/foliobooks.pl\/en\/wp-json\/wp\/v2\/product_tag?post=13815"}],"curies":[{"name":"wp","href":"https:\/\/api.w.org\/{rel}","templated":true}]}}