{"id":13750,"date":"2016-04-03T22:31:29","date_gmt":"2016-04-03T20:31:29","guid":{"rendered":"http:\/\/foliobooks.pl\/en\/sklep\/the-north-american-indian-the-complete-portfolios\/"},"modified":"2025-05-12T14:48:16","modified_gmt":"2025-05-12T12:48:16","slug":"the-north-american-indian-the-complete-portfolios","status":"publish","type":"product","link":"https:\/\/foliobooks.pl\/en\/shop\/the-north-american-indian-the-complete-portfolios\/","title":{"rendered":"The North American Indian. The Complete Portfolios"},"content":{"rendered":"<p>At the turn of the 20th century, the American photographer Edward Sheriff Curtis (1868\u20131952) started on his 30-year project to produce a monumental study of North American Indians. Using an approach that was both artistically and scientifically ambitious, he recorded, in words and pictures, the traces of the traditional Indian way of life that was already beginning to die out.<\/p>\n<p>With tireless personal commitment Curtis visited 80 American Indian tribes from the Mexican border to the Bering Strait, gaining their confidence through his patience and sensitivity. His work was printed in 20 volumes between 1907 and 1930 as The North American Indian, but with only 272 copies, originals became extremely rare.<\/p>\n<p>This book gathers Curtis\u2019 entire American Indian portfolio into one publication, offering renewed access to and appreciation of his extraordinary achievement, which is as much a precious historical document as a triumph of the photographic form.<\/p>\n","protected":false},"excerpt":{"rendered":"<p>At the turn of the 20th century, the American photographer Edward Sheriff Curtis (1868\u20131952) started on his 30-year project to produce a monumental study of North American Indians. Using an approach that was both artistically and scientifically ambitious, he recorded, in words and pictures, the traces of the traditional Indian way of life that was&#8230;<\/p>\n","protected":false},"featured_media":13749,"comment_status":"closed","ping_status":"closed","template":"","meta":[],"product_brand":[],"product_cat":[4517],"product_tag":[1146,1681,1175,514,154,6121,1066,1267,156],"class_list":{"0":"post-13750","1":"product","2":"type-product","3":"status-publish","4":"has-post-thumbnail","6":"product_cat-photography-en","7":"product_tag-great-masters-en","8":"product_tag-history","9":"product_tag-iconic-photographs","10":"product_tag-men-en","11":"product_tag-monographs","12":"product_tag-photography","13":"product_tag-portraits-en","14":"product_tag-reportage","15":"product_tag-travel","16":"pa_author_att-edward-sheriff-curtis-en","17":"pa_cover-hardcover","18":"pa_format-20-x-14-cm-en","19":"pa_isbn-9783836550567-en","20":"pa_language-eng","21":"pa_pages-768-en","22":"pa_published-2015-04-25-en","23":"pa_publisher-taschen-en-en","25":"first","26":"outofstock","27":"sold-individually","28":"shipping-taxable","29":"purchasable","30":"product-type-simple"},"yoast_head":"<!-- This site is optimized with the Yoast SEO plugin v27.4 - https:\/\/yoast.com\/product\/yoast-seo-wordpress\/ -->\n<title>The North American Indian. The Complete Portfolios (Edward Sheriff Curtis) - book \/ album - Folio<\/title>\n<meta name=\"description\" content=\"Wejd\u017a i kup ksi\u0105\u017ck\u0119 The North American Indian. The Complete Portfolios autorstwa Edward Sheriff Curtis wydan\u0105 przez TASCHEN (2015-04-25) w formacie 20 x 14 cm (ISBN: 9783836550567). Zapraszamy!\" \/>\n<meta name=\"robots\" content=\"index, follow, max-snippet:-1, max-image-preview:large, max-video-preview:-1\" \/>\n<link rel=\"canonical\" href=\"https:\/\/foliobooks.pl\/en\/shop\/the-north-american-indian-the-complete-portfolios\/\" \/>\n<meta property=\"og:locale\" content=\"en_US\" \/>\n<meta property=\"og:type\" content=\"article\" \/>\n<meta property=\"og:title\" content=\"The North American Indian. The Complete Portfolios (Edward Sheriff Curtis) - book \/ album - Folio\" \/>\n<meta property=\"og:description\" content=\"Wejd\u017a i kup ksi\u0105\u017ck\u0119 The North American Indian. The Complete Portfolios autorstwa Edward Sheriff Curtis wydan\u0105 przez TASCHEN (2015-04-25) w formacie 20 x 14 cm (ISBN: 9783836550567). Zapraszamy!\" \/>\n<meta property=\"og:url\" content=\"https:\/\/foliobooks.pl\/en\/shop\/the-north-american-indian-the-complete-portfolios\/\" \/>\n<meta property=\"og:site_name\" content=\"Folio\" \/>\n<meta property=\"article:modified_time\" content=\"2025-05-12T12:48:16+00:00\" \/>\n<meta property=\"og:image\" content=\"https:\/\/foliobooks.pl\/wp-content\/uploads\/2016\/04\/9783836550567.png\" \/>\n\t<meta property=\"og:image:width\" content=\"570\" \/>\n\t<meta property=\"og:image:height\" content=\"708\" \/>\n\t<meta property=\"og:image:type\" content=\"image\/png\" \/>\n<meta name=\"twitter:card\" content=\"summary_large_image\" \/>\n<meta name=\"twitter:label1\" content=\"Est. reading time\" \/>\n\t<meta name=\"twitter:data1\" content=\"1 minute\" \/>\n<script type=\"application\/ld+json\" class=\"yoast-schema-graph\">{\"@context\":\"https:\\\/\\\/schema.org\",\"@graph\":[{\"@type\":\"WebPage\",\"@id\":\"https:\\\/\\\/foliobooks.pl\\\/en\\\/shop\\\/the-north-american-indian-the-complete-portfolios\\\/\",\"url\":\"https:\\\/\\\/foliobooks.pl\\\/en\\\/shop\\\/the-north-american-indian-the-complete-portfolios\\\/\",\"name\":\"The North American Indian. The Complete Portfolios (Edward Sheriff Curtis) - book \\\/ album - Folio\",\"isPartOf\":{\"@id\":\"https:\\\/\\\/foliobooks.pl\\\/en\\\/#website\"},\"primaryImageOfPage\":{\"@id\":\"https:\\\/\\\/foliobooks.pl\\\/en\\\/shop\\\/the-north-american-indian-the-complete-portfolios\\\/#primaryimage\"},\"image\":{\"@id\":\"https:\\\/\\\/foliobooks.pl\\\/en\\\/shop\\\/the-north-american-indian-the-complete-portfolios\\\/#primaryimage\"},\"thumbnailUrl\":\"https:\\\/\\\/foliobooks.pl\\\/wp-content\\\/uploads\\\/2016\\\/04\\\/9783836550567.png\",\"datePublished\":\"2016-04-03T20:31:29+00:00\",\"dateModified\":\"2025-05-12T12:48:16+00:00\",\"description\":\"Wejd\u017a i kup ksi\u0105\u017ck\u0119 The North American Indian. The Complete Portfolios autorstwa Edward Sheriff Curtis wydan\u0105 przez TASCHEN (2015-04-25) w formacie 20 x 14 cm (ISBN: 9783836550567). Zapraszamy!\",\"breadcrumb\":{\"@id\":\"https:\\\/\\\/foliobooks.pl\\\/en\\\/shop\\\/the-north-american-indian-the-complete-portfolios\\\/#breadcrumb\"},\"inLanguage\":\"en-US\",\"potentialAction\":[{\"@type\":\"ReadAction\",\"target\":[\"https:\\\/\\\/foliobooks.pl\\\/en\\\/shop\\\/the-north-american-indian-the-complete-portfolios\\\/\"]}]},{\"@type\":\"ImageObject\",\"inLanguage\":\"en-US\",\"@id\":\"https:\\\/\\\/foliobooks.pl\\\/en\\\/shop\\\/the-north-american-indian-the-complete-portfolios\\\/#primaryimage\",\"url\":\"https:\\\/\\\/foliobooks.pl\\\/wp-content\\\/uploads\\\/2016\\\/04\\\/9783836550567.png\",\"contentUrl\":\"https:\\\/\\\/foliobooks.pl\\\/wp-content\\\/uploads\\\/2016\\\/04\\\/9783836550567.png\",\"width\":570,\"height\":708},{\"@type\":\"BreadcrumbList\",\"@id\":\"https:\\\/\\\/foliobooks.pl\\\/en\\\/shop\\\/the-north-american-indian-the-complete-portfolios\\\/#breadcrumb\",\"itemListElement\":[{\"@type\":\"ListItem\",\"position\":1,\"name\":\"Strona g\u0142\u00f3wna\",\"item\":\"https:\\\/\\\/foliobooks.pl\\\/en\\\/\"},{\"@type\":\"ListItem\",\"position\":2,\"name\":\"Shop\",\"item\":\"https:\\\/\\\/foliobooks.pl\\\/en\\\/shop\\\/\"},{\"@type\":\"ListItem\",\"position\":3,\"name\":\"The North American Indian. The Complete Portfolios\"}]},{\"@type\":\"WebSite\",\"@id\":\"https:\\\/\\\/foliobooks.pl\\\/en\\\/#website\",\"url\":\"https:\\\/\\\/foliobooks.pl\\\/en\\\/\",\"name\":\"Folio\",\"description\":\"Ksi\u0119garnia internetowa\",\"potentialAction\":[{\"@type\":\"SearchAction\",\"target\":{\"@type\":\"EntryPoint\",\"urlTemplate\":\"https:\\\/\\\/foliobooks.pl\\\/en\\\/?s={search_term_string}\"},\"query-input\":{\"@type\":\"PropertyValueSpecification\",\"valueRequired\":true,\"valueName\":\"search_term_string\"}}],\"inLanguage\":\"en-US\"}]}<\/script>\n<!-- \/ Yoast SEO plugin. -->","yoast_head_json":{"title":"The North American Indian. The Complete Portfolios (Edward Sheriff Curtis) - book \/ album - Folio","description":"Wejd\u017a i kup ksi\u0105\u017ck\u0119 The North American Indian. The Complete Portfolios autorstwa Edward Sheriff Curtis wydan\u0105 przez TASCHEN (2015-04-25) w formacie 20 x 14 cm (ISBN: 9783836550567). Zapraszamy!","robots":{"index":"index","follow":"follow","max-snippet":"max-snippet:-1","max-image-preview":"max-image-preview:large","max-video-preview":"max-video-preview:-1"},"canonical":"https:\/\/foliobooks.pl\/en\/shop\/the-north-american-indian-the-complete-portfolios\/","og_locale":"en_US","og_type":"article","og_title":"The North American Indian. The Complete Portfolios (Edward Sheriff Curtis) - book \/ album - Folio","og_description":"Wejd\u017a i kup ksi\u0105\u017ck\u0119 The North American Indian. The Complete Portfolios autorstwa Edward Sheriff Curtis wydan\u0105 przez TASCHEN (2015-04-25) w formacie 20 x 14 cm (ISBN: 9783836550567). Zapraszamy!","og_url":"https:\/\/foliobooks.pl\/en\/shop\/the-north-american-indian-the-complete-portfolios\/","og_site_name":"Folio","article_modified_time":"2025-05-12T12:48:16+00:00","og_image":[{"width":570,"height":708,"url":"https:\/\/foliobooks.pl\/wp-content\/uploads\/2016\/04\/9783836550567.png","type":"image\/png"}],"twitter_card":"summary_large_image","twitter_misc":{"Est. reading time":"1 minute"},"schema":{"@context":"https:\/\/schema.org","@graph":[{"@type":"WebPage","@id":"https:\/\/foliobooks.pl\/en\/shop\/the-north-american-indian-the-complete-portfolios\/","url":"https:\/\/foliobooks.pl\/en\/shop\/the-north-american-indian-the-complete-portfolios\/","name":"The North American Indian. The Complete Portfolios (Edward Sheriff Curtis) - book \/ album - Folio","isPartOf":{"@id":"https:\/\/foliobooks.pl\/en\/#website"},"primaryImageOfPage":{"@id":"https:\/\/foliobooks.pl\/en\/shop\/the-north-american-indian-the-complete-portfolios\/#primaryimage"},"image":{"@id":"https:\/\/foliobooks.pl\/en\/shop\/the-north-american-indian-the-complete-portfolios\/#primaryimage"},"thumbnailUrl":"https:\/\/foliobooks.pl\/wp-content\/uploads\/2016\/04\/9783836550567.png","datePublished":"2016-04-03T20:31:29+00:00","dateModified":"2025-05-12T12:48:16+00:00","description":"Wejd\u017a i kup ksi\u0105\u017ck\u0119 The North American Indian. The Complete Portfolios autorstwa Edward Sheriff Curtis wydan\u0105 przez TASCHEN (2015-04-25) w formacie 20 x 14 cm (ISBN: 9783836550567). Zapraszamy!","breadcrumb":{"@id":"https:\/\/foliobooks.pl\/en\/shop\/the-north-american-indian-the-complete-portfolios\/#breadcrumb"},"inLanguage":"en-US","potentialAction":[{"@type":"ReadAction","target":["https:\/\/foliobooks.pl\/en\/shop\/the-north-american-indian-the-complete-portfolios\/"]}]},{"@type":"ImageObject","inLanguage":"en-US","@id":"https:\/\/foliobooks.pl\/en\/shop\/the-north-american-indian-the-complete-portfolios\/#primaryimage","url":"https:\/\/foliobooks.pl\/wp-content\/uploads\/2016\/04\/9783836550567.png","contentUrl":"https:\/\/foliobooks.pl\/wp-content\/uploads\/2016\/04\/9783836550567.png","width":570,"height":708},{"@type":"BreadcrumbList","@id":"https:\/\/foliobooks.pl\/en\/shop\/the-north-american-indian-the-complete-portfolios\/#breadcrumb","itemListElement":[{"@type":"ListItem","position":1,"name":"Strona g\u0142\u00f3wna","item":"https:\/\/foliobooks.pl\/en\/"},{"@type":"ListItem","position":2,"name":"Shop","item":"https:\/\/foliobooks.pl\/en\/shop\/"},{"@type":"ListItem","position":3,"name":"The North American Indian. The Complete Portfolios"}]},{"@type":"WebSite","@id":"https:\/\/foliobooks.pl\/en\/#website","url":"https:\/\/foliobooks.pl\/en\/","name":"Folio","description":"Ksi\u0119garnia internetowa","potentialAction":[{"@type":"SearchAction","target":{"@type":"EntryPoint","urlTemplate":"https:\/\/foliobooks.pl\/en\/?s={search_term_string}"},"query-input":{"@type":"PropertyValueSpecification","valueRequired":true,"valueName":"search_term_string"}}],"inLanguage":"en-US"}]}},"_links":{"self":[{"href":"https:\/\/foliobooks.pl\/en\/wp-json\/wp\/v2\/product\/13750","targetHints":{"allow":["GET"]}}],"collection":[{"href":"https:\/\/foliobooks.pl\/en\/wp-json\/wp\/v2\/product"}],"about":[{"href":"https:\/\/foliobooks.pl\/en\/wp-json\/wp\/v2\/types\/product"}],"replies":[{"embeddable":true,"href":"https:\/\/foliobooks.pl\/en\/wp-json\/wp\/v2\/comments?post=13750"}],"wp:featuredmedia":[{"embeddable":true,"href":"https:\/\/foliobooks.pl\/en\/wp-json\/wp\/v2\/media\/13749"}],"wp:attachment":[{"href":"https:\/\/foliobooks.pl\/en\/wp-json\/wp\/v2\/media?parent=13750"}],"wp:term":[{"taxonomy":"product_brand","embeddable":true,"href":"https:\/\/foliobooks.pl\/en\/wp-json\/wp\/v2\/product_brand?post=13750"},{"taxonomy":"product_cat","embeddable":true,"href":"https:\/\/foliobooks.pl\/en\/wp-json\/wp\/v2\/product_cat?post=13750"},{"taxonomy":"product_tag","embeddable":true,"href":"https:\/\/foliobooks.pl\/en\/wp-json\/wp\/v2\/product_tag?post=13750"}],"curies":[{"name":"wp","href":"https:\/\/api.w.org\/{rel}","templated":true}]}}