{"id":13739,"date":"2016-04-03T22:26:02","date_gmt":"2016-04-03T20:26:02","guid":{"rendered":"http:\/\/foliobooks.pl\/en\/sklep\/sebastiao-salgado-genesis-postcard-set\/"},"modified":"2025-06-16T15:41:48","modified_gmt":"2025-06-16T13:41:48","slug":"sebastiao-salgado-genesis-postcard-set","status":"publish","type":"product","link":"https:\/\/foliobooks.pl\/en\/shop\/sebastiao-salgado-genesis-postcard-set\/","title":{"rendered":"Sebastiao Salgado. Genesis. Postcard Set"},"content":{"rendered":"<p>Postcard Set Set of 25 postcards beautifully packaged in a bespoke cardboard case 350g\/m paper.<\/p>\n","protected":false},"excerpt":{"rendered":"<p>Postcard Set Set of 25 postcards beautifully packaged in a bespoke cardboard case 350g\/m paper.<\/p>\n","protected":false},"featured_media":13736,"comment_status":"closed","ping_status":"closed","template":"","meta":[],"product_brand":[],"product_cat":[4797,12946],"product_tag":[519,1146,1681,1175,154,1991,6121,516,12464,1267,156,1185],"class_list":{"0":"post-13739","1":"product","2":"type-product","3":"status-publish","4":"has-post-thumbnail","6":"product_cat-beautifulthings","7":"product_cat-postcards","8":"product_tag-exhibitions-en","9":"product_tag-great-masters-en","10":"product_tag-history","11":"product_tag-iconic-photographs","12":"product_tag-monographs","13":"product_tag-nature","14":"product_tag-photography","15":"product_tag-places-en","16":"product_tag-postcards-en","17":"product_tag-reportage","18":"product_tag-travel","19":"product_tag-world-en","20":"pa_author_att-sebastiao-salgado-en","21":"pa_cover-box","22":"pa_format-21-x-10-cm-en","23":"pa_isbn-9783836548014-en","24":"pa_language-eng","25":"pa_published-2013-10-09-en","27":"first","28":"instock","29":"sold-individually","30":"shipping-taxable","31":"purchasable","32":"product-type-simple"},"yoast_head":"<!-- This site is optimized with the Yoast SEO plugin v27.4 - https:\/\/yoast.com\/product\/yoast-seo-wordpress\/ -->\n<title>Sebastiao Salgado. Genesis. Postcard Set (Sebastiao Salgado) - book \/ album - Folio<\/title>\n<meta name=\"description\" content=\"Wejd\u017a i kup ksi\u0105\u017ck\u0119 Sebastiao Salgado. Genesis. Postcard Set autorstwa Sebastiao Salgado wydan\u0105 przez (2013-10-09) w formacie 21 x 10 cm (ISBN: 9783836548014). Zapraszamy!\" \/>\n<meta name=\"robots\" content=\"index, follow, max-snippet:-1, max-image-preview:large, max-video-preview:-1\" \/>\n<link rel=\"canonical\" href=\"https:\/\/foliobooks.pl\/en\/shop\/sebastiao-salgado-genesis-postcard-set\/\" \/>\n<meta property=\"og:locale\" content=\"en_US\" \/>\n<meta property=\"og:type\" content=\"article\" \/>\n<meta property=\"og:title\" content=\"Sebastiao Salgado. Genesis. Postcard Set (Sebastiao Salgado) - book \/ album - Folio\" \/>\n<meta property=\"og:description\" content=\"Wejd\u017a i kup ksi\u0105\u017ck\u0119 Sebastiao Salgado. Genesis. Postcard Set autorstwa Sebastiao Salgado wydan\u0105 przez (2013-10-09) w formacie 21 x 10 cm (ISBN: 9783836548014). Zapraszamy!\" \/>\n<meta property=\"og:url\" content=\"https:\/\/foliobooks.pl\/en\/shop\/sebastiao-salgado-genesis-postcard-set\/\" \/>\n<meta property=\"og:site_name\" content=\"Folio\" \/>\n<meta property=\"article:modified_time\" content=\"2025-06-16T13:41:48+00:00\" \/>\n<meta property=\"og:image\" content=\"https:\/\/foliobooks.pl\/wp-content\/uploads\/2016\/04\/9783836548014.png\" \/>\n\t<meta property=\"og:image:width\" content=\"570\" \/>\n\t<meta property=\"og:image:height\" content=\"708\" \/>\n\t<meta property=\"og:image:type\" content=\"image\/png\" \/>\n<meta name=\"twitter:card\" content=\"summary_large_image\" \/>\n<script type=\"application\/ld+json\" class=\"yoast-schema-graph\">{\"@context\":\"https:\\\/\\\/schema.org\",\"@graph\":[{\"@type\":\"WebPage\",\"@id\":\"https:\\\/\\\/foliobooks.pl\\\/en\\\/shop\\\/sebastiao-salgado-genesis-postcard-set\\\/\",\"url\":\"https:\\\/\\\/foliobooks.pl\\\/en\\\/shop\\\/sebastiao-salgado-genesis-postcard-set\\\/\",\"name\":\"Sebastiao Salgado. Genesis. Postcard Set (Sebastiao Salgado) - book \\\/ album - Folio\",\"isPartOf\":{\"@id\":\"https:\\\/\\\/foliobooks.pl\\\/en\\\/#website\"},\"primaryImageOfPage\":{\"@id\":\"https:\\\/\\\/foliobooks.pl\\\/en\\\/shop\\\/sebastiao-salgado-genesis-postcard-set\\\/#primaryimage\"},\"image\":{\"@id\":\"https:\\\/\\\/foliobooks.pl\\\/en\\\/shop\\\/sebastiao-salgado-genesis-postcard-set\\\/#primaryimage\"},\"thumbnailUrl\":\"https:\\\/\\\/foliobooks.pl\\\/wp-content\\\/uploads\\\/2016\\\/04\\\/9783836548014.png\",\"datePublished\":\"2016-04-03T20:26:02+00:00\",\"dateModified\":\"2025-06-16T13:41:48+00:00\",\"description\":\"Wejd\u017a i kup ksi\u0105\u017ck\u0119 Sebastiao Salgado. Genesis. Postcard Set autorstwa Sebastiao Salgado wydan\u0105 przez (2013-10-09) w formacie 21 x 10 cm (ISBN: 9783836548014). Zapraszamy!\",\"breadcrumb\":{\"@id\":\"https:\\\/\\\/foliobooks.pl\\\/en\\\/shop\\\/sebastiao-salgado-genesis-postcard-set\\\/#breadcrumb\"},\"inLanguage\":\"en-US\",\"potentialAction\":[{\"@type\":\"ReadAction\",\"target\":[\"https:\\\/\\\/foliobooks.pl\\\/en\\\/shop\\\/sebastiao-salgado-genesis-postcard-set\\\/\"]}]},{\"@type\":\"ImageObject\",\"inLanguage\":\"en-US\",\"@id\":\"https:\\\/\\\/foliobooks.pl\\\/en\\\/shop\\\/sebastiao-salgado-genesis-postcard-set\\\/#primaryimage\",\"url\":\"https:\\\/\\\/foliobooks.pl\\\/wp-content\\\/uploads\\\/2016\\\/04\\\/9783836548014.png\",\"contentUrl\":\"https:\\\/\\\/foliobooks.pl\\\/wp-content\\\/uploads\\\/2016\\\/04\\\/9783836548014.png\",\"width\":570,\"height\":708},{\"@type\":\"BreadcrumbList\",\"@id\":\"https:\\\/\\\/foliobooks.pl\\\/en\\\/shop\\\/sebastiao-salgado-genesis-postcard-set\\\/#breadcrumb\",\"itemListElement\":[{\"@type\":\"ListItem\",\"position\":1,\"name\":\"Strona g\u0142\u00f3wna\",\"item\":\"https:\\\/\\\/foliobooks.pl\\\/en\\\/\"},{\"@type\":\"ListItem\",\"position\":2,\"name\":\"Shop\",\"item\":\"https:\\\/\\\/foliobooks.pl\\\/en\\\/shop\\\/\"},{\"@type\":\"ListItem\",\"position\":3,\"name\":\"Sebastiao Salgado. Genesis. Postcard Set\"}]},{\"@type\":\"WebSite\",\"@id\":\"https:\\\/\\\/foliobooks.pl\\\/en\\\/#website\",\"url\":\"https:\\\/\\\/foliobooks.pl\\\/en\\\/\",\"name\":\"Folio\",\"description\":\"Ksi\u0119garnia internetowa\",\"potentialAction\":[{\"@type\":\"SearchAction\",\"target\":{\"@type\":\"EntryPoint\",\"urlTemplate\":\"https:\\\/\\\/foliobooks.pl\\\/en\\\/?s={search_term_string}\"},\"query-input\":{\"@type\":\"PropertyValueSpecification\",\"valueRequired\":true,\"valueName\":\"search_term_string\"}}],\"inLanguage\":\"en-US\"}]}<\/script>\n<!-- \/ Yoast SEO plugin. -->","yoast_head_json":{"title":"Sebastiao Salgado. Genesis. Postcard Set (Sebastiao Salgado) - book \/ album - Folio","description":"Wejd\u017a i kup ksi\u0105\u017ck\u0119 Sebastiao Salgado. Genesis. Postcard Set autorstwa Sebastiao Salgado wydan\u0105 przez (2013-10-09) w formacie 21 x 10 cm (ISBN: 9783836548014). Zapraszamy!","robots":{"index":"index","follow":"follow","max-snippet":"max-snippet:-1","max-image-preview":"max-image-preview:large","max-video-preview":"max-video-preview:-1"},"canonical":"https:\/\/foliobooks.pl\/en\/shop\/sebastiao-salgado-genesis-postcard-set\/","og_locale":"en_US","og_type":"article","og_title":"Sebastiao Salgado. Genesis. Postcard Set (Sebastiao Salgado) - book \/ album - Folio","og_description":"Wejd\u017a i kup ksi\u0105\u017ck\u0119 Sebastiao Salgado. Genesis. Postcard Set autorstwa Sebastiao Salgado wydan\u0105 przez (2013-10-09) w formacie 21 x 10 cm (ISBN: 9783836548014). Zapraszamy!","og_url":"https:\/\/foliobooks.pl\/en\/shop\/sebastiao-salgado-genesis-postcard-set\/","og_site_name":"Folio","article_modified_time":"2025-06-16T13:41:48+00:00","og_image":[{"width":570,"height":708,"url":"https:\/\/foliobooks.pl\/wp-content\/uploads\/2016\/04\/9783836548014.png","type":"image\/png"}],"twitter_card":"summary_large_image","schema":{"@context":"https:\/\/schema.org","@graph":[{"@type":"WebPage","@id":"https:\/\/foliobooks.pl\/en\/shop\/sebastiao-salgado-genesis-postcard-set\/","url":"https:\/\/foliobooks.pl\/en\/shop\/sebastiao-salgado-genesis-postcard-set\/","name":"Sebastiao Salgado. Genesis. Postcard Set (Sebastiao Salgado) - book \/ album - Folio","isPartOf":{"@id":"https:\/\/foliobooks.pl\/en\/#website"},"primaryImageOfPage":{"@id":"https:\/\/foliobooks.pl\/en\/shop\/sebastiao-salgado-genesis-postcard-set\/#primaryimage"},"image":{"@id":"https:\/\/foliobooks.pl\/en\/shop\/sebastiao-salgado-genesis-postcard-set\/#primaryimage"},"thumbnailUrl":"https:\/\/foliobooks.pl\/wp-content\/uploads\/2016\/04\/9783836548014.png","datePublished":"2016-04-03T20:26:02+00:00","dateModified":"2025-06-16T13:41:48+00:00","description":"Wejd\u017a i kup ksi\u0105\u017ck\u0119 Sebastiao Salgado. Genesis. Postcard Set autorstwa Sebastiao Salgado wydan\u0105 przez (2013-10-09) w formacie 21 x 10 cm (ISBN: 9783836548014). Zapraszamy!","breadcrumb":{"@id":"https:\/\/foliobooks.pl\/en\/shop\/sebastiao-salgado-genesis-postcard-set\/#breadcrumb"},"inLanguage":"en-US","potentialAction":[{"@type":"ReadAction","target":["https:\/\/foliobooks.pl\/en\/shop\/sebastiao-salgado-genesis-postcard-set\/"]}]},{"@type":"ImageObject","inLanguage":"en-US","@id":"https:\/\/foliobooks.pl\/en\/shop\/sebastiao-salgado-genesis-postcard-set\/#primaryimage","url":"https:\/\/foliobooks.pl\/wp-content\/uploads\/2016\/04\/9783836548014.png","contentUrl":"https:\/\/foliobooks.pl\/wp-content\/uploads\/2016\/04\/9783836548014.png","width":570,"height":708},{"@type":"BreadcrumbList","@id":"https:\/\/foliobooks.pl\/en\/shop\/sebastiao-salgado-genesis-postcard-set\/#breadcrumb","itemListElement":[{"@type":"ListItem","position":1,"name":"Strona g\u0142\u00f3wna","item":"https:\/\/foliobooks.pl\/en\/"},{"@type":"ListItem","position":2,"name":"Shop","item":"https:\/\/foliobooks.pl\/en\/shop\/"},{"@type":"ListItem","position":3,"name":"Sebastiao Salgado. Genesis. Postcard Set"}]},{"@type":"WebSite","@id":"https:\/\/foliobooks.pl\/en\/#website","url":"https:\/\/foliobooks.pl\/en\/","name":"Folio","description":"Ksi\u0119garnia internetowa","potentialAction":[{"@type":"SearchAction","target":{"@type":"EntryPoint","urlTemplate":"https:\/\/foliobooks.pl\/en\/?s={search_term_string}"},"query-input":{"@type":"PropertyValueSpecification","valueRequired":true,"valueName":"search_term_string"}}],"inLanguage":"en-US"}]}},"_links":{"self":[{"href":"https:\/\/foliobooks.pl\/en\/wp-json\/wp\/v2\/product\/13739","targetHints":{"allow":["GET"]}}],"collection":[{"href":"https:\/\/foliobooks.pl\/en\/wp-json\/wp\/v2\/product"}],"about":[{"href":"https:\/\/foliobooks.pl\/en\/wp-json\/wp\/v2\/types\/product"}],"replies":[{"embeddable":true,"href":"https:\/\/foliobooks.pl\/en\/wp-json\/wp\/v2\/comments?post=13739"}],"wp:featuredmedia":[{"embeddable":true,"href":"https:\/\/foliobooks.pl\/en\/wp-json\/wp\/v2\/media\/13736"}],"wp:attachment":[{"href":"https:\/\/foliobooks.pl\/en\/wp-json\/wp\/v2\/media?parent=13739"}],"wp:term":[{"taxonomy":"product_brand","embeddable":true,"href":"https:\/\/foliobooks.pl\/en\/wp-json\/wp\/v2\/product_brand?post=13739"},{"taxonomy":"product_cat","embeddable":true,"href":"https:\/\/foliobooks.pl\/en\/wp-json\/wp\/v2\/product_cat?post=13739"},{"taxonomy":"product_tag","embeddable":true,"href":"https:\/\/foliobooks.pl\/en\/wp-json\/wp\/v2\/product_tag?post=13739"}],"curies":[{"name":"wp","href":"https:\/\/api.w.org\/{rel}","templated":true}]}}