{"id":13671,"date":"2016-04-03T21:11:14","date_gmt":"2016-04-03T19:11:14","guid":{"rendered":"http:\/\/foliobooks.pl\/en\/sklep\/the-book-of-bibles\/"},"modified":"2022-09-20T15:54:11","modified_gmt":"2022-09-20T13:54:11","slug":"the-book-of-bibles","status":"publish","type":"product","link":"https:\/\/foliobooks.pl\/en\/shop\/the-book-of-bibles\/","title":{"rendered":"The Book of Bibles"},"content":{"rendered":"<p>In the beginning was the word, and in the Middle Ages were kings, princes, and high-ranking religious members whose wealth and influence produced illustrated bibles of extraordinary craftsmanship.<\/p>\n<p>This <em>Bibliotheca Universalis<\/em> edition brings together 50 of the finest medieval bible manuscripts from the Austrian National Library. With examples from every epoch of the Middle Ages, the collection explores visualizations of the bible in various theological and historical contexts. In impeccable reproduction quality, these stunning images may be appreciated as much as art historical treasures as they are important religious artifacts.<\/p>\n<p>Texts by Andreas Fingernagel, Stephan F\u00fcssel, Christian Gastgeber, and a team of 15 scientific authors describe each manuscript in detail, exploring both the evolution of the Bible and the medieval understanding of history. A glossary of important terms is also included so that those not versed in bible history can enjoy the texts as well.<\/p>\n","protected":false},"excerpt":{"rendered":"<p>In the beginning was the word, and in the Middle Ages were kings, princes, and high-ranking religious members whose wealth and influence produced illustrated bibles of extraordinary craftsmanship. This Bibliotheca Universalis edition brings together 50 of the finest medieval bible manuscripts from the Austrian National Library. With examples from every epoch of the Middle Ages,&#8230;<\/p>\n","protected":false},"featured_media":13670,"comment_status":"closed","ping_status":"closed","template":"","meta":[],"product_brand":[],"product_cat":[4522,4521],"product_tag":[1548,1146,1681,524,7468],"class_list":{"0":"post-13671","1":"product","2":"type-product","3":"status-publish","4":"has-post-thumbnail","6":"product_cat-art-en","7":"product_cat-silva-rerum-en-en","8":"product_tag-craft","9":"product_tag-great-masters-en","10":"product_tag-history","11":"product_tag-painting-en","12":"product_tag-religion-en","13":"pa_author_att-andreas-fingernagel-en","14":"pa_author_att-christian-gastgeber-en","15":"pa_author_att-stephan-fussel-en","16":"pa_cover-hardcover","17":"pa_format-20-x-14-cm-en","18":"pa_isbn-9783836559133-en","19":"pa_language-eng","20":"pa_pages-464-en","21":"pa_published-2016-02-25-en","22":"pa_publisher-taschen-en-en","24":"first","25":"outofstock","26":"sold-individually","27":"shipping-taxable","28":"purchasable","29":"product-type-simple"},"yoast_head":"<!-- This site is optimized with the Yoast SEO plugin v27.4 - https:\/\/yoast.com\/product\/yoast-seo-wordpress\/ -->\n<title>The Book of Bibles (Andreas Fingernagel, Christian Gastgeber, Stephan F\u00fcssel) - book \/ album - Folio<\/title>\n<meta name=\"description\" content=\"Wejd\u017a i kup ksi\u0105\u017ck\u0119 The Book of Bibles autorstwa Andreas Fingernagel, Christian Gastgeber, Stephan F\u00fcssel wydan\u0105 przez TASCHEN (2016-02-25) w formacie 20 x 14 cm (ISBN: 9783836559133). Zapraszamy!\" \/>\n<meta name=\"robots\" content=\"index, follow, max-snippet:-1, max-image-preview:large, max-video-preview:-1\" \/>\n<link rel=\"canonical\" href=\"https:\/\/foliobooks.pl\/en\/shop\/the-book-of-bibles\/\" \/>\n<meta property=\"og:locale\" content=\"en_US\" \/>\n<meta property=\"og:type\" content=\"article\" \/>\n<meta property=\"og:title\" content=\"The Book of Bibles (Andreas Fingernagel, Christian Gastgeber, Stephan F\u00fcssel) - book \/ album - Folio\" \/>\n<meta property=\"og:description\" content=\"Wejd\u017a i kup ksi\u0105\u017ck\u0119 The Book of Bibles autorstwa Andreas Fingernagel, Christian Gastgeber, Stephan F\u00fcssel wydan\u0105 przez TASCHEN (2016-02-25) w formacie 20 x 14 cm (ISBN: 9783836559133). Zapraszamy!\" \/>\n<meta property=\"og:url\" content=\"https:\/\/foliobooks.pl\/en\/shop\/the-book-of-bibles\/\" \/>\n<meta property=\"og:site_name\" content=\"Folio\" \/>\n<meta property=\"article:modified_time\" content=\"2022-09-20T13:54:11+00:00\" \/>\n<meta property=\"og:image\" content=\"https:\/\/foliobooks.pl\/wp-content\/uploads\/2016\/04\/9783836559133.png\" \/>\n\t<meta property=\"og:image:width\" content=\"570\" \/>\n\t<meta property=\"og:image:height\" content=\"708\" \/>\n\t<meta property=\"og:image:type\" content=\"image\/png\" \/>\n<meta name=\"twitter:card\" content=\"summary_large_image\" \/>\n<meta name=\"twitter:label1\" content=\"Est. reading time\" \/>\n\t<meta name=\"twitter:data1\" content=\"1 minute\" \/>\n<script type=\"application\/ld+json\" class=\"yoast-schema-graph\">{\"@context\":\"https:\\\/\\\/schema.org\",\"@graph\":[{\"@type\":\"WebPage\",\"@id\":\"https:\\\/\\\/foliobooks.pl\\\/en\\\/shop\\\/the-book-of-bibles\\\/\",\"url\":\"https:\\\/\\\/foliobooks.pl\\\/en\\\/shop\\\/the-book-of-bibles\\\/\",\"name\":\"The Book of Bibles (Andreas Fingernagel, Christian Gastgeber, Stephan F\u00fcssel) - book \\\/ album - Folio\",\"isPartOf\":{\"@id\":\"https:\\\/\\\/foliobooks.pl\\\/en\\\/#website\"},\"primaryImageOfPage\":{\"@id\":\"https:\\\/\\\/foliobooks.pl\\\/en\\\/shop\\\/the-book-of-bibles\\\/#primaryimage\"},\"image\":{\"@id\":\"https:\\\/\\\/foliobooks.pl\\\/en\\\/shop\\\/the-book-of-bibles\\\/#primaryimage\"},\"thumbnailUrl\":\"https:\\\/\\\/foliobooks.pl\\\/wp-content\\\/uploads\\\/2016\\\/04\\\/9783836559133.png\",\"datePublished\":\"2016-04-03T19:11:14+00:00\",\"dateModified\":\"2022-09-20T13:54:11+00:00\",\"description\":\"Wejd\u017a i kup ksi\u0105\u017ck\u0119 The Book of Bibles autorstwa Andreas Fingernagel, Christian Gastgeber, Stephan F\u00fcssel wydan\u0105 przez TASCHEN (2016-02-25) w formacie 20 x 14 cm (ISBN: 9783836559133). Zapraszamy!\",\"breadcrumb\":{\"@id\":\"https:\\\/\\\/foliobooks.pl\\\/en\\\/shop\\\/the-book-of-bibles\\\/#breadcrumb\"},\"inLanguage\":\"en-US\",\"potentialAction\":[{\"@type\":\"ReadAction\",\"target\":[\"https:\\\/\\\/foliobooks.pl\\\/en\\\/shop\\\/the-book-of-bibles\\\/\"]}]},{\"@type\":\"ImageObject\",\"inLanguage\":\"en-US\",\"@id\":\"https:\\\/\\\/foliobooks.pl\\\/en\\\/shop\\\/the-book-of-bibles\\\/#primaryimage\",\"url\":\"https:\\\/\\\/foliobooks.pl\\\/wp-content\\\/uploads\\\/2016\\\/04\\\/9783836559133.png\",\"contentUrl\":\"https:\\\/\\\/foliobooks.pl\\\/wp-content\\\/uploads\\\/2016\\\/04\\\/9783836559133.png\",\"width\":570,\"height\":708},{\"@type\":\"BreadcrumbList\",\"@id\":\"https:\\\/\\\/foliobooks.pl\\\/en\\\/shop\\\/the-book-of-bibles\\\/#breadcrumb\",\"itemListElement\":[{\"@type\":\"ListItem\",\"position\":1,\"name\":\"Strona g\u0142\u00f3wna\",\"item\":\"https:\\\/\\\/foliobooks.pl\\\/en\\\/\"},{\"@type\":\"ListItem\",\"position\":2,\"name\":\"Shop\",\"item\":\"https:\\\/\\\/foliobooks.pl\\\/en\\\/shop\\\/\"},{\"@type\":\"ListItem\",\"position\":3,\"name\":\"The Book of Bibles\"}]},{\"@type\":\"WebSite\",\"@id\":\"https:\\\/\\\/foliobooks.pl\\\/en\\\/#website\",\"url\":\"https:\\\/\\\/foliobooks.pl\\\/en\\\/\",\"name\":\"Folio\",\"description\":\"Ksi\u0119garnia internetowa\",\"potentialAction\":[{\"@type\":\"SearchAction\",\"target\":{\"@type\":\"EntryPoint\",\"urlTemplate\":\"https:\\\/\\\/foliobooks.pl\\\/en\\\/?s={search_term_string}\"},\"query-input\":{\"@type\":\"PropertyValueSpecification\",\"valueRequired\":true,\"valueName\":\"search_term_string\"}}],\"inLanguage\":\"en-US\"}]}<\/script>\n<!-- \/ Yoast SEO plugin. -->","yoast_head_json":{"title":"The Book of Bibles (Andreas Fingernagel, Christian Gastgeber, Stephan F\u00fcssel) - book \/ album - Folio","description":"Wejd\u017a i kup ksi\u0105\u017ck\u0119 The Book of Bibles autorstwa Andreas Fingernagel, Christian Gastgeber, Stephan F\u00fcssel wydan\u0105 przez TASCHEN (2016-02-25) w formacie 20 x 14 cm (ISBN: 9783836559133). Zapraszamy!","robots":{"index":"index","follow":"follow","max-snippet":"max-snippet:-1","max-image-preview":"max-image-preview:large","max-video-preview":"max-video-preview:-1"},"canonical":"https:\/\/foliobooks.pl\/en\/shop\/the-book-of-bibles\/","og_locale":"en_US","og_type":"article","og_title":"The Book of Bibles (Andreas Fingernagel, Christian Gastgeber, Stephan F\u00fcssel) - book \/ album - Folio","og_description":"Wejd\u017a i kup ksi\u0105\u017ck\u0119 The Book of Bibles autorstwa Andreas Fingernagel, Christian Gastgeber, Stephan F\u00fcssel wydan\u0105 przez TASCHEN (2016-02-25) w formacie 20 x 14 cm (ISBN: 9783836559133). Zapraszamy!","og_url":"https:\/\/foliobooks.pl\/en\/shop\/the-book-of-bibles\/","og_site_name":"Folio","article_modified_time":"2022-09-20T13:54:11+00:00","og_image":[{"width":570,"height":708,"url":"https:\/\/foliobooks.pl\/wp-content\/uploads\/2016\/04\/9783836559133.png","type":"image\/png"}],"twitter_card":"summary_large_image","twitter_misc":{"Est. reading time":"1 minute"},"schema":{"@context":"https:\/\/schema.org","@graph":[{"@type":"WebPage","@id":"https:\/\/foliobooks.pl\/en\/shop\/the-book-of-bibles\/","url":"https:\/\/foliobooks.pl\/en\/shop\/the-book-of-bibles\/","name":"The Book of Bibles (Andreas Fingernagel, Christian Gastgeber, Stephan F\u00fcssel) - book \/ album - Folio","isPartOf":{"@id":"https:\/\/foliobooks.pl\/en\/#website"},"primaryImageOfPage":{"@id":"https:\/\/foliobooks.pl\/en\/shop\/the-book-of-bibles\/#primaryimage"},"image":{"@id":"https:\/\/foliobooks.pl\/en\/shop\/the-book-of-bibles\/#primaryimage"},"thumbnailUrl":"https:\/\/foliobooks.pl\/wp-content\/uploads\/2016\/04\/9783836559133.png","datePublished":"2016-04-03T19:11:14+00:00","dateModified":"2022-09-20T13:54:11+00:00","description":"Wejd\u017a i kup ksi\u0105\u017ck\u0119 The Book of Bibles autorstwa Andreas Fingernagel, Christian Gastgeber, Stephan F\u00fcssel wydan\u0105 przez TASCHEN (2016-02-25) w formacie 20 x 14 cm (ISBN: 9783836559133). Zapraszamy!","breadcrumb":{"@id":"https:\/\/foliobooks.pl\/en\/shop\/the-book-of-bibles\/#breadcrumb"},"inLanguage":"en-US","potentialAction":[{"@type":"ReadAction","target":["https:\/\/foliobooks.pl\/en\/shop\/the-book-of-bibles\/"]}]},{"@type":"ImageObject","inLanguage":"en-US","@id":"https:\/\/foliobooks.pl\/en\/shop\/the-book-of-bibles\/#primaryimage","url":"https:\/\/foliobooks.pl\/wp-content\/uploads\/2016\/04\/9783836559133.png","contentUrl":"https:\/\/foliobooks.pl\/wp-content\/uploads\/2016\/04\/9783836559133.png","width":570,"height":708},{"@type":"BreadcrumbList","@id":"https:\/\/foliobooks.pl\/en\/shop\/the-book-of-bibles\/#breadcrumb","itemListElement":[{"@type":"ListItem","position":1,"name":"Strona g\u0142\u00f3wna","item":"https:\/\/foliobooks.pl\/en\/"},{"@type":"ListItem","position":2,"name":"Shop","item":"https:\/\/foliobooks.pl\/en\/shop\/"},{"@type":"ListItem","position":3,"name":"The Book of Bibles"}]},{"@type":"WebSite","@id":"https:\/\/foliobooks.pl\/en\/#website","url":"https:\/\/foliobooks.pl\/en\/","name":"Folio","description":"Ksi\u0119garnia internetowa","potentialAction":[{"@type":"SearchAction","target":{"@type":"EntryPoint","urlTemplate":"https:\/\/foliobooks.pl\/en\/?s={search_term_string}"},"query-input":{"@type":"PropertyValueSpecification","valueRequired":true,"valueName":"search_term_string"}}],"inLanguage":"en-US"}]}},"_links":{"self":[{"href":"https:\/\/foliobooks.pl\/en\/wp-json\/wp\/v2\/product\/13671","targetHints":{"allow":["GET"]}}],"collection":[{"href":"https:\/\/foliobooks.pl\/en\/wp-json\/wp\/v2\/product"}],"about":[{"href":"https:\/\/foliobooks.pl\/en\/wp-json\/wp\/v2\/types\/product"}],"replies":[{"embeddable":true,"href":"https:\/\/foliobooks.pl\/en\/wp-json\/wp\/v2\/comments?post=13671"}],"wp:featuredmedia":[{"embeddable":true,"href":"https:\/\/foliobooks.pl\/en\/wp-json\/wp\/v2\/media\/13670"}],"wp:attachment":[{"href":"https:\/\/foliobooks.pl\/en\/wp-json\/wp\/v2\/media?parent=13671"}],"wp:term":[{"taxonomy":"product_brand","embeddable":true,"href":"https:\/\/foliobooks.pl\/en\/wp-json\/wp\/v2\/product_brand?post=13671"},{"taxonomy":"product_cat","embeddable":true,"href":"https:\/\/foliobooks.pl\/en\/wp-json\/wp\/v2\/product_cat?post=13671"},{"taxonomy":"product_tag","embeddable":true,"href":"https:\/\/foliobooks.pl\/en\/wp-json\/wp\/v2\/product_tag?post=13671"}],"curies":[{"name":"wp","href":"https:\/\/api.w.org\/{rel}","templated":true}]}}