{"id":12955,"date":"2016-01-29T17:42:40","date_gmt":"2016-01-29T16:42:40","guid":{"rendered":"http:\/\/foliobooks.pl\/en\/sklep\/hemsley-hemsley-good-simple\/"},"modified":"2020-11-25T15:19:23","modified_gmt":"2020-11-25T14:19:23","slug":"hemsley-hemsley-good-simple","status":"publish","type":"product","link":"https:\/\/foliobooks.pl\/en\/shop\/hemsley-hemsley-good-simple\/","title":{"rendered":"Hemsley Hemsley. Good + Simple"},"content":{"rendered":"<p><i>Good + Simple<\/i> celebrates the pleasure of delicious food that is simple to make, a joy to share and just so happens to be good for you. Jasmine and Melissa Hemsley\u2019s principles of healthy home cooking built around gut health, whole foods and affordable ingredients show how tasty and achievable eating well can be.<\/p>\n<p>The sisters have created 140 nutritious and exciting recipes \u2013 reworked classics, prepare ahead dishes, fast suppers with leftovers for packed lunches, energising breakfasts and snacks, satisfying breads, desserts and bakes. Infused with Jasmine and Melissa\u2019s love of cooking and eating, <i>Good + Simple<\/i> includes plenty of practical tips and down-to-earth advice to help you gain confidence in the kitchen, plan for the coming week and cook for<br \/>\nyou and your family with ease. Enjoy real food. Look and feel amazing every day.<\/p>\n","protected":false},"excerpt":{"rendered":"<p>Good + Simple celebrates the pleasure of delicious food that is simple to make, a joy to share and just so happens to be good for you. Jasmine and Melissa Hemsley\u2019s principles of healthy home cooking built around gut health, whole foods and affordable ingredients show how tasty and achievable eating well can be. The&#8230;<\/p>\n","protected":false},"featured_media":12954,"comment_status":"closed","ping_status":"closed","template":"","meta":[],"product_brand":[],"product_cat":[4518],"product_tag":[1010,154,1008,151],"class_list":{"0":"post-12955","1":"product","2":"type-product","3":"status-publish","4":"has-post-thumbnail","6":"product_cat-cookery-en","7":"product_tag-food-en","8":"product_tag-monographs","9":"product_tag-recipes-en","10":"product_tag-women","11":"pa_author_att-jasmine-hemsley-en","12":"pa_author_att-melissa-hemsley-en","13":"pa_cover-hardcover","14":"pa_format-25-x-19-cm-en","15":"pa_isbn-9781785031601-en","16":"pa_language-eng","17":"pa_pages-352-en","18":"pa_published-2016-02-25-en","19":"pa_publisher-ebury-publishing-en","21":"first","22":"instock","23":"sale","24":"sold-individually","25":"shipping-taxable","26":"purchasable","27":"product-type-simple"},"yoast_head":"<!-- This site is optimized with the Yoast SEO plugin v27.4 - https:\/\/yoast.com\/product\/yoast-seo-wordpress\/ -->\n<title>Hemsley Hemsley. Good + Simple (Jasmine Hemsley, Melissa Hemsley) - book \/ album - Folio<\/title>\n<meta name=\"description\" content=\"Wejd\u017a i kup ksi\u0105\u017ck\u0119 Hemsley Hemsley. Good + Simple autorstwa Jasmine Hemsley, Melissa Hemsley wydan\u0105 przez Ebury Publishing (2016-02-25) w formacie 25 x 19 cm (ISBN: 9781785031601). Zapraszamy!\" \/>\n<meta name=\"robots\" content=\"index, follow, max-snippet:-1, max-image-preview:large, max-video-preview:-1\" \/>\n<link rel=\"canonical\" href=\"https:\/\/foliobooks.pl\/en\/shop\/hemsley-hemsley-good-simple\/\" \/>\n<meta property=\"og:locale\" content=\"en_US\" \/>\n<meta property=\"og:type\" content=\"article\" \/>\n<meta property=\"og:title\" content=\"Hemsley Hemsley. Good + Simple (Jasmine Hemsley, Melissa Hemsley) - book \/ album - Folio\" \/>\n<meta property=\"og:description\" content=\"Wejd\u017a i kup ksi\u0105\u017ck\u0119 Hemsley Hemsley. Good + Simple autorstwa Jasmine Hemsley, Melissa Hemsley wydan\u0105 przez Ebury Publishing (2016-02-25) w formacie 25 x 19 cm (ISBN: 9781785031601). Zapraszamy!\" \/>\n<meta property=\"og:url\" content=\"https:\/\/foliobooks.pl\/en\/shop\/hemsley-hemsley-good-simple\/\" \/>\n<meta property=\"og:site_name\" content=\"Folio\" \/>\n<meta property=\"article:modified_time\" content=\"2020-11-25T14:19:23+00:00\" \/>\n<meta property=\"og:image\" content=\"https:\/\/foliobooks.pl\/wp-content\/uploads\/2016\/01\/9781785031601.png\" \/>\n\t<meta property=\"og:image:width\" content=\"570\" \/>\n\t<meta property=\"og:image:height\" content=\"708\" \/>\n\t<meta property=\"og:image:type\" content=\"image\/png\" \/>\n<meta name=\"twitter:card\" content=\"summary_large_image\" \/>\n<meta name=\"twitter:label1\" content=\"Est. reading time\" \/>\n\t<meta name=\"twitter:data1\" content=\"1 minute\" \/>\n<script type=\"application\/ld+json\" class=\"yoast-schema-graph\">{\"@context\":\"https:\\\/\\\/schema.org\",\"@graph\":[{\"@type\":\"WebPage\",\"@id\":\"https:\\\/\\\/foliobooks.pl\\\/en\\\/shop\\\/hemsley-hemsley-good-simple\\\/\",\"url\":\"https:\\\/\\\/foliobooks.pl\\\/en\\\/shop\\\/hemsley-hemsley-good-simple\\\/\",\"name\":\"Hemsley Hemsley. Good + Simple (Jasmine Hemsley, Melissa Hemsley) - book \\\/ album - Folio\",\"isPartOf\":{\"@id\":\"https:\\\/\\\/foliobooks.pl\\\/en\\\/#website\"},\"primaryImageOfPage\":{\"@id\":\"https:\\\/\\\/foliobooks.pl\\\/en\\\/shop\\\/hemsley-hemsley-good-simple\\\/#primaryimage\"},\"image\":{\"@id\":\"https:\\\/\\\/foliobooks.pl\\\/en\\\/shop\\\/hemsley-hemsley-good-simple\\\/#primaryimage\"},\"thumbnailUrl\":\"https:\\\/\\\/foliobooks.pl\\\/wp-content\\\/uploads\\\/2016\\\/01\\\/9781785031601.png\",\"datePublished\":\"2016-01-29T16:42:40+00:00\",\"dateModified\":\"2020-11-25T14:19:23+00:00\",\"description\":\"Wejd\u017a i kup ksi\u0105\u017ck\u0119 Hemsley Hemsley. Good + Simple autorstwa Jasmine Hemsley, Melissa Hemsley wydan\u0105 przez Ebury Publishing (2016-02-25) w formacie 25 x 19 cm (ISBN: 9781785031601). Zapraszamy!\",\"breadcrumb\":{\"@id\":\"https:\\\/\\\/foliobooks.pl\\\/en\\\/shop\\\/hemsley-hemsley-good-simple\\\/#breadcrumb\"},\"inLanguage\":\"en-US\",\"potentialAction\":[{\"@type\":\"ReadAction\",\"target\":[\"https:\\\/\\\/foliobooks.pl\\\/en\\\/shop\\\/hemsley-hemsley-good-simple\\\/\"]}]},{\"@type\":\"ImageObject\",\"inLanguage\":\"en-US\",\"@id\":\"https:\\\/\\\/foliobooks.pl\\\/en\\\/shop\\\/hemsley-hemsley-good-simple\\\/#primaryimage\",\"url\":\"https:\\\/\\\/foliobooks.pl\\\/wp-content\\\/uploads\\\/2016\\\/01\\\/9781785031601.png\",\"contentUrl\":\"https:\\\/\\\/foliobooks.pl\\\/wp-content\\\/uploads\\\/2016\\\/01\\\/9781785031601.png\",\"width\":570,\"height\":708},{\"@type\":\"BreadcrumbList\",\"@id\":\"https:\\\/\\\/foliobooks.pl\\\/en\\\/shop\\\/hemsley-hemsley-good-simple\\\/#breadcrumb\",\"itemListElement\":[{\"@type\":\"ListItem\",\"position\":1,\"name\":\"Strona g\u0142\u00f3wna\",\"item\":\"https:\\\/\\\/foliobooks.pl\\\/en\\\/\"},{\"@type\":\"ListItem\",\"position\":2,\"name\":\"Shop\",\"item\":\"https:\\\/\\\/foliobooks.pl\\\/en\\\/shop\\\/\"},{\"@type\":\"ListItem\",\"position\":3,\"name\":\"Hemsley Hemsley. Good + Simple\"}]},{\"@type\":\"WebSite\",\"@id\":\"https:\\\/\\\/foliobooks.pl\\\/en\\\/#website\",\"url\":\"https:\\\/\\\/foliobooks.pl\\\/en\\\/\",\"name\":\"Folio\",\"description\":\"Ksi\u0119garnia internetowa\",\"potentialAction\":[{\"@type\":\"SearchAction\",\"target\":{\"@type\":\"EntryPoint\",\"urlTemplate\":\"https:\\\/\\\/foliobooks.pl\\\/en\\\/?s={search_term_string}\"},\"query-input\":{\"@type\":\"PropertyValueSpecification\",\"valueRequired\":true,\"valueName\":\"search_term_string\"}}],\"inLanguage\":\"en-US\"}]}<\/script>\n<!-- \/ Yoast SEO plugin. -->","yoast_head_json":{"title":"Hemsley Hemsley. Good + Simple (Jasmine Hemsley, Melissa Hemsley) - book \/ album - Folio","description":"Wejd\u017a i kup ksi\u0105\u017ck\u0119 Hemsley Hemsley. Good + Simple autorstwa Jasmine Hemsley, Melissa Hemsley wydan\u0105 przez Ebury Publishing (2016-02-25) w formacie 25 x 19 cm (ISBN: 9781785031601). Zapraszamy!","robots":{"index":"index","follow":"follow","max-snippet":"max-snippet:-1","max-image-preview":"max-image-preview:large","max-video-preview":"max-video-preview:-1"},"canonical":"https:\/\/foliobooks.pl\/en\/shop\/hemsley-hemsley-good-simple\/","og_locale":"en_US","og_type":"article","og_title":"Hemsley Hemsley. Good + Simple (Jasmine Hemsley, Melissa Hemsley) - book \/ album - Folio","og_description":"Wejd\u017a i kup ksi\u0105\u017ck\u0119 Hemsley Hemsley. Good + Simple autorstwa Jasmine Hemsley, Melissa Hemsley wydan\u0105 przez Ebury Publishing (2016-02-25) w formacie 25 x 19 cm (ISBN: 9781785031601). Zapraszamy!","og_url":"https:\/\/foliobooks.pl\/en\/shop\/hemsley-hemsley-good-simple\/","og_site_name":"Folio","article_modified_time":"2020-11-25T14:19:23+00:00","og_image":[{"width":570,"height":708,"url":"https:\/\/foliobooks.pl\/wp-content\/uploads\/2016\/01\/9781785031601.png","type":"image\/png"}],"twitter_card":"summary_large_image","twitter_misc":{"Est. reading time":"1 minute"},"schema":{"@context":"https:\/\/schema.org","@graph":[{"@type":"WebPage","@id":"https:\/\/foliobooks.pl\/en\/shop\/hemsley-hemsley-good-simple\/","url":"https:\/\/foliobooks.pl\/en\/shop\/hemsley-hemsley-good-simple\/","name":"Hemsley Hemsley. Good + Simple (Jasmine Hemsley, Melissa Hemsley) - book \/ album - Folio","isPartOf":{"@id":"https:\/\/foliobooks.pl\/en\/#website"},"primaryImageOfPage":{"@id":"https:\/\/foliobooks.pl\/en\/shop\/hemsley-hemsley-good-simple\/#primaryimage"},"image":{"@id":"https:\/\/foliobooks.pl\/en\/shop\/hemsley-hemsley-good-simple\/#primaryimage"},"thumbnailUrl":"https:\/\/foliobooks.pl\/wp-content\/uploads\/2016\/01\/9781785031601.png","datePublished":"2016-01-29T16:42:40+00:00","dateModified":"2020-11-25T14:19:23+00:00","description":"Wejd\u017a i kup ksi\u0105\u017ck\u0119 Hemsley Hemsley. Good + Simple autorstwa Jasmine Hemsley, Melissa Hemsley wydan\u0105 przez Ebury Publishing (2016-02-25) w formacie 25 x 19 cm (ISBN: 9781785031601). Zapraszamy!","breadcrumb":{"@id":"https:\/\/foliobooks.pl\/en\/shop\/hemsley-hemsley-good-simple\/#breadcrumb"},"inLanguage":"en-US","potentialAction":[{"@type":"ReadAction","target":["https:\/\/foliobooks.pl\/en\/shop\/hemsley-hemsley-good-simple\/"]}]},{"@type":"ImageObject","inLanguage":"en-US","@id":"https:\/\/foliobooks.pl\/en\/shop\/hemsley-hemsley-good-simple\/#primaryimage","url":"https:\/\/foliobooks.pl\/wp-content\/uploads\/2016\/01\/9781785031601.png","contentUrl":"https:\/\/foliobooks.pl\/wp-content\/uploads\/2016\/01\/9781785031601.png","width":570,"height":708},{"@type":"BreadcrumbList","@id":"https:\/\/foliobooks.pl\/en\/shop\/hemsley-hemsley-good-simple\/#breadcrumb","itemListElement":[{"@type":"ListItem","position":1,"name":"Strona g\u0142\u00f3wna","item":"https:\/\/foliobooks.pl\/en\/"},{"@type":"ListItem","position":2,"name":"Shop","item":"https:\/\/foliobooks.pl\/en\/shop\/"},{"@type":"ListItem","position":3,"name":"Hemsley Hemsley. Good + Simple"}]},{"@type":"WebSite","@id":"https:\/\/foliobooks.pl\/en\/#website","url":"https:\/\/foliobooks.pl\/en\/","name":"Folio","description":"Ksi\u0119garnia internetowa","potentialAction":[{"@type":"SearchAction","target":{"@type":"EntryPoint","urlTemplate":"https:\/\/foliobooks.pl\/en\/?s={search_term_string}"},"query-input":{"@type":"PropertyValueSpecification","valueRequired":true,"valueName":"search_term_string"}}],"inLanguage":"en-US"}]}},"_links":{"self":[{"href":"https:\/\/foliobooks.pl\/en\/wp-json\/wp\/v2\/product\/12955","targetHints":{"allow":["GET"]}}],"collection":[{"href":"https:\/\/foliobooks.pl\/en\/wp-json\/wp\/v2\/product"}],"about":[{"href":"https:\/\/foliobooks.pl\/en\/wp-json\/wp\/v2\/types\/product"}],"replies":[{"embeddable":true,"href":"https:\/\/foliobooks.pl\/en\/wp-json\/wp\/v2\/comments?post=12955"}],"wp:featuredmedia":[{"embeddable":true,"href":"https:\/\/foliobooks.pl\/en\/wp-json\/wp\/v2\/media\/12954"}],"wp:attachment":[{"href":"https:\/\/foliobooks.pl\/en\/wp-json\/wp\/v2\/media?parent=12955"}],"wp:term":[{"taxonomy":"product_brand","embeddable":true,"href":"https:\/\/foliobooks.pl\/en\/wp-json\/wp\/v2\/product_brand?post=12955"},{"taxonomy":"product_cat","embeddable":true,"href":"https:\/\/foliobooks.pl\/en\/wp-json\/wp\/v2\/product_cat?post=12955"},{"taxonomy":"product_tag","embeddable":true,"href":"https:\/\/foliobooks.pl\/en\/wp-json\/wp\/v2\/product_tag?post=12955"}],"curies":[{"name":"wp","href":"https:\/\/api.w.org\/{rel}","templated":true}]}}