{"id":12552,"date":"2016-01-06T14:30:58","date_gmt":"2016-01-06T13:30:58","guid":{"rendered":"http:\/\/foliobooks.pl\/en\/sklep\/naomi-campbell\/"},"modified":"2016-07-27T12:56:02","modified_gmt":"2016-07-27T10:56:02","slug":"naomi-campbell","status":"publish","type":"product","link":"https:\/\/foliobooks.pl\/en\/shop\/naomi-campbell\/","title":{"rendered":"Naomi Campbell"},"content":{"rendered":"<p>Supermodel, entrepreneur, activist, provocateur. Since her teenage rise to stardom, Naomi Campbell has dazzled the world with her looks, her strength, and her irrepressible spirit. The first black model to grace the cover of French Vogue and TIME magazine, she has been the face of hundreds of magazine covers, countless editorials, and advertising campaigns, and a favorite subject for some of the best photographers of the \u201980s, \u201990s, and today.<\/p>\n<p>This signed, limited, two-volume Collector\u2019s Edition celebrates Campbell\u2019s remarkable career amidst the greatest legends of fashion and photography with jaw-dropping images and exclusive autobiographical text. Volume 1 showcases the very best of Campbell\u2019s portfolio, with photographs from the likes of Mert Alas and Marcus Piggott, Richard Avedon, Anton Corbijn, Patrick Demarchelier, Helmut Newton, Herb Ritts, Mario Testino, Ellen von Unwerth, and Bruce Weber, and such unforgettable shoots as Peter Lindbergh\u2019s joyful sequence of Naomi dancing as Josephine Baker on the beach in Deauville for Italian Vogue, or Jean-Paul Goude\u2019s stunning composition of Naomi racing a cheetah for U.S. Harper&#8217;s Bazaar.<\/p>\n<p>Volume 2 features Naomi\u2019s extensive autobiographical text, illustrated by magazine covers, ads, never-before-seen personal snapshots, video stills, and more. Naomi recalls her childhood; the beginning of her modeling career; her work with fashion\u2019s greatest designers, including Azzedine Ala\u00efa, John Galliano, Marc Jacobs, Karl Lagerfeld, Gianni Versace; and experiencing the meteoric rise to superstardom. Photographer biographies and an illustrated appendix are also included.<\/p>\n<p>Collector\u2019s Edition of 1,000 numbered copies, each signed by Naomi Campbell within a multiple artwork by Allen Jones.<\/p>\n<p>Josh Baker has been making books for TASCHEN since 2005. His one hundred-plus book collaborations include signed limited editions by Dennis Hopper, Bert Stern, and Ellen von Unwerth, and best-selling pop culture titles such as 75 Years of DC Comics and Norman Mailer\u2019s Moonfire. He lives in Oakland, California.<\/p>\n","protected":false},"excerpt":{"rendered":"<p>Supermodel, entrepreneur, activist, provocateur. Since her teenage rise to stardom, Naomi Campbell has dazzled the world with her looks, her strength, and her irrepressible spirit. The first black model to grace the cover of French Vogue and TIME magazine, she has been the face of hundreds of magazine covers, countless editorials, and advertising campaigns, and&#8230;<\/p>\n","protected":false},"featured_media":12551,"comment_status":"closed","ping_status":"closed","template":"","meta":[],"product_brand":[],"product_cat":[4519,4517],"product_tag":[334,1647,1175,1710,154,6121,516,1066,151],"class_list":{"0":"post-12552","1":"product","2":"type-product","3":"status-publish","4":"has-post-thumbnail","6":"product_cat-fashion-en-en","7":"product_cat-photography-en","8":"product_tag-collections-en","9":"product_tag-erotica","10":"product_tag-iconic-photographs","11":"product_tag-models","12":"product_tag-monographs","13":"product_tag-photography","14":"product_tag-places-en","15":"product_tag-portraits-en","16":"product_tag-women","17":"pa_author_att-josh-baker-en","18":"pa_cover-hardcover-box","19":"pa_format-46-x-33-cm-en","20":"pa_isbn-9783836549110-en","21":"pa_language-eng","22":"pa_pages-500-en","23":"pa_published-2016-02-25-en","24":"pa_publisher-taschen-en-en","26":"first","27":"outofstock","28":"sold-individually","29":"shipping-taxable","30":"purchasable","31":"product-type-simple"},"yoast_head":"<!-- This site is optimized with the Yoast SEO plugin v27.4 - https:\/\/yoast.com\/product\/yoast-seo-wordpress\/ -->\n<title>Naomi Campbell (Josh Baker) - book \/ album - Folio<\/title>\n<meta name=\"description\" content=\"Wejd\u017a i kup ksi\u0105\u017ck\u0119 Naomi Campbell autorstwa Josh Baker wydan\u0105 przez TASCHEN (2016-02-25) w formacie 46 x 33 cm (ISBN: 9783836549110). Zapraszamy!\" \/>\n<meta name=\"robots\" content=\"index, follow, max-snippet:-1, max-image-preview:large, max-video-preview:-1\" \/>\n<link rel=\"canonical\" href=\"https:\/\/foliobooks.pl\/en\/shop\/naomi-campbell\/\" \/>\n<meta property=\"og:locale\" content=\"en_US\" \/>\n<meta property=\"og:type\" content=\"article\" \/>\n<meta property=\"og:title\" content=\"Naomi Campbell (Josh Baker) - book \/ album - Folio\" \/>\n<meta property=\"og:description\" content=\"Wejd\u017a i kup ksi\u0105\u017ck\u0119 Naomi Campbell autorstwa Josh Baker wydan\u0105 przez TASCHEN (2016-02-25) w formacie 46 x 33 cm (ISBN: 9783836549110). Zapraszamy!\" \/>\n<meta property=\"og:url\" content=\"https:\/\/foliobooks.pl\/en\/shop\/naomi-campbell\/\" \/>\n<meta property=\"og:site_name\" content=\"Folio\" \/>\n<meta property=\"article:modified_time\" content=\"2016-07-27T10:56:02+00:00\" \/>\n<meta property=\"og:image\" content=\"https:\/\/foliobooks.pl\/wp-content\/uploads\/2016\/01\/9783836549110.png\" \/>\n\t<meta property=\"og:image:width\" content=\"570\" \/>\n\t<meta property=\"og:image:height\" content=\"708\" \/>\n\t<meta property=\"og:image:type\" content=\"image\/png\" \/>\n<meta name=\"twitter:card\" content=\"summary_large_image\" \/>\n<meta name=\"twitter:label1\" content=\"Est. reading time\" \/>\n\t<meta name=\"twitter:data1\" content=\"2 minutes\" \/>\n<script type=\"application\/ld+json\" class=\"yoast-schema-graph\">{\"@context\":\"https:\\\/\\\/schema.org\",\"@graph\":[{\"@type\":\"WebPage\",\"@id\":\"https:\\\/\\\/foliobooks.pl\\\/en\\\/shop\\\/naomi-campbell\\\/\",\"url\":\"https:\\\/\\\/foliobooks.pl\\\/en\\\/shop\\\/naomi-campbell\\\/\",\"name\":\"Naomi Campbell (Josh Baker) - book \\\/ album - Folio\",\"isPartOf\":{\"@id\":\"https:\\\/\\\/foliobooks.pl\\\/en\\\/#website\"},\"primaryImageOfPage\":{\"@id\":\"https:\\\/\\\/foliobooks.pl\\\/en\\\/shop\\\/naomi-campbell\\\/#primaryimage\"},\"image\":{\"@id\":\"https:\\\/\\\/foliobooks.pl\\\/en\\\/shop\\\/naomi-campbell\\\/#primaryimage\"},\"thumbnailUrl\":\"https:\\\/\\\/foliobooks.pl\\\/wp-content\\\/uploads\\\/2016\\\/01\\\/9783836549110.png\",\"datePublished\":\"2016-01-06T13:30:58+00:00\",\"dateModified\":\"2016-07-27T10:56:02+00:00\",\"description\":\"Wejd\u017a i kup ksi\u0105\u017ck\u0119 Naomi Campbell autorstwa Josh Baker wydan\u0105 przez TASCHEN (2016-02-25) w formacie 46 x 33 cm (ISBN: 9783836549110). Zapraszamy!\",\"breadcrumb\":{\"@id\":\"https:\\\/\\\/foliobooks.pl\\\/en\\\/shop\\\/naomi-campbell\\\/#breadcrumb\"},\"inLanguage\":\"en-US\",\"potentialAction\":[{\"@type\":\"ReadAction\",\"target\":[\"https:\\\/\\\/foliobooks.pl\\\/en\\\/shop\\\/naomi-campbell\\\/\"]}]},{\"@type\":\"ImageObject\",\"inLanguage\":\"en-US\",\"@id\":\"https:\\\/\\\/foliobooks.pl\\\/en\\\/shop\\\/naomi-campbell\\\/#primaryimage\",\"url\":\"https:\\\/\\\/foliobooks.pl\\\/wp-content\\\/uploads\\\/2016\\\/01\\\/9783836549110.png\",\"contentUrl\":\"https:\\\/\\\/foliobooks.pl\\\/wp-content\\\/uploads\\\/2016\\\/01\\\/9783836549110.png\",\"width\":570,\"height\":708},{\"@type\":\"BreadcrumbList\",\"@id\":\"https:\\\/\\\/foliobooks.pl\\\/en\\\/shop\\\/naomi-campbell\\\/#breadcrumb\",\"itemListElement\":[{\"@type\":\"ListItem\",\"position\":1,\"name\":\"Strona g\u0142\u00f3wna\",\"item\":\"https:\\\/\\\/foliobooks.pl\\\/en\\\/\"},{\"@type\":\"ListItem\",\"position\":2,\"name\":\"Shop\",\"item\":\"https:\\\/\\\/foliobooks.pl\\\/en\\\/shop\\\/\"},{\"@type\":\"ListItem\",\"position\":3,\"name\":\"Naomi Campbell\"}]},{\"@type\":\"WebSite\",\"@id\":\"https:\\\/\\\/foliobooks.pl\\\/en\\\/#website\",\"url\":\"https:\\\/\\\/foliobooks.pl\\\/en\\\/\",\"name\":\"Folio\",\"description\":\"Ksi\u0119garnia internetowa\",\"potentialAction\":[{\"@type\":\"SearchAction\",\"target\":{\"@type\":\"EntryPoint\",\"urlTemplate\":\"https:\\\/\\\/foliobooks.pl\\\/en\\\/?s={search_term_string}\"},\"query-input\":{\"@type\":\"PropertyValueSpecification\",\"valueRequired\":true,\"valueName\":\"search_term_string\"}}],\"inLanguage\":\"en-US\"}]}<\/script>\n<!-- \/ Yoast SEO plugin. -->","yoast_head_json":{"title":"Naomi Campbell (Josh Baker) - book \/ album - Folio","description":"Wejd\u017a i kup ksi\u0105\u017ck\u0119 Naomi Campbell autorstwa Josh Baker wydan\u0105 przez TASCHEN (2016-02-25) w formacie 46 x 33 cm (ISBN: 9783836549110). Zapraszamy!","robots":{"index":"index","follow":"follow","max-snippet":"max-snippet:-1","max-image-preview":"max-image-preview:large","max-video-preview":"max-video-preview:-1"},"canonical":"https:\/\/foliobooks.pl\/en\/shop\/naomi-campbell\/","og_locale":"en_US","og_type":"article","og_title":"Naomi Campbell (Josh Baker) - book \/ album - Folio","og_description":"Wejd\u017a i kup ksi\u0105\u017ck\u0119 Naomi Campbell autorstwa Josh Baker wydan\u0105 przez TASCHEN (2016-02-25) w formacie 46 x 33 cm (ISBN: 9783836549110). Zapraszamy!","og_url":"https:\/\/foliobooks.pl\/en\/shop\/naomi-campbell\/","og_site_name":"Folio","article_modified_time":"2016-07-27T10:56:02+00:00","og_image":[{"width":570,"height":708,"url":"https:\/\/foliobooks.pl\/wp-content\/uploads\/2016\/01\/9783836549110.png","type":"image\/png"}],"twitter_card":"summary_large_image","twitter_misc":{"Est. reading time":"2 minutes"},"schema":{"@context":"https:\/\/schema.org","@graph":[{"@type":"WebPage","@id":"https:\/\/foliobooks.pl\/en\/shop\/naomi-campbell\/","url":"https:\/\/foliobooks.pl\/en\/shop\/naomi-campbell\/","name":"Naomi Campbell (Josh Baker) - book \/ album - Folio","isPartOf":{"@id":"https:\/\/foliobooks.pl\/en\/#website"},"primaryImageOfPage":{"@id":"https:\/\/foliobooks.pl\/en\/shop\/naomi-campbell\/#primaryimage"},"image":{"@id":"https:\/\/foliobooks.pl\/en\/shop\/naomi-campbell\/#primaryimage"},"thumbnailUrl":"https:\/\/foliobooks.pl\/wp-content\/uploads\/2016\/01\/9783836549110.png","datePublished":"2016-01-06T13:30:58+00:00","dateModified":"2016-07-27T10:56:02+00:00","description":"Wejd\u017a i kup ksi\u0105\u017ck\u0119 Naomi Campbell autorstwa Josh Baker wydan\u0105 przez TASCHEN (2016-02-25) w formacie 46 x 33 cm (ISBN: 9783836549110). Zapraszamy!","breadcrumb":{"@id":"https:\/\/foliobooks.pl\/en\/shop\/naomi-campbell\/#breadcrumb"},"inLanguage":"en-US","potentialAction":[{"@type":"ReadAction","target":["https:\/\/foliobooks.pl\/en\/shop\/naomi-campbell\/"]}]},{"@type":"ImageObject","inLanguage":"en-US","@id":"https:\/\/foliobooks.pl\/en\/shop\/naomi-campbell\/#primaryimage","url":"https:\/\/foliobooks.pl\/wp-content\/uploads\/2016\/01\/9783836549110.png","contentUrl":"https:\/\/foliobooks.pl\/wp-content\/uploads\/2016\/01\/9783836549110.png","width":570,"height":708},{"@type":"BreadcrumbList","@id":"https:\/\/foliobooks.pl\/en\/shop\/naomi-campbell\/#breadcrumb","itemListElement":[{"@type":"ListItem","position":1,"name":"Strona g\u0142\u00f3wna","item":"https:\/\/foliobooks.pl\/en\/"},{"@type":"ListItem","position":2,"name":"Shop","item":"https:\/\/foliobooks.pl\/en\/shop\/"},{"@type":"ListItem","position":3,"name":"Naomi Campbell"}]},{"@type":"WebSite","@id":"https:\/\/foliobooks.pl\/en\/#website","url":"https:\/\/foliobooks.pl\/en\/","name":"Folio","description":"Ksi\u0119garnia internetowa","potentialAction":[{"@type":"SearchAction","target":{"@type":"EntryPoint","urlTemplate":"https:\/\/foliobooks.pl\/en\/?s={search_term_string}"},"query-input":{"@type":"PropertyValueSpecification","valueRequired":true,"valueName":"search_term_string"}}],"inLanguage":"en-US"}]}},"_links":{"self":[{"href":"https:\/\/foliobooks.pl\/en\/wp-json\/wp\/v2\/product\/12552","targetHints":{"allow":["GET"]}}],"collection":[{"href":"https:\/\/foliobooks.pl\/en\/wp-json\/wp\/v2\/product"}],"about":[{"href":"https:\/\/foliobooks.pl\/en\/wp-json\/wp\/v2\/types\/product"}],"replies":[{"embeddable":true,"href":"https:\/\/foliobooks.pl\/en\/wp-json\/wp\/v2\/comments?post=12552"}],"wp:featuredmedia":[{"embeddable":true,"href":"https:\/\/foliobooks.pl\/en\/wp-json\/wp\/v2\/media\/12551"}],"wp:attachment":[{"href":"https:\/\/foliobooks.pl\/en\/wp-json\/wp\/v2\/media?parent=12552"}],"wp:term":[{"taxonomy":"product_brand","embeddable":true,"href":"https:\/\/foliobooks.pl\/en\/wp-json\/wp\/v2\/product_brand?post=12552"},{"taxonomy":"product_cat","embeddable":true,"href":"https:\/\/foliobooks.pl\/en\/wp-json\/wp\/v2\/product_cat?post=12552"},{"taxonomy":"product_tag","embeddable":true,"href":"https:\/\/foliobooks.pl\/en\/wp-json\/wp\/v2\/product_tag?post=12552"}],"curies":[{"name":"wp","href":"https:\/\/api.w.org\/{rel}","templated":true}]}}