{"id":12548,"date":"2016-01-06T14:20:18","date_gmt":"2016-01-06T13:20:18","guid":{"rendered":"http:\/\/foliobooks.pl\/en\/sklep\/modern-art-1870-2000-impressionism-to-today\/"},"modified":"2024-04-16T14:03:03","modified_gmt":"2024-04-16T12:03:03","slug":"modern-art-1870-2000-impressionism-to-today","status":"publish","type":"product","link":"https:\/\/foliobooks.pl\/en\/shop\/modern-art-1870-2000-impressionism-to-today\/","title":{"rendered":"Modern Art 1870\u20132000. Impressionism to Today"},"content":{"rendered":"<p>Most art historians agree that the modern art adventure first developed in the 1860s in Paris. A circle of painters, whom we now know as Impressionists, began painting pictures with rapid, loose brushwork. They turned to everyday street life for subjects, instead of overblown heroic scenes, and they escaped the power of the Salon by organizing their own independent exhibitions.<\/p>\n<p>After this first assault on the artistic establishment, there was no holding back. In a constant desire to challenge, innovate, and inspire, one modernist style supplanted the next: Symbolism, Expressionism, Futurism, Dada, abstract art, renewed Realism, Surrealism, Abstract Expressionism, Pop, Minimal and conceptual practice.<\/p>\n<p>This indispensable overview traces the restless energy of modern art with a year-by-year succession of the groundbreaking artworks that shook standards and broke down barriers.Introductory essays outline the most significant and influential movements alongside explanatory texts for each major work and its artist.<\/p>\n","protected":false},"excerpt":{"rendered":"<p>Most art historians agree that the modern art adventure first developed in the 1860s in Paris. A circle of painters, whom we now know as Impressionists, began painting pictures with rapid, loose brushwork. They turned to everyday street life for subjects, instead of overblown heroic scenes, and they escaped the power of the Salon by&#8230;<\/p>\n","protected":false},"featured_media":12547,"comment_status":"closed","ping_status":"closed","template":"","meta":[],"product_brand":[],"product_cat":[4522],"product_tag":[159,979,1146,1681,524,981,1185],"class_list":{"0":"post-12548","1":"product","2":"type-product","3":"status-publish","4":"has-post-thumbnail","6":"product_cat-art-en","7":"product_tag-art-movements-en","8":"product_tag-contemporary-art-en","9":"product_tag-great-masters-en","10":"product_tag-history","11":"product_tag-painting-en","12":"product_tag-sculpture-en","13":"product_tag-world-en","14":"pa_author_att-hans-werner-holzwarth-en","15":"pa_cover-hardcover","16":"pa_format-195-x-15-cm-en","17":"pa_isbn-9783836555395-en","18":"pa_language-eng","19":"pa_pages-696-en","20":"pa_published-2016-02-16-en","21":"pa_publisher-taschen-en-en","23":"first","24":"outofstock","25":"sold-individually","26":"shipping-taxable","27":"purchasable","28":"product-type-simple"},"yoast_head":"<!-- This site is optimized with the Yoast SEO plugin v27.4 - https:\/\/yoast.com\/product\/yoast-seo-wordpress\/ -->\n<title>Modern Art 1870\u20132000. Impressionism to Today (Hans Werner Holzwarth) - book \/ album - Folio<\/title>\n<meta name=\"description\" content=\"Wejd\u017a i kup ksi\u0105\u017ck\u0119 Modern Art 1870\u20132000. Impressionism to Today autorstwa Hans Werner Holzwarth wydan\u0105 przez TASCHEN (2016-02-16) w formacie 19,5 x 15 cm (ISBN: 9783836555395). Zapraszamy!\" \/>\n<meta name=\"robots\" content=\"index, follow, max-snippet:-1, max-image-preview:large, max-video-preview:-1\" \/>\n<link rel=\"canonical\" href=\"https:\/\/foliobooks.pl\/en\/shop\/modern-art-1870-2000-impressionism-to-today\/\" \/>\n<meta property=\"og:locale\" content=\"en_US\" \/>\n<meta property=\"og:type\" content=\"article\" \/>\n<meta property=\"og:title\" content=\"Modern Art 1870\u20132000. Impressionism to Today (Hans Werner Holzwarth) - book \/ album - Folio\" \/>\n<meta property=\"og:description\" content=\"Wejd\u017a i kup ksi\u0105\u017ck\u0119 Modern Art 1870\u20132000. Impressionism to Today autorstwa Hans Werner Holzwarth wydan\u0105 przez TASCHEN (2016-02-16) w formacie 19,5 x 15 cm (ISBN: 9783836555395). Zapraszamy!\" \/>\n<meta property=\"og:url\" content=\"https:\/\/foliobooks.pl\/en\/shop\/modern-art-1870-2000-impressionism-to-today\/\" \/>\n<meta property=\"og:site_name\" content=\"Folio\" \/>\n<meta property=\"article:modified_time\" content=\"2024-04-16T12:03:03+00:00\" \/>\n<meta property=\"og:image\" content=\"https:\/\/foliobooks.pl\/wp-content\/uploads\/2016\/01\/9783836555395.png\" \/>\n\t<meta property=\"og:image:width\" content=\"570\" \/>\n\t<meta property=\"og:image:height\" content=\"708\" \/>\n\t<meta property=\"og:image:type\" content=\"image\/png\" \/>\n<meta name=\"twitter:card\" content=\"summary_large_image\" \/>\n<meta name=\"twitter:label1\" content=\"Est. reading time\" \/>\n\t<meta name=\"twitter:data1\" content=\"1 minute\" \/>\n<script type=\"application\/ld+json\" class=\"yoast-schema-graph\">{\"@context\":\"https:\\\/\\\/schema.org\",\"@graph\":[{\"@type\":\"WebPage\",\"@id\":\"https:\\\/\\\/foliobooks.pl\\\/en\\\/shop\\\/modern-art-1870-2000-impressionism-to-today\\\/\",\"url\":\"https:\\\/\\\/foliobooks.pl\\\/en\\\/shop\\\/modern-art-1870-2000-impressionism-to-today\\\/\",\"name\":\"Modern Art 1870\u20132000. Impressionism to Today (Hans Werner Holzwarth) - book \\\/ album - Folio\",\"isPartOf\":{\"@id\":\"https:\\\/\\\/foliobooks.pl\\\/en\\\/#website\"},\"primaryImageOfPage\":{\"@id\":\"https:\\\/\\\/foliobooks.pl\\\/en\\\/shop\\\/modern-art-1870-2000-impressionism-to-today\\\/#primaryimage\"},\"image\":{\"@id\":\"https:\\\/\\\/foliobooks.pl\\\/en\\\/shop\\\/modern-art-1870-2000-impressionism-to-today\\\/#primaryimage\"},\"thumbnailUrl\":\"https:\\\/\\\/foliobooks.pl\\\/wp-content\\\/uploads\\\/2016\\\/01\\\/9783836555395.png\",\"datePublished\":\"2016-01-06T13:20:18+00:00\",\"dateModified\":\"2024-04-16T12:03:03+00:00\",\"description\":\"Wejd\u017a i kup ksi\u0105\u017ck\u0119 Modern Art 1870\u20132000. Impressionism to Today autorstwa Hans Werner Holzwarth wydan\u0105 przez TASCHEN (2016-02-16) w formacie 19,5 x 15 cm (ISBN: 9783836555395). Zapraszamy!\",\"breadcrumb\":{\"@id\":\"https:\\\/\\\/foliobooks.pl\\\/en\\\/shop\\\/modern-art-1870-2000-impressionism-to-today\\\/#breadcrumb\"},\"inLanguage\":\"en-US\",\"potentialAction\":[{\"@type\":\"ReadAction\",\"target\":[\"https:\\\/\\\/foliobooks.pl\\\/en\\\/shop\\\/modern-art-1870-2000-impressionism-to-today\\\/\"]}]},{\"@type\":\"ImageObject\",\"inLanguage\":\"en-US\",\"@id\":\"https:\\\/\\\/foliobooks.pl\\\/en\\\/shop\\\/modern-art-1870-2000-impressionism-to-today\\\/#primaryimage\",\"url\":\"https:\\\/\\\/foliobooks.pl\\\/wp-content\\\/uploads\\\/2016\\\/01\\\/9783836555395.png\",\"contentUrl\":\"https:\\\/\\\/foliobooks.pl\\\/wp-content\\\/uploads\\\/2016\\\/01\\\/9783836555395.png\",\"width\":570,\"height\":708},{\"@type\":\"BreadcrumbList\",\"@id\":\"https:\\\/\\\/foliobooks.pl\\\/en\\\/shop\\\/modern-art-1870-2000-impressionism-to-today\\\/#breadcrumb\",\"itemListElement\":[{\"@type\":\"ListItem\",\"position\":1,\"name\":\"Strona g\u0142\u00f3wna\",\"item\":\"https:\\\/\\\/foliobooks.pl\\\/en\\\/\"},{\"@type\":\"ListItem\",\"position\":2,\"name\":\"Shop\",\"item\":\"https:\\\/\\\/foliobooks.pl\\\/en\\\/shop\\\/\"},{\"@type\":\"ListItem\",\"position\":3,\"name\":\"Modern Art 1870\u20132000. Impressionism to Today\"}]},{\"@type\":\"WebSite\",\"@id\":\"https:\\\/\\\/foliobooks.pl\\\/en\\\/#website\",\"url\":\"https:\\\/\\\/foliobooks.pl\\\/en\\\/\",\"name\":\"Folio\",\"description\":\"Ksi\u0119garnia internetowa\",\"potentialAction\":[{\"@type\":\"SearchAction\",\"target\":{\"@type\":\"EntryPoint\",\"urlTemplate\":\"https:\\\/\\\/foliobooks.pl\\\/en\\\/?s={search_term_string}\"},\"query-input\":{\"@type\":\"PropertyValueSpecification\",\"valueRequired\":true,\"valueName\":\"search_term_string\"}}],\"inLanguage\":\"en-US\"}]}<\/script>\n<!-- \/ Yoast SEO plugin. -->","yoast_head_json":{"title":"Modern Art 1870\u20132000. Impressionism to Today (Hans Werner Holzwarth) - book \/ album - Folio","description":"Wejd\u017a i kup ksi\u0105\u017ck\u0119 Modern Art 1870\u20132000. Impressionism to Today autorstwa Hans Werner Holzwarth wydan\u0105 przez TASCHEN (2016-02-16) w formacie 19,5 x 15 cm (ISBN: 9783836555395). Zapraszamy!","robots":{"index":"index","follow":"follow","max-snippet":"max-snippet:-1","max-image-preview":"max-image-preview:large","max-video-preview":"max-video-preview:-1"},"canonical":"https:\/\/foliobooks.pl\/en\/shop\/modern-art-1870-2000-impressionism-to-today\/","og_locale":"en_US","og_type":"article","og_title":"Modern Art 1870\u20132000. Impressionism to Today (Hans Werner Holzwarth) - book \/ album - Folio","og_description":"Wejd\u017a i kup ksi\u0105\u017ck\u0119 Modern Art 1870\u20132000. Impressionism to Today autorstwa Hans Werner Holzwarth wydan\u0105 przez TASCHEN (2016-02-16) w formacie 19,5 x 15 cm (ISBN: 9783836555395). Zapraszamy!","og_url":"https:\/\/foliobooks.pl\/en\/shop\/modern-art-1870-2000-impressionism-to-today\/","og_site_name":"Folio","article_modified_time":"2024-04-16T12:03:03+00:00","og_image":[{"width":570,"height":708,"url":"https:\/\/foliobooks.pl\/wp-content\/uploads\/2016\/01\/9783836555395.png","type":"image\/png"}],"twitter_card":"summary_large_image","twitter_misc":{"Est. reading time":"1 minute"},"schema":{"@context":"https:\/\/schema.org","@graph":[{"@type":"WebPage","@id":"https:\/\/foliobooks.pl\/en\/shop\/modern-art-1870-2000-impressionism-to-today\/","url":"https:\/\/foliobooks.pl\/en\/shop\/modern-art-1870-2000-impressionism-to-today\/","name":"Modern Art 1870\u20132000. Impressionism to Today (Hans Werner Holzwarth) - book \/ album - Folio","isPartOf":{"@id":"https:\/\/foliobooks.pl\/en\/#website"},"primaryImageOfPage":{"@id":"https:\/\/foliobooks.pl\/en\/shop\/modern-art-1870-2000-impressionism-to-today\/#primaryimage"},"image":{"@id":"https:\/\/foliobooks.pl\/en\/shop\/modern-art-1870-2000-impressionism-to-today\/#primaryimage"},"thumbnailUrl":"https:\/\/foliobooks.pl\/wp-content\/uploads\/2016\/01\/9783836555395.png","datePublished":"2016-01-06T13:20:18+00:00","dateModified":"2024-04-16T12:03:03+00:00","description":"Wejd\u017a i kup ksi\u0105\u017ck\u0119 Modern Art 1870\u20132000. Impressionism to Today autorstwa Hans Werner Holzwarth wydan\u0105 przez TASCHEN (2016-02-16) w formacie 19,5 x 15 cm (ISBN: 9783836555395). Zapraszamy!","breadcrumb":{"@id":"https:\/\/foliobooks.pl\/en\/shop\/modern-art-1870-2000-impressionism-to-today\/#breadcrumb"},"inLanguage":"en-US","potentialAction":[{"@type":"ReadAction","target":["https:\/\/foliobooks.pl\/en\/shop\/modern-art-1870-2000-impressionism-to-today\/"]}]},{"@type":"ImageObject","inLanguage":"en-US","@id":"https:\/\/foliobooks.pl\/en\/shop\/modern-art-1870-2000-impressionism-to-today\/#primaryimage","url":"https:\/\/foliobooks.pl\/wp-content\/uploads\/2016\/01\/9783836555395.png","contentUrl":"https:\/\/foliobooks.pl\/wp-content\/uploads\/2016\/01\/9783836555395.png","width":570,"height":708},{"@type":"BreadcrumbList","@id":"https:\/\/foliobooks.pl\/en\/shop\/modern-art-1870-2000-impressionism-to-today\/#breadcrumb","itemListElement":[{"@type":"ListItem","position":1,"name":"Strona g\u0142\u00f3wna","item":"https:\/\/foliobooks.pl\/en\/"},{"@type":"ListItem","position":2,"name":"Shop","item":"https:\/\/foliobooks.pl\/en\/shop\/"},{"@type":"ListItem","position":3,"name":"Modern Art 1870\u20132000. Impressionism to Today"}]},{"@type":"WebSite","@id":"https:\/\/foliobooks.pl\/en\/#website","url":"https:\/\/foliobooks.pl\/en\/","name":"Folio","description":"Ksi\u0119garnia internetowa","potentialAction":[{"@type":"SearchAction","target":{"@type":"EntryPoint","urlTemplate":"https:\/\/foliobooks.pl\/en\/?s={search_term_string}"},"query-input":{"@type":"PropertyValueSpecification","valueRequired":true,"valueName":"search_term_string"}}],"inLanguage":"en-US"}]}},"_links":{"self":[{"href":"https:\/\/foliobooks.pl\/en\/wp-json\/wp\/v2\/product\/12548","targetHints":{"allow":["GET"]}}],"collection":[{"href":"https:\/\/foliobooks.pl\/en\/wp-json\/wp\/v2\/product"}],"about":[{"href":"https:\/\/foliobooks.pl\/en\/wp-json\/wp\/v2\/types\/product"}],"replies":[{"embeddable":true,"href":"https:\/\/foliobooks.pl\/en\/wp-json\/wp\/v2\/comments?post=12548"}],"wp:featuredmedia":[{"embeddable":true,"href":"https:\/\/foliobooks.pl\/en\/wp-json\/wp\/v2\/media\/12547"}],"wp:attachment":[{"href":"https:\/\/foliobooks.pl\/en\/wp-json\/wp\/v2\/media?parent=12548"}],"wp:term":[{"taxonomy":"product_brand","embeddable":true,"href":"https:\/\/foliobooks.pl\/en\/wp-json\/wp\/v2\/product_brand?post=12548"},{"taxonomy":"product_cat","embeddable":true,"href":"https:\/\/foliobooks.pl\/en\/wp-json\/wp\/v2\/product_cat?post=12548"},{"taxonomy":"product_tag","embeddable":true,"href":"https:\/\/foliobooks.pl\/en\/wp-json\/wp\/v2\/product_tag?post=12548"}],"curies":[{"name":"wp","href":"https:\/\/api.w.org\/{rel}","templated":true}]}}