{"id":12378,"date":"2016-01-07T12:00:38","date_gmt":"2016-01-07T11:00:38","guid":{"rendered":"http:\/\/foliobooks.pl\/en\/?post_type=product&#038;p=12378"},"modified":"2024-08-13T14:50:15","modified_gmt":"2024-08-13T12:50:15","slug":"steinweiss-the-inventor-of-the-modern-album-cover","status":"publish","type":"product","link":"https:\/\/foliobooks.pl\/en\/shop\/steinweiss-the-inventor-of-the-modern-album-cover\/","title":{"rendered":"Steinweiss. The Inventor of the Modern Album Cover"},"content":{"rendered":"<p>Alex Steinweiss (1917\u20132011) invented the album cover as we know it. In 1940, as Columbia Records\u2019 young new art director, he pitched an idea: Why not replace the standard plain brown wrapper with an eye-catching illustration? The company took a chance, and within months its record sales increased by over 800 per cent.<\/p>\n<p>Over the next three decades, Steinweiss made thousands of original artworks for classical, jazz, and popular record covers for Columbia, Decca, London, and Everest; as well as logos, labels, advertising material, even his own typeface, the Steinweiss Scrawl. His daring designs, gathered here in all their bright combinations of bold typography with modern, elegant illustration, revolutionized the way music was sold.<\/p>\n<p>The book includes Steiweiss\u2019 personal recollections and ephemera from an epic career, as well as insightful essays by three-time Grammy Award-winning art director\/designer Kevin Reagan and graphic design historian Steven Heller.<\/p>\n","protected":false},"excerpt":{"rendered":"<p>Alex Steinweiss (1917\u20132011) invented the album cover as we know it. In 1940, as Columbia Records\u2019 young new art director, he pitched an idea: Why not replace the standard plain brown wrapper with an eye-catching illustration? The company took a chance, and within months its record sales increased by over 800 per cent. Over the&#8230;<\/p>\n","protected":false},"featured_media":12638,"comment_status":"closed","ping_status":"closed","template":"","meta":[],"product_brand":[],"product_cat":[4523,4525],"product_tag":[1651,1156,1259,4524,157,2253,1649,1102,6783,2272],"class_list":{"0":"post-12378","1":"product","2":"type-product","3":"status-publish","4":"has-post-thumbnail","6":"product_cat-design-en-en","7":"product_cat-graphic-design","8":"product_tag-advertising","9":"product_tag-appliedarts-en","10":"product_tag-corporate-identity","11":"product_tag-design-en-en","12":"product_tag-designers","13":"product_tag-graphics","14":"product_tag-illustration","15":"product_tag-music-en","16":"product_tag-music-albums-en","17":"product_tag-typography","18":"pa_author_att-alex-steinweiss-en","19":"pa_author_att-kevin-reagan-en","20":"pa_author_att-steven-heller-en","21":"pa_cover-hardcover","22":"pa_format-14-x-195-cm-en","23":"pa_isbn-9783836557764-en","24":"pa_language-eng-f-ger","25":"pa_pages-552-en","26":"pa_publisher-taschen-en-en","28":"first","29":"outofstock","30":"sold-individually","31":"shipping-taxable","32":"purchasable","33":"product-type-simple"},"yoast_head":"<!-- This site is optimized with the Yoast SEO plugin v27.4 - https:\/\/yoast.com\/product\/yoast-seo-wordpress\/ -->\n<title>Steinweiss. The Inventor of the Modern Album Cover (Alex Steinweiss, Kevin Reagan, Steven Heller) - book \/ album - Folio<\/title>\n<meta name=\"description\" content=\"Wejd\u017a i kup ksi\u0105\u017ck\u0119 Steinweiss. The Inventor of the Modern Album Cover autorstwa Alex Steinweiss, Kevin Reagan, Steven Heller wydan\u0105 przez TASCHEN () w formacie 14 x 19,5 cm (ISBN: 9783836557764). Zapraszamy!\" \/>\n<meta name=\"robots\" content=\"index, follow, max-snippet:-1, max-image-preview:large, max-video-preview:-1\" \/>\n<link rel=\"canonical\" href=\"https:\/\/foliobooks.pl\/en\/shop\/steinweiss-the-inventor-of-the-modern-album-cover\/\" \/>\n<meta property=\"og:locale\" content=\"en_US\" \/>\n<meta property=\"og:type\" content=\"article\" \/>\n<meta property=\"og:title\" content=\"Steinweiss. The Inventor of the Modern Album Cover (Alex Steinweiss, Kevin Reagan, Steven Heller) - book \/ album - Folio\" \/>\n<meta property=\"og:description\" content=\"Wejd\u017a i kup ksi\u0105\u017ck\u0119 Steinweiss. The Inventor of the Modern Album Cover autorstwa Alex Steinweiss, Kevin Reagan, Steven Heller wydan\u0105 przez TASCHEN () w formacie 14 x 19,5 cm (ISBN: 9783836557764). Zapraszamy!\" \/>\n<meta property=\"og:url\" content=\"https:\/\/foliobooks.pl\/en\/shop\/steinweiss-the-inventor-of-the-modern-album-cover\/\" \/>\n<meta property=\"og:site_name\" content=\"Folio\" \/>\n<meta property=\"article:modified_time\" content=\"2024-08-13T12:50:15+00:00\" \/>\n<meta property=\"og:image\" content=\"https:\/\/foliobooks.pl\/wp-content\/uploads\/2015\/12\/9783836557764.png\" \/>\n\t<meta property=\"og:image:width\" content=\"570\" \/>\n\t<meta property=\"og:image:height\" content=\"708\" \/>\n\t<meta property=\"og:image:type\" content=\"image\/png\" \/>\n<meta name=\"twitter:card\" content=\"summary_large_image\" \/>\n<meta name=\"twitter:label1\" content=\"Est. reading time\" \/>\n\t<meta name=\"twitter:data1\" content=\"1 minute\" \/>\n<script type=\"application\/ld+json\" class=\"yoast-schema-graph\">{\"@context\":\"https:\\\/\\\/schema.org\",\"@graph\":[{\"@type\":\"WebPage\",\"@id\":\"https:\\\/\\\/foliobooks.pl\\\/en\\\/shop\\\/steinweiss-the-inventor-of-the-modern-album-cover\\\/\",\"url\":\"https:\\\/\\\/foliobooks.pl\\\/en\\\/shop\\\/steinweiss-the-inventor-of-the-modern-album-cover\\\/\",\"name\":\"Steinweiss. The Inventor of the Modern Album Cover (Alex Steinweiss, Kevin Reagan, Steven Heller) - book \\\/ album - Folio\",\"isPartOf\":{\"@id\":\"https:\\\/\\\/foliobooks.pl\\\/en\\\/#website\"},\"primaryImageOfPage\":{\"@id\":\"https:\\\/\\\/foliobooks.pl\\\/en\\\/shop\\\/steinweiss-the-inventor-of-the-modern-album-cover\\\/#primaryimage\"},\"image\":{\"@id\":\"https:\\\/\\\/foliobooks.pl\\\/en\\\/shop\\\/steinweiss-the-inventor-of-the-modern-album-cover\\\/#primaryimage\"},\"thumbnailUrl\":\"https:\\\/\\\/foliobooks.pl\\\/wp-content\\\/uploads\\\/2015\\\/12\\\/9783836557764.png\",\"datePublished\":\"2016-01-07T11:00:38+00:00\",\"dateModified\":\"2024-08-13T12:50:15+00:00\",\"description\":\"Wejd\u017a i kup ksi\u0105\u017ck\u0119 Steinweiss. The Inventor of the Modern Album Cover autorstwa Alex Steinweiss, Kevin Reagan, Steven Heller wydan\u0105 przez TASCHEN () w formacie 14 x 19,5 cm (ISBN: 9783836557764). Zapraszamy!\",\"breadcrumb\":{\"@id\":\"https:\\\/\\\/foliobooks.pl\\\/en\\\/shop\\\/steinweiss-the-inventor-of-the-modern-album-cover\\\/#breadcrumb\"},\"inLanguage\":\"en-US\",\"potentialAction\":[{\"@type\":\"ReadAction\",\"target\":[\"https:\\\/\\\/foliobooks.pl\\\/en\\\/shop\\\/steinweiss-the-inventor-of-the-modern-album-cover\\\/\"]}]},{\"@type\":\"ImageObject\",\"inLanguage\":\"en-US\",\"@id\":\"https:\\\/\\\/foliobooks.pl\\\/en\\\/shop\\\/steinweiss-the-inventor-of-the-modern-album-cover\\\/#primaryimage\",\"url\":\"https:\\\/\\\/foliobooks.pl\\\/wp-content\\\/uploads\\\/2015\\\/12\\\/9783836557764.png\",\"contentUrl\":\"https:\\\/\\\/foliobooks.pl\\\/wp-content\\\/uploads\\\/2015\\\/12\\\/9783836557764.png\",\"width\":570,\"height\":708},{\"@type\":\"BreadcrumbList\",\"@id\":\"https:\\\/\\\/foliobooks.pl\\\/en\\\/shop\\\/steinweiss-the-inventor-of-the-modern-album-cover\\\/#breadcrumb\",\"itemListElement\":[{\"@type\":\"ListItem\",\"position\":1,\"name\":\"Strona g\u0142\u00f3wna\",\"item\":\"https:\\\/\\\/foliobooks.pl\\\/en\\\/\"},{\"@type\":\"ListItem\",\"position\":2,\"name\":\"Shop\",\"item\":\"https:\\\/\\\/foliobooks.pl\\\/en\\\/shop\\\/\"},{\"@type\":\"ListItem\",\"position\":3,\"name\":\"Steinweiss. The Inventor of the Modern Album Cover\"}]},{\"@type\":\"WebSite\",\"@id\":\"https:\\\/\\\/foliobooks.pl\\\/en\\\/#website\",\"url\":\"https:\\\/\\\/foliobooks.pl\\\/en\\\/\",\"name\":\"Folio\",\"description\":\"Ksi\u0119garnia internetowa\",\"potentialAction\":[{\"@type\":\"SearchAction\",\"target\":{\"@type\":\"EntryPoint\",\"urlTemplate\":\"https:\\\/\\\/foliobooks.pl\\\/en\\\/?s={search_term_string}\"},\"query-input\":{\"@type\":\"PropertyValueSpecification\",\"valueRequired\":true,\"valueName\":\"search_term_string\"}}],\"inLanguage\":\"en-US\"}]}<\/script>\n<!-- \/ Yoast SEO plugin. -->","yoast_head_json":{"title":"Steinweiss. The Inventor of the Modern Album Cover (Alex Steinweiss, Kevin Reagan, Steven Heller) - book \/ album - Folio","description":"Wejd\u017a i kup ksi\u0105\u017ck\u0119 Steinweiss. The Inventor of the Modern Album Cover autorstwa Alex Steinweiss, Kevin Reagan, Steven Heller wydan\u0105 przez TASCHEN () w formacie 14 x 19,5 cm (ISBN: 9783836557764). Zapraszamy!","robots":{"index":"index","follow":"follow","max-snippet":"max-snippet:-1","max-image-preview":"max-image-preview:large","max-video-preview":"max-video-preview:-1"},"canonical":"https:\/\/foliobooks.pl\/en\/shop\/steinweiss-the-inventor-of-the-modern-album-cover\/","og_locale":"en_US","og_type":"article","og_title":"Steinweiss. The Inventor of the Modern Album Cover (Alex Steinweiss, Kevin Reagan, Steven Heller) - book \/ album - Folio","og_description":"Wejd\u017a i kup ksi\u0105\u017ck\u0119 Steinweiss. The Inventor of the Modern Album Cover autorstwa Alex Steinweiss, Kevin Reagan, Steven Heller wydan\u0105 przez TASCHEN () w formacie 14 x 19,5 cm (ISBN: 9783836557764). Zapraszamy!","og_url":"https:\/\/foliobooks.pl\/en\/shop\/steinweiss-the-inventor-of-the-modern-album-cover\/","og_site_name":"Folio","article_modified_time":"2024-08-13T12:50:15+00:00","og_image":[{"width":570,"height":708,"url":"https:\/\/foliobooks.pl\/wp-content\/uploads\/2015\/12\/9783836557764.png","type":"image\/png"}],"twitter_card":"summary_large_image","twitter_misc":{"Est. reading time":"1 minute"},"schema":{"@context":"https:\/\/schema.org","@graph":[{"@type":"WebPage","@id":"https:\/\/foliobooks.pl\/en\/shop\/steinweiss-the-inventor-of-the-modern-album-cover\/","url":"https:\/\/foliobooks.pl\/en\/shop\/steinweiss-the-inventor-of-the-modern-album-cover\/","name":"Steinweiss. The Inventor of the Modern Album Cover (Alex Steinweiss, Kevin Reagan, Steven Heller) - book \/ album - Folio","isPartOf":{"@id":"https:\/\/foliobooks.pl\/en\/#website"},"primaryImageOfPage":{"@id":"https:\/\/foliobooks.pl\/en\/shop\/steinweiss-the-inventor-of-the-modern-album-cover\/#primaryimage"},"image":{"@id":"https:\/\/foliobooks.pl\/en\/shop\/steinweiss-the-inventor-of-the-modern-album-cover\/#primaryimage"},"thumbnailUrl":"https:\/\/foliobooks.pl\/wp-content\/uploads\/2015\/12\/9783836557764.png","datePublished":"2016-01-07T11:00:38+00:00","dateModified":"2024-08-13T12:50:15+00:00","description":"Wejd\u017a i kup ksi\u0105\u017ck\u0119 Steinweiss. The Inventor of the Modern Album Cover autorstwa Alex Steinweiss, Kevin Reagan, Steven Heller wydan\u0105 przez TASCHEN () w formacie 14 x 19,5 cm (ISBN: 9783836557764). Zapraszamy!","breadcrumb":{"@id":"https:\/\/foliobooks.pl\/en\/shop\/steinweiss-the-inventor-of-the-modern-album-cover\/#breadcrumb"},"inLanguage":"en-US","potentialAction":[{"@type":"ReadAction","target":["https:\/\/foliobooks.pl\/en\/shop\/steinweiss-the-inventor-of-the-modern-album-cover\/"]}]},{"@type":"ImageObject","inLanguage":"en-US","@id":"https:\/\/foliobooks.pl\/en\/shop\/steinweiss-the-inventor-of-the-modern-album-cover\/#primaryimage","url":"https:\/\/foliobooks.pl\/wp-content\/uploads\/2015\/12\/9783836557764.png","contentUrl":"https:\/\/foliobooks.pl\/wp-content\/uploads\/2015\/12\/9783836557764.png","width":570,"height":708},{"@type":"BreadcrumbList","@id":"https:\/\/foliobooks.pl\/en\/shop\/steinweiss-the-inventor-of-the-modern-album-cover\/#breadcrumb","itemListElement":[{"@type":"ListItem","position":1,"name":"Strona g\u0142\u00f3wna","item":"https:\/\/foliobooks.pl\/en\/"},{"@type":"ListItem","position":2,"name":"Shop","item":"https:\/\/foliobooks.pl\/en\/shop\/"},{"@type":"ListItem","position":3,"name":"Steinweiss. The Inventor of the Modern Album Cover"}]},{"@type":"WebSite","@id":"https:\/\/foliobooks.pl\/en\/#website","url":"https:\/\/foliobooks.pl\/en\/","name":"Folio","description":"Ksi\u0119garnia internetowa","potentialAction":[{"@type":"SearchAction","target":{"@type":"EntryPoint","urlTemplate":"https:\/\/foliobooks.pl\/en\/?s={search_term_string}"},"query-input":{"@type":"PropertyValueSpecification","valueRequired":true,"valueName":"search_term_string"}}],"inLanguage":"en-US"}]}},"_links":{"self":[{"href":"https:\/\/foliobooks.pl\/en\/wp-json\/wp\/v2\/product\/12378","targetHints":{"allow":["GET"]}}],"collection":[{"href":"https:\/\/foliobooks.pl\/en\/wp-json\/wp\/v2\/product"}],"about":[{"href":"https:\/\/foliobooks.pl\/en\/wp-json\/wp\/v2\/types\/product"}],"replies":[{"embeddable":true,"href":"https:\/\/foliobooks.pl\/en\/wp-json\/wp\/v2\/comments?post=12378"}],"wp:featuredmedia":[{"embeddable":true,"href":"https:\/\/foliobooks.pl\/en\/wp-json\/wp\/v2\/media\/12638"}],"wp:attachment":[{"href":"https:\/\/foliobooks.pl\/en\/wp-json\/wp\/v2\/media?parent=12378"}],"wp:term":[{"taxonomy":"product_brand","embeddable":true,"href":"https:\/\/foliobooks.pl\/en\/wp-json\/wp\/v2\/product_brand?post=12378"},{"taxonomy":"product_cat","embeddable":true,"href":"https:\/\/foliobooks.pl\/en\/wp-json\/wp\/v2\/product_cat?post=12378"},{"taxonomy":"product_tag","embeddable":true,"href":"https:\/\/foliobooks.pl\/en\/wp-json\/wp\/v2\/product_tag?post=12378"}],"curies":[{"name":"wp","href":"https:\/\/api.w.org\/{rel}","templated":true}]}}