{"id":12199,"date":"2015-12-17T10:31:17","date_gmt":"2015-12-17T09:31:17","guid":{"rendered":"http:\/\/foliobooks.pl\/en\/?post_type=product&#038;p=12199"},"modified":"2023-01-04T17:08:33","modified_gmt":"2023-01-04T16:08:33","slug":"olivo-barbieri-ersatz-lights","status":"publish","type":"product","link":"https:\/\/foliobooks.pl\/en\/shop\/olivo-barbieri-ersatz-lights\/","title":{"rendered":"Olivo Barbieri. Ersatz Lights"},"content":{"rendered":"<p>Nightlight: landscapes and cityscapes from Europe to the Far East.<\/p>\n<p>In his photographs, Olivo Barbieri (*1954 in Carpi) displays human living environments in such a way that the unknown facets of reality come to light. Urban centers in China or America dominate his photographic series, alongside geographic locations such as the Dolomite Mountains, the Alps or Capri as well as famous waterfalls in Canada, Argentina, Zimbabwe. From 2003 until 2013 he photographed more than forty cities and megacities worldwide. One of the distinctive features of his photographs is an extremely low depth of focus that creates the impression that what they show are miniature models. Despite crowds of people, flows of traffic, rows of skyscrapers, mountain ranges, or deluges of water in saturated colors and strong contrasts, the worlds he depicts seem seen for the first time. By long exposing of artificial illuminations, the feeling of estrangement is intensified even more. Barbieri produced his first nightlight photographs in the early eighties in Italy. <em>Ersatz Lights<\/em> presents all of the artist\u2019s night landscapes for the first time.<\/p>\n<p>Exhibitions: Fotografia Europea, Reggio Emilia 15.5.\u201317.7.2015 | Villa Manin, Passariano beginning Summer 2016<\/p>\n","protected":false},"excerpt":{"rendered":"<p>Nightlight: landscapes and cityscapes from Europe to the Far East. In his photographs, Olivo Barbieri (*1954 in Carpi) displays human living environments in such a way that the unknown facets of reality come to light. Urban centers in China or America dominate his photographic series, alongside geographic locations such as the Dolomite Mountains, the Alps&#8230;<\/p>\n","protected":false},"featured_media":12224,"comment_status":"closed","ping_status":"closed","template":"","meta":[],"product_brand":[],"product_cat":[4517],"product_tag":[6124,6143,519,6478,154,6479,6121,516,1185],"class_list":{"0":"post-12199","1":"product","2":"type-product","3":"status-publish","4":"has-post-thumbnail","6":"product_cat-photography-en","7":"product_tag-architecture-en","8":"product_tag-city","9":"product_tag-exhibitions-en","10":"product_tag-landscapes","11":"product_tag-monographs","12":"product_tag-night","13":"product_tag-photography","14":"product_tag-places-en","15":"product_tag-world-en","16":"pa_author_att-francesco-zanot-en","17":"pa_author_att-laura-gasparini-en","18":"pa_author_att-olivo-barbieri-en","19":"pa_cover-hardcover","20":"pa_format-245-x-307-cm-en","21":"pa_isbn-9783775739825-en","22":"pa_language-eng-it","23":"pa_pages-224-2-en","24":"pa_published-2015-05-15-en","25":"pa_publisher-hatje-cantz-en","27":"first","28":"instock","29":"sale","30":"sold-individually","31":"shipping-taxable","32":"purchasable","33":"product-type-simple"},"yoast_head":"<!-- This site is optimized with the Yoast SEO plugin v27.4 - https:\/\/yoast.com\/product\/yoast-seo-wordpress\/ -->\n<title>Olivo Barbieri. Ersatz Lights (Francesco Zanot, Laura Gasparini, Olivo Barbieri) - book \/ album - Folio<\/title>\n<meta name=\"description\" content=\"Wejd\u017a i kup ksi\u0105\u017ck\u0119 Olivo Barbieri. Ersatz Lights autorstwa Francesco Zanot, Laura Gasparini, Olivo Barbieri wydan\u0105 przez Hatje Cantz (2015-05-15) w formacie 24,5 x 30,7 cm (ISBN: 9783775739825). Zapraszamy!\" \/>\n<meta name=\"robots\" content=\"index, follow, max-snippet:-1, max-image-preview:large, max-video-preview:-1\" \/>\n<link rel=\"canonical\" href=\"https:\/\/foliobooks.pl\/en\/shop\/olivo-barbieri-ersatz-lights\/\" \/>\n<meta property=\"og:locale\" content=\"en_US\" \/>\n<meta property=\"og:type\" content=\"article\" \/>\n<meta property=\"og:title\" content=\"Olivo Barbieri. Ersatz Lights (Francesco Zanot, Laura Gasparini, Olivo Barbieri) - book \/ album - Folio\" \/>\n<meta property=\"og:description\" content=\"Wejd\u017a i kup ksi\u0105\u017ck\u0119 Olivo Barbieri. Ersatz Lights autorstwa Francesco Zanot, Laura Gasparini, Olivo Barbieri wydan\u0105 przez Hatje Cantz (2015-05-15) w formacie 24,5 x 30,7 cm (ISBN: 9783775739825). Zapraszamy!\" \/>\n<meta property=\"og:url\" content=\"https:\/\/foliobooks.pl\/en\/shop\/olivo-barbieri-ersatz-lights\/\" \/>\n<meta property=\"og:site_name\" content=\"Folio\" \/>\n<meta property=\"article:modified_time\" content=\"2023-01-04T16:08:33+00:00\" \/>\n<meta property=\"og:image\" content=\"https:\/\/foliobooks.pl\/wp-content\/uploads\/2015\/12\/9783775739825.png\" \/>\n\t<meta property=\"og:image:width\" content=\"570\" \/>\n\t<meta property=\"og:image:height\" content=\"708\" \/>\n\t<meta property=\"og:image:type\" content=\"image\/png\" \/>\n<meta name=\"twitter:card\" content=\"summary_large_image\" \/>\n<meta name=\"twitter:label1\" content=\"Est. reading time\" \/>\n\t<meta name=\"twitter:data1\" content=\"1 minute\" \/>\n<script type=\"application\/ld+json\" class=\"yoast-schema-graph\">{\"@context\":\"https:\\\/\\\/schema.org\",\"@graph\":[{\"@type\":\"WebPage\",\"@id\":\"https:\\\/\\\/foliobooks.pl\\\/en\\\/shop\\\/olivo-barbieri-ersatz-lights\\\/\",\"url\":\"https:\\\/\\\/foliobooks.pl\\\/en\\\/shop\\\/olivo-barbieri-ersatz-lights\\\/\",\"name\":\"Olivo Barbieri. Ersatz Lights (Francesco Zanot, Laura Gasparini, Olivo Barbieri) - book \\\/ album - Folio\",\"isPartOf\":{\"@id\":\"https:\\\/\\\/foliobooks.pl\\\/en\\\/#website\"},\"primaryImageOfPage\":{\"@id\":\"https:\\\/\\\/foliobooks.pl\\\/en\\\/shop\\\/olivo-barbieri-ersatz-lights\\\/#primaryimage\"},\"image\":{\"@id\":\"https:\\\/\\\/foliobooks.pl\\\/en\\\/shop\\\/olivo-barbieri-ersatz-lights\\\/#primaryimage\"},\"thumbnailUrl\":\"https:\\\/\\\/foliobooks.pl\\\/wp-content\\\/uploads\\\/2015\\\/12\\\/9783775739825.png\",\"datePublished\":\"2015-12-17T09:31:17+00:00\",\"dateModified\":\"2023-01-04T16:08:33+00:00\",\"description\":\"Wejd\u017a i kup ksi\u0105\u017ck\u0119 Olivo Barbieri. Ersatz Lights autorstwa Francesco Zanot, Laura Gasparini, Olivo Barbieri wydan\u0105 przez Hatje Cantz (2015-05-15) w formacie 24,5 x 30,7 cm (ISBN: 9783775739825). Zapraszamy!\",\"breadcrumb\":{\"@id\":\"https:\\\/\\\/foliobooks.pl\\\/en\\\/shop\\\/olivo-barbieri-ersatz-lights\\\/#breadcrumb\"},\"inLanguage\":\"en-US\",\"potentialAction\":[{\"@type\":\"ReadAction\",\"target\":[\"https:\\\/\\\/foliobooks.pl\\\/en\\\/shop\\\/olivo-barbieri-ersatz-lights\\\/\"]}]},{\"@type\":\"ImageObject\",\"inLanguage\":\"en-US\",\"@id\":\"https:\\\/\\\/foliobooks.pl\\\/en\\\/shop\\\/olivo-barbieri-ersatz-lights\\\/#primaryimage\",\"url\":\"https:\\\/\\\/foliobooks.pl\\\/wp-content\\\/uploads\\\/2015\\\/12\\\/9783775739825.png\",\"contentUrl\":\"https:\\\/\\\/foliobooks.pl\\\/wp-content\\\/uploads\\\/2015\\\/12\\\/9783775739825.png\",\"width\":570,\"height\":708},{\"@type\":\"BreadcrumbList\",\"@id\":\"https:\\\/\\\/foliobooks.pl\\\/en\\\/shop\\\/olivo-barbieri-ersatz-lights\\\/#breadcrumb\",\"itemListElement\":[{\"@type\":\"ListItem\",\"position\":1,\"name\":\"Strona g\u0142\u00f3wna\",\"item\":\"https:\\\/\\\/foliobooks.pl\\\/en\\\/\"},{\"@type\":\"ListItem\",\"position\":2,\"name\":\"Shop\",\"item\":\"https:\\\/\\\/foliobooks.pl\\\/en\\\/shop\\\/\"},{\"@type\":\"ListItem\",\"position\":3,\"name\":\"Olivo Barbieri. Ersatz Lights\"}]},{\"@type\":\"WebSite\",\"@id\":\"https:\\\/\\\/foliobooks.pl\\\/en\\\/#website\",\"url\":\"https:\\\/\\\/foliobooks.pl\\\/en\\\/\",\"name\":\"Folio\",\"description\":\"Ksi\u0119garnia internetowa\",\"potentialAction\":[{\"@type\":\"SearchAction\",\"target\":{\"@type\":\"EntryPoint\",\"urlTemplate\":\"https:\\\/\\\/foliobooks.pl\\\/en\\\/?s={search_term_string}\"},\"query-input\":{\"@type\":\"PropertyValueSpecification\",\"valueRequired\":true,\"valueName\":\"search_term_string\"}}],\"inLanguage\":\"en-US\"}]}<\/script>\n<!-- \/ Yoast SEO plugin. -->","yoast_head_json":{"title":"Olivo Barbieri. Ersatz Lights (Francesco Zanot, Laura Gasparini, Olivo Barbieri) - book \/ album - Folio","description":"Wejd\u017a i kup ksi\u0105\u017ck\u0119 Olivo Barbieri. Ersatz Lights autorstwa Francesco Zanot, Laura Gasparini, Olivo Barbieri wydan\u0105 przez Hatje Cantz (2015-05-15) w formacie 24,5 x 30,7 cm (ISBN: 9783775739825). Zapraszamy!","robots":{"index":"index","follow":"follow","max-snippet":"max-snippet:-1","max-image-preview":"max-image-preview:large","max-video-preview":"max-video-preview:-1"},"canonical":"https:\/\/foliobooks.pl\/en\/shop\/olivo-barbieri-ersatz-lights\/","og_locale":"en_US","og_type":"article","og_title":"Olivo Barbieri. Ersatz Lights (Francesco Zanot, Laura Gasparini, Olivo Barbieri) - book \/ album - Folio","og_description":"Wejd\u017a i kup ksi\u0105\u017ck\u0119 Olivo Barbieri. Ersatz Lights autorstwa Francesco Zanot, Laura Gasparini, Olivo Barbieri wydan\u0105 przez Hatje Cantz (2015-05-15) w formacie 24,5 x 30,7 cm (ISBN: 9783775739825). Zapraszamy!","og_url":"https:\/\/foliobooks.pl\/en\/shop\/olivo-barbieri-ersatz-lights\/","og_site_name":"Folio","article_modified_time":"2023-01-04T16:08:33+00:00","og_image":[{"width":570,"height":708,"url":"https:\/\/foliobooks.pl\/wp-content\/uploads\/2015\/12\/9783775739825.png","type":"image\/png"}],"twitter_card":"summary_large_image","twitter_misc":{"Est. reading time":"1 minute"},"schema":{"@context":"https:\/\/schema.org","@graph":[{"@type":"WebPage","@id":"https:\/\/foliobooks.pl\/en\/shop\/olivo-barbieri-ersatz-lights\/","url":"https:\/\/foliobooks.pl\/en\/shop\/olivo-barbieri-ersatz-lights\/","name":"Olivo Barbieri. Ersatz Lights (Francesco Zanot, Laura Gasparini, Olivo Barbieri) - book \/ album - Folio","isPartOf":{"@id":"https:\/\/foliobooks.pl\/en\/#website"},"primaryImageOfPage":{"@id":"https:\/\/foliobooks.pl\/en\/shop\/olivo-barbieri-ersatz-lights\/#primaryimage"},"image":{"@id":"https:\/\/foliobooks.pl\/en\/shop\/olivo-barbieri-ersatz-lights\/#primaryimage"},"thumbnailUrl":"https:\/\/foliobooks.pl\/wp-content\/uploads\/2015\/12\/9783775739825.png","datePublished":"2015-12-17T09:31:17+00:00","dateModified":"2023-01-04T16:08:33+00:00","description":"Wejd\u017a i kup ksi\u0105\u017ck\u0119 Olivo Barbieri. Ersatz Lights autorstwa Francesco Zanot, Laura Gasparini, Olivo Barbieri wydan\u0105 przez Hatje Cantz (2015-05-15) w formacie 24,5 x 30,7 cm (ISBN: 9783775739825). Zapraszamy!","breadcrumb":{"@id":"https:\/\/foliobooks.pl\/en\/shop\/olivo-barbieri-ersatz-lights\/#breadcrumb"},"inLanguage":"en-US","potentialAction":[{"@type":"ReadAction","target":["https:\/\/foliobooks.pl\/en\/shop\/olivo-barbieri-ersatz-lights\/"]}]},{"@type":"ImageObject","inLanguage":"en-US","@id":"https:\/\/foliobooks.pl\/en\/shop\/olivo-barbieri-ersatz-lights\/#primaryimage","url":"https:\/\/foliobooks.pl\/wp-content\/uploads\/2015\/12\/9783775739825.png","contentUrl":"https:\/\/foliobooks.pl\/wp-content\/uploads\/2015\/12\/9783775739825.png","width":570,"height":708},{"@type":"BreadcrumbList","@id":"https:\/\/foliobooks.pl\/en\/shop\/olivo-barbieri-ersatz-lights\/#breadcrumb","itemListElement":[{"@type":"ListItem","position":1,"name":"Strona g\u0142\u00f3wna","item":"https:\/\/foliobooks.pl\/en\/"},{"@type":"ListItem","position":2,"name":"Shop","item":"https:\/\/foliobooks.pl\/en\/shop\/"},{"@type":"ListItem","position":3,"name":"Olivo Barbieri. Ersatz Lights"}]},{"@type":"WebSite","@id":"https:\/\/foliobooks.pl\/en\/#website","url":"https:\/\/foliobooks.pl\/en\/","name":"Folio","description":"Ksi\u0119garnia internetowa","potentialAction":[{"@type":"SearchAction","target":{"@type":"EntryPoint","urlTemplate":"https:\/\/foliobooks.pl\/en\/?s={search_term_string}"},"query-input":{"@type":"PropertyValueSpecification","valueRequired":true,"valueName":"search_term_string"}}],"inLanguage":"en-US"}]}},"_links":{"self":[{"href":"https:\/\/foliobooks.pl\/en\/wp-json\/wp\/v2\/product\/12199","targetHints":{"allow":["GET"]}}],"collection":[{"href":"https:\/\/foliobooks.pl\/en\/wp-json\/wp\/v2\/product"}],"about":[{"href":"https:\/\/foliobooks.pl\/en\/wp-json\/wp\/v2\/types\/product"}],"replies":[{"embeddable":true,"href":"https:\/\/foliobooks.pl\/en\/wp-json\/wp\/v2\/comments?post=12199"}],"wp:featuredmedia":[{"embeddable":true,"href":"https:\/\/foliobooks.pl\/en\/wp-json\/wp\/v2\/media\/12224"}],"wp:attachment":[{"href":"https:\/\/foliobooks.pl\/en\/wp-json\/wp\/v2\/media?parent=12199"}],"wp:term":[{"taxonomy":"product_brand","embeddable":true,"href":"https:\/\/foliobooks.pl\/en\/wp-json\/wp\/v2\/product_brand?post=12199"},{"taxonomy":"product_cat","embeddable":true,"href":"https:\/\/foliobooks.pl\/en\/wp-json\/wp\/v2\/product_cat?post=12199"},{"taxonomy":"product_tag","embeddable":true,"href":"https:\/\/foliobooks.pl\/en\/wp-json\/wp\/v2\/product_tag?post=12199"}],"curies":[{"name":"wp","href":"https:\/\/api.w.org\/{rel}","templated":true}]}}