{"id":12189,"date":"2015-12-17T12:07:50","date_gmt":"2015-12-17T11:07:50","guid":{"rendered":"http:\/\/foliobooks.pl\/en\/?post_type=product&#038;p=12189"},"modified":"2021-08-23T11:28:56","modified_gmt":"2021-08-23T09:28:56","slug":"plip-the-umbrella-man","status":"publish","type":"product","link":"https:\/\/foliobooks.pl\/en\/shop\/plip-the-umbrella-man\/","title":{"rendered":"Plip, the Umbrella Man"},"content":{"rendered":"<p>Plip came into the world as an ordinary man. But when it started to rain, he became more and more unhappy. At first, he thought the rain would stop. When it didn\u2019t, Plip decided to live the rest of his life as an umbrella man.<\/p>\n<p>Plip now walks through the world protected from raindrops, but he\u2019s lonely. When he meets an umbrella woman, they try to hug, but their umbrellas get in the way. This makes Plip even sadder and he finally closes himself up and leaves the umbrella woman behind. Feelings rage inside of him. Cyclones, tornadoes, and typhoons break over him and his umbrella can\u2019t hold up. It turns inside out and collects a whole sea of rainwater that gets heavier and heavier until Plip has no choice but to pour himself out\u2009\u2026<\/p>\n<p>With his story of Plip, author David Sire explores important facets of life including doubt, love, and confidence. To emphasize the inner workings of Plip\u2019s psyche, illustrator Thomas Baas works only with cool blue tones and one warm red. The metaphor of rain and its various meanings inspire young readers to think about how they deal with their own emotions.<\/p>\n<p>David Sire enjoys getting children and young people to think about life\u2019s questions\u2014both big and small. He writes books and music, and is the founder of a concert series called BIDULOSOPHIE. On stage, Sire plays guitar, sings children\u2019s songs, and tells stories. He also teaches young people about writing and plays music with school children in Africa and South America.<\/p>\n<p>Thomas Baas studied with the French children\u2019s book illustrator Claude Lapointe at the School of Applied Arts in Strasbourg. He now lives in Paris where he has worked on numerous children\u2019s books. To Baas, atmospheric colors and unusual type are especially important to help communicate a story\u2019s message.<\/p>\n","protected":false},"excerpt":{"rendered":"<p>Plip came into the world as an ordinary man. But when it started to rain, he became more and more unhappy. At first, he thought the rain would stop. When it didn\u2019t, Plip decided to live the rest of his life as an umbrella man. Plip now walks through the world protected from raindrops, but&#8230;<\/p>\n","protected":false},"featured_media":12248,"comment_status":"closed","ping_status":"closed","template":"","meta":[],"product_brand":[],"product_cat":[4521],"product_tag":[1460,6433,1649,6432,6434],"class_list":{"0":"post-12189","1":"product","2":"type-product","3":"status-publish","4":"has-post-thumbnail","6":"product_cat-silva-rerum-en-en","7":"product_tag-children-en","8":"product_tag-emotions","9":"product_tag-illustration","10":"product_tag-rain","11":"product_tag-story","12":"pa_author_att-david-sire-en","13":"pa_author_att-thomas-baas-en","14":"pa_cover-hardcover","15":"pa_format-23x31cm-en","16":"pa_isbn-9783899557381-en","17":"pa_language-eng","18":"pa_pages-40-en","19":"pa_published-2015-01-en","20":"pa_publisher-gestalten-en","22":"first","23":"instock","24":"sale","25":"sold-individually","26":"shipping-taxable","27":"purchasable","28":"product-type-simple"},"yoast_head":"<!-- This site is optimized with the Yoast SEO plugin v27.4 - https:\/\/yoast.com\/product\/yoast-seo-wordpress\/ -->\n<title>Plip, the Umbrella Man (David Sire, Thomas Baas) - book \/ album - Folio<\/title>\n<meta name=\"description\" content=\"Wejd\u017a i kup ksi\u0105\u017ck\u0119 Plip, the Umbrella Man autorstwa David Sire, Thomas Baas wydan\u0105 przez gestalten (2015-01) w formacie 23\u2009\u00d7\u200931\u2009cm (ISBN: 9783899557381). Zapraszamy!\" \/>\n<meta name=\"robots\" content=\"index, follow, max-snippet:-1, max-image-preview:large, max-video-preview:-1\" \/>\n<link rel=\"canonical\" href=\"https:\/\/foliobooks.pl\/en\/shop\/plip-the-umbrella-man\/\" \/>\n<meta property=\"og:locale\" content=\"en_US\" \/>\n<meta property=\"og:type\" content=\"article\" \/>\n<meta property=\"og:title\" content=\"Plip, the Umbrella Man (David Sire, Thomas Baas) - book \/ album - Folio\" \/>\n<meta property=\"og:description\" content=\"Wejd\u017a i kup ksi\u0105\u017ck\u0119 Plip, the Umbrella Man autorstwa David Sire, Thomas Baas wydan\u0105 przez gestalten (2015-01) w formacie 23\u2009\u00d7\u200931\u2009cm (ISBN: 9783899557381). Zapraszamy!\" \/>\n<meta property=\"og:url\" content=\"https:\/\/foliobooks.pl\/en\/shop\/plip-the-umbrella-man\/\" \/>\n<meta property=\"og:site_name\" content=\"Folio\" \/>\n<meta property=\"article:modified_time\" content=\"2021-08-23T09:28:56+00:00\" \/>\n<meta property=\"og:image\" content=\"https:\/\/foliobooks.pl\/wp-content\/uploads\/2015\/12\/9783899557381.png\" \/>\n\t<meta property=\"og:image:width\" content=\"570\" \/>\n\t<meta property=\"og:image:height\" content=\"708\" \/>\n\t<meta property=\"og:image:type\" content=\"image\/png\" \/>\n<meta name=\"twitter:card\" content=\"summary_large_image\" \/>\n<meta name=\"twitter:label1\" content=\"Est. reading time\" \/>\n\t<meta name=\"twitter:data1\" content=\"2 minutes\" \/>\n<script type=\"application\/ld+json\" class=\"yoast-schema-graph\">{\"@context\":\"https:\\\/\\\/schema.org\",\"@graph\":[{\"@type\":\"WebPage\",\"@id\":\"https:\\\/\\\/foliobooks.pl\\\/en\\\/shop\\\/plip-the-umbrella-man\\\/\",\"url\":\"https:\\\/\\\/foliobooks.pl\\\/en\\\/shop\\\/plip-the-umbrella-man\\\/\",\"name\":\"Plip, the Umbrella Man (David Sire, Thomas Baas) - book \\\/ album - Folio\",\"isPartOf\":{\"@id\":\"https:\\\/\\\/foliobooks.pl\\\/en\\\/#website\"},\"primaryImageOfPage\":{\"@id\":\"https:\\\/\\\/foliobooks.pl\\\/en\\\/shop\\\/plip-the-umbrella-man\\\/#primaryimage\"},\"image\":{\"@id\":\"https:\\\/\\\/foliobooks.pl\\\/en\\\/shop\\\/plip-the-umbrella-man\\\/#primaryimage\"},\"thumbnailUrl\":\"https:\\\/\\\/foliobooks.pl\\\/wp-content\\\/uploads\\\/2015\\\/12\\\/9783899557381.png\",\"datePublished\":\"2015-12-17T11:07:50+00:00\",\"dateModified\":\"2021-08-23T09:28:56+00:00\",\"description\":\"Wejd\u017a i kup ksi\u0105\u017ck\u0119 Plip, the Umbrella Man autorstwa David Sire, Thomas Baas wydan\u0105 przez gestalten (2015-01) w formacie 23\u2009\u00d7\u200931\u2009cm (ISBN: 9783899557381). Zapraszamy!\",\"breadcrumb\":{\"@id\":\"https:\\\/\\\/foliobooks.pl\\\/en\\\/shop\\\/plip-the-umbrella-man\\\/#breadcrumb\"},\"inLanguage\":\"en-US\",\"potentialAction\":[{\"@type\":\"ReadAction\",\"target\":[\"https:\\\/\\\/foliobooks.pl\\\/en\\\/shop\\\/plip-the-umbrella-man\\\/\"]}]},{\"@type\":\"ImageObject\",\"inLanguage\":\"en-US\",\"@id\":\"https:\\\/\\\/foliobooks.pl\\\/en\\\/shop\\\/plip-the-umbrella-man\\\/#primaryimage\",\"url\":\"https:\\\/\\\/foliobooks.pl\\\/wp-content\\\/uploads\\\/2015\\\/12\\\/9783899557381.png\",\"contentUrl\":\"https:\\\/\\\/foliobooks.pl\\\/wp-content\\\/uploads\\\/2015\\\/12\\\/9783899557381.png\",\"width\":570,\"height\":708},{\"@type\":\"BreadcrumbList\",\"@id\":\"https:\\\/\\\/foliobooks.pl\\\/en\\\/shop\\\/plip-the-umbrella-man\\\/#breadcrumb\",\"itemListElement\":[{\"@type\":\"ListItem\",\"position\":1,\"name\":\"Strona g\u0142\u00f3wna\",\"item\":\"https:\\\/\\\/foliobooks.pl\\\/en\\\/\"},{\"@type\":\"ListItem\",\"position\":2,\"name\":\"Shop\",\"item\":\"https:\\\/\\\/foliobooks.pl\\\/en\\\/shop\\\/\"},{\"@type\":\"ListItem\",\"position\":3,\"name\":\"Plip, the Umbrella Man\"}]},{\"@type\":\"WebSite\",\"@id\":\"https:\\\/\\\/foliobooks.pl\\\/en\\\/#website\",\"url\":\"https:\\\/\\\/foliobooks.pl\\\/en\\\/\",\"name\":\"Folio\",\"description\":\"Ksi\u0119garnia internetowa\",\"potentialAction\":[{\"@type\":\"SearchAction\",\"target\":{\"@type\":\"EntryPoint\",\"urlTemplate\":\"https:\\\/\\\/foliobooks.pl\\\/en\\\/?s={search_term_string}\"},\"query-input\":{\"@type\":\"PropertyValueSpecification\",\"valueRequired\":true,\"valueName\":\"search_term_string\"}}],\"inLanguage\":\"en-US\"}]}<\/script>\n<!-- \/ Yoast SEO plugin. -->","yoast_head_json":{"title":"Plip, the Umbrella Man (David Sire, Thomas Baas) - book \/ album - Folio","description":"Wejd\u017a i kup ksi\u0105\u017ck\u0119 Plip, the Umbrella Man autorstwa David Sire, Thomas Baas wydan\u0105 przez gestalten (2015-01) w formacie 23\u2009\u00d7\u200931\u2009cm (ISBN: 9783899557381). Zapraszamy!","robots":{"index":"index","follow":"follow","max-snippet":"max-snippet:-1","max-image-preview":"max-image-preview:large","max-video-preview":"max-video-preview:-1"},"canonical":"https:\/\/foliobooks.pl\/en\/shop\/plip-the-umbrella-man\/","og_locale":"en_US","og_type":"article","og_title":"Plip, the Umbrella Man (David Sire, Thomas Baas) - book \/ album - Folio","og_description":"Wejd\u017a i kup ksi\u0105\u017ck\u0119 Plip, the Umbrella Man autorstwa David Sire, Thomas Baas wydan\u0105 przez gestalten (2015-01) w formacie 23\u2009\u00d7\u200931\u2009cm (ISBN: 9783899557381). Zapraszamy!","og_url":"https:\/\/foliobooks.pl\/en\/shop\/plip-the-umbrella-man\/","og_site_name":"Folio","article_modified_time":"2021-08-23T09:28:56+00:00","og_image":[{"width":570,"height":708,"url":"https:\/\/foliobooks.pl\/wp-content\/uploads\/2015\/12\/9783899557381.png","type":"image\/png"}],"twitter_card":"summary_large_image","twitter_misc":{"Est. reading time":"2 minutes"},"schema":{"@context":"https:\/\/schema.org","@graph":[{"@type":"WebPage","@id":"https:\/\/foliobooks.pl\/en\/shop\/plip-the-umbrella-man\/","url":"https:\/\/foliobooks.pl\/en\/shop\/plip-the-umbrella-man\/","name":"Plip, the Umbrella Man (David Sire, Thomas Baas) - book \/ album - Folio","isPartOf":{"@id":"https:\/\/foliobooks.pl\/en\/#website"},"primaryImageOfPage":{"@id":"https:\/\/foliobooks.pl\/en\/shop\/plip-the-umbrella-man\/#primaryimage"},"image":{"@id":"https:\/\/foliobooks.pl\/en\/shop\/plip-the-umbrella-man\/#primaryimage"},"thumbnailUrl":"https:\/\/foliobooks.pl\/wp-content\/uploads\/2015\/12\/9783899557381.png","datePublished":"2015-12-17T11:07:50+00:00","dateModified":"2021-08-23T09:28:56+00:00","description":"Wejd\u017a i kup ksi\u0105\u017ck\u0119 Plip, the Umbrella Man autorstwa David Sire, Thomas Baas wydan\u0105 przez gestalten (2015-01) w formacie 23\u2009\u00d7\u200931\u2009cm (ISBN: 9783899557381). Zapraszamy!","breadcrumb":{"@id":"https:\/\/foliobooks.pl\/en\/shop\/plip-the-umbrella-man\/#breadcrumb"},"inLanguage":"en-US","potentialAction":[{"@type":"ReadAction","target":["https:\/\/foliobooks.pl\/en\/shop\/plip-the-umbrella-man\/"]}]},{"@type":"ImageObject","inLanguage":"en-US","@id":"https:\/\/foliobooks.pl\/en\/shop\/plip-the-umbrella-man\/#primaryimage","url":"https:\/\/foliobooks.pl\/wp-content\/uploads\/2015\/12\/9783899557381.png","contentUrl":"https:\/\/foliobooks.pl\/wp-content\/uploads\/2015\/12\/9783899557381.png","width":570,"height":708},{"@type":"BreadcrumbList","@id":"https:\/\/foliobooks.pl\/en\/shop\/plip-the-umbrella-man\/#breadcrumb","itemListElement":[{"@type":"ListItem","position":1,"name":"Strona g\u0142\u00f3wna","item":"https:\/\/foliobooks.pl\/en\/"},{"@type":"ListItem","position":2,"name":"Shop","item":"https:\/\/foliobooks.pl\/en\/shop\/"},{"@type":"ListItem","position":3,"name":"Plip, the Umbrella Man"}]},{"@type":"WebSite","@id":"https:\/\/foliobooks.pl\/en\/#website","url":"https:\/\/foliobooks.pl\/en\/","name":"Folio","description":"Ksi\u0119garnia internetowa","potentialAction":[{"@type":"SearchAction","target":{"@type":"EntryPoint","urlTemplate":"https:\/\/foliobooks.pl\/en\/?s={search_term_string}"},"query-input":{"@type":"PropertyValueSpecification","valueRequired":true,"valueName":"search_term_string"}}],"inLanguage":"en-US"}]}},"_links":{"self":[{"href":"https:\/\/foliobooks.pl\/en\/wp-json\/wp\/v2\/product\/12189","targetHints":{"allow":["GET"]}}],"collection":[{"href":"https:\/\/foliobooks.pl\/en\/wp-json\/wp\/v2\/product"}],"about":[{"href":"https:\/\/foliobooks.pl\/en\/wp-json\/wp\/v2\/types\/product"}],"replies":[{"embeddable":true,"href":"https:\/\/foliobooks.pl\/en\/wp-json\/wp\/v2\/comments?post=12189"}],"wp:featuredmedia":[{"embeddable":true,"href":"https:\/\/foliobooks.pl\/en\/wp-json\/wp\/v2\/media\/12248"}],"wp:attachment":[{"href":"https:\/\/foliobooks.pl\/en\/wp-json\/wp\/v2\/media?parent=12189"}],"wp:term":[{"taxonomy":"product_brand","embeddable":true,"href":"https:\/\/foliobooks.pl\/en\/wp-json\/wp\/v2\/product_brand?post=12189"},{"taxonomy":"product_cat","embeddable":true,"href":"https:\/\/foliobooks.pl\/en\/wp-json\/wp\/v2\/product_cat?post=12189"},{"taxonomy":"product_tag","embeddable":true,"href":"https:\/\/foliobooks.pl\/en\/wp-json\/wp\/v2\/product_tag?post=12189"}],"curies":[{"name":"wp","href":"https:\/\/api.w.org\/{rel}","templated":true}]}}