{"id":12180,"date":"2015-12-17T12:04:50","date_gmt":"2015-12-17T11:04:50","guid":{"rendered":"http:\/\/foliobooks.pl\/en\/?post_type=product&#038;p=12180"},"modified":"2020-06-17T10:19:53","modified_gmt":"2020-06-17T08:19:53","slug":"how-big-is-big-how-far-is-far","status":"publish","type":"product","link":"https:\/\/foliobooks.pl\/en\/shop\/how-big-is-big-how-far-is-far\/","title":{"rendered":"How Big Is Big? How Far Is Far?"},"content":{"rendered":"<p>How fast is 120 kilometers per hour? How heavy are 4 tons? Units of measure are abstract\u2014until, that is, they are contrasted with other quantities. The entertaining juxtapositions in <em>How Big Is Big? How Far Is Far?<\/em> make dimensions and measurements more comprehensible for children.<\/p>\n<p>The book features amusing comparisons that make units of length, distance, weight, speed and time easier to grasp. The Queen of England\u2019s crown, for example, weighs more than 100 portions of cotton candy. It would take eight days of travel in an elevator through the Earth\u2019s center to reach the other end. When the world\u2019s oldest living tortoise was born, there were no electric lights, telephones, cars, or airplanes.<\/p>\n<p><em>How Big Is Big? How Far Is Far?<\/em> is full of amazing facts for children thirsting for knowledge. Intelligent and witty illustrations by Jan Van Der Veken help young readers better understand how large, far away, heavy, or old something actually is when they come across a unit of measure.<\/p>\n<p>Jan Van Der Veken is an illustrator and graphic artist from Ghent whose work is firmly rooted in the Belgian school of comics and illustration. Heavily influenced by the <em>Ligne Claire<\/em> of master illustrator Herg\u00e9s, his distinctive style melds the tradition of Belgian comics with a contemporary visual language. Van Der Veken has collaborated with Gestalten on numerous occasions, most recently on his monograph <em>Fabrica Grafica<\/em>.<\/p>\n","protected":false},"excerpt":{"rendered":"<p>How fast is 120 kilometers per hour? How heavy are 4 tons? Units of measure are abstract\u2014until, that is, they are contrasted with other quantities. The entertaining juxtapositions in How Big Is Big? How Far Is Far? make dimensions and measurements more comprehensible for children. The book features amusing comparisons that make units of length,&#8230;<\/p>\n","protected":false},"featured_media":12242,"comment_status":"closed","ping_status":"closed","template":"","meta":[],"product_brand":[],"product_cat":[4521],"product_tag":[1460,6394,6385,6395,1649,6388,6947,6386,1185],"class_list":{"0":"post-12180","1":"product","2":"type-product","3":"status-publish","4":"has-post-thumbnail","6":"product_cat-silva-rerum-en-en","7":"product_tag-children-en","8":"product_tag-curiosities-en","9":"product_tag-education","10":"product_tag-facts","11":"product_tag-illustration","12":"product_tag-knowledge","13":"product_tag-science-en","14":"product_tag-units-of-measurement","15":"product_tag-world-en","16":"pa_author_att-jan-van-der-veken-en","17":"pa_cover-hardcover","18":"pa_format-24x28cm-en","19":"pa_isbn-9783899557329-en","20":"pa_language-eng","21":"pa_pages-48-en","22":"pa_published-2015-04-21-en","23":"pa_publisher-gestalten-en","25":"first","26":"instock","27":"sale","28":"sold-individually","29":"shipping-taxable","30":"purchasable","31":"product-type-simple"},"yoast_head":"<!-- This site is optimized with the Yoast SEO plugin v27.6 - https:\/\/yoast.com\/product\/yoast-seo-wordpress\/ -->\n<title>How Big Is Big? How Far Is Far? (Jan Van Der Veken) - book \/ album - Folio<\/title>\n<meta name=\"description\" content=\"Wejd\u017a i kup ksi\u0105\u017ck\u0119 How Big Is Big? How Far Is Far? autorstwa Jan Van Der Veken wydan\u0105 przez gestalten (2015-04-21) w formacie 24\u2009\u00d7\u200928\u2009cm (ISBN: 9783899557329). Zapraszamy!\" \/>\n<meta name=\"robots\" content=\"index, follow, max-snippet:-1, max-image-preview:large, max-video-preview:-1\" \/>\n<link rel=\"canonical\" href=\"https:\/\/foliobooks.pl\/en\/shop\/how-big-is-big-how-far-is-far\/\" \/>\n<meta property=\"og:locale\" content=\"en_US\" \/>\n<meta property=\"og:type\" content=\"article\" \/>\n<meta property=\"og:title\" content=\"How Big Is Big? How Far Is Far? (Jan Van Der Veken) - book \/ album - Folio\" \/>\n<meta property=\"og:description\" content=\"Wejd\u017a i kup ksi\u0105\u017ck\u0119 How Big Is Big? How Far Is Far? autorstwa Jan Van Der Veken wydan\u0105 przez gestalten (2015-04-21) w formacie 24\u2009\u00d7\u200928\u2009cm (ISBN: 9783899557329). Zapraszamy!\" \/>\n<meta property=\"og:url\" content=\"https:\/\/foliobooks.pl\/en\/shop\/how-big-is-big-how-far-is-far\/\" \/>\n<meta property=\"og:site_name\" content=\"Folio\" \/>\n<meta property=\"article:modified_time\" content=\"2020-06-17T08:19:53+00:00\" \/>\n<meta property=\"og:image\" content=\"https:\/\/foliobooks.pl\/wp-content\/uploads\/2015\/12\/9783899557329.png\" \/>\n\t<meta property=\"og:image:width\" content=\"570\" \/>\n\t<meta property=\"og:image:height\" content=\"708\" \/>\n\t<meta property=\"og:image:type\" content=\"image\/png\" \/>\n<meta name=\"twitter:card\" content=\"summary_large_image\" \/>\n<meta name=\"twitter:label1\" content=\"Est. reading time\" \/>\n\t<meta name=\"twitter:data1\" content=\"1 minute\" \/>\n<script type=\"application\/ld+json\" class=\"yoast-schema-graph\">{\"@context\":\"https:\\\/\\\/schema.org\",\"@graph\":[{\"@type\":\"WebPage\",\"@id\":\"https:\\\/\\\/foliobooks.pl\\\/en\\\/shop\\\/how-big-is-big-how-far-is-far\\\/\",\"url\":\"https:\\\/\\\/foliobooks.pl\\\/en\\\/shop\\\/how-big-is-big-how-far-is-far\\\/\",\"name\":\"How Big Is Big? How Far Is Far? (Jan Van Der Veken) - book \\\/ album - Folio\",\"isPartOf\":{\"@id\":\"https:\\\/\\\/foliobooks.pl\\\/en\\\/#website\"},\"primaryImageOfPage\":{\"@id\":\"https:\\\/\\\/foliobooks.pl\\\/en\\\/shop\\\/how-big-is-big-how-far-is-far\\\/#primaryimage\"},\"image\":{\"@id\":\"https:\\\/\\\/foliobooks.pl\\\/en\\\/shop\\\/how-big-is-big-how-far-is-far\\\/#primaryimage\"},\"thumbnailUrl\":\"https:\\\/\\\/foliobooks.pl\\\/wp-content\\\/uploads\\\/2015\\\/12\\\/9783899557329.png\",\"datePublished\":\"2015-12-17T11:04:50+00:00\",\"dateModified\":\"2020-06-17T08:19:53+00:00\",\"description\":\"Wejd\u017a i kup ksi\u0105\u017ck\u0119 How Big Is Big? How Far Is Far? autorstwa Jan Van Der Veken wydan\u0105 przez gestalten (2015-04-21) w formacie 24\u2009\u00d7\u200928\u2009cm (ISBN: 9783899557329). Zapraszamy!\",\"breadcrumb\":{\"@id\":\"https:\\\/\\\/foliobooks.pl\\\/en\\\/shop\\\/how-big-is-big-how-far-is-far\\\/#breadcrumb\"},\"inLanguage\":\"en-US\",\"potentialAction\":[{\"@type\":\"ReadAction\",\"target\":[\"https:\\\/\\\/foliobooks.pl\\\/en\\\/shop\\\/how-big-is-big-how-far-is-far\\\/\"]}]},{\"@type\":\"ImageObject\",\"inLanguage\":\"en-US\",\"@id\":\"https:\\\/\\\/foliobooks.pl\\\/en\\\/shop\\\/how-big-is-big-how-far-is-far\\\/#primaryimage\",\"url\":\"https:\\\/\\\/foliobooks.pl\\\/wp-content\\\/uploads\\\/2015\\\/12\\\/9783899557329.png\",\"contentUrl\":\"https:\\\/\\\/foliobooks.pl\\\/wp-content\\\/uploads\\\/2015\\\/12\\\/9783899557329.png\",\"width\":570,\"height\":708},{\"@type\":\"BreadcrumbList\",\"@id\":\"https:\\\/\\\/foliobooks.pl\\\/en\\\/shop\\\/how-big-is-big-how-far-is-far\\\/#breadcrumb\",\"itemListElement\":[{\"@type\":\"ListItem\",\"position\":1,\"name\":\"Strona g\u0142\u00f3wna\",\"item\":\"https:\\\/\\\/foliobooks.pl\\\/en\\\/\"},{\"@type\":\"ListItem\",\"position\":2,\"name\":\"Shop\",\"item\":\"https:\\\/\\\/foliobooks.pl\\\/en\\\/shop\\\/\"},{\"@type\":\"ListItem\",\"position\":3,\"name\":\"How Big Is Big? How Far Is Far?\"}]},{\"@type\":\"WebSite\",\"@id\":\"https:\\\/\\\/foliobooks.pl\\\/en\\\/#website\",\"url\":\"https:\\\/\\\/foliobooks.pl\\\/en\\\/\",\"name\":\"Folio\",\"description\":\"Ksi\u0119garnia internetowa\",\"potentialAction\":[{\"@type\":\"SearchAction\",\"target\":{\"@type\":\"EntryPoint\",\"urlTemplate\":\"https:\\\/\\\/foliobooks.pl\\\/en\\\/?s={search_term_string}\"},\"query-input\":{\"@type\":\"PropertyValueSpecification\",\"valueRequired\":true,\"valueName\":\"search_term_string\"}}],\"inLanguage\":\"en-US\"}]}<\/script>\n<!-- \/ Yoast SEO plugin. -->","yoast_head_json":{"title":"How Big Is Big? How Far Is Far? (Jan Van Der Veken) - book \/ album - Folio","description":"Wejd\u017a i kup ksi\u0105\u017ck\u0119 How Big Is Big? How Far Is Far? autorstwa Jan Van Der Veken wydan\u0105 przez gestalten (2015-04-21) w formacie 24\u2009\u00d7\u200928\u2009cm (ISBN: 9783899557329). Zapraszamy!","robots":{"index":"index","follow":"follow","max-snippet":"max-snippet:-1","max-image-preview":"max-image-preview:large","max-video-preview":"max-video-preview:-1"},"canonical":"https:\/\/foliobooks.pl\/en\/shop\/how-big-is-big-how-far-is-far\/","og_locale":"en_US","og_type":"article","og_title":"How Big Is Big? How Far Is Far? (Jan Van Der Veken) - book \/ album - Folio","og_description":"Wejd\u017a i kup ksi\u0105\u017ck\u0119 How Big Is Big? How Far Is Far? autorstwa Jan Van Der Veken wydan\u0105 przez gestalten (2015-04-21) w formacie 24\u2009\u00d7\u200928\u2009cm (ISBN: 9783899557329). Zapraszamy!","og_url":"https:\/\/foliobooks.pl\/en\/shop\/how-big-is-big-how-far-is-far\/","og_site_name":"Folio","article_modified_time":"2020-06-17T08:19:53+00:00","og_image":[{"width":570,"height":708,"url":"https:\/\/foliobooks.pl\/wp-content\/uploads\/2015\/12\/9783899557329.png","type":"image\/png"}],"twitter_card":"summary_large_image","twitter_misc":{"Est. reading time":"1 minute"},"schema":{"@context":"https:\/\/schema.org","@graph":[{"@type":"WebPage","@id":"https:\/\/foliobooks.pl\/en\/shop\/how-big-is-big-how-far-is-far\/","url":"https:\/\/foliobooks.pl\/en\/shop\/how-big-is-big-how-far-is-far\/","name":"How Big Is Big? How Far Is Far? (Jan Van Der Veken) - book \/ album - Folio","isPartOf":{"@id":"https:\/\/foliobooks.pl\/en\/#website"},"primaryImageOfPage":{"@id":"https:\/\/foliobooks.pl\/en\/shop\/how-big-is-big-how-far-is-far\/#primaryimage"},"image":{"@id":"https:\/\/foliobooks.pl\/en\/shop\/how-big-is-big-how-far-is-far\/#primaryimage"},"thumbnailUrl":"https:\/\/foliobooks.pl\/wp-content\/uploads\/2015\/12\/9783899557329.png","datePublished":"2015-12-17T11:04:50+00:00","dateModified":"2020-06-17T08:19:53+00:00","description":"Wejd\u017a i kup ksi\u0105\u017ck\u0119 How Big Is Big? How Far Is Far? autorstwa Jan Van Der Veken wydan\u0105 przez gestalten (2015-04-21) w formacie 24\u2009\u00d7\u200928\u2009cm (ISBN: 9783899557329). Zapraszamy!","breadcrumb":{"@id":"https:\/\/foliobooks.pl\/en\/shop\/how-big-is-big-how-far-is-far\/#breadcrumb"},"inLanguage":"en-US","potentialAction":[{"@type":"ReadAction","target":["https:\/\/foliobooks.pl\/en\/shop\/how-big-is-big-how-far-is-far\/"]}]},{"@type":"ImageObject","inLanguage":"en-US","@id":"https:\/\/foliobooks.pl\/en\/shop\/how-big-is-big-how-far-is-far\/#primaryimage","url":"https:\/\/foliobooks.pl\/wp-content\/uploads\/2015\/12\/9783899557329.png","contentUrl":"https:\/\/foliobooks.pl\/wp-content\/uploads\/2015\/12\/9783899557329.png","width":570,"height":708},{"@type":"BreadcrumbList","@id":"https:\/\/foliobooks.pl\/en\/shop\/how-big-is-big-how-far-is-far\/#breadcrumb","itemListElement":[{"@type":"ListItem","position":1,"name":"Strona g\u0142\u00f3wna","item":"https:\/\/foliobooks.pl\/en\/"},{"@type":"ListItem","position":2,"name":"Shop","item":"https:\/\/foliobooks.pl\/en\/shop\/"},{"@type":"ListItem","position":3,"name":"How Big Is Big? How Far Is Far?"}]},{"@type":"WebSite","@id":"https:\/\/foliobooks.pl\/en\/#website","url":"https:\/\/foliobooks.pl\/en\/","name":"Folio","description":"Ksi\u0119garnia internetowa","potentialAction":[{"@type":"SearchAction","target":{"@type":"EntryPoint","urlTemplate":"https:\/\/foliobooks.pl\/en\/?s={search_term_string}"},"query-input":{"@type":"PropertyValueSpecification","valueRequired":true,"valueName":"search_term_string"}}],"inLanguage":"en-US"}]}},"_links":{"self":[{"href":"https:\/\/foliobooks.pl\/en\/wp-json\/wp\/v2\/product\/12180","targetHints":{"allow":["GET"]}}],"collection":[{"href":"https:\/\/foliobooks.pl\/en\/wp-json\/wp\/v2\/product"}],"about":[{"href":"https:\/\/foliobooks.pl\/en\/wp-json\/wp\/v2\/types\/product"}],"replies":[{"embeddable":true,"href":"https:\/\/foliobooks.pl\/en\/wp-json\/wp\/v2\/comments?post=12180"}],"wp:featuredmedia":[{"embeddable":true,"href":"https:\/\/foliobooks.pl\/en\/wp-json\/wp\/v2\/media\/12242"}],"wp:attachment":[{"href":"https:\/\/foliobooks.pl\/en\/wp-json\/wp\/v2\/media?parent=12180"}],"wp:term":[{"taxonomy":"product_brand","embeddable":true,"href":"https:\/\/foliobooks.pl\/en\/wp-json\/wp\/v2\/product_brand?post=12180"},{"taxonomy":"product_cat","embeddable":true,"href":"https:\/\/foliobooks.pl\/en\/wp-json\/wp\/v2\/product_cat?post=12180"},{"taxonomy":"product_tag","embeddable":true,"href":"https:\/\/foliobooks.pl\/en\/wp-json\/wp\/v2\/product_tag?post=12180"}],"curies":[{"name":"wp","href":"https:\/\/api.w.org\/{rel}","templated":true}]}}