{"id":12157,"date":"2015-12-17T10:04:46","date_gmt":"2015-12-17T09:04:46","guid":{"rendered":"http:\/\/foliobooks.pl\/en\/?post_type=product&#038;p=12157"},"modified":"2017-08-30T11:46:36","modified_gmt":"2017-08-30T09:46:36","slug":"love-looks-not-with-the-eyes-die-welt-des-lee-alexander-mcqueen","status":"publish","type":"product","link":"https:\/\/foliobooks.pl\/en\/shop\/love-looks-not-with-the-eyes-die-welt-des-lee-alexander-mcqueen\/","title":{"rendered":"Love Looks Not With the Eyes. Die Welt des Lee Alexander McQueen"},"content":{"rendered":"<p>Ausnahmetalent, einer der gr\u00f6\u00dften Designer aller Zeiten &#8211; jeder Superlativ scheint angemessen, um die experimentelle Fantasie, mit der Alexander McQueen bis zu seinem Selbstmord 2010 die Modewelt in Atem hielt, zu beschreiben. Seine perfekt geschnittenen Kleider waren von umwerfender Sexyness, und seine spektakul\u00e4ren Schauen lieferten tagelang Gespr\u00e4chsstoff. Dieser Band ist eine Sensation. Er zeigt erstmals intime Einblicke in die Arbeit von Alexander McQueen, seiner engsten Mitarbeiter und befreundeten Models, von Kate Moss \u00fcber Philip Treacy bis zu seiner Nachfolgerin Sarah Burton, und er dokumentiert alle sich in Exzentrik und Originalit\u00e4t \u00fcberbietenden Schauen des Genies seit 1997. In einer Dramaturgie, die den Betrachter in Hochspannung h\u00e4lt, entsteht hier ein so nie gesehenes Bild der Person und der genialen Sch\u00f6pfungen Alexander McQueens.<\/p>\n","protected":false},"excerpt":{"rendered":"<p>Ausnahmetalent, einer der gr\u00f6\u00dften Designer aller Zeiten &#8211; jeder Superlativ scheint angemessen, um die experimentelle Fantasie, mit der Alexander McQueen bis zu seinem Selbstmord 2010 die Modewelt in Atem hielt, zu beschreiben. Seine perfekt geschnittenen Kleider waren von umwerfender Sexyness, und seine spektakul\u00e4ren Schauen lieferten tagelang Gespr\u00e4chsstoff. Dieser Band ist eine Sensation. Er zeigt erstmals&#8230;<\/p>\n","protected":false},"featured_media":12213,"comment_status":"closed","ping_status":"closed","template":"","meta":[],"product_brand":[],"product_cat":[4519,4517],"product_tag":[334,157,1146,1681,1175,514,1710,154,1066,151],"class_list":{"0":"post-12157","1":"product","2":"type-product","3":"status-publish","4":"has-post-thumbnail","6":"product_cat-fashion-en-en","7":"product_cat-photography-en","8":"product_tag-collections-en","9":"product_tag-designers","10":"product_tag-great-masters-en","11":"product_tag-history","12":"product_tag-iconic-photographs","13":"product_tag-men-en","14":"product_tag-models","15":"product_tag-monographs","16":"product_tag-portraits-en","17":"product_tag-women","18":"pa_author_att-anne-deniau-en","19":"pa_cover-hardcover","20":"pa_format-33-x-25-cm-en","21":"pa_isbn-9783868735581-en","22":"pa_language-ger","23":"pa_pages-400-en","24":"pa_published-2012-09-01-en","25":"pa_publisher-knesebeck-von-dem-en","27":"first","28":"outofstock","29":"sold-individually","30":"shipping-taxable","31":"purchasable","32":"product-type-simple"},"yoast_head":"<!-- This site is optimized with the Yoast SEO plugin v27.6 - https:\/\/yoast.com\/product\/yoast-seo-wordpress\/ -->\n<title>Love Looks Not With the Eyes. Die Welt des Lee Alexander McQueen (Anne Deniau) - book \/ album - Folio<\/title>\n<meta name=\"description\" content=\"Wejd\u017a i kup ksi\u0105\u017ck\u0119 Love Looks Not With the Eyes. Die Welt des Lee Alexander McQueen autorstwa Anne Deniau wydan\u0105 przez Knesebeck Von Dem (2012-09-01) w formacie 33 x 25 cm (ISBN: 9783868735581). Zapraszamy!\" \/>\n<meta name=\"robots\" content=\"index, follow, max-snippet:-1, max-image-preview:large, max-video-preview:-1\" \/>\n<link rel=\"canonical\" href=\"https:\/\/foliobooks.pl\/en\/shop\/love-looks-not-with-the-eyes-die-welt-des-lee-alexander-mcqueen\/\" \/>\n<meta property=\"og:locale\" content=\"en_US\" \/>\n<meta property=\"og:type\" content=\"article\" \/>\n<meta property=\"og:title\" content=\"Love Looks Not With the Eyes. Die Welt des Lee Alexander McQueen (Anne Deniau) - book \/ album - Folio\" \/>\n<meta property=\"og:description\" content=\"Wejd\u017a i kup ksi\u0105\u017ck\u0119 Love Looks Not With the Eyes. Die Welt des Lee Alexander McQueen autorstwa Anne Deniau wydan\u0105 przez Knesebeck Von Dem (2012-09-01) w formacie 33 x 25 cm (ISBN: 9783868735581). Zapraszamy!\" \/>\n<meta property=\"og:url\" content=\"https:\/\/foliobooks.pl\/en\/shop\/love-looks-not-with-the-eyes-die-welt-des-lee-alexander-mcqueen\/\" \/>\n<meta property=\"og:site_name\" content=\"Folio\" \/>\n<meta property=\"article:modified_time\" content=\"2017-08-30T09:46:36+00:00\" \/>\n<meta property=\"og:image\" content=\"https:\/\/foliobooks.pl\/wp-content\/uploads\/2015\/12\/9783868735581.png\" \/>\n\t<meta property=\"og:image:width\" content=\"570\" \/>\n\t<meta property=\"og:image:height\" content=\"708\" \/>\n\t<meta property=\"og:image:type\" content=\"image\/png\" \/>\n<meta name=\"twitter:card\" content=\"summary_large_image\" \/>\n<meta name=\"twitter:label1\" content=\"Est. reading time\" \/>\n\t<meta name=\"twitter:data1\" content=\"1 minute\" \/>\n<script type=\"application\/ld+json\" class=\"yoast-schema-graph\">{\"@context\":\"https:\\\/\\\/schema.org\",\"@graph\":[{\"@type\":\"WebPage\",\"@id\":\"https:\\\/\\\/foliobooks.pl\\\/en\\\/shop\\\/love-looks-not-with-the-eyes-die-welt-des-lee-alexander-mcqueen\\\/\",\"url\":\"https:\\\/\\\/foliobooks.pl\\\/en\\\/shop\\\/love-looks-not-with-the-eyes-die-welt-des-lee-alexander-mcqueen\\\/\",\"name\":\"Love Looks Not With the Eyes. Die Welt des Lee Alexander McQueen (Anne Deniau) - book \\\/ album - Folio\",\"isPartOf\":{\"@id\":\"https:\\\/\\\/foliobooks.pl\\\/en\\\/#website\"},\"primaryImageOfPage\":{\"@id\":\"https:\\\/\\\/foliobooks.pl\\\/en\\\/shop\\\/love-looks-not-with-the-eyes-die-welt-des-lee-alexander-mcqueen\\\/#primaryimage\"},\"image\":{\"@id\":\"https:\\\/\\\/foliobooks.pl\\\/en\\\/shop\\\/love-looks-not-with-the-eyes-die-welt-des-lee-alexander-mcqueen\\\/#primaryimage\"},\"thumbnailUrl\":\"https:\\\/\\\/foliobooks.pl\\\/wp-content\\\/uploads\\\/2015\\\/12\\\/9783868735581.png\",\"datePublished\":\"2015-12-17T09:04:46+00:00\",\"dateModified\":\"2017-08-30T09:46:36+00:00\",\"description\":\"Wejd\u017a i kup ksi\u0105\u017ck\u0119 Love Looks Not With the Eyes. Die Welt des Lee Alexander McQueen autorstwa Anne Deniau wydan\u0105 przez Knesebeck Von Dem (2012-09-01) w formacie 33 x 25 cm (ISBN: 9783868735581). Zapraszamy!\",\"breadcrumb\":{\"@id\":\"https:\\\/\\\/foliobooks.pl\\\/en\\\/shop\\\/love-looks-not-with-the-eyes-die-welt-des-lee-alexander-mcqueen\\\/#breadcrumb\"},\"inLanguage\":\"en-US\",\"potentialAction\":[{\"@type\":\"ReadAction\",\"target\":[\"https:\\\/\\\/foliobooks.pl\\\/en\\\/shop\\\/love-looks-not-with-the-eyes-die-welt-des-lee-alexander-mcqueen\\\/\"]}]},{\"@type\":\"ImageObject\",\"inLanguage\":\"en-US\",\"@id\":\"https:\\\/\\\/foliobooks.pl\\\/en\\\/shop\\\/love-looks-not-with-the-eyes-die-welt-des-lee-alexander-mcqueen\\\/#primaryimage\",\"url\":\"https:\\\/\\\/foliobooks.pl\\\/wp-content\\\/uploads\\\/2015\\\/12\\\/9783868735581.png\",\"contentUrl\":\"https:\\\/\\\/foliobooks.pl\\\/wp-content\\\/uploads\\\/2015\\\/12\\\/9783868735581.png\",\"width\":570,\"height\":708},{\"@type\":\"BreadcrumbList\",\"@id\":\"https:\\\/\\\/foliobooks.pl\\\/en\\\/shop\\\/love-looks-not-with-the-eyes-die-welt-des-lee-alexander-mcqueen\\\/#breadcrumb\",\"itemListElement\":[{\"@type\":\"ListItem\",\"position\":1,\"name\":\"Strona g\u0142\u00f3wna\",\"item\":\"https:\\\/\\\/foliobooks.pl\\\/en\\\/\"},{\"@type\":\"ListItem\",\"position\":2,\"name\":\"Shop\",\"item\":\"https:\\\/\\\/foliobooks.pl\\\/en\\\/shop\\\/\"},{\"@type\":\"ListItem\",\"position\":3,\"name\":\"Love Looks Not With the Eyes. Die Welt des Lee Alexander McQueen\"}]},{\"@type\":\"WebSite\",\"@id\":\"https:\\\/\\\/foliobooks.pl\\\/en\\\/#website\",\"url\":\"https:\\\/\\\/foliobooks.pl\\\/en\\\/\",\"name\":\"Folio\",\"description\":\"Ksi\u0119garnia internetowa\",\"potentialAction\":[{\"@type\":\"SearchAction\",\"target\":{\"@type\":\"EntryPoint\",\"urlTemplate\":\"https:\\\/\\\/foliobooks.pl\\\/en\\\/?s={search_term_string}\"},\"query-input\":{\"@type\":\"PropertyValueSpecification\",\"valueRequired\":true,\"valueName\":\"search_term_string\"}}],\"inLanguage\":\"en-US\"}]}<\/script>\n<!-- \/ Yoast SEO plugin. -->","yoast_head_json":{"title":"Love Looks Not With the Eyes. Die Welt des Lee Alexander McQueen (Anne Deniau) - book \/ album - Folio","description":"Wejd\u017a i kup ksi\u0105\u017ck\u0119 Love Looks Not With the Eyes. Die Welt des Lee Alexander McQueen autorstwa Anne Deniau wydan\u0105 przez Knesebeck Von Dem (2012-09-01) w formacie 33 x 25 cm (ISBN: 9783868735581). Zapraszamy!","robots":{"index":"index","follow":"follow","max-snippet":"max-snippet:-1","max-image-preview":"max-image-preview:large","max-video-preview":"max-video-preview:-1"},"canonical":"https:\/\/foliobooks.pl\/en\/shop\/love-looks-not-with-the-eyes-die-welt-des-lee-alexander-mcqueen\/","og_locale":"en_US","og_type":"article","og_title":"Love Looks Not With the Eyes. Die Welt des Lee Alexander McQueen (Anne Deniau) - book \/ album - Folio","og_description":"Wejd\u017a i kup ksi\u0105\u017ck\u0119 Love Looks Not With the Eyes. Die Welt des Lee Alexander McQueen autorstwa Anne Deniau wydan\u0105 przez Knesebeck Von Dem (2012-09-01) w formacie 33 x 25 cm (ISBN: 9783868735581). Zapraszamy!","og_url":"https:\/\/foliobooks.pl\/en\/shop\/love-looks-not-with-the-eyes-die-welt-des-lee-alexander-mcqueen\/","og_site_name":"Folio","article_modified_time":"2017-08-30T09:46:36+00:00","og_image":[{"width":570,"height":708,"url":"https:\/\/foliobooks.pl\/wp-content\/uploads\/2015\/12\/9783868735581.png","type":"image\/png"}],"twitter_card":"summary_large_image","twitter_misc":{"Est. reading time":"1 minute"},"schema":{"@context":"https:\/\/schema.org","@graph":[{"@type":"WebPage","@id":"https:\/\/foliobooks.pl\/en\/shop\/love-looks-not-with-the-eyes-die-welt-des-lee-alexander-mcqueen\/","url":"https:\/\/foliobooks.pl\/en\/shop\/love-looks-not-with-the-eyes-die-welt-des-lee-alexander-mcqueen\/","name":"Love Looks Not With the Eyes. Die Welt des Lee Alexander McQueen (Anne Deniau) - book \/ album - Folio","isPartOf":{"@id":"https:\/\/foliobooks.pl\/en\/#website"},"primaryImageOfPage":{"@id":"https:\/\/foliobooks.pl\/en\/shop\/love-looks-not-with-the-eyes-die-welt-des-lee-alexander-mcqueen\/#primaryimage"},"image":{"@id":"https:\/\/foliobooks.pl\/en\/shop\/love-looks-not-with-the-eyes-die-welt-des-lee-alexander-mcqueen\/#primaryimage"},"thumbnailUrl":"https:\/\/foliobooks.pl\/wp-content\/uploads\/2015\/12\/9783868735581.png","datePublished":"2015-12-17T09:04:46+00:00","dateModified":"2017-08-30T09:46:36+00:00","description":"Wejd\u017a i kup ksi\u0105\u017ck\u0119 Love Looks Not With the Eyes. Die Welt des Lee Alexander McQueen autorstwa Anne Deniau wydan\u0105 przez Knesebeck Von Dem (2012-09-01) w formacie 33 x 25 cm (ISBN: 9783868735581). Zapraszamy!","breadcrumb":{"@id":"https:\/\/foliobooks.pl\/en\/shop\/love-looks-not-with-the-eyes-die-welt-des-lee-alexander-mcqueen\/#breadcrumb"},"inLanguage":"en-US","potentialAction":[{"@type":"ReadAction","target":["https:\/\/foliobooks.pl\/en\/shop\/love-looks-not-with-the-eyes-die-welt-des-lee-alexander-mcqueen\/"]}]},{"@type":"ImageObject","inLanguage":"en-US","@id":"https:\/\/foliobooks.pl\/en\/shop\/love-looks-not-with-the-eyes-die-welt-des-lee-alexander-mcqueen\/#primaryimage","url":"https:\/\/foliobooks.pl\/wp-content\/uploads\/2015\/12\/9783868735581.png","contentUrl":"https:\/\/foliobooks.pl\/wp-content\/uploads\/2015\/12\/9783868735581.png","width":570,"height":708},{"@type":"BreadcrumbList","@id":"https:\/\/foliobooks.pl\/en\/shop\/love-looks-not-with-the-eyes-die-welt-des-lee-alexander-mcqueen\/#breadcrumb","itemListElement":[{"@type":"ListItem","position":1,"name":"Strona g\u0142\u00f3wna","item":"https:\/\/foliobooks.pl\/en\/"},{"@type":"ListItem","position":2,"name":"Shop","item":"https:\/\/foliobooks.pl\/en\/shop\/"},{"@type":"ListItem","position":3,"name":"Love Looks Not With the Eyes. Die Welt des Lee Alexander McQueen"}]},{"@type":"WebSite","@id":"https:\/\/foliobooks.pl\/en\/#website","url":"https:\/\/foliobooks.pl\/en\/","name":"Folio","description":"Ksi\u0119garnia internetowa","potentialAction":[{"@type":"SearchAction","target":{"@type":"EntryPoint","urlTemplate":"https:\/\/foliobooks.pl\/en\/?s={search_term_string}"},"query-input":{"@type":"PropertyValueSpecification","valueRequired":true,"valueName":"search_term_string"}}],"inLanguage":"en-US"}]}},"_links":{"self":[{"href":"https:\/\/foliobooks.pl\/en\/wp-json\/wp\/v2\/product\/12157","targetHints":{"allow":["GET"]}}],"collection":[{"href":"https:\/\/foliobooks.pl\/en\/wp-json\/wp\/v2\/product"}],"about":[{"href":"https:\/\/foliobooks.pl\/en\/wp-json\/wp\/v2\/types\/product"}],"replies":[{"embeddable":true,"href":"https:\/\/foliobooks.pl\/en\/wp-json\/wp\/v2\/comments?post=12157"}],"wp:featuredmedia":[{"embeddable":true,"href":"https:\/\/foliobooks.pl\/en\/wp-json\/wp\/v2\/media\/12213"}],"wp:attachment":[{"href":"https:\/\/foliobooks.pl\/en\/wp-json\/wp\/v2\/media?parent=12157"}],"wp:term":[{"taxonomy":"product_brand","embeddable":true,"href":"https:\/\/foliobooks.pl\/en\/wp-json\/wp\/v2\/product_brand?post=12157"},{"taxonomy":"product_cat","embeddable":true,"href":"https:\/\/foliobooks.pl\/en\/wp-json\/wp\/v2\/product_cat?post=12157"},{"taxonomy":"product_tag","embeddable":true,"href":"https:\/\/foliobooks.pl\/en\/wp-json\/wp\/v2\/product_tag?post=12157"}],"curies":[{"name":"wp","href":"https:\/\/api.w.org\/{rel}","templated":true}]}}