{"id":11632,"date":"2015-12-04T14:19:14","date_gmt":"2015-12-04T13:19:14","guid":{"rendered":"http:\/\/foliobooks.pl\/en\/sklep\/magritte-basic-art-series\/"},"modified":"2025-12-18T16:34:52","modified_gmt":"2025-12-18T15:34:52","slug":"magritte-basic-art-series","status":"publish","type":"product","link":"https:\/\/foliobooks.pl\/en\/shop\/magritte-basic-art-series\/","title":{"rendered":"Magritte. Basic Art Series"},"content":{"rendered":"<p>From men in bowler hats, floating in the sky, to a painting of a pipe above the caption &#8220;this is not a pipe&#8221;, Ren\u00e9 Magritte (1898\u20131967) created an echo chamber of object and image, name and thing, reality and representation.<\/p>\n<p>Like other Surrealist works, Magritte\u2019s paintings combine a precise, mimetic technique with abnormal, alienating configurations which defy the laws of scale, logic, and science: a comb the size of a wardrobe, rocks that float in the sky, clouds that drift through an open door. The result is a direct yet disorientating realm, often witty, often unsettling, and always prompting us to look beyond the visible, to \u201cwhat is hidden by what we see.\u201d<\/p>\n<p>This introductory book explores Magritte&#8217;s vast repertoire of visual humor, paradox, and surprise which to this day makes us look and look again, not only at the painting, but at our sense of self and the world.<\/p>\n","protected":false},"excerpt":{"rendered":"<p>From men in bowler hats, floating in the sky, to a painting of a pipe above the caption &#8220;this is not a pipe&#8221;, Ren\u00e9 Magritte (1898\u20131967) created an echo chamber of object and image, name and thing, reality and representation. Like other Surrealist works, Magritte\u2019s paintings combine a precise, mimetic technique with abnormal, alienating configurations&#8230;<\/p>\n","protected":false},"featured_media":11621,"comment_status":"closed","ping_status":"closed","template":"","meta":[],"product_brand":[],"product_cat":[4522],"product_tag":[159,2253,1146,154,524],"class_list":{"0":"post-11632","1":"product","2":"type-product","3":"status-publish","4":"has-post-thumbnail","6":"product_cat-art-en","7":"product_tag-art-movements-en","8":"product_tag-graphics","9":"product_tag-great-masters-en","10":"product_tag-monographs","11":"product_tag-painting-en","12":"pa_author_att-marcel-paquet-en","13":"pa_cover-hardcover","14":"pa_format-21-x-26-cm-en","15":"pa_isbn-9783836503570-en","16":"pa_language-eng","17":"pa_pages-96-en","18":"pa_published-2015-11-25-en","19":"pa_publisher-taschen-en-en","21":"first","22":"instock","23":"sold-individually","24":"shipping-taxable","25":"purchasable","26":"product-type-simple"},"yoast_head":"<!-- This site is optimized with the Yoast SEO plugin v27.4 - https:\/\/yoast.com\/product\/yoast-seo-wordpress\/ -->\n<title>Magritte. Basic Art Series (Marcel Paquet) - book \/ album - Folio<\/title>\n<meta name=\"description\" content=\"Wejd\u017a i kup ksi\u0105\u017ck\u0119 Magritte. Basic Art Series autorstwa Marcel Paquet wydan\u0105 przez TASCHEN (2015-11-25) w formacie 21 x 26 cm (ISBN: 9783836503570). Zapraszamy!\" \/>\n<meta name=\"robots\" content=\"index, follow, max-snippet:-1, max-image-preview:large, max-video-preview:-1\" \/>\n<link rel=\"canonical\" href=\"https:\/\/foliobooks.pl\/en\/shop\/magritte-basic-art-series\/\" \/>\n<meta property=\"og:locale\" content=\"en_US\" \/>\n<meta property=\"og:type\" content=\"article\" \/>\n<meta property=\"og:title\" content=\"Magritte. Basic Art Series (Marcel Paquet) - book \/ album - Folio\" \/>\n<meta property=\"og:description\" content=\"Wejd\u017a i kup ksi\u0105\u017ck\u0119 Magritte. Basic Art Series autorstwa Marcel Paquet wydan\u0105 przez TASCHEN (2015-11-25) w formacie 21 x 26 cm (ISBN: 9783836503570). Zapraszamy!\" \/>\n<meta property=\"og:url\" content=\"https:\/\/foliobooks.pl\/en\/shop\/magritte-basic-art-series\/\" \/>\n<meta property=\"og:site_name\" content=\"Folio\" \/>\n<meta property=\"article:modified_time\" content=\"2025-12-18T15:34:52+00:00\" \/>\n<meta property=\"og:image\" content=\"https:\/\/foliobooks.pl\/wp-content\/uploads\/2015\/12\/9783836503570.png\" \/>\n\t<meta property=\"og:image:width\" content=\"570\" \/>\n\t<meta property=\"og:image:height\" content=\"708\" \/>\n\t<meta property=\"og:image:type\" content=\"image\/png\" \/>\n<meta name=\"twitter:card\" content=\"summary_large_image\" \/>\n<meta name=\"twitter:label1\" content=\"Est. reading time\" \/>\n\t<meta name=\"twitter:data1\" content=\"1 minute\" \/>\n<script type=\"application\/ld+json\" class=\"yoast-schema-graph\">{\"@context\":\"https:\\\/\\\/schema.org\",\"@graph\":[{\"@type\":\"WebPage\",\"@id\":\"https:\\\/\\\/foliobooks.pl\\\/en\\\/shop\\\/magritte-basic-art-series\\\/\",\"url\":\"https:\\\/\\\/foliobooks.pl\\\/en\\\/shop\\\/magritte-basic-art-series\\\/\",\"name\":\"Magritte. Basic Art Series (Marcel Paquet) - book \\\/ album - Folio\",\"isPartOf\":{\"@id\":\"https:\\\/\\\/foliobooks.pl\\\/en\\\/#website\"},\"primaryImageOfPage\":{\"@id\":\"https:\\\/\\\/foliobooks.pl\\\/en\\\/shop\\\/magritte-basic-art-series\\\/#primaryimage\"},\"image\":{\"@id\":\"https:\\\/\\\/foliobooks.pl\\\/en\\\/shop\\\/magritte-basic-art-series\\\/#primaryimage\"},\"thumbnailUrl\":\"https:\\\/\\\/foliobooks.pl\\\/wp-content\\\/uploads\\\/2015\\\/12\\\/9783836503570.png\",\"datePublished\":\"2015-12-04T13:19:14+00:00\",\"dateModified\":\"2025-12-18T15:34:52+00:00\",\"description\":\"Wejd\u017a i kup ksi\u0105\u017ck\u0119 Magritte. Basic Art Series autorstwa Marcel Paquet wydan\u0105 przez TASCHEN (2015-11-25) w formacie 21 x 26 cm (ISBN: 9783836503570). Zapraszamy!\",\"breadcrumb\":{\"@id\":\"https:\\\/\\\/foliobooks.pl\\\/en\\\/shop\\\/magritte-basic-art-series\\\/#breadcrumb\"},\"inLanguage\":\"en-US\",\"potentialAction\":[{\"@type\":\"ReadAction\",\"target\":[\"https:\\\/\\\/foliobooks.pl\\\/en\\\/shop\\\/magritte-basic-art-series\\\/\"]}]},{\"@type\":\"ImageObject\",\"inLanguage\":\"en-US\",\"@id\":\"https:\\\/\\\/foliobooks.pl\\\/en\\\/shop\\\/magritte-basic-art-series\\\/#primaryimage\",\"url\":\"https:\\\/\\\/foliobooks.pl\\\/wp-content\\\/uploads\\\/2015\\\/12\\\/9783836503570.png\",\"contentUrl\":\"https:\\\/\\\/foliobooks.pl\\\/wp-content\\\/uploads\\\/2015\\\/12\\\/9783836503570.png\",\"width\":570,\"height\":708},{\"@type\":\"BreadcrumbList\",\"@id\":\"https:\\\/\\\/foliobooks.pl\\\/en\\\/shop\\\/magritte-basic-art-series\\\/#breadcrumb\",\"itemListElement\":[{\"@type\":\"ListItem\",\"position\":1,\"name\":\"Strona g\u0142\u00f3wna\",\"item\":\"https:\\\/\\\/foliobooks.pl\\\/en\\\/\"},{\"@type\":\"ListItem\",\"position\":2,\"name\":\"Shop\",\"item\":\"https:\\\/\\\/foliobooks.pl\\\/en\\\/shop\\\/\"},{\"@type\":\"ListItem\",\"position\":3,\"name\":\"Magritte. Basic Art Series\"}]},{\"@type\":\"WebSite\",\"@id\":\"https:\\\/\\\/foliobooks.pl\\\/en\\\/#website\",\"url\":\"https:\\\/\\\/foliobooks.pl\\\/en\\\/\",\"name\":\"Folio\",\"description\":\"Ksi\u0119garnia internetowa\",\"potentialAction\":[{\"@type\":\"SearchAction\",\"target\":{\"@type\":\"EntryPoint\",\"urlTemplate\":\"https:\\\/\\\/foliobooks.pl\\\/en\\\/?s={search_term_string}\"},\"query-input\":{\"@type\":\"PropertyValueSpecification\",\"valueRequired\":true,\"valueName\":\"search_term_string\"}}],\"inLanguage\":\"en-US\"}]}<\/script>\n<!-- \/ Yoast SEO plugin. -->","yoast_head_json":{"title":"Magritte. Basic Art Series (Marcel Paquet) - book \/ album - Folio","description":"Wejd\u017a i kup ksi\u0105\u017ck\u0119 Magritte. Basic Art Series autorstwa Marcel Paquet wydan\u0105 przez TASCHEN (2015-11-25) w formacie 21 x 26 cm (ISBN: 9783836503570). Zapraszamy!","robots":{"index":"index","follow":"follow","max-snippet":"max-snippet:-1","max-image-preview":"max-image-preview:large","max-video-preview":"max-video-preview:-1"},"canonical":"https:\/\/foliobooks.pl\/en\/shop\/magritte-basic-art-series\/","og_locale":"en_US","og_type":"article","og_title":"Magritte. Basic Art Series (Marcel Paquet) - book \/ album - Folio","og_description":"Wejd\u017a i kup ksi\u0105\u017ck\u0119 Magritte. Basic Art Series autorstwa Marcel Paquet wydan\u0105 przez TASCHEN (2015-11-25) w formacie 21 x 26 cm (ISBN: 9783836503570). Zapraszamy!","og_url":"https:\/\/foliobooks.pl\/en\/shop\/magritte-basic-art-series\/","og_site_name":"Folio","article_modified_time":"2025-12-18T15:34:52+00:00","og_image":[{"width":570,"height":708,"url":"https:\/\/foliobooks.pl\/wp-content\/uploads\/2015\/12\/9783836503570.png","type":"image\/png"}],"twitter_card":"summary_large_image","twitter_misc":{"Est. reading time":"1 minute"},"schema":{"@context":"https:\/\/schema.org","@graph":[{"@type":"WebPage","@id":"https:\/\/foliobooks.pl\/en\/shop\/magritte-basic-art-series\/","url":"https:\/\/foliobooks.pl\/en\/shop\/magritte-basic-art-series\/","name":"Magritte. Basic Art Series (Marcel Paquet) - book \/ album - Folio","isPartOf":{"@id":"https:\/\/foliobooks.pl\/en\/#website"},"primaryImageOfPage":{"@id":"https:\/\/foliobooks.pl\/en\/shop\/magritte-basic-art-series\/#primaryimage"},"image":{"@id":"https:\/\/foliobooks.pl\/en\/shop\/magritte-basic-art-series\/#primaryimage"},"thumbnailUrl":"https:\/\/foliobooks.pl\/wp-content\/uploads\/2015\/12\/9783836503570.png","datePublished":"2015-12-04T13:19:14+00:00","dateModified":"2025-12-18T15:34:52+00:00","description":"Wejd\u017a i kup ksi\u0105\u017ck\u0119 Magritte. Basic Art Series autorstwa Marcel Paquet wydan\u0105 przez TASCHEN (2015-11-25) w formacie 21 x 26 cm (ISBN: 9783836503570). Zapraszamy!","breadcrumb":{"@id":"https:\/\/foliobooks.pl\/en\/shop\/magritte-basic-art-series\/#breadcrumb"},"inLanguage":"en-US","potentialAction":[{"@type":"ReadAction","target":["https:\/\/foliobooks.pl\/en\/shop\/magritte-basic-art-series\/"]}]},{"@type":"ImageObject","inLanguage":"en-US","@id":"https:\/\/foliobooks.pl\/en\/shop\/magritte-basic-art-series\/#primaryimage","url":"https:\/\/foliobooks.pl\/wp-content\/uploads\/2015\/12\/9783836503570.png","contentUrl":"https:\/\/foliobooks.pl\/wp-content\/uploads\/2015\/12\/9783836503570.png","width":570,"height":708},{"@type":"BreadcrumbList","@id":"https:\/\/foliobooks.pl\/en\/shop\/magritte-basic-art-series\/#breadcrumb","itemListElement":[{"@type":"ListItem","position":1,"name":"Strona g\u0142\u00f3wna","item":"https:\/\/foliobooks.pl\/en\/"},{"@type":"ListItem","position":2,"name":"Shop","item":"https:\/\/foliobooks.pl\/en\/shop\/"},{"@type":"ListItem","position":3,"name":"Magritte. Basic Art Series"}]},{"@type":"WebSite","@id":"https:\/\/foliobooks.pl\/en\/#website","url":"https:\/\/foliobooks.pl\/en\/","name":"Folio","description":"Ksi\u0119garnia internetowa","potentialAction":[{"@type":"SearchAction","target":{"@type":"EntryPoint","urlTemplate":"https:\/\/foliobooks.pl\/en\/?s={search_term_string}"},"query-input":{"@type":"PropertyValueSpecification","valueRequired":true,"valueName":"search_term_string"}}],"inLanguage":"en-US"}]}},"_links":{"self":[{"href":"https:\/\/foliobooks.pl\/en\/wp-json\/wp\/v2\/product\/11632","targetHints":{"allow":["GET"]}}],"collection":[{"href":"https:\/\/foliobooks.pl\/en\/wp-json\/wp\/v2\/product"}],"about":[{"href":"https:\/\/foliobooks.pl\/en\/wp-json\/wp\/v2\/types\/product"}],"replies":[{"embeddable":true,"href":"https:\/\/foliobooks.pl\/en\/wp-json\/wp\/v2\/comments?post=11632"}],"wp:featuredmedia":[{"embeddable":true,"href":"https:\/\/foliobooks.pl\/en\/wp-json\/wp\/v2\/media\/11621"}],"wp:attachment":[{"href":"https:\/\/foliobooks.pl\/en\/wp-json\/wp\/v2\/media?parent=11632"}],"wp:term":[{"taxonomy":"product_brand","embeddable":true,"href":"https:\/\/foliobooks.pl\/en\/wp-json\/wp\/v2\/product_brand?post=11632"},{"taxonomy":"product_cat","embeddable":true,"href":"https:\/\/foliobooks.pl\/en\/wp-json\/wp\/v2\/product_cat?post=11632"},{"taxonomy":"product_tag","embeddable":true,"href":"https:\/\/foliobooks.pl\/en\/wp-json\/wp\/v2\/product_tag?post=11632"}],"curies":[{"name":"wp","href":"https:\/\/api.w.org\/{rel}","templated":true}]}}