{"id":11556,"date":"2015-12-03T13:36:44","date_gmt":"2015-12-03T12:36:44","guid":{"rendered":"http:\/\/foliobooks.pl\/en\/?post_type=product&#038;p=11556"},"modified":"2019-03-12T15:17:07","modified_gmt":"2019-03-12T14:17:07","slug":"achoo","status":"publish","type":"product","link":"https:\/\/foliobooks.pl\/en\/shop\/achoo\/","title":{"rendered":"Achoo!"},"content":{"rendered":"<p>It\u2019s spring and the animals in the forest can\u2019t stop sneezing. But something surprising happens each time an animal says achoo! After sniffing a flower, blue bear sneezes and his round blue ears fly to the next page, where fox mistakes them for blueberries.<\/p>\n<p>But before fox knows it, \u2018Achoo!\u2019 his triangular ears are also soaring over the page to be found by another animal. At the end of the book, we see how each animal has sneezed their way to a completely new look. Filled with humour, Achoo! is an entertaining introduction to shapes and colours.<\/p>\n<p>Virginie Morgand is an illustrator based in Paris. Her illustrations have appeared in The Sunday Times Magazine and Elle among others. Her first book for children, ABC du Marin, was published in Spring 2015.<\/p>\n","protected":false},"excerpt":{"rendered":"<p>It\u2019s spring and the animals in the forest can\u2019t stop sneezing. But something surprising happens each time an animal says achoo! After sniffing a flower, blue bear sneezes and his round blue ears fly to the next page, where fox mistakes them for blueberries. But before fox knows it, \u2018Achoo!\u2019 his triangular ears are also&#8230;<\/p>\n","protected":false},"featured_media":11613,"comment_status":"closed","ping_status":"closed","template":"","meta":[],"product_brand":[],"product_cat":[13533,13534],"product_tag":[208,1460,4524,2253,1649],"class_list":{"0":"post-11556","1":"product","2":"type-product","3":"status-publish","4":"has-post-thumbnail","6":"product_cat-books","7":"product_cat-kids","8":"product_tag-animals-en","9":"product_tag-children-en","10":"product_tag-design-en-en","11":"product_tag-graphics","12":"product_tag-illustration","13":"pa_author_att-virginie-morgand-en","14":"pa_cover-hardcover","15":"pa_format-19-x-18-cm-en","16":"pa_isbn-9781849763769-en","17":"pa_language-eng","18":"pa_pages-36-en","19":"pa_published-2015-09-01-en","20":"pa_publisher-tate-gallery-publishing-en","22":"first","23":"instock","24":"sale","25":"sold-individually","26":"shipping-taxable","27":"purchasable","28":"product-type-simple"},"yoast_head":"<!-- This site is optimized with the Yoast SEO plugin v27.5 - https:\/\/yoast.com\/product\/yoast-seo-wordpress\/ -->\n<title>Achoo! (Virginie Morgand) - book \/ album - Folio<\/title>\n<meta name=\"description\" content=\"Wejd\u017a i kup ksi\u0105\u017ck\u0119 Achoo! autorstwa Virginie Morgand wydan\u0105 przez Tate Gallery Publishing (2015-09-01) w formacie 19 x 18 cm (ISBN: 9781849763769). Zapraszamy!\" \/>\n<meta name=\"robots\" content=\"index, follow, max-snippet:-1, max-image-preview:large, max-video-preview:-1\" \/>\n<link rel=\"canonical\" href=\"https:\/\/foliobooks.pl\/en\/shop\/achoo\/\" \/>\n<meta property=\"og:locale\" content=\"en_US\" \/>\n<meta property=\"og:type\" content=\"article\" \/>\n<meta property=\"og:title\" content=\"Achoo! (Virginie Morgand) - book \/ album - Folio\" \/>\n<meta property=\"og:description\" content=\"Wejd\u017a i kup ksi\u0105\u017ck\u0119 Achoo! autorstwa Virginie Morgand wydan\u0105 przez Tate Gallery Publishing (2015-09-01) w formacie 19 x 18 cm (ISBN: 9781849763769). Zapraszamy!\" \/>\n<meta property=\"og:url\" content=\"https:\/\/foliobooks.pl\/en\/shop\/achoo\/\" \/>\n<meta property=\"og:site_name\" content=\"Folio\" \/>\n<meta property=\"article:modified_time\" content=\"2019-03-12T14:17:07+00:00\" \/>\n<meta property=\"og:image\" content=\"https:\/\/foliobooks.pl\/wp-content\/uploads\/2015\/12\/9781849763769.png\" \/>\n\t<meta property=\"og:image:width\" content=\"570\" \/>\n\t<meta property=\"og:image:height\" content=\"708\" \/>\n\t<meta property=\"og:image:type\" content=\"image\/png\" \/>\n<meta name=\"twitter:card\" content=\"summary_large_image\" \/>\n<meta name=\"twitter:label1\" content=\"Est. reading time\" \/>\n\t<meta name=\"twitter:data1\" content=\"1 minute\" \/>\n<script type=\"application\/ld+json\" class=\"yoast-schema-graph\">{\"@context\":\"https:\\\/\\\/schema.org\",\"@graph\":[{\"@type\":\"WebPage\",\"@id\":\"https:\\\/\\\/foliobooks.pl\\\/en\\\/shop\\\/achoo\\\/\",\"url\":\"https:\\\/\\\/foliobooks.pl\\\/en\\\/shop\\\/achoo\\\/\",\"name\":\"Achoo! (Virginie Morgand) - book \\\/ album - Folio\",\"isPartOf\":{\"@id\":\"https:\\\/\\\/foliobooks.pl\\\/en\\\/#website\"},\"primaryImageOfPage\":{\"@id\":\"https:\\\/\\\/foliobooks.pl\\\/en\\\/shop\\\/achoo\\\/#primaryimage\"},\"image\":{\"@id\":\"https:\\\/\\\/foliobooks.pl\\\/en\\\/shop\\\/achoo\\\/#primaryimage\"},\"thumbnailUrl\":\"https:\\\/\\\/foliobooks.pl\\\/wp-content\\\/uploads\\\/2015\\\/12\\\/9781849763769.png\",\"datePublished\":\"2015-12-03T12:36:44+00:00\",\"dateModified\":\"2019-03-12T14:17:07+00:00\",\"description\":\"Wejd\u017a i kup ksi\u0105\u017ck\u0119 Achoo! autorstwa Virginie Morgand wydan\u0105 przez Tate Gallery Publishing (2015-09-01) w formacie 19 x 18 cm (ISBN: 9781849763769). Zapraszamy!\",\"breadcrumb\":{\"@id\":\"https:\\\/\\\/foliobooks.pl\\\/en\\\/shop\\\/achoo\\\/#breadcrumb\"},\"inLanguage\":\"en-US\",\"potentialAction\":[{\"@type\":\"ReadAction\",\"target\":[\"https:\\\/\\\/foliobooks.pl\\\/en\\\/shop\\\/achoo\\\/\"]}]},{\"@type\":\"ImageObject\",\"inLanguage\":\"en-US\",\"@id\":\"https:\\\/\\\/foliobooks.pl\\\/en\\\/shop\\\/achoo\\\/#primaryimage\",\"url\":\"https:\\\/\\\/foliobooks.pl\\\/wp-content\\\/uploads\\\/2015\\\/12\\\/9781849763769.png\",\"contentUrl\":\"https:\\\/\\\/foliobooks.pl\\\/wp-content\\\/uploads\\\/2015\\\/12\\\/9781849763769.png\",\"width\":570,\"height\":708},{\"@type\":\"BreadcrumbList\",\"@id\":\"https:\\\/\\\/foliobooks.pl\\\/en\\\/shop\\\/achoo\\\/#breadcrumb\",\"itemListElement\":[{\"@type\":\"ListItem\",\"position\":1,\"name\":\"Strona g\u0142\u00f3wna\",\"item\":\"https:\\\/\\\/foliobooks.pl\\\/en\\\/\"},{\"@type\":\"ListItem\",\"position\":2,\"name\":\"Shop\",\"item\":\"https:\\\/\\\/foliobooks.pl\\\/en\\\/shop\\\/\"},{\"@type\":\"ListItem\",\"position\":3,\"name\":\"Achoo!\"}]},{\"@type\":\"WebSite\",\"@id\":\"https:\\\/\\\/foliobooks.pl\\\/en\\\/#website\",\"url\":\"https:\\\/\\\/foliobooks.pl\\\/en\\\/\",\"name\":\"Folio\",\"description\":\"Ksi\u0119garnia internetowa\",\"potentialAction\":[{\"@type\":\"SearchAction\",\"target\":{\"@type\":\"EntryPoint\",\"urlTemplate\":\"https:\\\/\\\/foliobooks.pl\\\/en\\\/?s={search_term_string}\"},\"query-input\":{\"@type\":\"PropertyValueSpecification\",\"valueRequired\":true,\"valueName\":\"search_term_string\"}}],\"inLanguage\":\"en-US\"}]}<\/script>\n<!-- \/ Yoast SEO plugin. -->","yoast_head_json":{"title":"Achoo! (Virginie Morgand) - book \/ album - Folio","description":"Wejd\u017a i kup ksi\u0105\u017ck\u0119 Achoo! autorstwa Virginie Morgand wydan\u0105 przez Tate Gallery Publishing (2015-09-01) w formacie 19 x 18 cm (ISBN: 9781849763769). Zapraszamy!","robots":{"index":"index","follow":"follow","max-snippet":"max-snippet:-1","max-image-preview":"max-image-preview:large","max-video-preview":"max-video-preview:-1"},"canonical":"https:\/\/foliobooks.pl\/en\/shop\/achoo\/","og_locale":"en_US","og_type":"article","og_title":"Achoo! (Virginie Morgand) - book \/ album - Folio","og_description":"Wejd\u017a i kup ksi\u0105\u017ck\u0119 Achoo! autorstwa Virginie Morgand wydan\u0105 przez Tate Gallery Publishing (2015-09-01) w formacie 19 x 18 cm (ISBN: 9781849763769). Zapraszamy!","og_url":"https:\/\/foliobooks.pl\/en\/shop\/achoo\/","og_site_name":"Folio","article_modified_time":"2019-03-12T14:17:07+00:00","og_image":[{"width":570,"height":708,"url":"https:\/\/foliobooks.pl\/wp-content\/uploads\/2015\/12\/9781849763769.png","type":"image\/png"}],"twitter_card":"summary_large_image","twitter_misc":{"Est. reading time":"1 minute"},"schema":{"@context":"https:\/\/schema.org","@graph":[{"@type":"WebPage","@id":"https:\/\/foliobooks.pl\/en\/shop\/achoo\/","url":"https:\/\/foliobooks.pl\/en\/shop\/achoo\/","name":"Achoo! (Virginie Morgand) - book \/ album - Folio","isPartOf":{"@id":"https:\/\/foliobooks.pl\/en\/#website"},"primaryImageOfPage":{"@id":"https:\/\/foliobooks.pl\/en\/shop\/achoo\/#primaryimage"},"image":{"@id":"https:\/\/foliobooks.pl\/en\/shop\/achoo\/#primaryimage"},"thumbnailUrl":"https:\/\/foliobooks.pl\/wp-content\/uploads\/2015\/12\/9781849763769.png","datePublished":"2015-12-03T12:36:44+00:00","dateModified":"2019-03-12T14:17:07+00:00","description":"Wejd\u017a i kup ksi\u0105\u017ck\u0119 Achoo! autorstwa Virginie Morgand wydan\u0105 przez Tate Gallery Publishing (2015-09-01) w formacie 19 x 18 cm (ISBN: 9781849763769). Zapraszamy!","breadcrumb":{"@id":"https:\/\/foliobooks.pl\/en\/shop\/achoo\/#breadcrumb"},"inLanguage":"en-US","potentialAction":[{"@type":"ReadAction","target":["https:\/\/foliobooks.pl\/en\/shop\/achoo\/"]}]},{"@type":"ImageObject","inLanguage":"en-US","@id":"https:\/\/foliobooks.pl\/en\/shop\/achoo\/#primaryimage","url":"https:\/\/foliobooks.pl\/wp-content\/uploads\/2015\/12\/9781849763769.png","contentUrl":"https:\/\/foliobooks.pl\/wp-content\/uploads\/2015\/12\/9781849763769.png","width":570,"height":708},{"@type":"BreadcrumbList","@id":"https:\/\/foliobooks.pl\/en\/shop\/achoo\/#breadcrumb","itemListElement":[{"@type":"ListItem","position":1,"name":"Strona g\u0142\u00f3wna","item":"https:\/\/foliobooks.pl\/en\/"},{"@type":"ListItem","position":2,"name":"Shop","item":"https:\/\/foliobooks.pl\/en\/shop\/"},{"@type":"ListItem","position":3,"name":"Achoo!"}]},{"@type":"WebSite","@id":"https:\/\/foliobooks.pl\/en\/#website","url":"https:\/\/foliobooks.pl\/en\/","name":"Folio","description":"Ksi\u0119garnia internetowa","potentialAction":[{"@type":"SearchAction","target":{"@type":"EntryPoint","urlTemplate":"https:\/\/foliobooks.pl\/en\/?s={search_term_string}"},"query-input":{"@type":"PropertyValueSpecification","valueRequired":true,"valueName":"search_term_string"}}],"inLanguage":"en-US"}]}},"_links":{"self":[{"href":"https:\/\/foliobooks.pl\/en\/wp-json\/wp\/v2\/product\/11556","targetHints":{"allow":["GET"]}}],"collection":[{"href":"https:\/\/foliobooks.pl\/en\/wp-json\/wp\/v2\/product"}],"about":[{"href":"https:\/\/foliobooks.pl\/en\/wp-json\/wp\/v2\/types\/product"}],"replies":[{"embeddable":true,"href":"https:\/\/foliobooks.pl\/en\/wp-json\/wp\/v2\/comments?post=11556"}],"wp:featuredmedia":[{"embeddable":true,"href":"https:\/\/foliobooks.pl\/en\/wp-json\/wp\/v2\/media\/11613"}],"wp:attachment":[{"href":"https:\/\/foliobooks.pl\/en\/wp-json\/wp\/v2\/media?parent=11556"}],"wp:term":[{"taxonomy":"product_brand","embeddable":true,"href":"https:\/\/foliobooks.pl\/en\/wp-json\/wp\/v2\/product_brand?post=11556"},{"taxonomy":"product_cat","embeddable":true,"href":"https:\/\/foliobooks.pl\/en\/wp-json\/wp\/v2\/product_cat?post=11556"},{"taxonomy":"product_tag","embeddable":true,"href":"https:\/\/foliobooks.pl\/en\/wp-json\/wp\/v2\/product_tag?post=11556"}],"curies":[{"name":"wp","href":"https:\/\/api.w.org\/{rel}","templated":true}]}}