{"id":11450,"date":"2015-12-02T12:28:32","date_gmt":"2015-12-02T11:28:32","guid":{"rendered":"http:\/\/foliobooks.pl\/en\/?post_type=product&#038;p=11450"},"modified":"2024-08-06T14:03:25","modified_gmt":"2024-08-06T12:03:25","slug":"fashion-a-history-from-the-18th-to-the-20th-century","status":"publish","type":"product","link":"https:\/\/foliobooks.pl\/en\/shop\/fashion-a-history-from-the-18th-to-the-20th-century\/","title":{"rendered":"Fashion. A History from the 18th to the 20th Century"},"content":{"rendered":"<p>Clothes define people. A person\u2019s attire, whether it\u2019s a sari, kimono, or business suit, is an essential code to his or her culture, class, personality, even faith. Founded in 1978, the Kyoto Costume Institute recognizes the importance of understanding clothes from sociological, historical, and artistic perspectives. With one of the world\u2019s most extensive clothing collections, the KCI has amassed a wide range of historical garments, underwear, shoes, and fashion accessories dating from the 18th century to the present day.<\/p>\n<p>Showcasing the Institute\u2019s vast collection, Fashion is a fascinating excursion through the last three centuries of clothing trends. Featuring impeccable photography of clothing expertly displayed and arranged on custom-made mannequins, it is a testimony to attire as \u201can essential manifestation of our very being\u201d and to the Institute&#8217;s passion for fashion as a complex and intricate art form.<\/p>\n<p>The book&#8217;s authors include some of the smartest minds and sharpest eyes in fashion studies: Akiko Fukai (Chief Curator of The Kyoto Costume Institute), Tamami Suoh (Curator of The Kyoto Costume Institute), Miki Iwagami (Lecturer of fashion history at Sugino Fashion College (Tokyo)), Reiko Koga (Professor of fashion history at Bunka Women\u2019s University), and Rie Nii (Associate Curator of The Kyoto Costume Institute).<\/p>\n","protected":false},"excerpt":{"rendered":"<p>Clothes define people. A person\u2019s attire, whether it\u2019s a sari, kimono, or business suit, is an essential code to his or her culture, class, personality, even faith. Founded in 1978, the Kyoto Costume Institute recognizes the importance of understanding clothes from sociological, historical, and artistic perspectives. With one of the world\u2019s most extensive clothing collections,&#8230;<\/p>\n","protected":false},"featured_media":11441,"comment_status":"closed","ping_status":"closed","template":"","meta":[],"product_brand":[],"product_cat":[4519],"product_tag":[334,157,1681,1710,151],"class_list":{"0":"post-11450","1":"product","2":"type-product","3":"status-publish","4":"has-post-thumbnail","6":"product_cat-fashion-en-en","7":"product_tag-collections-en","8":"product_tag-designers","9":"product_tag-history","10":"product_tag-models","11":"product_tag-women","12":"pa_author_att-kyoto-costume-institute-en","13":"pa_cover-hardcover","14":"pa_format-14-x-195-cm-en","15":"pa_isbn-9783836557191-en","16":"pa_language-eng","17":"pa_pages-648-en","18":"pa_published-2015-11-20-en","19":"pa_publisher-taschen-en-en","21":"first","22":"instock","23":"sold-individually","24":"shipping-taxable","25":"purchasable","26":"product-type-simple"},"yoast_head":"<!-- This site is optimized with the Yoast SEO plugin v27.4 - https:\/\/yoast.com\/product\/yoast-seo-wordpress\/ -->\n<title>Fashion. A History from the 18th to the 20th Century (Kyoto Costume Institute) - book \/ album - Folio<\/title>\n<meta name=\"description\" content=\"Wejd\u017a i kup ksi\u0105\u017ck\u0119 Fashion. A History from the 18th to the 20th Century autorstwa Kyoto Costume Institute wydan\u0105 przez TASCHEN (2015-11-20) w formacie 14 x 19,5 cm (ISBN: 9783836557191). Zapraszamy!\" \/>\n<meta name=\"robots\" content=\"index, follow, max-snippet:-1, max-image-preview:large, max-video-preview:-1\" \/>\n<link rel=\"canonical\" href=\"https:\/\/foliobooks.pl\/en\/shop\/fashion-a-history-from-the-18th-to-the-20th-century\/\" \/>\n<meta property=\"og:locale\" content=\"en_US\" \/>\n<meta property=\"og:type\" content=\"article\" \/>\n<meta property=\"og:title\" content=\"Fashion. A History from the 18th to the 20th Century (Kyoto Costume Institute) - book \/ album - Folio\" \/>\n<meta property=\"og:description\" content=\"Wejd\u017a i kup ksi\u0105\u017ck\u0119 Fashion. A History from the 18th to the 20th Century autorstwa Kyoto Costume Institute wydan\u0105 przez TASCHEN (2015-11-20) w formacie 14 x 19,5 cm (ISBN: 9783836557191). Zapraszamy!\" \/>\n<meta property=\"og:url\" content=\"https:\/\/foliobooks.pl\/en\/shop\/fashion-a-history-from-the-18th-to-the-20th-century\/\" \/>\n<meta property=\"og:site_name\" content=\"Folio\" \/>\n<meta property=\"article:modified_time\" content=\"2024-08-06T12:03:25+00:00\" \/>\n<meta property=\"og:image\" content=\"https:\/\/foliobooks.pl\/wp-content\/uploads\/2015\/12\/9783836557191.png\" \/>\n\t<meta property=\"og:image:width\" content=\"570\" \/>\n\t<meta property=\"og:image:height\" content=\"708\" \/>\n\t<meta property=\"og:image:type\" content=\"image\/png\" \/>\n<meta name=\"twitter:card\" content=\"summary_large_image\" \/>\n<meta name=\"twitter:label1\" content=\"Est. reading time\" \/>\n\t<meta name=\"twitter:data1\" content=\"1 minute\" \/>\n<script type=\"application\/ld+json\" class=\"yoast-schema-graph\">{\"@context\":\"https:\\\/\\\/schema.org\",\"@graph\":[{\"@type\":\"WebPage\",\"@id\":\"https:\\\/\\\/foliobooks.pl\\\/en\\\/shop\\\/fashion-a-history-from-the-18th-to-the-20th-century\\\/\",\"url\":\"https:\\\/\\\/foliobooks.pl\\\/en\\\/shop\\\/fashion-a-history-from-the-18th-to-the-20th-century\\\/\",\"name\":\"Fashion. A History from the 18th to the 20th Century (Kyoto Costume Institute) - book \\\/ album - Folio\",\"isPartOf\":{\"@id\":\"https:\\\/\\\/foliobooks.pl\\\/en\\\/#website\"},\"primaryImageOfPage\":{\"@id\":\"https:\\\/\\\/foliobooks.pl\\\/en\\\/shop\\\/fashion-a-history-from-the-18th-to-the-20th-century\\\/#primaryimage\"},\"image\":{\"@id\":\"https:\\\/\\\/foliobooks.pl\\\/en\\\/shop\\\/fashion-a-history-from-the-18th-to-the-20th-century\\\/#primaryimage\"},\"thumbnailUrl\":\"https:\\\/\\\/foliobooks.pl\\\/wp-content\\\/uploads\\\/2015\\\/12\\\/9783836557191.png\",\"datePublished\":\"2015-12-02T11:28:32+00:00\",\"dateModified\":\"2024-08-06T12:03:25+00:00\",\"description\":\"Wejd\u017a i kup ksi\u0105\u017ck\u0119 Fashion. A History from the 18th to the 20th Century autorstwa Kyoto Costume Institute wydan\u0105 przez TASCHEN (2015-11-20) w formacie 14 x 19,5 cm (ISBN: 9783836557191). Zapraszamy!\",\"breadcrumb\":{\"@id\":\"https:\\\/\\\/foliobooks.pl\\\/en\\\/shop\\\/fashion-a-history-from-the-18th-to-the-20th-century\\\/#breadcrumb\"},\"inLanguage\":\"en-US\",\"potentialAction\":[{\"@type\":\"ReadAction\",\"target\":[\"https:\\\/\\\/foliobooks.pl\\\/en\\\/shop\\\/fashion-a-history-from-the-18th-to-the-20th-century\\\/\"]}]},{\"@type\":\"ImageObject\",\"inLanguage\":\"en-US\",\"@id\":\"https:\\\/\\\/foliobooks.pl\\\/en\\\/shop\\\/fashion-a-history-from-the-18th-to-the-20th-century\\\/#primaryimage\",\"url\":\"https:\\\/\\\/foliobooks.pl\\\/wp-content\\\/uploads\\\/2015\\\/12\\\/9783836557191.png\",\"contentUrl\":\"https:\\\/\\\/foliobooks.pl\\\/wp-content\\\/uploads\\\/2015\\\/12\\\/9783836557191.png\",\"width\":570,\"height\":708},{\"@type\":\"BreadcrumbList\",\"@id\":\"https:\\\/\\\/foliobooks.pl\\\/en\\\/shop\\\/fashion-a-history-from-the-18th-to-the-20th-century\\\/#breadcrumb\",\"itemListElement\":[{\"@type\":\"ListItem\",\"position\":1,\"name\":\"Strona g\u0142\u00f3wna\",\"item\":\"https:\\\/\\\/foliobooks.pl\\\/en\\\/\"},{\"@type\":\"ListItem\",\"position\":2,\"name\":\"Shop\",\"item\":\"https:\\\/\\\/foliobooks.pl\\\/en\\\/shop\\\/\"},{\"@type\":\"ListItem\",\"position\":3,\"name\":\"Fashion. A History from the 18th to the 20th Century\"}]},{\"@type\":\"WebSite\",\"@id\":\"https:\\\/\\\/foliobooks.pl\\\/en\\\/#website\",\"url\":\"https:\\\/\\\/foliobooks.pl\\\/en\\\/\",\"name\":\"Folio\",\"description\":\"Ksi\u0119garnia internetowa\",\"potentialAction\":[{\"@type\":\"SearchAction\",\"target\":{\"@type\":\"EntryPoint\",\"urlTemplate\":\"https:\\\/\\\/foliobooks.pl\\\/en\\\/?s={search_term_string}\"},\"query-input\":{\"@type\":\"PropertyValueSpecification\",\"valueRequired\":true,\"valueName\":\"search_term_string\"}}],\"inLanguage\":\"en-US\"}]}<\/script>\n<!-- \/ Yoast SEO plugin. -->","yoast_head_json":{"title":"Fashion. A History from the 18th to the 20th Century (Kyoto Costume Institute) - book \/ album - Folio","description":"Wejd\u017a i kup ksi\u0105\u017ck\u0119 Fashion. A History from the 18th to the 20th Century autorstwa Kyoto Costume Institute wydan\u0105 przez TASCHEN (2015-11-20) w formacie 14 x 19,5 cm (ISBN: 9783836557191). Zapraszamy!","robots":{"index":"index","follow":"follow","max-snippet":"max-snippet:-1","max-image-preview":"max-image-preview:large","max-video-preview":"max-video-preview:-1"},"canonical":"https:\/\/foliobooks.pl\/en\/shop\/fashion-a-history-from-the-18th-to-the-20th-century\/","og_locale":"en_US","og_type":"article","og_title":"Fashion. A History from the 18th to the 20th Century (Kyoto Costume Institute) - book \/ album - Folio","og_description":"Wejd\u017a i kup ksi\u0105\u017ck\u0119 Fashion. A History from the 18th to the 20th Century autorstwa Kyoto Costume Institute wydan\u0105 przez TASCHEN (2015-11-20) w formacie 14 x 19,5 cm (ISBN: 9783836557191). Zapraszamy!","og_url":"https:\/\/foliobooks.pl\/en\/shop\/fashion-a-history-from-the-18th-to-the-20th-century\/","og_site_name":"Folio","article_modified_time":"2024-08-06T12:03:25+00:00","og_image":[{"width":570,"height":708,"url":"https:\/\/foliobooks.pl\/wp-content\/uploads\/2015\/12\/9783836557191.png","type":"image\/png"}],"twitter_card":"summary_large_image","twitter_misc":{"Est. reading time":"1 minute"},"schema":{"@context":"https:\/\/schema.org","@graph":[{"@type":"WebPage","@id":"https:\/\/foliobooks.pl\/en\/shop\/fashion-a-history-from-the-18th-to-the-20th-century\/","url":"https:\/\/foliobooks.pl\/en\/shop\/fashion-a-history-from-the-18th-to-the-20th-century\/","name":"Fashion. A History from the 18th to the 20th Century (Kyoto Costume Institute) - book \/ album - Folio","isPartOf":{"@id":"https:\/\/foliobooks.pl\/en\/#website"},"primaryImageOfPage":{"@id":"https:\/\/foliobooks.pl\/en\/shop\/fashion-a-history-from-the-18th-to-the-20th-century\/#primaryimage"},"image":{"@id":"https:\/\/foliobooks.pl\/en\/shop\/fashion-a-history-from-the-18th-to-the-20th-century\/#primaryimage"},"thumbnailUrl":"https:\/\/foliobooks.pl\/wp-content\/uploads\/2015\/12\/9783836557191.png","datePublished":"2015-12-02T11:28:32+00:00","dateModified":"2024-08-06T12:03:25+00:00","description":"Wejd\u017a i kup ksi\u0105\u017ck\u0119 Fashion. A History from the 18th to the 20th Century autorstwa Kyoto Costume Institute wydan\u0105 przez TASCHEN (2015-11-20) w formacie 14 x 19,5 cm (ISBN: 9783836557191). Zapraszamy!","breadcrumb":{"@id":"https:\/\/foliobooks.pl\/en\/shop\/fashion-a-history-from-the-18th-to-the-20th-century\/#breadcrumb"},"inLanguage":"en-US","potentialAction":[{"@type":"ReadAction","target":["https:\/\/foliobooks.pl\/en\/shop\/fashion-a-history-from-the-18th-to-the-20th-century\/"]}]},{"@type":"ImageObject","inLanguage":"en-US","@id":"https:\/\/foliobooks.pl\/en\/shop\/fashion-a-history-from-the-18th-to-the-20th-century\/#primaryimage","url":"https:\/\/foliobooks.pl\/wp-content\/uploads\/2015\/12\/9783836557191.png","contentUrl":"https:\/\/foliobooks.pl\/wp-content\/uploads\/2015\/12\/9783836557191.png","width":570,"height":708},{"@type":"BreadcrumbList","@id":"https:\/\/foliobooks.pl\/en\/shop\/fashion-a-history-from-the-18th-to-the-20th-century\/#breadcrumb","itemListElement":[{"@type":"ListItem","position":1,"name":"Strona g\u0142\u00f3wna","item":"https:\/\/foliobooks.pl\/en\/"},{"@type":"ListItem","position":2,"name":"Shop","item":"https:\/\/foliobooks.pl\/en\/shop\/"},{"@type":"ListItem","position":3,"name":"Fashion. A History from the 18th to the 20th Century"}]},{"@type":"WebSite","@id":"https:\/\/foliobooks.pl\/en\/#website","url":"https:\/\/foliobooks.pl\/en\/","name":"Folio","description":"Ksi\u0119garnia internetowa","potentialAction":[{"@type":"SearchAction","target":{"@type":"EntryPoint","urlTemplate":"https:\/\/foliobooks.pl\/en\/?s={search_term_string}"},"query-input":{"@type":"PropertyValueSpecification","valueRequired":true,"valueName":"search_term_string"}}],"inLanguage":"en-US"}]}},"_links":{"self":[{"href":"https:\/\/foliobooks.pl\/en\/wp-json\/wp\/v2\/product\/11450","targetHints":{"allow":["GET"]}}],"collection":[{"href":"https:\/\/foliobooks.pl\/en\/wp-json\/wp\/v2\/product"}],"about":[{"href":"https:\/\/foliobooks.pl\/en\/wp-json\/wp\/v2\/types\/product"}],"replies":[{"embeddable":true,"href":"https:\/\/foliobooks.pl\/en\/wp-json\/wp\/v2\/comments?post=11450"}],"wp:featuredmedia":[{"embeddable":true,"href":"https:\/\/foliobooks.pl\/en\/wp-json\/wp\/v2\/media\/11441"}],"wp:attachment":[{"href":"https:\/\/foliobooks.pl\/en\/wp-json\/wp\/v2\/media?parent=11450"}],"wp:term":[{"taxonomy":"product_brand","embeddable":true,"href":"https:\/\/foliobooks.pl\/en\/wp-json\/wp\/v2\/product_brand?post=11450"},{"taxonomy":"product_cat","embeddable":true,"href":"https:\/\/foliobooks.pl\/en\/wp-json\/wp\/v2\/product_cat?post=11450"},{"taxonomy":"product_tag","embeddable":true,"href":"https:\/\/foliobooks.pl\/en\/wp-json\/wp\/v2\/product_tag?post=11450"}],"curies":[{"name":"wp","href":"https:\/\/api.w.org\/{rel}","templated":true}]}}