{"id":11405,"date":"2015-12-02T11:01:59","date_gmt":"2015-12-02T10:01:59","guid":{"rendered":"http:\/\/foliobooks.pl\/en\/?post_type=product&#038;p=11405"},"modified":"2025-04-15T14:36:10","modified_gmt":"2025-04-15T12:36:10","slug":"cubism","status":"publish","type":"product","link":"https:\/\/foliobooks.pl\/en\/shop\/cubism\/","title":{"rendered":"Cubism. Basic Art Series"},"content":{"rendered":"<p>Pioneered by Picasso and Braque, Cubism has been described as the first avant-garde art movement of the 20th century. With inspiration from African and Native American art and sculpture, its practitioners deconstructed European conventions of viewpoint, form, perspective to create flattened, fragmented, and revolutionary images.<\/p>\n<p>Picasso\u2019s celebrated painting Les Demoiselles d\u2019Avignon is typically regarded as the original cubist work, with its radical fracturing of objects and figures into distinct areas, corresponding to multiple different viewpoints. Cubism thereafter developed two distinct trends: Analytical Cubism, which continued to interweave perspectival planes in muted blacks, greys and ochre, and later Synthetic Cubism, characterised by simpler shapes, brighter colors, and collage elements such as newspaper.<\/p>\n<p>This book presents the prime protagonists of Cubism, with work from artists including Pablo Picasso, Georges Braque, Fernand L\u00e9ger, Juan Gris, Albert Gleizes, and Robert Delaunay.<\/p>\n","protected":false},"excerpt":{"rendered":"<p>Pioneered by Picasso and Braque, Cubism has been described as the first avant-garde art movement of the 20th century. With inspiration from African and Native American art and sculpture, its practitioners deconstructed European conventions of viewpoint, form, perspective to create flattened, fragmented, and revolutionary images. Picasso\u2019s celebrated painting Les Demoiselles d\u2019Avignon is typically regarded as&#8230;<\/p>\n","protected":false},"featured_media":11390,"comment_status":"closed","ping_status":"closed","template":"","meta":[],"product_brand":[],"product_cat":[4522],"product_tag":[159,2253,1146,524],"class_list":{"0":"post-11405","1":"product","2":"type-product","3":"status-publish","4":"has-post-thumbnail","6":"product_cat-art-en","7":"product_tag-art-movements-en","8":"product_tag-graphics","9":"product_tag-great-masters-en","10":"product_tag-painting-en","11":"pa_author_att-anne-gantefuhrer-trier-en","12":"pa_cover-hardcover","13":"pa_format-21-x-26-cm-en","14":"pa_isbn-9783836505390-en","15":"pa_language-eng","16":"pa_pages-96-en","17":"pa_published-2015-11-15-en","18":"pa_publisher-taschen-en-en","20":"first","21":"instock","22":"sold-individually","23":"shipping-taxable","24":"purchasable","25":"product-type-simple"},"yoast_head":"<!-- This site is optimized with the Yoast SEO plugin v27.4 - https:\/\/yoast.com\/product\/yoast-seo-wordpress\/ -->\n<title>Cubism. Basic Art Series (Anne Gantef\u00fchrer-Trier) - book \/ album - Folio<\/title>\n<meta name=\"description\" content=\"Wejd\u017a i kup ksi\u0105\u017ck\u0119 Cubism. Basic Art Series autorstwa Anne Gantef\u00fchrer-Trier wydan\u0105 przez TASCHEN (2015-11-15) w formacie 21 x 26 cm (ISBN: 9783836505390). Zapraszamy!\" \/>\n<meta name=\"robots\" content=\"index, follow, max-snippet:-1, max-image-preview:large, max-video-preview:-1\" \/>\n<link rel=\"canonical\" href=\"https:\/\/foliobooks.pl\/en\/shop\/cubism\/\" \/>\n<meta property=\"og:locale\" content=\"en_US\" \/>\n<meta property=\"og:type\" content=\"article\" \/>\n<meta property=\"og:title\" content=\"Cubism. Basic Art Series (Anne Gantef\u00fchrer-Trier) - book \/ album - Folio\" \/>\n<meta property=\"og:description\" content=\"Wejd\u017a i kup ksi\u0105\u017ck\u0119 Cubism. Basic Art Series autorstwa Anne Gantef\u00fchrer-Trier wydan\u0105 przez TASCHEN (2015-11-15) w formacie 21 x 26 cm (ISBN: 9783836505390). Zapraszamy!\" \/>\n<meta property=\"og:url\" content=\"https:\/\/foliobooks.pl\/en\/shop\/cubism\/\" \/>\n<meta property=\"og:site_name\" content=\"Folio\" \/>\n<meta property=\"article:modified_time\" content=\"2025-04-15T12:36:10+00:00\" \/>\n<meta property=\"og:image\" content=\"https:\/\/foliobooks.pl\/wp-content\/uploads\/2015\/12\/9783836505390.png\" \/>\n\t<meta property=\"og:image:width\" content=\"570\" \/>\n\t<meta property=\"og:image:height\" content=\"708\" \/>\n\t<meta property=\"og:image:type\" content=\"image\/png\" \/>\n<meta name=\"twitter:card\" content=\"summary_large_image\" \/>\n<meta name=\"twitter:label1\" content=\"Est. reading time\" \/>\n\t<meta name=\"twitter:data1\" content=\"1 minute\" \/>\n<script type=\"application\/ld+json\" class=\"yoast-schema-graph\">{\"@context\":\"https:\\\/\\\/schema.org\",\"@graph\":[{\"@type\":\"WebPage\",\"@id\":\"https:\\\/\\\/foliobooks.pl\\\/en\\\/shop\\\/cubism\\\/\",\"url\":\"https:\\\/\\\/foliobooks.pl\\\/en\\\/shop\\\/cubism\\\/\",\"name\":\"Cubism. Basic Art Series (Anne Gantef\u00fchrer-Trier) - book \\\/ album - Folio\",\"isPartOf\":{\"@id\":\"https:\\\/\\\/foliobooks.pl\\\/en\\\/#website\"},\"primaryImageOfPage\":{\"@id\":\"https:\\\/\\\/foliobooks.pl\\\/en\\\/shop\\\/cubism\\\/#primaryimage\"},\"image\":{\"@id\":\"https:\\\/\\\/foliobooks.pl\\\/en\\\/shop\\\/cubism\\\/#primaryimage\"},\"thumbnailUrl\":\"https:\\\/\\\/foliobooks.pl\\\/wp-content\\\/uploads\\\/2015\\\/12\\\/9783836505390.png\",\"datePublished\":\"2015-12-02T10:01:59+00:00\",\"dateModified\":\"2025-04-15T12:36:10+00:00\",\"description\":\"Wejd\u017a i kup ksi\u0105\u017ck\u0119 Cubism. Basic Art Series autorstwa Anne Gantef\u00fchrer-Trier wydan\u0105 przez TASCHEN (2015-11-15) w formacie 21 x 26 cm (ISBN: 9783836505390). Zapraszamy!\",\"breadcrumb\":{\"@id\":\"https:\\\/\\\/foliobooks.pl\\\/en\\\/shop\\\/cubism\\\/#breadcrumb\"},\"inLanguage\":\"en-US\",\"potentialAction\":[{\"@type\":\"ReadAction\",\"target\":[\"https:\\\/\\\/foliobooks.pl\\\/en\\\/shop\\\/cubism\\\/\"]}]},{\"@type\":\"ImageObject\",\"inLanguage\":\"en-US\",\"@id\":\"https:\\\/\\\/foliobooks.pl\\\/en\\\/shop\\\/cubism\\\/#primaryimage\",\"url\":\"https:\\\/\\\/foliobooks.pl\\\/wp-content\\\/uploads\\\/2015\\\/12\\\/9783836505390.png\",\"contentUrl\":\"https:\\\/\\\/foliobooks.pl\\\/wp-content\\\/uploads\\\/2015\\\/12\\\/9783836505390.png\",\"width\":570,\"height\":708},{\"@type\":\"BreadcrumbList\",\"@id\":\"https:\\\/\\\/foliobooks.pl\\\/en\\\/shop\\\/cubism\\\/#breadcrumb\",\"itemListElement\":[{\"@type\":\"ListItem\",\"position\":1,\"name\":\"Strona g\u0142\u00f3wna\",\"item\":\"https:\\\/\\\/foliobooks.pl\\\/en\\\/\"},{\"@type\":\"ListItem\",\"position\":2,\"name\":\"Shop\",\"item\":\"https:\\\/\\\/foliobooks.pl\\\/en\\\/shop\\\/\"},{\"@type\":\"ListItem\",\"position\":3,\"name\":\"Cubism. Basic Art Series\"}]},{\"@type\":\"WebSite\",\"@id\":\"https:\\\/\\\/foliobooks.pl\\\/en\\\/#website\",\"url\":\"https:\\\/\\\/foliobooks.pl\\\/en\\\/\",\"name\":\"Folio\",\"description\":\"Ksi\u0119garnia internetowa\",\"potentialAction\":[{\"@type\":\"SearchAction\",\"target\":{\"@type\":\"EntryPoint\",\"urlTemplate\":\"https:\\\/\\\/foliobooks.pl\\\/en\\\/?s={search_term_string}\"},\"query-input\":{\"@type\":\"PropertyValueSpecification\",\"valueRequired\":true,\"valueName\":\"search_term_string\"}}],\"inLanguage\":\"en-US\"}]}<\/script>\n<!-- \/ Yoast SEO plugin. -->","yoast_head_json":{"title":"Cubism. Basic Art Series (Anne Gantef\u00fchrer-Trier) - book \/ album - Folio","description":"Wejd\u017a i kup ksi\u0105\u017ck\u0119 Cubism. Basic Art Series autorstwa Anne Gantef\u00fchrer-Trier wydan\u0105 przez TASCHEN (2015-11-15) w formacie 21 x 26 cm (ISBN: 9783836505390). Zapraszamy!","robots":{"index":"index","follow":"follow","max-snippet":"max-snippet:-1","max-image-preview":"max-image-preview:large","max-video-preview":"max-video-preview:-1"},"canonical":"https:\/\/foliobooks.pl\/en\/shop\/cubism\/","og_locale":"en_US","og_type":"article","og_title":"Cubism. Basic Art Series (Anne Gantef\u00fchrer-Trier) - book \/ album - Folio","og_description":"Wejd\u017a i kup ksi\u0105\u017ck\u0119 Cubism. Basic Art Series autorstwa Anne Gantef\u00fchrer-Trier wydan\u0105 przez TASCHEN (2015-11-15) w formacie 21 x 26 cm (ISBN: 9783836505390). Zapraszamy!","og_url":"https:\/\/foliobooks.pl\/en\/shop\/cubism\/","og_site_name":"Folio","article_modified_time":"2025-04-15T12:36:10+00:00","og_image":[{"width":570,"height":708,"url":"https:\/\/foliobooks.pl\/wp-content\/uploads\/2015\/12\/9783836505390.png","type":"image\/png"}],"twitter_card":"summary_large_image","twitter_misc":{"Est. reading time":"1 minute"},"schema":{"@context":"https:\/\/schema.org","@graph":[{"@type":"WebPage","@id":"https:\/\/foliobooks.pl\/en\/shop\/cubism\/","url":"https:\/\/foliobooks.pl\/en\/shop\/cubism\/","name":"Cubism. Basic Art Series (Anne Gantef\u00fchrer-Trier) - book \/ album - Folio","isPartOf":{"@id":"https:\/\/foliobooks.pl\/en\/#website"},"primaryImageOfPage":{"@id":"https:\/\/foliobooks.pl\/en\/shop\/cubism\/#primaryimage"},"image":{"@id":"https:\/\/foliobooks.pl\/en\/shop\/cubism\/#primaryimage"},"thumbnailUrl":"https:\/\/foliobooks.pl\/wp-content\/uploads\/2015\/12\/9783836505390.png","datePublished":"2015-12-02T10:01:59+00:00","dateModified":"2025-04-15T12:36:10+00:00","description":"Wejd\u017a i kup ksi\u0105\u017ck\u0119 Cubism. Basic Art Series autorstwa Anne Gantef\u00fchrer-Trier wydan\u0105 przez TASCHEN (2015-11-15) w formacie 21 x 26 cm (ISBN: 9783836505390). Zapraszamy!","breadcrumb":{"@id":"https:\/\/foliobooks.pl\/en\/shop\/cubism\/#breadcrumb"},"inLanguage":"en-US","potentialAction":[{"@type":"ReadAction","target":["https:\/\/foliobooks.pl\/en\/shop\/cubism\/"]}]},{"@type":"ImageObject","inLanguage":"en-US","@id":"https:\/\/foliobooks.pl\/en\/shop\/cubism\/#primaryimage","url":"https:\/\/foliobooks.pl\/wp-content\/uploads\/2015\/12\/9783836505390.png","contentUrl":"https:\/\/foliobooks.pl\/wp-content\/uploads\/2015\/12\/9783836505390.png","width":570,"height":708},{"@type":"BreadcrumbList","@id":"https:\/\/foliobooks.pl\/en\/shop\/cubism\/#breadcrumb","itemListElement":[{"@type":"ListItem","position":1,"name":"Strona g\u0142\u00f3wna","item":"https:\/\/foliobooks.pl\/en\/"},{"@type":"ListItem","position":2,"name":"Shop","item":"https:\/\/foliobooks.pl\/en\/shop\/"},{"@type":"ListItem","position":3,"name":"Cubism. Basic Art Series"}]},{"@type":"WebSite","@id":"https:\/\/foliobooks.pl\/en\/#website","url":"https:\/\/foliobooks.pl\/en\/","name":"Folio","description":"Ksi\u0119garnia internetowa","potentialAction":[{"@type":"SearchAction","target":{"@type":"EntryPoint","urlTemplate":"https:\/\/foliobooks.pl\/en\/?s={search_term_string}"},"query-input":{"@type":"PropertyValueSpecification","valueRequired":true,"valueName":"search_term_string"}}],"inLanguage":"en-US"}]}},"_links":{"self":[{"href":"https:\/\/foliobooks.pl\/en\/wp-json\/wp\/v2\/product\/11405","targetHints":{"allow":["GET"]}}],"collection":[{"href":"https:\/\/foliobooks.pl\/en\/wp-json\/wp\/v2\/product"}],"about":[{"href":"https:\/\/foliobooks.pl\/en\/wp-json\/wp\/v2\/types\/product"}],"replies":[{"embeddable":true,"href":"https:\/\/foliobooks.pl\/en\/wp-json\/wp\/v2\/comments?post=11405"}],"wp:featuredmedia":[{"embeddable":true,"href":"https:\/\/foliobooks.pl\/en\/wp-json\/wp\/v2\/media\/11390"}],"wp:attachment":[{"href":"https:\/\/foliobooks.pl\/en\/wp-json\/wp\/v2\/media?parent=11405"}],"wp:term":[{"taxonomy":"product_brand","embeddable":true,"href":"https:\/\/foliobooks.pl\/en\/wp-json\/wp\/v2\/product_brand?post=11405"},{"taxonomy":"product_cat","embeddable":true,"href":"https:\/\/foliobooks.pl\/en\/wp-json\/wp\/v2\/product_cat?post=11405"},{"taxonomy":"product_tag","embeddable":true,"href":"https:\/\/foliobooks.pl\/en\/wp-json\/wp\/v2\/product_tag?post=11405"}],"curies":[{"name":"wp","href":"https:\/\/api.w.org\/{rel}","templated":true}]}}