{"id":11373,"date":"2015-12-02T11:02:07","date_gmt":"2015-12-02T10:02:07","guid":{"rendered":"http:\/\/foliobooks.pl\/en\/?post_type=product&#038;p=11373"},"modified":"2026-01-12T12:55:17","modified_gmt":"2026-01-12T11:55:17","slug":"racinet-the-costume-history","status":"publish","type":"product","link":"https:\/\/foliobooks.pl\/en\/shop\/racinet-the-costume-history\/","title":{"rendered":"Racinet. The Costume History"},"content":{"rendered":"<p>Originally published in France between 1876 and 1888, Auguste Racinet\u2019s Le Costume historique was the most wide-ranging and incisive study of clothing ever attempted. Covering the world history of costume, dress, and style from antiquity through to the end of the 19th century, the six volume work remains completely unique in its scope and detail.<\/p>\n<p>TASCHEN\u2019s reprint of the color plates presents Racinet\u2019s exquisitely precise and colored illustrations, as well as his delightful descriptions and often witty comments. Spanning everything from ancient Etruscan attire to French women\u2019s couture, material is arranged according to Racinet\u2019s orginal organization by culture and subject. As expansive in its reach as it is passionate in its research and attention to detail, Racinet&#8217;s Costume History is an invaluable reference for students, designers, artists, illustrators, and historians; and a rich source of inspiration for anyone with an interest in clothing and style.<\/p>\n","protected":false},"excerpt":{"rendered":"<p>Originally published in France between 1876 and 1888, Auguste Racinet\u2019s Le Costume historique was the most wide-ranging and incisive study of clothing ever attempted. Covering the world history of costume, dress, and style from antiquity through to the end of the 19th century, the six volume work remains completely unique in its scope and detail&#8230;.<\/p>\n","protected":false},"featured_media":11364,"comment_status":"closed","ping_status":"closed","template":"","meta":[],"product_brand":[],"product_cat":[4519],"product_tag":[334,4524,157,1681,1710,151],"class_list":{"0":"post-11373","1":"product","2":"type-product","3":"status-publish","4":"has-post-thumbnail","6":"product_cat-fashion-en-en","7":"product_tag-collections-en","8":"product_tag-design-en-en","9":"product_tag-designers","10":"product_tag-history","11":"product_tag-models","12":"product_tag-women","13":"pa_author_att-francoise-tetart-vittu-en","14":"pa_cover-hardcover","15":"pa_format-14-x-195-cm-en","16":"pa_isbn-9783836555401-en","17":"pa_language-eng","18":"pa_pages-752-en","19":"pa_published-2015-11-15-en","20":"pa_publisher-taschen-en-en","22":"first","23":"instock","24":"sold-individually","25":"shipping-taxable","26":"purchasable","27":"product-type-simple"},"yoast_head":"<!-- This site is optimized with the Yoast SEO plugin v27.4 - https:\/\/yoast.com\/product\/yoast-seo-wordpress\/ -->\n<title>Racinet. The Costume History (Fran\u00e7oise T\u00e9tart-Vittu) - book \/ album - Folio<\/title>\n<meta name=\"description\" content=\"Wejd\u017a i kup ksi\u0105\u017ck\u0119 Racinet. The Costume History autorstwa Fran\u00e7oise T\u00e9tart-Vittu wydan\u0105 przez TASCHEN (2015-11-15) w formacie 14 x 19,5 cm (ISBN: 9783836555401). Zapraszamy!\" \/>\n<meta name=\"robots\" content=\"index, follow, max-snippet:-1, max-image-preview:large, max-video-preview:-1\" \/>\n<link rel=\"canonical\" href=\"https:\/\/foliobooks.pl\/en\/shop\/racinet-the-costume-history\/\" \/>\n<meta property=\"og:locale\" content=\"en_US\" \/>\n<meta property=\"og:type\" content=\"article\" \/>\n<meta property=\"og:title\" content=\"Racinet. The Costume History (Fran\u00e7oise T\u00e9tart-Vittu) - book \/ album - Folio\" \/>\n<meta property=\"og:description\" content=\"Wejd\u017a i kup ksi\u0105\u017ck\u0119 Racinet. The Costume History autorstwa Fran\u00e7oise T\u00e9tart-Vittu wydan\u0105 przez TASCHEN (2015-11-15) w formacie 14 x 19,5 cm (ISBN: 9783836555401). Zapraszamy!\" \/>\n<meta property=\"og:url\" content=\"https:\/\/foliobooks.pl\/en\/shop\/racinet-the-costume-history\/\" \/>\n<meta property=\"og:site_name\" content=\"Folio\" \/>\n<meta property=\"article:modified_time\" content=\"2026-01-12T11:55:17+00:00\" \/>\n<meta property=\"og:image\" content=\"https:\/\/foliobooks.pl\/wp-content\/uploads\/2015\/12\/9783836555401.png\" \/>\n\t<meta property=\"og:image:width\" content=\"570\" \/>\n\t<meta property=\"og:image:height\" content=\"708\" \/>\n\t<meta property=\"og:image:type\" content=\"image\/png\" \/>\n<meta name=\"twitter:card\" content=\"summary_large_image\" \/>\n<meta name=\"twitter:label1\" content=\"Est. reading time\" \/>\n\t<meta name=\"twitter:data1\" content=\"1 minute\" \/>\n<script type=\"application\/ld+json\" class=\"yoast-schema-graph\">{\"@context\":\"https:\\\/\\\/schema.org\",\"@graph\":[{\"@type\":\"WebPage\",\"@id\":\"https:\\\/\\\/foliobooks.pl\\\/en\\\/shop\\\/racinet-the-costume-history\\\/\",\"url\":\"https:\\\/\\\/foliobooks.pl\\\/en\\\/shop\\\/racinet-the-costume-history\\\/\",\"name\":\"Racinet. The Costume History (Fran\u00e7oise T\u00e9tart-Vittu) - book \\\/ album - Folio\",\"isPartOf\":{\"@id\":\"https:\\\/\\\/foliobooks.pl\\\/en\\\/#website\"},\"primaryImageOfPage\":{\"@id\":\"https:\\\/\\\/foliobooks.pl\\\/en\\\/shop\\\/racinet-the-costume-history\\\/#primaryimage\"},\"image\":{\"@id\":\"https:\\\/\\\/foliobooks.pl\\\/en\\\/shop\\\/racinet-the-costume-history\\\/#primaryimage\"},\"thumbnailUrl\":\"https:\\\/\\\/foliobooks.pl\\\/wp-content\\\/uploads\\\/2015\\\/12\\\/9783836555401.png\",\"datePublished\":\"2015-12-02T10:02:07+00:00\",\"dateModified\":\"2026-01-12T11:55:17+00:00\",\"description\":\"Wejd\u017a i kup ksi\u0105\u017ck\u0119 Racinet. The Costume History autorstwa Fran\u00e7oise T\u00e9tart-Vittu wydan\u0105 przez TASCHEN (2015-11-15) w formacie 14 x 19,5 cm (ISBN: 9783836555401). Zapraszamy!\",\"breadcrumb\":{\"@id\":\"https:\\\/\\\/foliobooks.pl\\\/en\\\/shop\\\/racinet-the-costume-history\\\/#breadcrumb\"},\"inLanguage\":\"en-US\",\"potentialAction\":[{\"@type\":\"ReadAction\",\"target\":[\"https:\\\/\\\/foliobooks.pl\\\/en\\\/shop\\\/racinet-the-costume-history\\\/\"]}]},{\"@type\":\"ImageObject\",\"inLanguage\":\"en-US\",\"@id\":\"https:\\\/\\\/foliobooks.pl\\\/en\\\/shop\\\/racinet-the-costume-history\\\/#primaryimage\",\"url\":\"https:\\\/\\\/foliobooks.pl\\\/wp-content\\\/uploads\\\/2015\\\/12\\\/9783836555401.png\",\"contentUrl\":\"https:\\\/\\\/foliobooks.pl\\\/wp-content\\\/uploads\\\/2015\\\/12\\\/9783836555401.png\",\"width\":570,\"height\":708},{\"@type\":\"BreadcrumbList\",\"@id\":\"https:\\\/\\\/foliobooks.pl\\\/en\\\/shop\\\/racinet-the-costume-history\\\/#breadcrumb\",\"itemListElement\":[{\"@type\":\"ListItem\",\"position\":1,\"name\":\"Strona g\u0142\u00f3wna\",\"item\":\"https:\\\/\\\/foliobooks.pl\\\/en\\\/\"},{\"@type\":\"ListItem\",\"position\":2,\"name\":\"Shop\",\"item\":\"https:\\\/\\\/foliobooks.pl\\\/en\\\/shop\\\/\"},{\"@type\":\"ListItem\",\"position\":3,\"name\":\"Racinet. The Costume History\"}]},{\"@type\":\"WebSite\",\"@id\":\"https:\\\/\\\/foliobooks.pl\\\/en\\\/#website\",\"url\":\"https:\\\/\\\/foliobooks.pl\\\/en\\\/\",\"name\":\"Folio\",\"description\":\"Ksi\u0119garnia internetowa\",\"potentialAction\":[{\"@type\":\"SearchAction\",\"target\":{\"@type\":\"EntryPoint\",\"urlTemplate\":\"https:\\\/\\\/foliobooks.pl\\\/en\\\/?s={search_term_string}\"},\"query-input\":{\"@type\":\"PropertyValueSpecification\",\"valueRequired\":true,\"valueName\":\"search_term_string\"}}],\"inLanguage\":\"en-US\"}]}<\/script>\n<!-- \/ Yoast SEO plugin. -->","yoast_head_json":{"title":"Racinet. The Costume History (Fran\u00e7oise T\u00e9tart-Vittu) - book \/ album - Folio","description":"Wejd\u017a i kup ksi\u0105\u017ck\u0119 Racinet. The Costume History autorstwa Fran\u00e7oise T\u00e9tart-Vittu wydan\u0105 przez TASCHEN (2015-11-15) w formacie 14 x 19,5 cm (ISBN: 9783836555401). Zapraszamy!","robots":{"index":"index","follow":"follow","max-snippet":"max-snippet:-1","max-image-preview":"max-image-preview:large","max-video-preview":"max-video-preview:-1"},"canonical":"https:\/\/foliobooks.pl\/en\/shop\/racinet-the-costume-history\/","og_locale":"en_US","og_type":"article","og_title":"Racinet. The Costume History (Fran\u00e7oise T\u00e9tart-Vittu) - book \/ album - Folio","og_description":"Wejd\u017a i kup ksi\u0105\u017ck\u0119 Racinet. The Costume History autorstwa Fran\u00e7oise T\u00e9tart-Vittu wydan\u0105 przez TASCHEN (2015-11-15) w formacie 14 x 19,5 cm (ISBN: 9783836555401). Zapraszamy!","og_url":"https:\/\/foliobooks.pl\/en\/shop\/racinet-the-costume-history\/","og_site_name":"Folio","article_modified_time":"2026-01-12T11:55:17+00:00","og_image":[{"width":570,"height":708,"url":"https:\/\/foliobooks.pl\/wp-content\/uploads\/2015\/12\/9783836555401.png","type":"image\/png"}],"twitter_card":"summary_large_image","twitter_misc":{"Est. reading time":"1 minute"},"schema":{"@context":"https:\/\/schema.org","@graph":[{"@type":"WebPage","@id":"https:\/\/foliobooks.pl\/en\/shop\/racinet-the-costume-history\/","url":"https:\/\/foliobooks.pl\/en\/shop\/racinet-the-costume-history\/","name":"Racinet. The Costume History (Fran\u00e7oise T\u00e9tart-Vittu) - book \/ album - Folio","isPartOf":{"@id":"https:\/\/foliobooks.pl\/en\/#website"},"primaryImageOfPage":{"@id":"https:\/\/foliobooks.pl\/en\/shop\/racinet-the-costume-history\/#primaryimage"},"image":{"@id":"https:\/\/foliobooks.pl\/en\/shop\/racinet-the-costume-history\/#primaryimage"},"thumbnailUrl":"https:\/\/foliobooks.pl\/wp-content\/uploads\/2015\/12\/9783836555401.png","datePublished":"2015-12-02T10:02:07+00:00","dateModified":"2026-01-12T11:55:17+00:00","description":"Wejd\u017a i kup ksi\u0105\u017ck\u0119 Racinet. The Costume History autorstwa Fran\u00e7oise T\u00e9tart-Vittu wydan\u0105 przez TASCHEN (2015-11-15) w formacie 14 x 19,5 cm (ISBN: 9783836555401). Zapraszamy!","breadcrumb":{"@id":"https:\/\/foliobooks.pl\/en\/shop\/racinet-the-costume-history\/#breadcrumb"},"inLanguage":"en-US","potentialAction":[{"@type":"ReadAction","target":["https:\/\/foliobooks.pl\/en\/shop\/racinet-the-costume-history\/"]}]},{"@type":"ImageObject","inLanguage":"en-US","@id":"https:\/\/foliobooks.pl\/en\/shop\/racinet-the-costume-history\/#primaryimage","url":"https:\/\/foliobooks.pl\/wp-content\/uploads\/2015\/12\/9783836555401.png","contentUrl":"https:\/\/foliobooks.pl\/wp-content\/uploads\/2015\/12\/9783836555401.png","width":570,"height":708},{"@type":"BreadcrumbList","@id":"https:\/\/foliobooks.pl\/en\/shop\/racinet-the-costume-history\/#breadcrumb","itemListElement":[{"@type":"ListItem","position":1,"name":"Strona g\u0142\u00f3wna","item":"https:\/\/foliobooks.pl\/en\/"},{"@type":"ListItem","position":2,"name":"Shop","item":"https:\/\/foliobooks.pl\/en\/shop\/"},{"@type":"ListItem","position":3,"name":"Racinet. The Costume History"}]},{"@type":"WebSite","@id":"https:\/\/foliobooks.pl\/en\/#website","url":"https:\/\/foliobooks.pl\/en\/","name":"Folio","description":"Ksi\u0119garnia internetowa","potentialAction":[{"@type":"SearchAction","target":{"@type":"EntryPoint","urlTemplate":"https:\/\/foliobooks.pl\/en\/?s={search_term_string}"},"query-input":{"@type":"PropertyValueSpecification","valueRequired":true,"valueName":"search_term_string"}}],"inLanguage":"en-US"}]}},"_links":{"self":[{"href":"https:\/\/foliobooks.pl\/en\/wp-json\/wp\/v2\/product\/11373","targetHints":{"allow":["GET"]}}],"collection":[{"href":"https:\/\/foliobooks.pl\/en\/wp-json\/wp\/v2\/product"}],"about":[{"href":"https:\/\/foliobooks.pl\/en\/wp-json\/wp\/v2\/types\/product"}],"replies":[{"embeddable":true,"href":"https:\/\/foliobooks.pl\/en\/wp-json\/wp\/v2\/comments?post=11373"}],"wp:featuredmedia":[{"embeddable":true,"href":"https:\/\/foliobooks.pl\/en\/wp-json\/wp\/v2\/media\/11364"}],"wp:attachment":[{"href":"https:\/\/foliobooks.pl\/en\/wp-json\/wp\/v2\/media?parent=11373"}],"wp:term":[{"taxonomy":"product_brand","embeddable":true,"href":"https:\/\/foliobooks.pl\/en\/wp-json\/wp\/v2\/product_brand?post=11373"},{"taxonomy":"product_cat","embeddable":true,"href":"https:\/\/foliobooks.pl\/en\/wp-json\/wp\/v2\/product_cat?post=11373"},{"taxonomy":"product_tag","embeddable":true,"href":"https:\/\/foliobooks.pl\/en\/wp-json\/wp\/v2\/product_tag?post=11373"}],"curies":[{"name":"wp","href":"https:\/\/api.w.org\/{rel}","templated":true}]}}