{"id":11277,"date":"2015-11-23T12:50:12","date_gmt":"2015-11-23T11:50:12","guid":{"rendered":"http:\/\/foliobooks.pl\/en\/?post_type=product&#038;p=11277"},"modified":"2023-01-04T17:11:32","modified_gmt":"2023-01-04T16:11:32","slug":"harry-seidler-lifework","status":"publish","type":"product","link":"https:\/\/foliobooks.pl\/en\/shop\/harry-seidler-lifework\/","title":{"rendered":"Harry Seidler LifeWork"},"content":{"rendered":"<p>A comprehensive survey of the work of a master of mid- to late-twentieth-century modernist design. Over the course of a career spanning more than five decades, Australian architect Harry Seidler embarked upon a long series of dramatically innovative and sculptural houses with a rare sensitivity to site, space, and structure. And while these soaring, inspiring houses have been the source of Seidler&#8217;s fame within architectural circles, this book gives a complete view of this modern master&#8217;s body of work for the first time. Seidler is now widely acknowledged as a leading member of the postwar generation of modernists and one of the most influential architects of the twentieth century in the southern hemisphere. With commissions not only in Australia but also in Austria, France, Israel, Italy, Mexico, and Hong Kong since establishing his own practice in Sydney in 1948, his work has influenced the course of modernist design into the twenty-first century.<\/p>\n","protected":false},"excerpt":{"rendered":"<p>A comprehensive survey of the work of a master of mid- to late-twentieth-century modernist design. Over the course of a career spanning more than five decades, Australian architect Harry Seidler embarked upon a long series of dramatically innovative and sculptural houses with a rare sensitivity to site, space, and structure. And while these soaring, inspiring&#8230;<\/p>\n","protected":false},"featured_media":11156,"comment_status":"closed","ping_status":"closed","template":"","meta":[],"product_brand":[],"product_cat":[4516],"product_tag":[1126,154],"class_list":{"0":"post-11277","1":"product","2":"type-product","3":"status-publish","4":"has-post-thumbnail","6":"product_cat-architecture-en","7":"product_tag-architects-en","8":"product_tag-monographs","9":"pa_author_att-vladimir-belogolovsky-en","10":"pa_cover-hardcover","11":"pa_format-255-x-28-cm-en","12":"pa_isbn-9780847842285-en","13":"pa_language-eng","14":"pa_pages-300-en","15":"pa_published-2014-04-01-en","16":"pa_publisher-rizzoli-en","18":"first","19":"instock","20":"sale","21":"sold-individually","22":"shipping-taxable","23":"purchasable","24":"product-type-simple"},"yoast_head":"<!-- This site is optimized with the Yoast SEO plugin v27.4 - https:\/\/yoast.com\/product\/yoast-seo-wordpress\/ -->\n<title>Harry Seidler LifeWork (Vladimir Belogolovsky) - book \/ album - Folio<\/title>\n<meta name=\"description\" content=\"Wejd\u017a i kup ksi\u0105\u017ck\u0119 Harry Seidler LifeWork autorstwa Vladimir Belogolovsky wydan\u0105 przez Rizzoli (2014-04-01) w formacie 25,5 x 28 cm (ISBN: 9780847842285). Zapraszamy!\" \/>\n<meta name=\"robots\" content=\"index, follow, max-snippet:-1, max-image-preview:large, max-video-preview:-1\" \/>\n<link rel=\"canonical\" href=\"https:\/\/foliobooks.pl\/en\/shop\/harry-seidler-lifework\/\" \/>\n<meta property=\"og:locale\" content=\"en_US\" \/>\n<meta property=\"og:type\" content=\"article\" \/>\n<meta property=\"og:title\" content=\"Harry Seidler LifeWork (Vladimir Belogolovsky) - book \/ album - Folio\" \/>\n<meta property=\"og:description\" content=\"Wejd\u017a i kup ksi\u0105\u017ck\u0119 Harry Seidler LifeWork autorstwa Vladimir Belogolovsky wydan\u0105 przez Rizzoli (2014-04-01) w formacie 25,5 x 28 cm (ISBN: 9780847842285). Zapraszamy!\" \/>\n<meta property=\"og:url\" content=\"https:\/\/foliobooks.pl\/en\/shop\/harry-seidler-lifework\/\" \/>\n<meta property=\"og:site_name\" content=\"Folio\" \/>\n<meta property=\"article:modified_time\" content=\"2023-01-04T16:11:32+00:00\" \/>\n<meta property=\"og:image\" content=\"https:\/\/foliobooks.pl\/wp-content\/uploads\/2015\/11\/9780847842285.png\" \/>\n\t<meta property=\"og:image:width\" content=\"570\" \/>\n\t<meta property=\"og:image:height\" content=\"708\" \/>\n\t<meta property=\"og:image:type\" content=\"image\/png\" \/>\n<meta name=\"twitter:card\" content=\"summary_large_image\" \/>\n<meta name=\"twitter:label1\" content=\"Est. reading time\" \/>\n\t<meta name=\"twitter:data1\" content=\"1 minute\" \/>\n<script type=\"application\/ld+json\" class=\"yoast-schema-graph\">{\"@context\":\"https:\\\/\\\/schema.org\",\"@graph\":[{\"@type\":\"WebPage\",\"@id\":\"https:\\\/\\\/foliobooks.pl\\\/en\\\/shop\\\/harry-seidler-lifework\\\/\",\"url\":\"https:\\\/\\\/foliobooks.pl\\\/en\\\/shop\\\/harry-seidler-lifework\\\/\",\"name\":\"Harry Seidler LifeWork (Vladimir Belogolovsky) - book \\\/ album - Folio\",\"isPartOf\":{\"@id\":\"https:\\\/\\\/foliobooks.pl\\\/en\\\/#website\"},\"primaryImageOfPage\":{\"@id\":\"https:\\\/\\\/foliobooks.pl\\\/en\\\/shop\\\/harry-seidler-lifework\\\/#primaryimage\"},\"image\":{\"@id\":\"https:\\\/\\\/foliobooks.pl\\\/en\\\/shop\\\/harry-seidler-lifework\\\/#primaryimage\"},\"thumbnailUrl\":\"https:\\\/\\\/foliobooks.pl\\\/wp-content\\\/uploads\\\/2015\\\/11\\\/9780847842285.png\",\"datePublished\":\"2015-11-23T11:50:12+00:00\",\"dateModified\":\"2023-01-04T16:11:32+00:00\",\"description\":\"Wejd\u017a i kup ksi\u0105\u017ck\u0119 Harry Seidler LifeWork autorstwa Vladimir Belogolovsky wydan\u0105 przez Rizzoli (2014-04-01) w formacie 25,5 x 28 cm (ISBN: 9780847842285). Zapraszamy!\",\"breadcrumb\":{\"@id\":\"https:\\\/\\\/foliobooks.pl\\\/en\\\/shop\\\/harry-seidler-lifework\\\/#breadcrumb\"},\"inLanguage\":\"en-US\",\"potentialAction\":[{\"@type\":\"ReadAction\",\"target\":[\"https:\\\/\\\/foliobooks.pl\\\/en\\\/shop\\\/harry-seidler-lifework\\\/\"]}]},{\"@type\":\"ImageObject\",\"inLanguage\":\"en-US\",\"@id\":\"https:\\\/\\\/foliobooks.pl\\\/en\\\/shop\\\/harry-seidler-lifework\\\/#primaryimage\",\"url\":\"https:\\\/\\\/foliobooks.pl\\\/wp-content\\\/uploads\\\/2015\\\/11\\\/9780847842285.png\",\"contentUrl\":\"https:\\\/\\\/foliobooks.pl\\\/wp-content\\\/uploads\\\/2015\\\/11\\\/9780847842285.png\",\"width\":570,\"height\":708},{\"@type\":\"BreadcrumbList\",\"@id\":\"https:\\\/\\\/foliobooks.pl\\\/en\\\/shop\\\/harry-seidler-lifework\\\/#breadcrumb\",\"itemListElement\":[{\"@type\":\"ListItem\",\"position\":1,\"name\":\"Strona g\u0142\u00f3wna\",\"item\":\"https:\\\/\\\/foliobooks.pl\\\/en\\\/\"},{\"@type\":\"ListItem\",\"position\":2,\"name\":\"Shop\",\"item\":\"https:\\\/\\\/foliobooks.pl\\\/en\\\/shop\\\/\"},{\"@type\":\"ListItem\",\"position\":3,\"name\":\"Harry Seidler LifeWork\"}]},{\"@type\":\"WebSite\",\"@id\":\"https:\\\/\\\/foliobooks.pl\\\/en\\\/#website\",\"url\":\"https:\\\/\\\/foliobooks.pl\\\/en\\\/\",\"name\":\"Folio\",\"description\":\"Ksi\u0119garnia internetowa\",\"potentialAction\":[{\"@type\":\"SearchAction\",\"target\":{\"@type\":\"EntryPoint\",\"urlTemplate\":\"https:\\\/\\\/foliobooks.pl\\\/en\\\/?s={search_term_string}\"},\"query-input\":{\"@type\":\"PropertyValueSpecification\",\"valueRequired\":true,\"valueName\":\"search_term_string\"}}],\"inLanguage\":\"en-US\"}]}<\/script>\n<!-- \/ Yoast SEO plugin. -->","yoast_head_json":{"title":"Harry Seidler LifeWork (Vladimir Belogolovsky) - book \/ album - Folio","description":"Wejd\u017a i kup ksi\u0105\u017ck\u0119 Harry Seidler LifeWork autorstwa Vladimir Belogolovsky wydan\u0105 przez Rizzoli (2014-04-01) w formacie 25,5 x 28 cm (ISBN: 9780847842285). Zapraszamy!","robots":{"index":"index","follow":"follow","max-snippet":"max-snippet:-1","max-image-preview":"max-image-preview:large","max-video-preview":"max-video-preview:-1"},"canonical":"https:\/\/foliobooks.pl\/en\/shop\/harry-seidler-lifework\/","og_locale":"en_US","og_type":"article","og_title":"Harry Seidler LifeWork (Vladimir Belogolovsky) - book \/ album - Folio","og_description":"Wejd\u017a i kup ksi\u0105\u017ck\u0119 Harry Seidler LifeWork autorstwa Vladimir Belogolovsky wydan\u0105 przez Rizzoli (2014-04-01) w formacie 25,5 x 28 cm (ISBN: 9780847842285). Zapraszamy!","og_url":"https:\/\/foliobooks.pl\/en\/shop\/harry-seidler-lifework\/","og_site_name":"Folio","article_modified_time":"2023-01-04T16:11:32+00:00","og_image":[{"width":570,"height":708,"url":"https:\/\/foliobooks.pl\/wp-content\/uploads\/2015\/11\/9780847842285.png","type":"image\/png"}],"twitter_card":"summary_large_image","twitter_misc":{"Est. reading time":"1 minute"},"schema":{"@context":"https:\/\/schema.org","@graph":[{"@type":"WebPage","@id":"https:\/\/foliobooks.pl\/en\/shop\/harry-seidler-lifework\/","url":"https:\/\/foliobooks.pl\/en\/shop\/harry-seidler-lifework\/","name":"Harry Seidler LifeWork (Vladimir Belogolovsky) - book \/ album - Folio","isPartOf":{"@id":"https:\/\/foliobooks.pl\/en\/#website"},"primaryImageOfPage":{"@id":"https:\/\/foliobooks.pl\/en\/shop\/harry-seidler-lifework\/#primaryimage"},"image":{"@id":"https:\/\/foliobooks.pl\/en\/shop\/harry-seidler-lifework\/#primaryimage"},"thumbnailUrl":"https:\/\/foliobooks.pl\/wp-content\/uploads\/2015\/11\/9780847842285.png","datePublished":"2015-11-23T11:50:12+00:00","dateModified":"2023-01-04T16:11:32+00:00","description":"Wejd\u017a i kup ksi\u0105\u017ck\u0119 Harry Seidler LifeWork autorstwa Vladimir Belogolovsky wydan\u0105 przez Rizzoli (2014-04-01) w formacie 25,5 x 28 cm (ISBN: 9780847842285). Zapraszamy!","breadcrumb":{"@id":"https:\/\/foliobooks.pl\/en\/shop\/harry-seidler-lifework\/#breadcrumb"},"inLanguage":"en-US","potentialAction":[{"@type":"ReadAction","target":["https:\/\/foliobooks.pl\/en\/shop\/harry-seidler-lifework\/"]}]},{"@type":"ImageObject","inLanguage":"en-US","@id":"https:\/\/foliobooks.pl\/en\/shop\/harry-seidler-lifework\/#primaryimage","url":"https:\/\/foliobooks.pl\/wp-content\/uploads\/2015\/11\/9780847842285.png","contentUrl":"https:\/\/foliobooks.pl\/wp-content\/uploads\/2015\/11\/9780847842285.png","width":570,"height":708},{"@type":"BreadcrumbList","@id":"https:\/\/foliobooks.pl\/en\/shop\/harry-seidler-lifework\/#breadcrumb","itemListElement":[{"@type":"ListItem","position":1,"name":"Strona g\u0142\u00f3wna","item":"https:\/\/foliobooks.pl\/en\/"},{"@type":"ListItem","position":2,"name":"Shop","item":"https:\/\/foliobooks.pl\/en\/shop\/"},{"@type":"ListItem","position":3,"name":"Harry Seidler LifeWork"}]},{"@type":"WebSite","@id":"https:\/\/foliobooks.pl\/en\/#website","url":"https:\/\/foliobooks.pl\/en\/","name":"Folio","description":"Ksi\u0119garnia internetowa","potentialAction":[{"@type":"SearchAction","target":{"@type":"EntryPoint","urlTemplate":"https:\/\/foliobooks.pl\/en\/?s={search_term_string}"},"query-input":{"@type":"PropertyValueSpecification","valueRequired":true,"valueName":"search_term_string"}}],"inLanguage":"en-US"}]}},"_links":{"self":[{"href":"https:\/\/foliobooks.pl\/en\/wp-json\/wp\/v2\/product\/11277","targetHints":{"allow":["GET"]}}],"collection":[{"href":"https:\/\/foliobooks.pl\/en\/wp-json\/wp\/v2\/product"}],"about":[{"href":"https:\/\/foliobooks.pl\/en\/wp-json\/wp\/v2\/types\/product"}],"replies":[{"embeddable":true,"href":"https:\/\/foliobooks.pl\/en\/wp-json\/wp\/v2\/comments?post=11277"}],"wp:featuredmedia":[{"embeddable":true,"href":"https:\/\/foliobooks.pl\/en\/wp-json\/wp\/v2\/media\/11156"}],"wp:attachment":[{"href":"https:\/\/foliobooks.pl\/en\/wp-json\/wp\/v2\/media?parent=11277"}],"wp:term":[{"taxonomy":"product_brand","embeddable":true,"href":"https:\/\/foliobooks.pl\/en\/wp-json\/wp\/v2\/product_brand?post=11277"},{"taxonomy":"product_cat","embeddable":true,"href":"https:\/\/foliobooks.pl\/en\/wp-json\/wp\/v2\/product_cat?post=11277"},{"taxonomy":"product_tag","embeddable":true,"href":"https:\/\/foliobooks.pl\/en\/wp-json\/wp\/v2\/product_tag?post=11277"}],"curies":[{"name":"wp","href":"https:\/\/api.w.org\/{rel}","templated":true}]}}