{"id":109423,"date":"2026-04-14T17:19:47","date_gmt":"2026-04-14T15:19:47","guid":{"rendered":"https:\/\/foliobooks.pl\/sklep\/oman-odyssey\/"},"modified":"2026-04-14T17:21:44","modified_gmt":"2026-04-14T15:21:44","slug":"oman-odyssey","status":"publish","type":"product","link":"https:\/\/foliobooks.pl\/en\/shop\/oman-odyssey\/","title":{"rendered":"Oman Odyssey"},"content":{"rendered":"<p>The Sultanate of Oman, a land of incredible contrasts where the regal Sea of Oman meets the sparkling waters of the Indian Ocean, sits proudly at the crossroads of continents. Rooted in rich maritime heritage, Oman\u2019s famed spirit of openness and connection to the world has endured since precious frankincense placed it at the heart of ancient trade routes. Through the lens of photographer Oliver Pilcher, this travel coffee table book explores the country\u2019s vibrant history, unique culture, and dramatic landscapes. In Oman, these three elements can be experienced in a single location\u2014for example, in the Jebel Akhdar Mountains or the seaside city of Sur.<\/p>\n<p>Bordered by Saudi Arabia and the United Arab Emirates, Oman stands resolute in its commitment to preserve the nation\u2019s history. Whether it is the strict building codes that ensure traditional aesthetics are maintained, or the over five hundred forts and watchtowers that are diligently protected, Oman offers a trip back in time, complete with contemporary comforts. Blending timeless elegance with raw natural beauty, Oman Odyssey captures the essence of a nation where living traditions meet modern grace, sharing a rare glimpse into one of the most extraordinary corners of the world.<\/p>\n","protected":false},"excerpt":{"rendered":"<p>The Sultanate of Oman, a land of incredible contrasts where the regal Sea of Oman meets the sparkling waters of the Indian Ocean, sits proudly at the crossroads of continents. Rooted in rich maritime heritage, Oman\u2019s famed spirit of openness and connection to the world has endured since precious frankincense placed it at the heart&#8230;<\/p>\n","protected":false},"featured_media":109424,"comment_status":"closed","ping_status":"closed","template":"","meta":[],"product_brand":[],"product_cat":[13533,4517],"product_tag":[11506,156],"class_list":{"0":"post-109423","1":"product","2":"type-product","3":"status-publish","4":"has-post-thumbnail","6":"product_cat-books","7":"product_cat-photography-en","8":"product_tag-asia-en","9":"product_tag-travel","10":"pa_author_att-berenice-geoffroy-schneiter","11":"pa_cover-hardcover","12":"pa_format-25-x-33-cm-en","13":"pa_isbn-21129","14":"pa_language-eng","15":"pa_pages-272-2-en","16":"pa_published-2025-12-24","17":"pa_publisher-assouline-en","19":"first","20":"instock","21":"sold-individually","22":"shipping-taxable","23":"purchasable","24":"product-type-simple"},"yoast_head":"<!-- This site is optimized with the Yoast SEO plugin v27.4 - https:\/\/yoast.com\/product\/yoast-seo-wordpress\/ -->\n<title>Oman Odyssey (B\u00e9r\u00e9nice Geoffroy-Schneiter) - book \/ album - Folio<\/title>\n<meta name=\"description\" content=\"Wejd\u017a i kup ksi\u0105\u017ck\u0119 Oman Odyssey autorstwa B\u00e9r\u00e9nice Geoffroy-Schneiter wydan\u0105 przez Assouline (2025-12-24) w formacie 25 x 33 cm (ISBN: 9781649805867). Zapraszamy!\" \/>\n<meta name=\"robots\" content=\"index, follow, max-snippet:-1, max-image-preview:large, max-video-preview:-1\" \/>\n<link rel=\"canonical\" href=\"https:\/\/foliobooks.pl\/en\/shop\/oman-odyssey\/\" \/>\n<meta property=\"og:locale\" content=\"en_US\" \/>\n<meta property=\"og:type\" content=\"article\" \/>\n<meta property=\"og:title\" content=\"Oman Odyssey (B\u00e9r\u00e9nice Geoffroy-Schneiter) - book \/ album - Folio\" \/>\n<meta property=\"og:description\" content=\"Wejd\u017a i kup ksi\u0105\u017ck\u0119 Oman Odyssey autorstwa B\u00e9r\u00e9nice Geoffroy-Schneiter wydan\u0105 przez Assouline (2025-12-24) w formacie 25 x 33 cm (ISBN: 9781649805867). Zapraszamy!\" \/>\n<meta property=\"og:url\" content=\"https:\/\/foliobooks.pl\/en\/shop\/oman-odyssey\/\" \/>\n<meta property=\"og:site_name\" content=\"Folio\" \/>\n<meta property=\"article:modified_time\" content=\"2026-04-14T15:21:44+00:00\" \/>\n<meta property=\"og:image\" content=\"https:\/\/foliobooks.pl\/wp-content\/uploads\/2026\/04\/9781649805867.png\" \/>\n\t<meta property=\"og:image:width\" content=\"570\" \/>\n\t<meta property=\"og:image:height\" content=\"708\" \/>\n\t<meta property=\"og:image:type\" content=\"image\/png\" \/>\n<meta name=\"twitter:card\" content=\"summary_large_image\" \/>\n<meta name=\"twitter:label1\" content=\"Est. reading time\" \/>\n\t<meta name=\"twitter:data1\" content=\"2 minutes\" \/>\n<script type=\"application\/ld+json\" class=\"yoast-schema-graph\">{\"@context\":\"https:\\\/\\\/schema.org\",\"@graph\":[{\"@type\":\"WebPage\",\"@id\":\"https:\\\/\\\/foliobooks.pl\\\/en\\\/shop\\\/oman-odyssey\\\/\",\"url\":\"https:\\\/\\\/foliobooks.pl\\\/en\\\/shop\\\/oman-odyssey\\\/\",\"name\":\"Oman Odyssey (B\u00e9r\u00e9nice Geoffroy-Schneiter) - book \\\/ album - Folio\",\"isPartOf\":{\"@id\":\"https:\\\/\\\/foliobooks.pl\\\/en\\\/#website\"},\"primaryImageOfPage\":{\"@id\":\"https:\\\/\\\/foliobooks.pl\\\/en\\\/shop\\\/oman-odyssey\\\/#primaryimage\"},\"image\":{\"@id\":\"https:\\\/\\\/foliobooks.pl\\\/en\\\/shop\\\/oman-odyssey\\\/#primaryimage\"},\"thumbnailUrl\":\"https:\\\/\\\/foliobooks.pl\\\/wp-content\\\/uploads\\\/2026\\\/04\\\/9781649805867.png\",\"datePublished\":\"2026-04-14T15:19:47+00:00\",\"dateModified\":\"2026-04-14T15:21:44+00:00\",\"description\":\"Wejd\u017a i kup ksi\u0105\u017ck\u0119 Oman Odyssey autorstwa B\u00e9r\u00e9nice Geoffroy-Schneiter wydan\u0105 przez Assouline (2025-12-24) w formacie 25 x 33 cm (ISBN: 9781649805867). Zapraszamy!\",\"breadcrumb\":{\"@id\":\"https:\\\/\\\/foliobooks.pl\\\/en\\\/shop\\\/oman-odyssey\\\/#breadcrumb\"},\"inLanguage\":\"en-US\",\"potentialAction\":[{\"@type\":\"ReadAction\",\"target\":[\"https:\\\/\\\/foliobooks.pl\\\/en\\\/shop\\\/oman-odyssey\\\/\"]}]},{\"@type\":\"ImageObject\",\"inLanguage\":\"en-US\",\"@id\":\"https:\\\/\\\/foliobooks.pl\\\/en\\\/shop\\\/oman-odyssey\\\/#primaryimage\",\"url\":\"https:\\\/\\\/foliobooks.pl\\\/wp-content\\\/uploads\\\/2026\\\/04\\\/9781649805867.png\",\"contentUrl\":\"https:\\\/\\\/foliobooks.pl\\\/wp-content\\\/uploads\\\/2026\\\/04\\\/9781649805867.png\",\"width\":570,\"height\":708},{\"@type\":\"BreadcrumbList\",\"@id\":\"https:\\\/\\\/foliobooks.pl\\\/en\\\/shop\\\/oman-odyssey\\\/#breadcrumb\",\"itemListElement\":[{\"@type\":\"ListItem\",\"position\":1,\"name\":\"Strona g\u0142\u00f3wna\",\"item\":\"https:\\\/\\\/foliobooks.pl\\\/en\\\/\"},{\"@type\":\"ListItem\",\"position\":2,\"name\":\"Shop\",\"item\":\"https:\\\/\\\/foliobooks.pl\\\/en\\\/shop\\\/\"},{\"@type\":\"ListItem\",\"position\":3,\"name\":\"Oman Odyssey\"}]},{\"@type\":\"WebSite\",\"@id\":\"https:\\\/\\\/foliobooks.pl\\\/en\\\/#website\",\"url\":\"https:\\\/\\\/foliobooks.pl\\\/en\\\/\",\"name\":\"Folio\",\"description\":\"Ksi\u0119garnia internetowa\",\"potentialAction\":[{\"@type\":\"SearchAction\",\"target\":{\"@type\":\"EntryPoint\",\"urlTemplate\":\"https:\\\/\\\/foliobooks.pl\\\/en\\\/?s={search_term_string}\"},\"query-input\":{\"@type\":\"PropertyValueSpecification\",\"valueRequired\":true,\"valueName\":\"search_term_string\"}}],\"inLanguage\":\"en-US\"}]}<\/script>\n<!-- \/ Yoast SEO plugin. -->","yoast_head_json":{"title":"Oman Odyssey (B\u00e9r\u00e9nice Geoffroy-Schneiter) - book \/ album - Folio","description":"Wejd\u017a i kup ksi\u0105\u017ck\u0119 Oman Odyssey autorstwa B\u00e9r\u00e9nice Geoffroy-Schneiter wydan\u0105 przez Assouline (2025-12-24) w formacie 25 x 33 cm (ISBN: 9781649805867). Zapraszamy!","robots":{"index":"index","follow":"follow","max-snippet":"max-snippet:-1","max-image-preview":"max-image-preview:large","max-video-preview":"max-video-preview:-1"},"canonical":"https:\/\/foliobooks.pl\/en\/shop\/oman-odyssey\/","og_locale":"en_US","og_type":"article","og_title":"Oman Odyssey (B\u00e9r\u00e9nice Geoffroy-Schneiter) - book \/ album - Folio","og_description":"Wejd\u017a i kup ksi\u0105\u017ck\u0119 Oman Odyssey autorstwa B\u00e9r\u00e9nice Geoffroy-Schneiter wydan\u0105 przez Assouline (2025-12-24) w formacie 25 x 33 cm (ISBN: 9781649805867). Zapraszamy!","og_url":"https:\/\/foliobooks.pl\/en\/shop\/oman-odyssey\/","og_site_name":"Folio","article_modified_time":"2026-04-14T15:21:44+00:00","og_image":[{"width":570,"height":708,"url":"https:\/\/foliobooks.pl\/wp-content\/uploads\/2026\/04\/9781649805867.png","type":"image\/png"}],"twitter_card":"summary_large_image","twitter_misc":{"Est. reading time":"2 minutes"},"schema":{"@context":"https:\/\/schema.org","@graph":[{"@type":"WebPage","@id":"https:\/\/foliobooks.pl\/en\/shop\/oman-odyssey\/","url":"https:\/\/foliobooks.pl\/en\/shop\/oman-odyssey\/","name":"Oman Odyssey (B\u00e9r\u00e9nice Geoffroy-Schneiter) - book \/ album - Folio","isPartOf":{"@id":"https:\/\/foliobooks.pl\/en\/#website"},"primaryImageOfPage":{"@id":"https:\/\/foliobooks.pl\/en\/shop\/oman-odyssey\/#primaryimage"},"image":{"@id":"https:\/\/foliobooks.pl\/en\/shop\/oman-odyssey\/#primaryimage"},"thumbnailUrl":"https:\/\/foliobooks.pl\/wp-content\/uploads\/2026\/04\/9781649805867.png","datePublished":"2026-04-14T15:19:47+00:00","dateModified":"2026-04-14T15:21:44+00:00","description":"Wejd\u017a i kup ksi\u0105\u017ck\u0119 Oman Odyssey autorstwa B\u00e9r\u00e9nice Geoffroy-Schneiter wydan\u0105 przez Assouline (2025-12-24) w formacie 25 x 33 cm (ISBN: 9781649805867). Zapraszamy!","breadcrumb":{"@id":"https:\/\/foliobooks.pl\/en\/shop\/oman-odyssey\/#breadcrumb"},"inLanguage":"en-US","potentialAction":[{"@type":"ReadAction","target":["https:\/\/foliobooks.pl\/en\/shop\/oman-odyssey\/"]}]},{"@type":"ImageObject","inLanguage":"en-US","@id":"https:\/\/foliobooks.pl\/en\/shop\/oman-odyssey\/#primaryimage","url":"https:\/\/foliobooks.pl\/wp-content\/uploads\/2026\/04\/9781649805867.png","contentUrl":"https:\/\/foliobooks.pl\/wp-content\/uploads\/2026\/04\/9781649805867.png","width":570,"height":708},{"@type":"BreadcrumbList","@id":"https:\/\/foliobooks.pl\/en\/shop\/oman-odyssey\/#breadcrumb","itemListElement":[{"@type":"ListItem","position":1,"name":"Strona g\u0142\u00f3wna","item":"https:\/\/foliobooks.pl\/en\/"},{"@type":"ListItem","position":2,"name":"Shop","item":"https:\/\/foliobooks.pl\/en\/shop\/"},{"@type":"ListItem","position":3,"name":"Oman Odyssey"}]},{"@type":"WebSite","@id":"https:\/\/foliobooks.pl\/en\/#website","url":"https:\/\/foliobooks.pl\/en\/","name":"Folio","description":"Ksi\u0119garnia internetowa","potentialAction":[{"@type":"SearchAction","target":{"@type":"EntryPoint","urlTemplate":"https:\/\/foliobooks.pl\/en\/?s={search_term_string}"},"query-input":{"@type":"PropertyValueSpecification","valueRequired":true,"valueName":"search_term_string"}}],"inLanguage":"en-US"}]}},"_links":{"self":[{"href":"https:\/\/foliobooks.pl\/en\/wp-json\/wp\/v2\/product\/109423","targetHints":{"allow":["GET"]}}],"collection":[{"href":"https:\/\/foliobooks.pl\/en\/wp-json\/wp\/v2\/product"}],"about":[{"href":"https:\/\/foliobooks.pl\/en\/wp-json\/wp\/v2\/types\/product"}],"replies":[{"embeddable":true,"href":"https:\/\/foliobooks.pl\/en\/wp-json\/wp\/v2\/comments?post=109423"}],"wp:featuredmedia":[{"embeddable":true,"href":"https:\/\/foliobooks.pl\/en\/wp-json\/wp\/v2\/media\/109424"}],"wp:attachment":[{"href":"https:\/\/foliobooks.pl\/en\/wp-json\/wp\/v2\/media?parent=109423"}],"wp:term":[{"taxonomy":"product_brand","embeddable":true,"href":"https:\/\/foliobooks.pl\/en\/wp-json\/wp\/v2\/product_brand?post=109423"},{"taxonomy":"product_cat","embeddable":true,"href":"https:\/\/foliobooks.pl\/en\/wp-json\/wp\/v2\/product_cat?post=109423"},{"taxonomy":"product_tag","embeddable":true,"href":"https:\/\/foliobooks.pl\/en\/wp-json\/wp\/v2\/product_tag?post=109423"}],"curies":[{"name":"wp","href":"https:\/\/api.w.org\/{rel}","templated":true}]}}