{"id":109228,"date":"2026-03-23T13:55:11","date_gmt":"2026-03-23T12:55:11","guid":{"rendered":"https:\/\/foliobooks.pl\/sklep\/the-watch-book-rolex-next-generation\/"},"modified":"2026-03-23T13:55:11","modified_gmt":"2026-03-23T12:55:11","slug":"the-watch-book-rolex-next-generation","status":"publish","type":"product","link":"https:\/\/foliobooks.pl\/en\/shop\/the-watch-book-rolex-next-generation\/","title":{"rendered":"The Watch Book Rolex: Next Generation"},"content":{"rendered":"<p>Next Generation<\/p>\n<p>Experience the fascination of the world&#8217;s most famous watch brand with the brand new \u201cThe Watch Book Rolex &#8211; Next Generation\u201d. Whether in German, English or as an exclusive special edition in an elegant slipcase &#8211; all versions of the visually stunning work offer a deep insight into the history and iconic models of Rolex on 256 pages. From the Submariner to the GMT-Master and Day-Date to the Daytona, each model is brought to life with exciting stories and interesting details.<\/p>\n<p>The renowned bestselling author and \u201cwatch pope\u201d Gisbert L. Brunner guides readers through the Rolex universe with his usual passion and expertise, from the beginnings to the pioneering models that revolutionized the watch industry.<\/p>\n<p>\u201cThe Watch Book Rolex &#8211; Next Generation\u201d offers a wealth of information, a modern layout, numerous impressive photographs and also addresses the influence of Rolex on pop culture and the arts. Guest articles on the topics of recognizing counterfeits and collecting watches expand the knowledge about the brand.<\/p>\n<p>Discover the world of Rolex, a brand that not only produces timepieces, but also sets cultural symbols. This book is an absolute must-have for every Rolex fan!<\/p>\n","protected":false},"excerpt":{"rendered":"<p>Next Generation Experience the fascination of the world&#8217;s most famous watch brand with the brand new \u201cThe Watch Book Rolex &#8211; Next Generation\u201d. Whether in German, English or as an exclusive special edition in an elegant slipcase &#8211; all versions of the visually stunning work offer a deep insight into the history and iconic models&#8230;<\/p>\n","protected":false},"featured_media":109229,"comment_status":"closed","ping_status":"closed","template":"","meta":[],"product_brand":[],"product_cat":[13533,4519,4517],"product_tag":[12010],"class_list":{"0":"post-109228","1":"product","2":"type-product","3":"status-publish","4":"has-post-thumbnail","6":"product_cat-books","7":"product_cat-fashion-en-en","8":"product_cat-photography-en","9":"product_tag-watches-en","10":"pa_author_att-gisbert-l-brunner-en","11":"pa_cover-hardcover","12":"pa_format-24-x-30-cm-en","13":"pa_isbn-21091","14":"pa_language-eng","15":"pa_pages-256-en-en","16":"pa_published-2025-09-10","17":"pa_publisher-teneues-en","19":"first","20":"instock","21":"sold-individually","22":"shipping-taxable","23":"purchasable","24":"product-type-simple"},"yoast_head":"<!-- This site is optimized with the Yoast SEO plugin v27.4 - https:\/\/yoast.com\/product\/yoast-seo-wordpress\/ -->\n<title>The Watch Book Rolex: Next Generation (Gisbert L. Brunner) - book \/ album - Folio<\/title>\n<meta name=\"description\" content=\"Wejd\u017a i kup ksi\u0105\u017ck\u0119 The Watch Book Rolex: Next Generation autorstwa Gisbert L. Brunner wydan\u0105 przez teNeues (2025-09-10) w formacie 24 x 30 cm (ISBN: 9783961717026). Zapraszamy!\" \/>\n<meta name=\"robots\" content=\"index, follow, max-snippet:-1, max-image-preview:large, max-video-preview:-1\" \/>\n<link rel=\"canonical\" href=\"https:\/\/foliobooks.pl\/en\/shop\/the-watch-book-rolex-next-generation\/\" \/>\n<meta property=\"og:locale\" content=\"en_US\" \/>\n<meta property=\"og:type\" content=\"article\" \/>\n<meta property=\"og:title\" content=\"The Watch Book Rolex: Next Generation (Gisbert L. Brunner) - book \/ album - Folio\" \/>\n<meta property=\"og:description\" content=\"Wejd\u017a i kup ksi\u0105\u017ck\u0119 The Watch Book Rolex: Next Generation autorstwa Gisbert L. Brunner wydan\u0105 przez teNeues (2025-09-10) w formacie 24 x 30 cm (ISBN: 9783961717026). Zapraszamy!\" \/>\n<meta property=\"og:url\" content=\"https:\/\/foliobooks.pl\/en\/shop\/the-watch-book-rolex-next-generation\/\" \/>\n<meta property=\"og:site_name\" content=\"Folio\" \/>\n<meta name=\"twitter:card\" content=\"summary_large_image\" \/>\n<meta name=\"twitter:label1\" content=\"Est. reading time\" \/>\n\t<meta name=\"twitter:data1\" content=\"1 minute\" \/>\n<script type=\"application\/ld+json\" class=\"yoast-schema-graph\">{\"@context\":\"https:\\\/\\\/schema.org\",\"@graph\":[{\"@type\":\"WebPage\",\"@id\":\"https:\\\/\\\/foliobooks.pl\\\/en\\\/shop\\\/the-watch-book-rolex-next-generation\\\/\",\"url\":\"https:\\\/\\\/foliobooks.pl\\\/en\\\/shop\\\/the-watch-book-rolex-next-generation\\\/\",\"name\":\"The Watch Book Rolex: Next Generation (Gisbert L. Brunner) - book \\\/ album - Folio\",\"isPartOf\":{\"@id\":\"https:\\\/\\\/foliobooks.pl\\\/en\\\/#website\"},\"primaryImageOfPage\":{\"@id\":\"https:\\\/\\\/foliobooks.pl\\\/en\\\/shop\\\/the-watch-book-rolex-next-generation\\\/#primaryimage\"},\"image\":{\"@id\":\"https:\\\/\\\/foliobooks.pl\\\/en\\\/shop\\\/the-watch-book-rolex-next-generation\\\/#primaryimage\"},\"thumbnailUrl\":\"https:\\\/\\\/foliobooks.pl\\\/wp-content\\\/uploads\\\/2026\\\/03\\\/9783961717026.png\",\"datePublished\":\"2026-03-23T12:55:11+00:00\",\"description\":\"Wejd\u017a i kup ksi\u0105\u017ck\u0119 The Watch Book Rolex: Next Generation autorstwa Gisbert L. Brunner wydan\u0105 przez teNeues (2025-09-10) w formacie 24 x 30 cm (ISBN: 9783961717026). Zapraszamy!\",\"breadcrumb\":{\"@id\":\"https:\\\/\\\/foliobooks.pl\\\/en\\\/shop\\\/the-watch-book-rolex-next-generation\\\/#breadcrumb\"},\"inLanguage\":\"en-US\",\"potentialAction\":[{\"@type\":\"ReadAction\",\"target\":[\"https:\\\/\\\/foliobooks.pl\\\/en\\\/shop\\\/the-watch-book-rolex-next-generation\\\/\"]}]},{\"@type\":\"ImageObject\",\"inLanguage\":\"en-US\",\"@id\":\"https:\\\/\\\/foliobooks.pl\\\/en\\\/shop\\\/the-watch-book-rolex-next-generation\\\/#primaryimage\",\"url\":\"https:\\\/\\\/foliobooks.pl\\\/wp-content\\\/uploads\\\/2026\\\/03\\\/9783961717026.png\",\"contentUrl\":\"https:\\\/\\\/foliobooks.pl\\\/wp-content\\\/uploads\\\/2026\\\/03\\\/9783961717026.png\",\"width\":570,\"height\":708},{\"@type\":\"BreadcrumbList\",\"@id\":\"https:\\\/\\\/foliobooks.pl\\\/en\\\/shop\\\/the-watch-book-rolex-next-generation\\\/#breadcrumb\",\"itemListElement\":[{\"@type\":\"ListItem\",\"position\":1,\"name\":\"Strona g\u0142\u00f3wna\",\"item\":\"https:\\\/\\\/foliobooks.pl\\\/en\\\/\"},{\"@type\":\"ListItem\",\"position\":2,\"name\":\"Shop\",\"item\":\"https:\\\/\\\/foliobooks.pl\\\/en\\\/shop\\\/\"},{\"@type\":\"ListItem\",\"position\":3,\"name\":\"The Watch Book Rolex: Next Generation\"}]},{\"@type\":\"WebSite\",\"@id\":\"https:\\\/\\\/foliobooks.pl\\\/en\\\/#website\",\"url\":\"https:\\\/\\\/foliobooks.pl\\\/en\\\/\",\"name\":\"Folio\",\"description\":\"Ksi\u0119garnia internetowa\",\"potentialAction\":[{\"@type\":\"SearchAction\",\"target\":{\"@type\":\"EntryPoint\",\"urlTemplate\":\"https:\\\/\\\/foliobooks.pl\\\/en\\\/?s={search_term_string}\"},\"query-input\":{\"@type\":\"PropertyValueSpecification\",\"valueRequired\":true,\"valueName\":\"search_term_string\"}}],\"inLanguage\":\"en-US\"}]}<\/script>\n<!-- \/ Yoast SEO plugin. -->","yoast_head_json":{"title":"The Watch Book Rolex: Next Generation (Gisbert L. Brunner) - book \/ album - Folio","description":"Wejd\u017a i kup ksi\u0105\u017ck\u0119 The Watch Book Rolex: Next Generation autorstwa Gisbert L. Brunner wydan\u0105 przez teNeues (2025-09-10) w formacie 24 x 30 cm (ISBN: 9783961717026). Zapraszamy!","robots":{"index":"index","follow":"follow","max-snippet":"max-snippet:-1","max-image-preview":"max-image-preview:large","max-video-preview":"max-video-preview:-1"},"canonical":"https:\/\/foliobooks.pl\/en\/shop\/the-watch-book-rolex-next-generation\/","og_locale":"en_US","og_type":"article","og_title":"The Watch Book Rolex: Next Generation (Gisbert L. Brunner) - book \/ album - Folio","og_description":"Wejd\u017a i kup ksi\u0105\u017ck\u0119 The Watch Book Rolex: Next Generation autorstwa Gisbert L. Brunner wydan\u0105 przez teNeues (2025-09-10) w formacie 24 x 30 cm (ISBN: 9783961717026). Zapraszamy!","og_url":"https:\/\/foliobooks.pl\/en\/shop\/the-watch-book-rolex-next-generation\/","og_site_name":"Folio","twitter_card":"summary_large_image","twitter_misc":{"Est. reading time":"1 minute"},"schema":{"@context":"https:\/\/schema.org","@graph":[{"@type":"WebPage","@id":"https:\/\/foliobooks.pl\/en\/shop\/the-watch-book-rolex-next-generation\/","url":"https:\/\/foliobooks.pl\/en\/shop\/the-watch-book-rolex-next-generation\/","name":"The Watch Book Rolex: Next Generation (Gisbert L. Brunner) - book \/ album - Folio","isPartOf":{"@id":"https:\/\/foliobooks.pl\/en\/#website"},"primaryImageOfPage":{"@id":"https:\/\/foliobooks.pl\/en\/shop\/the-watch-book-rolex-next-generation\/#primaryimage"},"image":{"@id":"https:\/\/foliobooks.pl\/en\/shop\/the-watch-book-rolex-next-generation\/#primaryimage"},"thumbnailUrl":"https:\/\/foliobooks.pl\/wp-content\/uploads\/2026\/03\/9783961717026.png","datePublished":"2026-03-23T12:55:11+00:00","description":"Wejd\u017a i kup ksi\u0105\u017ck\u0119 The Watch Book Rolex: Next Generation autorstwa Gisbert L. Brunner wydan\u0105 przez teNeues (2025-09-10) w formacie 24 x 30 cm (ISBN: 9783961717026). Zapraszamy!","breadcrumb":{"@id":"https:\/\/foliobooks.pl\/en\/shop\/the-watch-book-rolex-next-generation\/#breadcrumb"},"inLanguage":"en-US","potentialAction":[{"@type":"ReadAction","target":["https:\/\/foliobooks.pl\/en\/shop\/the-watch-book-rolex-next-generation\/"]}]},{"@type":"ImageObject","inLanguage":"en-US","@id":"https:\/\/foliobooks.pl\/en\/shop\/the-watch-book-rolex-next-generation\/#primaryimage","url":"https:\/\/foliobooks.pl\/wp-content\/uploads\/2026\/03\/9783961717026.png","contentUrl":"https:\/\/foliobooks.pl\/wp-content\/uploads\/2026\/03\/9783961717026.png","width":570,"height":708},{"@type":"BreadcrumbList","@id":"https:\/\/foliobooks.pl\/en\/shop\/the-watch-book-rolex-next-generation\/#breadcrumb","itemListElement":[{"@type":"ListItem","position":1,"name":"Strona g\u0142\u00f3wna","item":"https:\/\/foliobooks.pl\/en\/"},{"@type":"ListItem","position":2,"name":"Shop","item":"https:\/\/foliobooks.pl\/en\/shop\/"},{"@type":"ListItem","position":3,"name":"The Watch Book Rolex: Next Generation"}]},{"@type":"WebSite","@id":"https:\/\/foliobooks.pl\/en\/#website","url":"https:\/\/foliobooks.pl\/en\/","name":"Folio","description":"Ksi\u0119garnia internetowa","potentialAction":[{"@type":"SearchAction","target":{"@type":"EntryPoint","urlTemplate":"https:\/\/foliobooks.pl\/en\/?s={search_term_string}"},"query-input":{"@type":"PropertyValueSpecification","valueRequired":true,"valueName":"search_term_string"}}],"inLanguage":"en-US"}]}},"_links":{"self":[{"href":"https:\/\/foliobooks.pl\/en\/wp-json\/wp\/v2\/product\/109228","targetHints":{"allow":["GET"]}}],"collection":[{"href":"https:\/\/foliobooks.pl\/en\/wp-json\/wp\/v2\/product"}],"about":[{"href":"https:\/\/foliobooks.pl\/en\/wp-json\/wp\/v2\/types\/product"}],"replies":[{"embeddable":true,"href":"https:\/\/foliobooks.pl\/en\/wp-json\/wp\/v2\/comments?post=109228"}],"wp:featuredmedia":[{"embeddable":true,"href":"https:\/\/foliobooks.pl\/en\/wp-json\/wp\/v2\/media\/109229"}],"wp:attachment":[{"href":"https:\/\/foliobooks.pl\/en\/wp-json\/wp\/v2\/media?parent=109228"}],"wp:term":[{"taxonomy":"product_brand","embeddable":true,"href":"https:\/\/foliobooks.pl\/en\/wp-json\/wp\/v2\/product_brand?post=109228"},{"taxonomy":"product_cat","embeddable":true,"href":"https:\/\/foliobooks.pl\/en\/wp-json\/wp\/v2\/product_cat?post=109228"},{"taxonomy":"product_tag","embeddable":true,"href":"https:\/\/foliobooks.pl\/en\/wp-json\/wp\/v2\/product_tag?post=109228"}],"curies":[{"name":"wp","href":"https:\/\/api.w.org\/{rel}","templated":true}]}}