{"id":109215,"date":"2026-03-23T13:21:22","date_gmt":"2026-03-23T12:21:22","guid":{"rendered":"https:\/\/foliobooks.pl\/sklep\/basketball-the-ultimate-book\/"},"modified":"2026-03-23T13:57:15","modified_gmt":"2026-03-23T12:57:15","slug":"basketball-the-ultimate-book","status":"publish","type":"product","link":"https:\/\/foliobooks.pl\/en\/shop\/basketball-the-ultimate-book\/","title":{"rendered":"Basketball: The Ultimate Book"},"content":{"rendered":"<p>Ultimate Books<\/p>\n<p>Discover the fascinating world of basketball with our magnificent coffee table book \u201cBasketball &#8211; The Ultimate Book\u201d by the two renowned sports authors Peter Feierabend and Torben Rosenbohm. This comprehensive coffee table book takes you into the exciting history of one of the world&#8217;s most popular sports and lets you experience the dynamics and lifestyle of basketball up close. Whether NBA legends like Michael Jordan, Dirk Nowitzki or modern icons like James LeBron &#8211; we celebrate the greatest talents and teams that have shaped the global cult sport.<\/p>\n<p>Our coffee table book offers a visually stunning experience by presenting breathtaking images of incredible dunks, legendary halls and iconic basketball venues. Learn more about basketball&#8217;s journey from the NBA to Europe and the achievements of German players in the world&#8217;s most famous league. The illustrated book is peppered with stories about the origins of the game, cultural phenomena such as the basketball cap and fine art in the form of tattoos.<\/p>\n<p>Written by authors Peter Feierabend and Torben Rosenbohm, this illustrated book combines in-depth knowledge with aesthetic brilliance. It is an absolute must for every fan and a symbol of the passion and dedication to basketball. Be part of the basketball community and let yourself be carried away by the fascination of this sport. Make \u201cBasketball &#8211; The Ultimate Book\u201d a highlight on your bookshelf and experience the thrilling world of the ball game that inspires millions of people. With our coffee table book, you can celebrate the basketball lifestyle in your own book collection.<\/p>\n","protected":false},"excerpt":{"rendered":"<p>Ultimate Books Discover the fascinating world of basketball with our magnificent coffee table book \u201cBasketball &#8211; The Ultimate Book\u201d by the two renowned sports authors Peter Feierabend and Torben Rosenbohm. This comprehensive coffee table book takes you into the exciting history of one of the world&#8217;s most popular sports and lets you experience the dynamics&#8230;<\/p>\n","protected":false},"featured_media":109216,"comment_status":"closed","ping_status":"closed","template":"","meta":[],"product_brand":[],"product_cat":[13533,4517],"product_tag":[1488],"class_list":{"0":"post-109215","1":"product","2":"type-product","3":"status-publish","4":"has-post-thumbnail","6":"product_cat-books","7":"product_cat-photography-en","8":"product_tag-sport-en","9":"pa_author_att-peter-feierabend-en","10":"pa_cover-hardcover","11":"pa_format-245-x-314-cm-en","12":"pa_isbn-21089","13":"pa_language-eng","14":"pa_published-2025-10-01","15":"pa_publisher-teneues-en","17":"first","18":"instock","19":"sold-individually","20":"shipping-taxable","21":"purchasable","22":"product-type-simple"},"yoast_head":"<!-- This site is optimized with the Yoast SEO plugin v27.5 - https:\/\/yoast.com\/product\/yoast-seo-wordpress\/ -->\n<title>Basketball: The Ultimate Book (Peter Feierabend) - book \/ album - Folio<\/title>\n<meta name=\"description\" content=\"Wejd\u017a i kup ksi\u0105\u017ck\u0119 Basketball: The Ultimate Book autorstwa Peter Feierabend wydan\u0105 przez teNeues (2025-10-01) w formacie 24,5 x 31,4 cm (ISBN: 9783961716302). Zapraszamy!\" \/>\n<meta name=\"robots\" content=\"index, follow, max-snippet:-1, max-image-preview:large, max-video-preview:-1\" \/>\n<link rel=\"canonical\" href=\"https:\/\/foliobooks.pl\/en\/shop\/basketball-the-ultimate-book\/\" \/>\n<meta property=\"og:locale\" content=\"en_US\" \/>\n<meta property=\"og:type\" content=\"article\" \/>\n<meta property=\"og:title\" content=\"Basketball: The Ultimate Book (Peter Feierabend) - book \/ album - Folio\" \/>\n<meta property=\"og:description\" content=\"Wejd\u017a i kup ksi\u0105\u017ck\u0119 Basketball: The Ultimate Book autorstwa Peter Feierabend wydan\u0105 przez teNeues (2025-10-01) w formacie 24,5 x 31,4 cm (ISBN: 9783961716302). Zapraszamy!\" \/>\n<meta property=\"og:url\" content=\"https:\/\/foliobooks.pl\/en\/shop\/basketball-the-ultimate-book\/\" \/>\n<meta property=\"og:site_name\" content=\"Folio\" \/>\n<meta property=\"article:modified_time\" content=\"2026-03-23T12:57:15+00:00\" \/>\n<meta property=\"og:image\" content=\"https:\/\/foliobooks.pl\/wp-content\/uploads\/2026\/03\/9783961716302.png\" \/>\n\t<meta property=\"og:image:width\" content=\"570\" \/>\n\t<meta property=\"og:image:height\" content=\"708\" \/>\n\t<meta property=\"og:image:type\" content=\"image\/png\" \/>\n<meta name=\"twitter:card\" content=\"summary_large_image\" \/>\n<meta name=\"twitter:label1\" content=\"Est. reading time\" \/>\n\t<meta name=\"twitter:data1\" content=\"2 minutes\" \/>\n<script type=\"application\/ld+json\" class=\"yoast-schema-graph\">{\"@context\":\"https:\\\/\\\/schema.org\",\"@graph\":[{\"@type\":\"WebPage\",\"@id\":\"https:\\\/\\\/foliobooks.pl\\\/en\\\/shop\\\/basketball-the-ultimate-book\\\/\",\"url\":\"https:\\\/\\\/foliobooks.pl\\\/en\\\/shop\\\/basketball-the-ultimate-book\\\/\",\"name\":\"Basketball: The Ultimate Book (Peter Feierabend) - book \\\/ album - Folio\",\"isPartOf\":{\"@id\":\"https:\\\/\\\/foliobooks.pl\\\/en\\\/#website\"},\"primaryImageOfPage\":{\"@id\":\"https:\\\/\\\/foliobooks.pl\\\/en\\\/shop\\\/basketball-the-ultimate-book\\\/#primaryimage\"},\"image\":{\"@id\":\"https:\\\/\\\/foliobooks.pl\\\/en\\\/shop\\\/basketball-the-ultimate-book\\\/#primaryimage\"},\"thumbnailUrl\":\"https:\\\/\\\/foliobooks.pl\\\/wp-content\\\/uploads\\\/2026\\\/03\\\/9783961716302.png\",\"datePublished\":\"2026-03-23T12:21:22+00:00\",\"dateModified\":\"2026-03-23T12:57:15+00:00\",\"description\":\"Wejd\u017a i kup ksi\u0105\u017ck\u0119 Basketball: The Ultimate Book autorstwa Peter Feierabend wydan\u0105 przez teNeues (2025-10-01) w formacie 24,5 x 31,4 cm (ISBN: 9783961716302). Zapraszamy!\",\"breadcrumb\":{\"@id\":\"https:\\\/\\\/foliobooks.pl\\\/en\\\/shop\\\/basketball-the-ultimate-book\\\/#breadcrumb\"},\"inLanguage\":\"en-US\",\"potentialAction\":[{\"@type\":\"ReadAction\",\"target\":[\"https:\\\/\\\/foliobooks.pl\\\/en\\\/shop\\\/basketball-the-ultimate-book\\\/\"]}]},{\"@type\":\"ImageObject\",\"inLanguage\":\"en-US\",\"@id\":\"https:\\\/\\\/foliobooks.pl\\\/en\\\/shop\\\/basketball-the-ultimate-book\\\/#primaryimage\",\"url\":\"https:\\\/\\\/foliobooks.pl\\\/wp-content\\\/uploads\\\/2026\\\/03\\\/9783961716302.png\",\"contentUrl\":\"https:\\\/\\\/foliobooks.pl\\\/wp-content\\\/uploads\\\/2026\\\/03\\\/9783961716302.png\",\"width\":570,\"height\":708},{\"@type\":\"BreadcrumbList\",\"@id\":\"https:\\\/\\\/foliobooks.pl\\\/en\\\/shop\\\/basketball-the-ultimate-book\\\/#breadcrumb\",\"itemListElement\":[{\"@type\":\"ListItem\",\"position\":1,\"name\":\"Strona g\u0142\u00f3wna\",\"item\":\"https:\\\/\\\/foliobooks.pl\\\/en\\\/\"},{\"@type\":\"ListItem\",\"position\":2,\"name\":\"Shop\",\"item\":\"https:\\\/\\\/foliobooks.pl\\\/en\\\/shop\\\/\"},{\"@type\":\"ListItem\",\"position\":3,\"name\":\"Basketball: The Ultimate Book\"}]},{\"@type\":\"WebSite\",\"@id\":\"https:\\\/\\\/foliobooks.pl\\\/en\\\/#website\",\"url\":\"https:\\\/\\\/foliobooks.pl\\\/en\\\/\",\"name\":\"Folio\",\"description\":\"Ksi\u0119garnia internetowa\",\"potentialAction\":[{\"@type\":\"SearchAction\",\"target\":{\"@type\":\"EntryPoint\",\"urlTemplate\":\"https:\\\/\\\/foliobooks.pl\\\/en\\\/?s={search_term_string}\"},\"query-input\":{\"@type\":\"PropertyValueSpecification\",\"valueRequired\":true,\"valueName\":\"search_term_string\"}}],\"inLanguage\":\"en-US\"}]}<\/script>\n<!-- \/ Yoast SEO plugin. -->","yoast_head_json":{"title":"Basketball: The Ultimate Book (Peter Feierabend) - book \/ album - Folio","description":"Wejd\u017a i kup ksi\u0105\u017ck\u0119 Basketball: The Ultimate Book autorstwa Peter Feierabend wydan\u0105 przez teNeues (2025-10-01) w formacie 24,5 x 31,4 cm (ISBN: 9783961716302). Zapraszamy!","robots":{"index":"index","follow":"follow","max-snippet":"max-snippet:-1","max-image-preview":"max-image-preview:large","max-video-preview":"max-video-preview:-1"},"canonical":"https:\/\/foliobooks.pl\/en\/shop\/basketball-the-ultimate-book\/","og_locale":"en_US","og_type":"article","og_title":"Basketball: The Ultimate Book (Peter Feierabend) - book \/ album - Folio","og_description":"Wejd\u017a i kup ksi\u0105\u017ck\u0119 Basketball: The Ultimate Book autorstwa Peter Feierabend wydan\u0105 przez teNeues (2025-10-01) w formacie 24,5 x 31,4 cm (ISBN: 9783961716302). Zapraszamy!","og_url":"https:\/\/foliobooks.pl\/en\/shop\/basketball-the-ultimate-book\/","og_site_name":"Folio","article_modified_time":"2026-03-23T12:57:15+00:00","og_image":[{"width":570,"height":708,"url":"https:\/\/foliobooks.pl\/wp-content\/uploads\/2026\/03\/9783961716302.png","type":"image\/png"}],"twitter_card":"summary_large_image","twitter_misc":{"Est. reading time":"2 minutes"},"schema":{"@context":"https:\/\/schema.org","@graph":[{"@type":"WebPage","@id":"https:\/\/foliobooks.pl\/en\/shop\/basketball-the-ultimate-book\/","url":"https:\/\/foliobooks.pl\/en\/shop\/basketball-the-ultimate-book\/","name":"Basketball: The Ultimate Book (Peter Feierabend) - book \/ album - Folio","isPartOf":{"@id":"https:\/\/foliobooks.pl\/en\/#website"},"primaryImageOfPage":{"@id":"https:\/\/foliobooks.pl\/en\/shop\/basketball-the-ultimate-book\/#primaryimage"},"image":{"@id":"https:\/\/foliobooks.pl\/en\/shop\/basketball-the-ultimate-book\/#primaryimage"},"thumbnailUrl":"https:\/\/foliobooks.pl\/wp-content\/uploads\/2026\/03\/9783961716302.png","datePublished":"2026-03-23T12:21:22+00:00","dateModified":"2026-03-23T12:57:15+00:00","description":"Wejd\u017a i kup ksi\u0105\u017ck\u0119 Basketball: The Ultimate Book autorstwa Peter Feierabend wydan\u0105 przez teNeues (2025-10-01) w formacie 24,5 x 31,4 cm (ISBN: 9783961716302). Zapraszamy!","breadcrumb":{"@id":"https:\/\/foliobooks.pl\/en\/shop\/basketball-the-ultimate-book\/#breadcrumb"},"inLanguage":"en-US","potentialAction":[{"@type":"ReadAction","target":["https:\/\/foliobooks.pl\/en\/shop\/basketball-the-ultimate-book\/"]}]},{"@type":"ImageObject","inLanguage":"en-US","@id":"https:\/\/foliobooks.pl\/en\/shop\/basketball-the-ultimate-book\/#primaryimage","url":"https:\/\/foliobooks.pl\/wp-content\/uploads\/2026\/03\/9783961716302.png","contentUrl":"https:\/\/foliobooks.pl\/wp-content\/uploads\/2026\/03\/9783961716302.png","width":570,"height":708},{"@type":"BreadcrumbList","@id":"https:\/\/foliobooks.pl\/en\/shop\/basketball-the-ultimate-book\/#breadcrumb","itemListElement":[{"@type":"ListItem","position":1,"name":"Strona g\u0142\u00f3wna","item":"https:\/\/foliobooks.pl\/en\/"},{"@type":"ListItem","position":2,"name":"Shop","item":"https:\/\/foliobooks.pl\/en\/shop\/"},{"@type":"ListItem","position":3,"name":"Basketball: The Ultimate Book"}]},{"@type":"WebSite","@id":"https:\/\/foliobooks.pl\/en\/#website","url":"https:\/\/foliobooks.pl\/en\/","name":"Folio","description":"Ksi\u0119garnia internetowa","potentialAction":[{"@type":"SearchAction","target":{"@type":"EntryPoint","urlTemplate":"https:\/\/foliobooks.pl\/en\/?s={search_term_string}"},"query-input":{"@type":"PropertyValueSpecification","valueRequired":true,"valueName":"search_term_string"}}],"inLanguage":"en-US"}]}},"_links":{"self":[{"href":"https:\/\/foliobooks.pl\/en\/wp-json\/wp\/v2\/product\/109215","targetHints":{"allow":["GET"]}}],"collection":[{"href":"https:\/\/foliobooks.pl\/en\/wp-json\/wp\/v2\/product"}],"about":[{"href":"https:\/\/foliobooks.pl\/en\/wp-json\/wp\/v2\/types\/product"}],"replies":[{"embeddable":true,"href":"https:\/\/foliobooks.pl\/en\/wp-json\/wp\/v2\/comments?post=109215"}],"wp:featuredmedia":[{"embeddable":true,"href":"https:\/\/foliobooks.pl\/en\/wp-json\/wp\/v2\/media\/109216"}],"wp:attachment":[{"href":"https:\/\/foliobooks.pl\/en\/wp-json\/wp\/v2\/media?parent=109215"}],"wp:term":[{"taxonomy":"product_brand","embeddable":true,"href":"https:\/\/foliobooks.pl\/en\/wp-json\/wp\/v2\/product_brand?post=109215"},{"taxonomy":"product_cat","embeddable":true,"href":"https:\/\/foliobooks.pl\/en\/wp-json\/wp\/v2\/product_cat?post=109215"},{"taxonomy":"product_tag","embeddable":true,"href":"https:\/\/foliobooks.pl\/en\/wp-json\/wp\/v2\/product_tag?post=109215"}],"curies":[{"name":"wp","href":"https:\/\/api.w.org\/{rel}","templated":true}]}}