{"id":109200,"date":"2026-03-23T13:06:04","date_gmt":"2026-03-23T12:06:04","guid":{"rendered":"https:\/\/foliobooks.pl\/sklep\/escape-discovering-the-dolomites\/"},"modified":"2026-03-23T13:06:04","modified_gmt":"2026-03-23T12:06:04","slug":"escape-discovering-the-dolomites","status":"publish","type":"product","link":"https:\/\/foliobooks.pl\/en\/shop\/escape-discovering-the-dolomites\/","title":{"rendered":"Escape: Discovering the Dolomites"},"content":{"rendered":"<p>Discovering the Dolomites. A Visual Journey and Adventures<\/p>\n<p>Wild and exhilarating, the Dolomites are among the most captivating, beautiful, and diverse hiking and mountaineering areas in Europe. Emerging star of the young outdoor photography scene, Guerel Sahin, has now delivered an impressive mountain photography book of this unique natural landscape with &#8220;Escape.&#8221; In this visually stunning book, he presents 25 of his favorite photo spots, perfectly conveying the rugged and untamed beauty of the mountains.<\/p>\n<p>This magnificent masterpiece by the celebrated photographic artist captivates with atmospheric photographs, some in a darker mood, showcasing breathtaking locations in South Tyrol and Trentino, such as Val Gardena\/Gr\u00f6dnertal, Passo Sella, the Tre Cime di Lavaredo, or Lake Antorno. However, &#8220;Escape&#8221; is not just a visual journey. Sahin personalizes these atmospheric images with his extensive insider knowledge, acquired through countless mountain tours in the featured regions. He not only introduces the majestic locations in his own words but also provides concise explanations on how to best reach them.<\/p>\n<p>For all mountain enthusiasts, &#8220;Escape&#8221; is a magnificent source of travel inspiration, seamlessly blending hiking, mountaineering, nature, and wilderness with the lifestyle of freedom and adventure. This exciting coffee table book exudes primal power, awakening a sense of adventure and an urge to camp by a crackling campfire in the midst of a rugged mountain landscape.<\/p>\n","protected":false},"excerpt":{"rendered":"<p>Discovering the Dolomites. A Visual Journey and Adventures Wild and exhilarating, the Dolomites are among the most captivating, beautiful, and diverse hiking and mountaineering areas in Europe. Emerging star of the young outdoor photography scene, Guerel Sahin, has now delivered an impressive mountain photography book of this unique natural landscape with &#8220;Escape.&#8221; In this visually&#8230;<\/p>\n","protected":false},"featured_media":109201,"comment_status":"closed","ping_status":"closed","template":"","meta":[],"product_brand":[],"product_cat":[13533,4517],"product_tag":[13694,156],"class_list":{"0":"post-109200","1":"product","2":"type-product","3":"status-publish","4":"has-post-thumbnail","6":"product_cat-books","7":"product_cat-photography-en","8":"product_tag-mountains-en","9":"product_tag-travel","10":"pa_author_att-guerel-sahin-en","11":"pa_cover-hardcover","12":"pa_format-235-x-30-cm-en","13":"pa_isbn-21087","14":"pa_language-eng-ger","15":"pa_pages-272-en-2","16":"pa_published-2024-05-14-en","17":"pa_publisher-teneues-en","19":"first","20":"instock","21":"sold-individually","22":"shipping-taxable","23":"purchasable","24":"product-type-simple"},"yoast_head":"<!-- This site is optimized with the Yoast SEO plugin v27.4 - https:\/\/yoast.com\/product\/yoast-seo-wordpress\/ -->\n<title>Escape: Discovering the Dolomites (Guerel Sahin) - book \/ album - Folio<\/title>\n<meta name=\"description\" content=\"Wejd\u017a i kup ksi\u0105\u017ck\u0119 Escape: Discovering the Dolomites autorstwa Guerel Sahin wydan\u0105 przez teNeues (2024-05-14) w formacie 23,5 x 30 cm (ISBN: 9783961715718). Zapraszamy!\" \/>\n<meta name=\"robots\" content=\"index, follow, max-snippet:-1, max-image-preview:large, max-video-preview:-1\" \/>\n<link rel=\"canonical\" href=\"https:\/\/foliobooks.pl\/en\/shop\/escape-discovering-the-dolomites\/\" \/>\n<meta property=\"og:locale\" content=\"en_US\" \/>\n<meta property=\"og:type\" content=\"article\" \/>\n<meta property=\"og:title\" content=\"Escape: Discovering the Dolomites (Guerel Sahin) - book \/ album - Folio\" \/>\n<meta property=\"og:description\" content=\"Wejd\u017a i kup ksi\u0105\u017ck\u0119 Escape: Discovering the Dolomites autorstwa Guerel Sahin wydan\u0105 przez teNeues (2024-05-14) w formacie 23,5 x 30 cm (ISBN: 9783961715718). Zapraszamy!\" \/>\n<meta property=\"og:url\" content=\"https:\/\/foliobooks.pl\/en\/shop\/escape-discovering-the-dolomites\/\" \/>\n<meta property=\"og:site_name\" content=\"Folio\" \/>\n<meta name=\"twitter:card\" content=\"summary_large_image\" \/>\n<meta name=\"twitter:label1\" content=\"Est. reading time\" \/>\n\t<meta name=\"twitter:data1\" content=\"1 minute\" \/>\n<script type=\"application\/ld+json\" class=\"yoast-schema-graph\">{\"@context\":\"https:\\\/\\\/schema.org\",\"@graph\":[{\"@type\":\"WebPage\",\"@id\":\"https:\\\/\\\/foliobooks.pl\\\/en\\\/shop\\\/escape-discovering-the-dolomites\\\/\",\"url\":\"https:\\\/\\\/foliobooks.pl\\\/en\\\/shop\\\/escape-discovering-the-dolomites\\\/\",\"name\":\"Escape: Discovering the Dolomites (Guerel Sahin) - book \\\/ album - Folio\",\"isPartOf\":{\"@id\":\"https:\\\/\\\/foliobooks.pl\\\/en\\\/#website\"},\"primaryImageOfPage\":{\"@id\":\"https:\\\/\\\/foliobooks.pl\\\/en\\\/shop\\\/escape-discovering-the-dolomites\\\/#primaryimage\"},\"image\":{\"@id\":\"https:\\\/\\\/foliobooks.pl\\\/en\\\/shop\\\/escape-discovering-the-dolomites\\\/#primaryimage\"},\"thumbnailUrl\":\"https:\\\/\\\/foliobooks.pl\\\/wp-content\\\/uploads\\\/2026\\\/03\\\/9783961715718.png\",\"datePublished\":\"2026-03-23T12:06:04+00:00\",\"description\":\"Wejd\u017a i kup ksi\u0105\u017ck\u0119 Escape: Discovering the Dolomites autorstwa Guerel Sahin wydan\u0105 przez teNeues (2024-05-14) w formacie 23,5 x 30 cm (ISBN: 9783961715718). Zapraszamy!\",\"breadcrumb\":{\"@id\":\"https:\\\/\\\/foliobooks.pl\\\/en\\\/shop\\\/escape-discovering-the-dolomites\\\/#breadcrumb\"},\"inLanguage\":\"en-US\",\"potentialAction\":[{\"@type\":\"ReadAction\",\"target\":[\"https:\\\/\\\/foliobooks.pl\\\/en\\\/shop\\\/escape-discovering-the-dolomites\\\/\"]}]},{\"@type\":\"ImageObject\",\"inLanguage\":\"en-US\",\"@id\":\"https:\\\/\\\/foliobooks.pl\\\/en\\\/shop\\\/escape-discovering-the-dolomites\\\/#primaryimage\",\"url\":\"https:\\\/\\\/foliobooks.pl\\\/wp-content\\\/uploads\\\/2026\\\/03\\\/9783961715718.png\",\"contentUrl\":\"https:\\\/\\\/foliobooks.pl\\\/wp-content\\\/uploads\\\/2026\\\/03\\\/9783961715718.png\",\"width\":570,\"height\":708},{\"@type\":\"BreadcrumbList\",\"@id\":\"https:\\\/\\\/foliobooks.pl\\\/en\\\/shop\\\/escape-discovering-the-dolomites\\\/#breadcrumb\",\"itemListElement\":[{\"@type\":\"ListItem\",\"position\":1,\"name\":\"Strona g\u0142\u00f3wna\",\"item\":\"https:\\\/\\\/foliobooks.pl\\\/en\\\/\"},{\"@type\":\"ListItem\",\"position\":2,\"name\":\"Shop\",\"item\":\"https:\\\/\\\/foliobooks.pl\\\/en\\\/shop\\\/\"},{\"@type\":\"ListItem\",\"position\":3,\"name\":\"Escape: Discovering the Dolomites\"}]},{\"@type\":\"WebSite\",\"@id\":\"https:\\\/\\\/foliobooks.pl\\\/en\\\/#website\",\"url\":\"https:\\\/\\\/foliobooks.pl\\\/en\\\/\",\"name\":\"Folio\",\"description\":\"Ksi\u0119garnia internetowa\",\"potentialAction\":[{\"@type\":\"SearchAction\",\"target\":{\"@type\":\"EntryPoint\",\"urlTemplate\":\"https:\\\/\\\/foliobooks.pl\\\/en\\\/?s={search_term_string}\"},\"query-input\":{\"@type\":\"PropertyValueSpecification\",\"valueRequired\":true,\"valueName\":\"search_term_string\"}}],\"inLanguage\":\"en-US\"}]}<\/script>\n<!-- \/ Yoast SEO plugin. -->","yoast_head_json":{"title":"Escape: Discovering the Dolomites (Guerel Sahin) - book \/ album - Folio","description":"Wejd\u017a i kup ksi\u0105\u017ck\u0119 Escape: Discovering the Dolomites autorstwa Guerel Sahin wydan\u0105 przez teNeues (2024-05-14) w formacie 23,5 x 30 cm (ISBN: 9783961715718). Zapraszamy!","robots":{"index":"index","follow":"follow","max-snippet":"max-snippet:-1","max-image-preview":"max-image-preview:large","max-video-preview":"max-video-preview:-1"},"canonical":"https:\/\/foliobooks.pl\/en\/shop\/escape-discovering-the-dolomites\/","og_locale":"en_US","og_type":"article","og_title":"Escape: Discovering the Dolomites (Guerel Sahin) - book \/ album - Folio","og_description":"Wejd\u017a i kup ksi\u0105\u017ck\u0119 Escape: Discovering the Dolomites autorstwa Guerel Sahin wydan\u0105 przez teNeues (2024-05-14) w formacie 23,5 x 30 cm (ISBN: 9783961715718). Zapraszamy!","og_url":"https:\/\/foliobooks.pl\/en\/shop\/escape-discovering-the-dolomites\/","og_site_name":"Folio","twitter_card":"summary_large_image","twitter_misc":{"Est. reading time":"1 minute"},"schema":{"@context":"https:\/\/schema.org","@graph":[{"@type":"WebPage","@id":"https:\/\/foliobooks.pl\/en\/shop\/escape-discovering-the-dolomites\/","url":"https:\/\/foliobooks.pl\/en\/shop\/escape-discovering-the-dolomites\/","name":"Escape: Discovering the Dolomites (Guerel Sahin) - book \/ album - Folio","isPartOf":{"@id":"https:\/\/foliobooks.pl\/en\/#website"},"primaryImageOfPage":{"@id":"https:\/\/foliobooks.pl\/en\/shop\/escape-discovering-the-dolomites\/#primaryimage"},"image":{"@id":"https:\/\/foliobooks.pl\/en\/shop\/escape-discovering-the-dolomites\/#primaryimage"},"thumbnailUrl":"https:\/\/foliobooks.pl\/wp-content\/uploads\/2026\/03\/9783961715718.png","datePublished":"2026-03-23T12:06:04+00:00","description":"Wejd\u017a i kup ksi\u0105\u017ck\u0119 Escape: Discovering the Dolomites autorstwa Guerel Sahin wydan\u0105 przez teNeues (2024-05-14) w formacie 23,5 x 30 cm (ISBN: 9783961715718). Zapraszamy!","breadcrumb":{"@id":"https:\/\/foliobooks.pl\/en\/shop\/escape-discovering-the-dolomites\/#breadcrumb"},"inLanguage":"en-US","potentialAction":[{"@type":"ReadAction","target":["https:\/\/foliobooks.pl\/en\/shop\/escape-discovering-the-dolomites\/"]}]},{"@type":"ImageObject","inLanguage":"en-US","@id":"https:\/\/foliobooks.pl\/en\/shop\/escape-discovering-the-dolomites\/#primaryimage","url":"https:\/\/foliobooks.pl\/wp-content\/uploads\/2026\/03\/9783961715718.png","contentUrl":"https:\/\/foliobooks.pl\/wp-content\/uploads\/2026\/03\/9783961715718.png","width":570,"height":708},{"@type":"BreadcrumbList","@id":"https:\/\/foliobooks.pl\/en\/shop\/escape-discovering-the-dolomites\/#breadcrumb","itemListElement":[{"@type":"ListItem","position":1,"name":"Strona g\u0142\u00f3wna","item":"https:\/\/foliobooks.pl\/en\/"},{"@type":"ListItem","position":2,"name":"Shop","item":"https:\/\/foliobooks.pl\/en\/shop\/"},{"@type":"ListItem","position":3,"name":"Escape: Discovering the Dolomites"}]},{"@type":"WebSite","@id":"https:\/\/foliobooks.pl\/en\/#website","url":"https:\/\/foliobooks.pl\/en\/","name":"Folio","description":"Ksi\u0119garnia internetowa","potentialAction":[{"@type":"SearchAction","target":{"@type":"EntryPoint","urlTemplate":"https:\/\/foliobooks.pl\/en\/?s={search_term_string}"},"query-input":{"@type":"PropertyValueSpecification","valueRequired":true,"valueName":"search_term_string"}}],"inLanguage":"en-US"}]}},"_links":{"self":[{"href":"https:\/\/foliobooks.pl\/en\/wp-json\/wp\/v2\/product\/109200","targetHints":{"allow":["GET"]}}],"collection":[{"href":"https:\/\/foliobooks.pl\/en\/wp-json\/wp\/v2\/product"}],"about":[{"href":"https:\/\/foliobooks.pl\/en\/wp-json\/wp\/v2\/types\/product"}],"replies":[{"embeddable":true,"href":"https:\/\/foliobooks.pl\/en\/wp-json\/wp\/v2\/comments?post=109200"}],"wp:featuredmedia":[{"embeddable":true,"href":"https:\/\/foliobooks.pl\/en\/wp-json\/wp\/v2\/media\/109201"}],"wp:attachment":[{"href":"https:\/\/foliobooks.pl\/en\/wp-json\/wp\/v2\/media?parent=109200"}],"wp:term":[{"taxonomy":"product_brand","embeddable":true,"href":"https:\/\/foliobooks.pl\/en\/wp-json\/wp\/v2\/product_brand?post=109200"},{"taxonomy":"product_cat","embeddable":true,"href":"https:\/\/foliobooks.pl\/en\/wp-json\/wp\/v2\/product_cat?post=109200"},{"taxonomy":"product_tag","embeddable":true,"href":"https:\/\/foliobooks.pl\/en\/wp-json\/wp\/v2\/product_tag?post=109200"}],"curies":[{"name":"wp","href":"https:\/\/api.w.org\/{rel}","templated":true}]}}