{"id":109172,"date":"2026-03-23T12:45:56","date_gmt":"2026-03-23T11:45:56","guid":{"rendered":"https:\/\/foliobooks.pl\/sklep\/marvel-comics-library-spider-man-vol-2-1965-1966\/"},"modified":"2026-03-23T12:45:56","modified_gmt":"2026-03-23T11:45:56","slug":"marvel-comics-library-spider-man-vol-2-1965-1966","status":"publish","type":"product","link":"https:\/\/foliobooks.pl\/en\/shop\/marvel-comics-library-spider-man-vol-2-1965-1966\/","title":{"rendered":"Marvel Comics Library. Spider-Man. Vol. 2. 1965\u20131966"},"content":{"rendered":"<p>Their collaboration on Spider-Man couldn\u2019t last forever\u2015but the five-years of Stan Lee and Steve Ditko\u2019s remarkable partnership lasted long enough for their character to evolve into a timeless icon and create a fandom that would last generations. TASCHEN\u2019s second volume of Amazing Spider-Man stories collects the latter half of the duo\u2019s magnum opus, featuring brand new arch-villains the Scorpion, Molten Man, and the Crime-Master, return engagements with Kraven the Hunter and the Green Goblin\u2015and the three-part \u201cMaster Planner Saga\u201d that reignited a feud with an iconic mystery villain, and left behind what many comics critics declare to be the greatest super hero story of all time.<\/p>\n<p>Beyond the action that faced Spider-Man\u2015all choreographed with aplomb by the master stylist Ditko\u2015there was also the matter of Peter Parker\u2019s maturation during a decade of social upheaval and change. With Stan Lee\u2019s blend of soap opera melodramatics and finger-on-the-pulse social sensitivities, Peter graduated from high school to college and started to deal with a myriad of adult struggles, mirroring the life experiences of the book\u2019s readership. A scrawny teenager no more, Lee and Ditko would widen his network of friends and frenemies, debuting Gwen Stacy, Harry Osborn, and, in a series of hilarious cameos, Mary Jane Watson\u2015all characters that would develop into one of the deepest and most substantive supporting casts in all of comics. Also introduced is Harry\u2019s father, Norman Osborn, the short-tempered industrialist who would later be revealed as Spider-Man\u2019s most dreaded foe. Meanwhile, Peter\u2019s up-and-down romance with Betty Brant would reach its culmination with both changed forever.<\/p>\n<p>Collected in an XXL-size volume that closely simulates the size and proportions of the original comic artboards, all individual issues have been sourced from the collection of Bob Bretall, holder of the Guinness World Record for largest comics collection. Bretall\u2019s pedigreed collection has been photographed using TASCHEN\u2019s sterling reproduction methods, resembling the way these comics first looked when initially published in 1965 and 1966, while also being digitally remastered using modern retouching techniques to correct problems with the era\u2019s inexpensive, imperfect printing. A custom paper stock was exclusively developed for this series to simulate the newsprint feel and color holding of the original comics. The Marvel Comics Library has earned well-deserved raves from comic collecting diehards for combining an old school comic book reading experience with a luxurious oversized book format, winning the industry\u2019s coveted Eisner Award for Best Publication Design.<\/p>\n<p>Complementing the comics is an incisive and often side-splitting essay by British TV and radio host Jonathan Ross. Accompanying his essay is a gallery of original art, photographs, rarities, and other ephemera of the era.<\/p>\n","protected":false},"excerpt":{"rendered":"<p>Their collaboration on Spider-Man couldn\u2019t last forever\u2015but the five-years of Stan Lee and Steve Ditko\u2019s remarkable partnership lasted long enough for their character to evolve into a timeless icon and create a fandom that would last generations. TASCHEN\u2019s second volume of Amazing Spider-Man stories collects the latter half of the duo\u2019s magnum opus, featuring brand&#8230;<\/p>\n","protected":false},"featured_media":109173,"comment_status":"closed","ping_status":"closed","template":"","meta":[],"product_brand":[],"product_cat":[4522,13533,4517],"product_tag":[1685],"class_list":{"0":"post-109172","1":"product","2":"type-product","3":"status-publish","4":"has-post-thumbnail","6":"product_cat-art-en","7":"product_cat-books","8":"product_cat-photography-en","9":"product_tag-comic","10":"pa_author_att-jonathan-ross","11":"pa_cover-hardcover","12":"pa_format-28-x-395-cm","13":"pa_isbn-21081","14":"pa_language-eng","15":"pa_pages-21082","16":"pa_published-2024-01-02","17":"pa_publisher-taschen-en-en","19":"first","20":"instock","21":"sold-individually","22":"shipping-taxable","23":"purchasable","24":"product-type-simple"},"yoast_head":"<!-- This site is optimized with the Yoast SEO plugin v27.4 - https:\/\/yoast.com\/product\/yoast-seo-wordpress\/ -->\n<title>Marvel Comics Library. Spider-Man. Vol. 2. 1965\u20131966 (Jonathan Ross) - book \/ album - Folio<\/title>\n<meta name=\"description\" content=\"Wejd\u017a i kup ksi\u0105\u017ck\u0119 Marvel Comics Library. Spider-Man. Vol. 2. 1965\u20131966 autorstwa Jonathan Ross wydan\u0105 przez TASCHEN (2024-01-02) w formacie 28 x 39,5 cm (ISBN: 9783836591577). Zapraszamy!\" \/>\n<meta name=\"robots\" content=\"index, follow, max-snippet:-1, max-image-preview:large, max-video-preview:-1\" \/>\n<link rel=\"canonical\" href=\"https:\/\/foliobooks.pl\/en\/shop\/marvel-comics-library-spider-man-vol-2-1965-1966\/\" \/>\n<meta property=\"og:locale\" content=\"en_US\" \/>\n<meta property=\"og:type\" content=\"article\" \/>\n<meta property=\"og:title\" content=\"Marvel Comics Library. Spider-Man. Vol. 2. 1965\u20131966 (Jonathan Ross) - book \/ album - Folio\" \/>\n<meta property=\"og:description\" content=\"Wejd\u017a i kup ksi\u0105\u017ck\u0119 Marvel Comics Library. Spider-Man. Vol. 2. 1965\u20131966 autorstwa Jonathan Ross wydan\u0105 przez TASCHEN (2024-01-02) w formacie 28 x 39,5 cm (ISBN: 9783836591577). Zapraszamy!\" \/>\n<meta property=\"og:url\" content=\"https:\/\/foliobooks.pl\/en\/shop\/marvel-comics-library-spider-man-vol-2-1965-1966\/\" \/>\n<meta property=\"og:site_name\" content=\"Folio\" \/>\n<meta name=\"twitter:card\" content=\"summary_large_image\" \/>\n<meta name=\"twitter:label1\" content=\"Est. reading time\" \/>\n\t<meta name=\"twitter:data1\" content=\"2 minutes\" \/>\n<script type=\"application\/ld+json\" class=\"yoast-schema-graph\">{\"@context\":\"https:\\\/\\\/schema.org\",\"@graph\":[{\"@type\":\"WebPage\",\"@id\":\"https:\\\/\\\/foliobooks.pl\\\/en\\\/shop\\\/marvel-comics-library-spider-man-vol-2-1965-1966\\\/\",\"url\":\"https:\\\/\\\/foliobooks.pl\\\/en\\\/shop\\\/marvel-comics-library-spider-man-vol-2-1965-1966\\\/\",\"name\":\"Marvel Comics Library. Spider-Man. Vol. 2. 1965\u20131966 (Jonathan Ross) - book \\\/ album - Folio\",\"isPartOf\":{\"@id\":\"https:\\\/\\\/foliobooks.pl\\\/en\\\/#website\"},\"primaryImageOfPage\":{\"@id\":\"https:\\\/\\\/foliobooks.pl\\\/en\\\/shop\\\/marvel-comics-library-spider-man-vol-2-1965-1966\\\/#primaryimage\"},\"image\":{\"@id\":\"https:\\\/\\\/foliobooks.pl\\\/en\\\/shop\\\/marvel-comics-library-spider-man-vol-2-1965-1966\\\/#primaryimage\"},\"thumbnailUrl\":\"https:\\\/\\\/foliobooks.pl\\\/wp-content\\\/uploads\\\/2026\\\/03\\\/9783836591577.png\",\"datePublished\":\"2026-03-23T11:45:56+00:00\",\"description\":\"Wejd\u017a i kup ksi\u0105\u017ck\u0119 Marvel Comics Library. Spider-Man. Vol. 2. 1965\u20131966 autorstwa Jonathan Ross wydan\u0105 przez TASCHEN (2024-01-02) w formacie 28 x 39,5 cm (ISBN: 9783836591577). Zapraszamy!\",\"breadcrumb\":{\"@id\":\"https:\\\/\\\/foliobooks.pl\\\/en\\\/shop\\\/marvel-comics-library-spider-man-vol-2-1965-1966\\\/#breadcrumb\"},\"inLanguage\":\"en-US\",\"potentialAction\":[{\"@type\":\"ReadAction\",\"target\":[\"https:\\\/\\\/foliobooks.pl\\\/en\\\/shop\\\/marvel-comics-library-spider-man-vol-2-1965-1966\\\/\"]}]},{\"@type\":\"ImageObject\",\"inLanguage\":\"en-US\",\"@id\":\"https:\\\/\\\/foliobooks.pl\\\/en\\\/shop\\\/marvel-comics-library-spider-man-vol-2-1965-1966\\\/#primaryimage\",\"url\":\"https:\\\/\\\/foliobooks.pl\\\/wp-content\\\/uploads\\\/2026\\\/03\\\/9783836591577.png\",\"contentUrl\":\"https:\\\/\\\/foliobooks.pl\\\/wp-content\\\/uploads\\\/2026\\\/03\\\/9783836591577.png\",\"width\":570,\"height\":708},{\"@type\":\"BreadcrumbList\",\"@id\":\"https:\\\/\\\/foliobooks.pl\\\/en\\\/shop\\\/marvel-comics-library-spider-man-vol-2-1965-1966\\\/#breadcrumb\",\"itemListElement\":[{\"@type\":\"ListItem\",\"position\":1,\"name\":\"Strona g\u0142\u00f3wna\",\"item\":\"https:\\\/\\\/foliobooks.pl\\\/en\\\/\"},{\"@type\":\"ListItem\",\"position\":2,\"name\":\"Shop\",\"item\":\"https:\\\/\\\/foliobooks.pl\\\/en\\\/shop\\\/\"},{\"@type\":\"ListItem\",\"position\":3,\"name\":\"Marvel Comics Library. Spider-Man. Vol. 2. 1965\u20131966\"}]},{\"@type\":\"WebSite\",\"@id\":\"https:\\\/\\\/foliobooks.pl\\\/en\\\/#website\",\"url\":\"https:\\\/\\\/foliobooks.pl\\\/en\\\/\",\"name\":\"Folio\",\"description\":\"Ksi\u0119garnia internetowa\",\"potentialAction\":[{\"@type\":\"SearchAction\",\"target\":{\"@type\":\"EntryPoint\",\"urlTemplate\":\"https:\\\/\\\/foliobooks.pl\\\/en\\\/?s={search_term_string}\"},\"query-input\":{\"@type\":\"PropertyValueSpecification\",\"valueRequired\":true,\"valueName\":\"search_term_string\"}}],\"inLanguage\":\"en-US\"}]}<\/script>\n<!-- \/ Yoast SEO plugin. -->","yoast_head_json":{"title":"Marvel Comics Library. Spider-Man. Vol. 2. 1965\u20131966 (Jonathan Ross) - book \/ album - Folio","description":"Wejd\u017a i kup ksi\u0105\u017ck\u0119 Marvel Comics Library. Spider-Man. Vol. 2. 1965\u20131966 autorstwa Jonathan Ross wydan\u0105 przez TASCHEN (2024-01-02) w formacie 28 x 39,5 cm (ISBN: 9783836591577). Zapraszamy!","robots":{"index":"index","follow":"follow","max-snippet":"max-snippet:-1","max-image-preview":"max-image-preview:large","max-video-preview":"max-video-preview:-1"},"canonical":"https:\/\/foliobooks.pl\/en\/shop\/marvel-comics-library-spider-man-vol-2-1965-1966\/","og_locale":"en_US","og_type":"article","og_title":"Marvel Comics Library. Spider-Man. Vol. 2. 1965\u20131966 (Jonathan Ross) - book \/ album - Folio","og_description":"Wejd\u017a i kup ksi\u0105\u017ck\u0119 Marvel Comics Library. Spider-Man. Vol. 2. 1965\u20131966 autorstwa Jonathan Ross wydan\u0105 przez TASCHEN (2024-01-02) w formacie 28 x 39,5 cm (ISBN: 9783836591577). Zapraszamy!","og_url":"https:\/\/foliobooks.pl\/en\/shop\/marvel-comics-library-spider-man-vol-2-1965-1966\/","og_site_name":"Folio","twitter_card":"summary_large_image","twitter_misc":{"Est. reading time":"2 minutes"},"schema":{"@context":"https:\/\/schema.org","@graph":[{"@type":"WebPage","@id":"https:\/\/foliobooks.pl\/en\/shop\/marvel-comics-library-spider-man-vol-2-1965-1966\/","url":"https:\/\/foliobooks.pl\/en\/shop\/marvel-comics-library-spider-man-vol-2-1965-1966\/","name":"Marvel Comics Library. Spider-Man. Vol. 2. 1965\u20131966 (Jonathan Ross) - book \/ album - Folio","isPartOf":{"@id":"https:\/\/foliobooks.pl\/en\/#website"},"primaryImageOfPage":{"@id":"https:\/\/foliobooks.pl\/en\/shop\/marvel-comics-library-spider-man-vol-2-1965-1966\/#primaryimage"},"image":{"@id":"https:\/\/foliobooks.pl\/en\/shop\/marvel-comics-library-spider-man-vol-2-1965-1966\/#primaryimage"},"thumbnailUrl":"https:\/\/foliobooks.pl\/wp-content\/uploads\/2026\/03\/9783836591577.png","datePublished":"2026-03-23T11:45:56+00:00","description":"Wejd\u017a i kup ksi\u0105\u017ck\u0119 Marvel Comics Library. Spider-Man. Vol. 2. 1965\u20131966 autorstwa Jonathan Ross wydan\u0105 przez TASCHEN (2024-01-02) w formacie 28 x 39,5 cm (ISBN: 9783836591577). Zapraszamy!","breadcrumb":{"@id":"https:\/\/foliobooks.pl\/en\/shop\/marvel-comics-library-spider-man-vol-2-1965-1966\/#breadcrumb"},"inLanguage":"en-US","potentialAction":[{"@type":"ReadAction","target":["https:\/\/foliobooks.pl\/en\/shop\/marvel-comics-library-spider-man-vol-2-1965-1966\/"]}]},{"@type":"ImageObject","inLanguage":"en-US","@id":"https:\/\/foliobooks.pl\/en\/shop\/marvel-comics-library-spider-man-vol-2-1965-1966\/#primaryimage","url":"https:\/\/foliobooks.pl\/wp-content\/uploads\/2026\/03\/9783836591577.png","contentUrl":"https:\/\/foliobooks.pl\/wp-content\/uploads\/2026\/03\/9783836591577.png","width":570,"height":708},{"@type":"BreadcrumbList","@id":"https:\/\/foliobooks.pl\/en\/shop\/marvel-comics-library-spider-man-vol-2-1965-1966\/#breadcrumb","itemListElement":[{"@type":"ListItem","position":1,"name":"Strona g\u0142\u00f3wna","item":"https:\/\/foliobooks.pl\/en\/"},{"@type":"ListItem","position":2,"name":"Shop","item":"https:\/\/foliobooks.pl\/en\/shop\/"},{"@type":"ListItem","position":3,"name":"Marvel Comics Library. Spider-Man. Vol. 2. 1965\u20131966"}]},{"@type":"WebSite","@id":"https:\/\/foliobooks.pl\/en\/#website","url":"https:\/\/foliobooks.pl\/en\/","name":"Folio","description":"Ksi\u0119garnia internetowa","potentialAction":[{"@type":"SearchAction","target":{"@type":"EntryPoint","urlTemplate":"https:\/\/foliobooks.pl\/en\/?s={search_term_string}"},"query-input":{"@type":"PropertyValueSpecification","valueRequired":true,"valueName":"search_term_string"}}],"inLanguage":"en-US"}]}},"_links":{"self":[{"href":"https:\/\/foliobooks.pl\/en\/wp-json\/wp\/v2\/product\/109172","targetHints":{"allow":["GET"]}}],"collection":[{"href":"https:\/\/foliobooks.pl\/en\/wp-json\/wp\/v2\/product"}],"about":[{"href":"https:\/\/foliobooks.pl\/en\/wp-json\/wp\/v2\/types\/product"}],"replies":[{"embeddable":true,"href":"https:\/\/foliobooks.pl\/en\/wp-json\/wp\/v2\/comments?post=109172"}],"wp:featuredmedia":[{"embeddable":true,"href":"https:\/\/foliobooks.pl\/en\/wp-json\/wp\/v2\/media\/109173"}],"wp:attachment":[{"href":"https:\/\/foliobooks.pl\/en\/wp-json\/wp\/v2\/media?parent=109172"}],"wp:term":[{"taxonomy":"product_brand","embeddable":true,"href":"https:\/\/foliobooks.pl\/en\/wp-json\/wp\/v2\/product_brand?post=109172"},{"taxonomy":"product_cat","embeddable":true,"href":"https:\/\/foliobooks.pl\/en\/wp-json\/wp\/v2\/product_cat?post=109172"},{"taxonomy":"product_tag","embeddable":true,"href":"https:\/\/foliobooks.pl\/en\/wp-json\/wp\/v2\/product_tag?post=109172"}],"curies":[{"name":"wp","href":"https:\/\/api.w.org\/{rel}","templated":true}]}}