{"id":109094,"date":"2026-02-18T14:07:30","date_gmt":"2026-02-18T13:07:30","guid":{"rendered":"https:\/\/foliobooks.pl\/sklep\/grand-tour-provence\/"},"modified":"2026-03-17T10:58:29","modified_gmt":"2026-03-17T09:58:29","slug":"grand-tour-provence","status":"publish","type":"product","link":"https:\/\/foliobooks.pl\/en\/shop\/grand-tour-provence\/","title":{"rendered":"Grand Tour Provence"},"content":{"rendered":"<p>Experience France&#8217;s most beautiful region, Provence, in a fascinating new way with &#8220;Grand Tour Provence&#8221;, an exquisite illustrated book that will transport you to the luxurious lifestyle and natural beauty of this enchanting region of France. Join renowned Berlin-based travel influencers Tim Labenda and Hannes-Vincent Krause on their personal exploration of Provence, off the beaten track. This impressive illustrated book invites you to stroll through the aromatic lavender fields of Provence and experience the authentic charm of the Camargue. From the breathtaking photo motifs of exclusive hotels such as the Grand-H\u00f4tel du Cap-Ferrat to the hidden treasures of Nice and Saint-Tropez, every page is an ode to the art of lingering and savoring.<\/p>\n<p>This book is much more than a conventional travel guide; it is an invitation to rediscover the C\u00f4te d&#8217;Azur in all its facets. Let yourself be enchanted by luxurious accommodations and the first-class gastronomy of France, while you get insider tips on charming residences in Aix-en-Provence and the picturesque landscapes of the Bouches du Rh\u00f4ne. Through profound, emotional stories and breathtaking photography, the &#8220;Grand Tour Provence&#8221; offers an insight not only into the rich culture, but also into the heart of France, whose charm is incomparable.<\/p>\n<p>Perfect for anyone who appreciates traveling in style and is looking for unforgettable, authentic experiences in France. Immerse yourself in this masterpiece of book art and be inspired to realize your own travel dreams through the lavender meadows and historical treasures of Provence with a touch of luxury and uniqueness. Whether you explore the majestic beauty of the region or its culinary delights, this journey will enchant you.<\/p>\n","protected":false},"excerpt":{"rendered":"<p>Experience France&#8217;s most beautiful region, Provence, in a fascinating new way with &#8220;Grand Tour Provence&#8221;, an exquisite illustrated book that will transport you to the luxurious lifestyle and natural beauty of this enchanting region of France. Join renowned Berlin-based travel influencers Tim Labenda and Hannes-Vincent Krause on their personal exploration of Provence, off the beaten&#8230;<\/p>\n","protected":false},"featured_media":109095,"comment_status":"closed","ping_status":"closed","template":"","meta":[],"product_brand":[],"product_cat":[13533,4517],"product_tag":[6121,516],"class_list":{"0":"post-109094","1":"product","2":"type-product","3":"status-publish","4":"has-post-thumbnail","6":"product_cat-books","7":"product_cat-photography-en","8":"product_tag-photography","9":"product_tag-places-en","10":"pa_author_att-tim-labenda","11":"pa_cover-hardcover","12":"pa_format-135-x-239-cm","13":"pa_isbn-21070","14":"pa_language-eng","15":"pa_pages-256-2-en","16":"pa_published-2025-11-01","17":"pa_publisher-teneues-en","19":"first","20":"outofstock","21":"sold-individually","22":"shipping-taxable","23":"purchasable","24":"product-type-simple"},"yoast_head":"<!-- This site is optimized with the Yoast SEO plugin v27.4 - https:\/\/yoast.com\/product\/yoast-seo-wordpress\/ -->\n<title>Grand Tour Provence (Tim Labenda) - book \/ album - Folio<\/title>\n<meta name=\"description\" content=\"Wejd\u017a i kup ksi\u0105\u017ck\u0119 Grand Tour Provence autorstwa Tim Labenda wydan\u0105 przez teNeues (2025-11-01) w formacie 13,5 x 23,9 cm (ISBN: 9783961716616). Zapraszamy!\" \/>\n<meta name=\"robots\" content=\"index, follow, max-snippet:-1, max-image-preview:large, max-video-preview:-1\" \/>\n<link rel=\"canonical\" href=\"https:\/\/foliobooks.pl\/en\/shop\/grand-tour-provence\/\" \/>\n<meta property=\"og:locale\" content=\"en_US\" \/>\n<meta property=\"og:type\" content=\"article\" \/>\n<meta property=\"og:title\" content=\"Grand Tour Provence (Tim Labenda) - book \/ album - Folio\" \/>\n<meta property=\"og:description\" content=\"Wejd\u017a i kup ksi\u0105\u017ck\u0119 Grand Tour Provence autorstwa Tim Labenda wydan\u0105 przez teNeues (2025-11-01) w formacie 13,5 x 23,9 cm (ISBN: 9783961716616). Zapraszamy!\" \/>\n<meta property=\"og:url\" content=\"https:\/\/foliobooks.pl\/en\/shop\/grand-tour-provence\/\" \/>\n<meta property=\"og:site_name\" content=\"Folio\" \/>\n<meta property=\"article:modified_time\" content=\"2026-03-17T09:58:29+00:00\" \/>\n<meta property=\"og:image\" content=\"https:\/\/foliobooks.pl\/wp-content\/uploads\/2026\/02\/9783961716616.png\" \/>\n\t<meta property=\"og:image:width\" content=\"570\" \/>\n\t<meta property=\"og:image:height\" content=\"708\" \/>\n\t<meta property=\"og:image:type\" content=\"image\/png\" \/>\n<meta name=\"twitter:card\" content=\"summary_large_image\" \/>\n<meta name=\"twitter:label1\" content=\"Est. reading time\" \/>\n\t<meta name=\"twitter:data1\" content=\"1 minute\" \/>\n<script type=\"application\/ld+json\" class=\"yoast-schema-graph\">{\"@context\":\"https:\\\/\\\/schema.org\",\"@graph\":[{\"@type\":\"WebPage\",\"@id\":\"https:\\\/\\\/foliobooks.pl\\\/en\\\/shop\\\/grand-tour-provence\\\/\",\"url\":\"https:\\\/\\\/foliobooks.pl\\\/en\\\/shop\\\/grand-tour-provence\\\/\",\"name\":\"Grand Tour Provence (Tim Labenda) - book \\\/ album - Folio\",\"isPartOf\":{\"@id\":\"https:\\\/\\\/foliobooks.pl\\\/en\\\/#website\"},\"primaryImageOfPage\":{\"@id\":\"https:\\\/\\\/foliobooks.pl\\\/en\\\/shop\\\/grand-tour-provence\\\/#primaryimage\"},\"image\":{\"@id\":\"https:\\\/\\\/foliobooks.pl\\\/en\\\/shop\\\/grand-tour-provence\\\/#primaryimage\"},\"thumbnailUrl\":\"https:\\\/\\\/foliobooks.pl\\\/wp-content\\\/uploads\\\/2026\\\/02\\\/9783961716616.png\",\"datePublished\":\"2026-02-18T13:07:30+00:00\",\"dateModified\":\"2026-03-17T09:58:29+00:00\",\"description\":\"Wejd\u017a i kup ksi\u0105\u017ck\u0119 Grand Tour Provence autorstwa Tim Labenda wydan\u0105 przez teNeues (2025-11-01) w formacie 13,5 x 23,9 cm (ISBN: 9783961716616). Zapraszamy!\",\"breadcrumb\":{\"@id\":\"https:\\\/\\\/foliobooks.pl\\\/en\\\/shop\\\/grand-tour-provence\\\/#breadcrumb\"},\"inLanguage\":\"en-US\",\"potentialAction\":[{\"@type\":\"ReadAction\",\"target\":[\"https:\\\/\\\/foliobooks.pl\\\/en\\\/shop\\\/grand-tour-provence\\\/\"]}]},{\"@type\":\"ImageObject\",\"inLanguage\":\"en-US\",\"@id\":\"https:\\\/\\\/foliobooks.pl\\\/en\\\/shop\\\/grand-tour-provence\\\/#primaryimage\",\"url\":\"https:\\\/\\\/foliobooks.pl\\\/wp-content\\\/uploads\\\/2026\\\/02\\\/9783961716616.png\",\"contentUrl\":\"https:\\\/\\\/foliobooks.pl\\\/wp-content\\\/uploads\\\/2026\\\/02\\\/9783961716616.png\",\"width\":570,\"height\":708},{\"@type\":\"BreadcrumbList\",\"@id\":\"https:\\\/\\\/foliobooks.pl\\\/en\\\/shop\\\/grand-tour-provence\\\/#breadcrumb\",\"itemListElement\":[{\"@type\":\"ListItem\",\"position\":1,\"name\":\"Strona g\u0142\u00f3wna\",\"item\":\"https:\\\/\\\/foliobooks.pl\\\/en\\\/\"},{\"@type\":\"ListItem\",\"position\":2,\"name\":\"Shop\",\"item\":\"https:\\\/\\\/foliobooks.pl\\\/en\\\/shop\\\/\"},{\"@type\":\"ListItem\",\"position\":3,\"name\":\"Grand Tour Provence\"}]},{\"@type\":\"WebSite\",\"@id\":\"https:\\\/\\\/foliobooks.pl\\\/en\\\/#website\",\"url\":\"https:\\\/\\\/foliobooks.pl\\\/en\\\/\",\"name\":\"Folio\",\"description\":\"Ksi\u0119garnia internetowa\",\"potentialAction\":[{\"@type\":\"SearchAction\",\"target\":{\"@type\":\"EntryPoint\",\"urlTemplate\":\"https:\\\/\\\/foliobooks.pl\\\/en\\\/?s={search_term_string}\"},\"query-input\":{\"@type\":\"PropertyValueSpecification\",\"valueRequired\":true,\"valueName\":\"search_term_string\"}}],\"inLanguage\":\"en-US\"}]}<\/script>\n<!-- \/ Yoast SEO plugin. -->","yoast_head_json":{"title":"Grand Tour Provence (Tim Labenda) - book \/ album - Folio","description":"Wejd\u017a i kup ksi\u0105\u017ck\u0119 Grand Tour Provence autorstwa Tim Labenda wydan\u0105 przez teNeues (2025-11-01) w formacie 13,5 x 23,9 cm (ISBN: 9783961716616). Zapraszamy!","robots":{"index":"index","follow":"follow","max-snippet":"max-snippet:-1","max-image-preview":"max-image-preview:large","max-video-preview":"max-video-preview:-1"},"canonical":"https:\/\/foliobooks.pl\/en\/shop\/grand-tour-provence\/","og_locale":"en_US","og_type":"article","og_title":"Grand Tour Provence (Tim Labenda) - book \/ album - Folio","og_description":"Wejd\u017a i kup ksi\u0105\u017ck\u0119 Grand Tour Provence autorstwa Tim Labenda wydan\u0105 przez teNeues (2025-11-01) w formacie 13,5 x 23,9 cm (ISBN: 9783961716616). Zapraszamy!","og_url":"https:\/\/foliobooks.pl\/en\/shop\/grand-tour-provence\/","og_site_name":"Folio","article_modified_time":"2026-03-17T09:58:29+00:00","og_image":[{"width":570,"height":708,"url":"https:\/\/foliobooks.pl\/wp-content\/uploads\/2026\/02\/9783961716616.png","type":"image\/png"}],"twitter_card":"summary_large_image","twitter_misc":{"Est. reading time":"1 minute"},"schema":{"@context":"https:\/\/schema.org","@graph":[{"@type":"WebPage","@id":"https:\/\/foliobooks.pl\/en\/shop\/grand-tour-provence\/","url":"https:\/\/foliobooks.pl\/en\/shop\/grand-tour-provence\/","name":"Grand Tour Provence (Tim Labenda) - book \/ album - Folio","isPartOf":{"@id":"https:\/\/foliobooks.pl\/en\/#website"},"primaryImageOfPage":{"@id":"https:\/\/foliobooks.pl\/en\/shop\/grand-tour-provence\/#primaryimage"},"image":{"@id":"https:\/\/foliobooks.pl\/en\/shop\/grand-tour-provence\/#primaryimage"},"thumbnailUrl":"https:\/\/foliobooks.pl\/wp-content\/uploads\/2026\/02\/9783961716616.png","datePublished":"2026-02-18T13:07:30+00:00","dateModified":"2026-03-17T09:58:29+00:00","description":"Wejd\u017a i kup ksi\u0105\u017ck\u0119 Grand Tour Provence autorstwa Tim Labenda wydan\u0105 przez teNeues (2025-11-01) w formacie 13,5 x 23,9 cm (ISBN: 9783961716616). Zapraszamy!","breadcrumb":{"@id":"https:\/\/foliobooks.pl\/en\/shop\/grand-tour-provence\/#breadcrumb"},"inLanguage":"en-US","potentialAction":[{"@type":"ReadAction","target":["https:\/\/foliobooks.pl\/en\/shop\/grand-tour-provence\/"]}]},{"@type":"ImageObject","inLanguage":"en-US","@id":"https:\/\/foliobooks.pl\/en\/shop\/grand-tour-provence\/#primaryimage","url":"https:\/\/foliobooks.pl\/wp-content\/uploads\/2026\/02\/9783961716616.png","contentUrl":"https:\/\/foliobooks.pl\/wp-content\/uploads\/2026\/02\/9783961716616.png","width":570,"height":708},{"@type":"BreadcrumbList","@id":"https:\/\/foliobooks.pl\/en\/shop\/grand-tour-provence\/#breadcrumb","itemListElement":[{"@type":"ListItem","position":1,"name":"Strona g\u0142\u00f3wna","item":"https:\/\/foliobooks.pl\/en\/"},{"@type":"ListItem","position":2,"name":"Shop","item":"https:\/\/foliobooks.pl\/en\/shop\/"},{"@type":"ListItem","position":3,"name":"Grand Tour Provence"}]},{"@type":"WebSite","@id":"https:\/\/foliobooks.pl\/en\/#website","url":"https:\/\/foliobooks.pl\/en\/","name":"Folio","description":"Ksi\u0119garnia internetowa","potentialAction":[{"@type":"SearchAction","target":{"@type":"EntryPoint","urlTemplate":"https:\/\/foliobooks.pl\/en\/?s={search_term_string}"},"query-input":{"@type":"PropertyValueSpecification","valueRequired":true,"valueName":"search_term_string"}}],"inLanguage":"en-US"}]}},"_links":{"self":[{"href":"https:\/\/foliobooks.pl\/en\/wp-json\/wp\/v2\/product\/109094","targetHints":{"allow":["GET"]}}],"collection":[{"href":"https:\/\/foliobooks.pl\/en\/wp-json\/wp\/v2\/product"}],"about":[{"href":"https:\/\/foliobooks.pl\/en\/wp-json\/wp\/v2\/types\/product"}],"replies":[{"embeddable":true,"href":"https:\/\/foliobooks.pl\/en\/wp-json\/wp\/v2\/comments?post=109094"}],"wp:featuredmedia":[{"embeddable":true,"href":"https:\/\/foliobooks.pl\/en\/wp-json\/wp\/v2\/media\/109095"}],"wp:attachment":[{"href":"https:\/\/foliobooks.pl\/en\/wp-json\/wp\/v2\/media?parent=109094"}],"wp:term":[{"taxonomy":"product_brand","embeddable":true,"href":"https:\/\/foliobooks.pl\/en\/wp-json\/wp\/v2\/product_brand?post=109094"},{"taxonomy":"product_cat","embeddable":true,"href":"https:\/\/foliobooks.pl\/en\/wp-json\/wp\/v2\/product_cat?post=109094"},{"taxonomy":"product_tag","embeddable":true,"href":"https:\/\/foliobooks.pl\/en\/wp-json\/wp\/v2\/product_tag?post=109094"}],"curies":[{"name":"wp","href":"https:\/\/api.w.org\/{rel}","templated":true}]}}