{"id":109082,"date":"2026-02-18T13:53:23","date_gmt":"2026-02-18T12:53:23","guid":{"rendered":"https:\/\/foliobooks.pl\/sklep\/white-nights\/"},"modified":"2026-03-19T14:26:25","modified_gmt":"2026-03-19T13:26:25","slug":"white-nights","status":"publish","type":"product","link":"https:\/\/foliobooks.pl\/en\/shop\/white-nights\/","title":{"rendered":"White Nights"},"content":{"rendered":"<p>Regarded as one of world literature&#8217;s foremost novelists, Fyodor Dostoevsky&#8217;s short stories are also some of the best ever written. &#8216;White Nights&#8217; tells of love and loss on the streets of St. Petersburg, &#8216;A Nasty Business&#8217; presents the hilarious tale of a general dropping in on the wedding of a subordinate, while &#8216;The Meek One&#8217; is an existentialist tale of marriage and tragedy.<\/p>\n<p><strong>Penguin Clothbound Classics Series<\/strong><\/p>\n<p>With splendid packaging created by award-winning designer Coralie Bickford-Smith, Penguin Classics presents beautiful hardcover editions of beloved classic literature. Featuring custom patterns inspired by each work stamped on linen cases, colored endpapers, and ribbon markers, these gift-worthy editions of more than sixty titles including Great Expectations, Far from the Madding Crowd, and Wuthering Heights are one of the most coveted series of classic literature ever produced.<\/p>\n","protected":false},"excerpt":{"rendered":"<p>Regarded as one of world literature&#8217;s foremost novelists, Fyodor Dostoevsky&#8217;s short stories are also some of the best ever written. &#8216;White Nights&#8217; tells of love and loss on the streets of St. Petersburg, &#8216;A Nasty Business&#8217; presents the hilarious tale of a general dropping in on the wedding of a subordinate, while &#8216;The Meek One&#8217;&#8230;<\/p>\n","protected":false},"featured_media":109083,"comment_status":"closed","ping_status":"closed","template":"","meta":[],"product_brand":[],"product_cat":[13533,20983],"product_tag":[11548],"class_list":{"0":"post-109082","1":"product","2":"type-product","3":"status-publish","4":"has-post-thumbnail","6":"product_cat-books","7":"product_cat-literature","8":"product_tag-literature-en","9":"pa_author_att-fyodor-dostoyevsky-en","10":"pa_cover-hardcover","11":"pa_format-168-x-118-cm","12":"pa_isbn-21061","13":"pa_language-eng","14":"pa_pages-240-en","15":"pa_published-2023-02-23-en","16":"pa_publisher-penguin-en","17":"pa_series-penguin-clothbound-classics","19":"first","20":"outofstock","21":"sold-individually","22":"shipping-taxable","23":"purchasable","24":"product-type-simple"},"yoast_head":"<!-- This site is optimized with the Yoast SEO plugin v27.4 - https:\/\/yoast.com\/product\/yoast-seo-wordpress\/ -->\n<title>White Nights (Fyodor Dostoyevsky) - book \/ album - Folio<\/title>\n<meta name=\"description\" content=\"Wejd\u017a i kup ksi\u0105\u017ck\u0119 White Nights autorstwa Fyodor Dostoyevsky wydan\u0105 przez Penguin (2023-02-23) w formacie 16,8 x 11,8 cm (ISBN: 9780241619780). Zapraszamy!\" \/>\n<meta name=\"robots\" content=\"index, follow, max-snippet:-1, max-image-preview:large, max-video-preview:-1\" \/>\n<link rel=\"canonical\" href=\"https:\/\/foliobooks.pl\/en\/shop\/white-nights\/\" \/>\n<meta property=\"og:locale\" content=\"en_US\" \/>\n<meta property=\"og:type\" content=\"article\" \/>\n<meta property=\"og:title\" content=\"White Nights (Fyodor Dostoyevsky) - book \/ album - Folio\" \/>\n<meta property=\"og:description\" content=\"Wejd\u017a i kup ksi\u0105\u017ck\u0119 White Nights autorstwa Fyodor Dostoyevsky wydan\u0105 przez Penguin (2023-02-23) w formacie 16,8 x 11,8 cm (ISBN: 9780241619780). Zapraszamy!\" \/>\n<meta property=\"og:url\" content=\"https:\/\/foliobooks.pl\/en\/shop\/white-nights\/\" \/>\n<meta property=\"og:site_name\" content=\"Folio\" \/>\n<meta property=\"article:modified_time\" content=\"2026-03-19T13:26:25+00:00\" \/>\n<meta property=\"og:image\" content=\"https:\/\/foliobooks.pl\/wp-content\/uploads\/2026\/02\/9780241619780.png\" \/>\n\t<meta property=\"og:image:width\" content=\"570\" \/>\n\t<meta property=\"og:image:height\" content=\"708\" \/>\n\t<meta property=\"og:image:type\" content=\"image\/png\" \/>\n<meta name=\"twitter:card\" content=\"summary_large_image\" \/>\n<meta name=\"twitter:label1\" content=\"Est. reading time\" \/>\n\t<meta name=\"twitter:data1\" content=\"1 minute\" \/>\n<script type=\"application\/ld+json\" class=\"yoast-schema-graph\">{\"@context\":\"https:\\\/\\\/schema.org\",\"@graph\":[{\"@type\":\"WebPage\",\"@id\":\"https:\\\/\\\/foliobooks.pl\\\/en\\\/shop\\\/white-nights\\\/\",\"url\":\"https:\\\/\\\/foliobooks.pl\\\/en\\\/shop\\\/white-nights\\\/\",\"name\":\"White Nights (Fyodor Dostoyevsky) - book \\\/ album - Folio\",\"isPartOf\":{\"@id\":\"https:\\\/\\\/foliobooks.pl\\\/en\\\/#website\"},\"primaryImageOfPage\":{\"@id\":\"https:\\\/\\\/foliobooks.pl\\\/en\\\/shop\\\/white-nights\\\/#primaryimage\"},\"image\":{\"@id\":\"https:\\\/\\\/foliobooks.pl\\\/en\\\/shop\\\/white-nights\\\/#primaryimage\"},\"thumbnailUrl\":\"https:\\\/\\\/foliobooks.pl\\\/wp-content\\\/uploads\\\/2026\\\/02\\\/9780241619780.png\",\"datePublished\":\"2026-02-18T12:53:23+00:00\",\"dateModified\":\"2026-03-19T13:26:25+00:00\",\"description\":\"Wejd\u017a i kup ksi\u0105\u017ck\u0119 White Nights autorstwa Fyodor Dostoyevsky wydan\u0105 przez Penguin (2023-02-23) w formacie 16,8 x 11,8 cm (ISBN: 9780241619780). Zapraszamy!\",\"breadcrumb\":{\"@id\":\"https:\\\/\\\/foliobooks.pl\\\/en\\\/shop\\\/white-nights\\\/#breadcrumb\"},\"inLanguage\":\"en-US\",\"potentialAction\":[{\"@type\":\"ReadAction\",\"target\":[\"https:\\\/\\\/foliobooks.pl\\\/en\\\/shop\\\/white-nights\\\/\"]}]},{\"@type\":\"ImageObject\",\"inLanguage\":\"en-US\",\"@id\":\"https:\\\/\\\/foliobooks.pl\\\/en\\\/shop\\\/white-nights\\\/#primaryimage\",\"url\":\"https:\\\/\\\/foliobooks.pl\\\/wp-content\\\/uploads\\\/2026\\\/02\\\/9780241619780.png\",\"contentUrl\":\"https:\\\/\\\/foliobooks.pl\\\/wp-content\\\/uploads\\\/2026\\\/02\\\/9780241619780.png\",\"width\":570,\"height\":708},{\"@type\":\"BreadcrumbList\",\"@id\":\"https:\\\/\\\/foliobooks.pl\\\/en\\\/shop\\\/white-nights\\\/#breadcrumb\",\"itemListElement\":[{\"@type\":\"ListItem\",\"position\":1,\"name\":\"Strona g\u0142\u00f3wna\",\"item\":\"https:\\\/\\\/foliobooks.pl\\\/en\\\/\"},{\"@type\":\"ListItem\",\"position\":2,\"name\":\"Shop\",\"item\":\"https:\\\/\\\/foliobooks.pl\\\/en\\\/shop\\\/\"},{\"@type\":\"ListItem\",\"position\":3,\"name\":\"White Nights\"}]},{\"@type\":\"WebSite\",\"@id\":\"https:\\\/\\\/foliobooks.pl\\\/en\\\/#website\",\"url\":\"https:\\\/\\\/foliobooks.pl\\\/en\\\/\",\"name\":\"Folio\",\"description\":\"Ksi\u0119garnia internetowa\",\"potentialAction\":[{\"@type\":\"SearchAction\",\"target\":{\"@type\":\"EntryPoint\",\"urlTemplate\":\"https:\\\/\\\/foliobooks.pl\\\/en\\\/?s={search_term_string}\"},\"query-input\":{\"@type\":\"PropertyValueSpecification\",\"valueRequired\":true,\"valueName\":\"search_term_string\"}}],\"inLanguage\":\"en-US\"}]}<\/script>\n<!-- \/ Yoast SEO plugin. -->","yoast_head_json":{"title":"White Nights (Fyodor Dostoyevsky) - book \/ album - Folio","description":"Wejd\u017a i kup ksi\u0105\u017ck\u0119 White Nights autorstwa Fyodor Dostoyevsky wydan\u0105 przez Penguin (2023-02-23) w formacie 16,8 x 11,8 cm (ISBN: 9780241619780). Zapraszamy!","robots":{"index":"index","follow":"follow","max-snippet":"max-snippet:-1","max-image-preview":"max-image-preview:large","max-video-preview":"max-video-preview:-1"},"canonical":"https:\/\/foliobooks.pl\/en\/shop\/white-nights\/","og_locale":"en_US","og_type":"article","og_title":"White Nights (Fyodor Dostoyevsky) - book \/ album - Folio","og_description":"Wejd\u017a i kup ksi\u0105\u017ck\u0119 White Nights autorstwa Fyodor Dostoyevsky wydan\u0105 przez Penguin (2023-02-23) w formacie 16,8 x 11,8 cm (ISBN: 9780241619780). Zapraszamy!","og_url":"https:\/\/foliobooks.pl\/en\/shop\/white-nights\/","og_site_name":"Folio","article_modified_time":"2026-03-19T13:26:25+00:00","og_image":[{"width":570,"height":708,"url":"https:\/\/foliobooks.pl\/wp-content\/uploads\/2026\/02\/9780241619780.png","type":"image\/png"}],"twitter_card":"summary_large_image","twitter_misc":{"Est. reading time":"1 minute"},"schema":{"@context":"https:\/\/schema.org","@graph":[{"@type":"WebPage","@id":"https:\/\/foliobooks.pl\/en\/shop\/white-nights\/","url":"https:\/\/foliobooks.pl\/en\/shop\/white-nights\/","name":"White Nights (Fyodor Dostoyevsky) - book \/ album - Folio","isPartOf":{"@id":"https:\/\/foliobooks.pl\/en\/#website"},"primaryImageOfPage":{"@id":"https:\/\/foliobooks.pl\/en\/shop\/white-nights\/#primaryimage"},"image":{"@id":"https:\/\/foliobooks.pl\/en\/shop\/white-nights\/#primaryimage"},"thumbnailUrl":"https:\/\/foliobooks.pl\/wp-content\/uploads\/2026\/02\/9780241619780.png","datePublished":"2026-02-18T12:53:23+00:00","dateModified":"2026-03-19T13:26:25+00:00","description":"Wejd\u017a i kup ksi\u0105\u017ck\u0119 White Nights autorstwa Fyodor Dostoyevsky wydan\u0105 przez Penguin (2023-02-23) w formacie 16,8 x 11,8 cm (ISBN: 9780241619780). Zapraszamy!","breadcrumb":{"@id":"https:\/\/foliobooks.pl\/en\/shop\/white-nights\/#breadcrumb"},"inLanguage":"en-US","potentialAction":[{"@type":"ReadAction","target":["https:\/\/foliobooks.pl\/en\/shop\/white-nights\/"]}]},{"@type":"ImageObject","inLanguage":"en-US","@id":"https:\/\/foliobooks.pl\/en\/shop\/white-nights\/#primaryimage","url":"https:\/\/foliobooks.pl\/wp-content\/uploads\/2026\/02\/9780241619780.png","contentUrl":"https:\/\/foliobooks.pl\/wp-content\/uploads\/2026\/02\/9780241619780.png","width":570,"height":708},{"@type":"BreadcrumbList","@id":"https:\/\/foliobooks.pl\/en\/shop\/white-nights\/#breadcrumb","itemListElement":[{"@type":"ListItem","position":1,"name":"Strona g\u0142\u00f3wna","item":"https:\/\/foliobooks.pl\/en\/"},{"@type":"ListItem","position":2,"name":"Shop","item":"https:\/\/foliobooks.pl\/en\/shop\/"},{"@type":"ListItem","position":3,"name":"White Nights"}]},{"@type":"WebSite","@id":"https:\/\/foliobooks.pl\/en\/#website","url":"https:\/\/foliobooks.pl\/en\/","name":"Folio","description":"Ksi\u0119garnia internetowa","potentialAction":[{"@type":"SearchAction","target":{"@type":"EntryPoint","urlTemplate":"https:\/\/foliobooks.pl\/en\/?s={search_term_string}"},"query-input":{"@type":"PropertyValueSpecification","valueRequired":true,"valueName":"search_term_string"}}],"inLanguage":"en-US"}]}},"_links":{"self":[{"href":"https:\/\/foliobooks.pl\/en\/wp-json\/wp\/v2\/product\/109082","targetHints":{"allow":["GET"]}}],"collection":[{"href":"https:\/\/foliobooks.pl\/en\/wp-json\/wp\/v2\/product"}],"about":[{"href":"https:\/\/foliobooks.pl\/en\/wp-json\/wp\/v2\/types\/product"}],"replies":[{"embeddable":true,"href":"https:\/\/foliobooks.pl\/en\/wp-json\/wp\/v2\/comments?post=109082"}],"wp:featuredmedia":[{"embeddable":true,"href":"https:\/\/foliobooks.pl\/en\/wp-json\/wp\/v2\/media\/109083"}],"wp:attachment":[{"href":"https:\/\/foliobooks.pl\/en\/wp-json\/wp\/v2\/media?parent=109082"}],"wp:term":[{"taxonomy":"product_brand","embeddable":true,"href":"https:\/\/foliobooks.pl\/en\/wp-json\/wp\/v2\/product_brand?post=109082"},{"taxonomy":"product_cat","embeddable":true,"href":"https:\/\/foliobooks.pl\/en\/wp-json\/wp\/v2\/product_cat?post=109082"},{"taxonomy":"product_tag","embeddable":true,"href":"https:\/\/foliobooks.pl\/en\/wp-json\/wp\/v2\/product_tag?post=109082"}],"curies":[{"name":"wp","href":"https:\/\/api.w.org\/{rel}","templated":true}]}}