{"id":109029,"date":"2026-02-17T13:43:58","date_gmt":"2026-02-17T12:43:58","guid":{"rendered":"https:\/\/foliobooks.pl\/sklep\/the-phantom-of-the-opera\/"},"modified":"2026-03-19T15:08:29","modified_gmt":"2026-03-19T14:08:29","slug":"the-phantom-of-the-opera","status":"publish","type":"product","link":"https:\/\/foliobooks.pl\/en\/shop\/the-phantom-of-the-opera\/","title":{"rendered":"The Phantom of the Opera"},"content":{"rendered":"<p>Rumours that a ghost stalks the dark passages and cellars of the Paris Opera House, wreaking havoc, have long been rife among staff and performers. This Phantom also haunts the imagination of the beautiful and talented singer Christine Daa\u00e9, appearing to her as the &#8216;Angel of Music&#8217; &#8211; a disembodied voice, coaching her to sing as she never could before. When Christine is courted by a handsome young Viscount, the mysterious spectre, who resides in the murky depths of the building, is consumed by jealousy and seeks revenge.<\/p>\n<p>With its pervading atmosphere of menace, tinged with dark humour, The Phantom of the Opera (1910) offers a unique mix of Gothic horror and tragic romance that has inspired film, stage and literature since its publication.<\/p>\n<p><strong>Penguin Clothbound Classics Series<\/strong><\/p>\n<p>With splendid packaging created by award-winning designer Coralie Bickford-Smith, Penguin Classics presents beautiful hardcover editions of beloved classic literature. Featuring custom patterns inspired by each work stamped on linen cases, colored endpapers, and ribbon markers, these gift-worthy editions of more than sixty titles including Great Expectations, Far from the Madding Crowd, and Wuthering Heights are one of the most coveted series of classic literature ever produced.<\/p>\n","protected":false},"excerpt":{"rendered":"<p>Rumours that a ghost stalks the dark passages and cellars of the Paris Opera House, wreaking havoc, have long been rife among staff and performers. This Phantom also haunts the imagination of the beautiful and talented singer Christine Daa\u00e9, appearing to her as the &#8216;Angel of Music&#8217; &#8211; a disembodied voice, coaching her to sing&#8230;<\/p>\n","protected":false},"featured_media":109030,"comment_status":"closed","ping_status":"closed","template":"","meta":[],"product_brand":[],"product_cat":[13533,20983],"product_tag":[11548],"class_list":{"0":"post-109029","1":"product","2":"type-product","3":"status-publish","4":"has-post-thumbnail","6":"product_cat-books","7":"product_cat-literature","8":"product_tag-literature-en","9":"pa_author_att-gaston-leroux","10":"pa_cover-hardcover","11":"pa_format-206-x-138-cm","12":"pa_isbn-21009","13":"pa_language-eng","14":"pa_pages-368-en-2","15":"pa_published-2025-02-01-en","16":"pa_publisher-penguin-en","17":"pa_series-penguin-clothbound-classics","19":"first","20":"instock","21":"sold-individually","22":"shipping-taxable","23":"purchasable","24":"product-type-simple"},"yoast_head":"<!-- This site is optimized with the Yoast SEO plugin v27.4 - https:\/\/yoast.com\/product\/yoast-seo-wordpress\/ -->\n<title>The Phantom of the Opera (Gaston Leroux) - book \/ album - Folio<\/title>\n<meta name=\"description\" content=\"Wejd\u017a i kup ksi\u0105\u017ck\u0119 The Phantom of the Opera autorstwa Gaston Leroux wydan\u0105 przez Penguin (2025-02-01) w formacie 20,6 x 13,8 cm (ISBN: 9780241725429). Zapraszamy!\" \/>\n<meta name=\"robots\" content=\"index, follow, max-snippet:-1, max-image-preview:large, max-video-preview:-1\" \/>\n<link rel=\"canonical\" href=\"https:\/\/foliobooks.pl\/en\/shop\/the-phantom-of-the-opera\/\" \/>\n<meta property=\"og:locale\" content=\"en_US\" \/>\n<meta property=\"og:type\" content=\"article\" \/>\n<meta property=\"og:title\" content=\"The Phantom of the Opera (Gaston Leroux) - book \/ album - Folio\" \/>\n<meta property=\"og:description\" content=\"Wejd\u017a i kup ksi\u0105\u017ck\u0119 The Phantom of the Opera autorstwa Gaston Leroux wydan\u0105 przez Penguin (2025-02-01) w formacie 20,6 x 13,8 cm (ISBN: 9780241725429). Zapraszamy!\" \/>\n<meta property=\"og:url\" content=\"https:\/\/foliobooks.pl\/en\/shop\/the-phantom-of-the-opera\/\" \/>\n<meta property=\"og:site_name\" content=\"Folio\" \/>\n<meta property=\"article:modified_time\" content=\"2026-03-19T14:08:29+00:00\" \/>\n<meta property=\"og:image\" content=\"https:\/\/foliobooks.pl\/wp-content\/uploads\/2026\/02\/9780241725429.png\" \/>\n\t<meta property=\"og:image:width\" content=\"570\" \/>\n\t<meta property=\"og:image:height\" content=\"708\" \/>\n\t<meta property=\"og:image:type\" content=\"image\/png\" \/>\n<meta name=\"twitter:card\" content=\"summary_large_image\" \/>\n<meta name=\"twitter:label1\" content=\"Est. reading time\" \/>\n\t<meta name=\"twitter:data1\" content=\"1 minute\" \/>\n<script type=\"application\/ld+json\" class=\"yoast-schema-graph\">{\"@context\":\"https:\\\/\\\/schema.org\",\"@graph\":[{\"@type\":\"WebPage\",\"@id\":\"https:\\\/\\\/foliobooks.pl\\\/en\\\/shop\\\/the-phantom-of-the-opera\\\/\",\"url\":\"https:\\\/\\\/foliobooks.pl\\\/en\\\/shop\\\/the-phantom-of-the-opera\\\/\",\"name\":\"The Phantom of the Opera (Gaston Leroux) - book \\\/ album - Folio\",\"isPartOf\":{\"@id\":\"https:\\\/\\\/foliobooks.pl\\\/en\\\/#website\"},\"primaryImageOfPage\":{\"@id\":\"https:\\\/\\\/foliobooks.pl\\\/en\\\/shop\\\/the-phantom-of-the-opera\\\/#primaryimage\"},\"image\":{\"@id\":\"https:\\\/\\\/foliobooks.pl\\\/en\\\/shop\\\/the-phantom-of-the-opera\\\/#primaryimage\"},\"thumbnailUrl\":\"https:\\\/\\\/foliobooks.pl\\\/wp-content\\\/uploads\\\/2026\\\/02\\\/9780241725429.png\",\"datePublished\":\"2026-02-17T12:43:58+00:00\",\"dateModified\":\"2026-03-19T14:08:29+00:00\",\"description\":\"Wejd\u017a i kup ksi\u0105\u017ck\u0119 The Phantom of the Opera autorstwa Gaston Leroux wydan\u0105 przez Penguin (2025-02-01) w formacie 20,6 x 13,8 cm (ISBN: 9780241725429). Zapraszamy!\",\"breadcrumb\":{\"@id\":\"https:\\\/\\\/foliobooks.pl\\\/en\\\/shop\\\/the-phantom-of-the-opera\\\/#breadcrumb\"},\"inLanguage\":\"en-US\",\"potentialAction\":[{\"@type\":\"ReadAction\",\"target\":[\"https:\\\/\\\/foliobooks.pl\\\/en\\\/shop\\\/the-phantom-of-the-opera\\\/\"]}]},{\"@type\":\"ImageObject\",\"inLanguage\":\"en-US\",\"@id\":\"https:\\\/\\\/foliobooks.pl\\\/en\\\/shop\\\/the-phantom-of-the-opera\\\/#primaryimage\",\"url\":\"https:\\\/\\\/foliobooks.pl\\\/wp-content\\\/uploads\\\/2026\\\/02\\\/9780241725429.png\",\"contentUrl\":\"https:\\\/\\\/foliobooks.pl\\\/wp-content\\\/uploads\\\/2026\\\/02\\\/9780241725429.png\",\"width\":570,\"height\":708},{\"@type\":\"BreadcrumbList\",\"@id\":\"https:\\\/\\\/foliobooks.pl\\\/en\\\/shop\\\/the-phantom-of-the-opera\\\/#breadcrumb\",\"itemListElement\":[{\"@type\":\"ListItem\",\"position\":1,\"name\":\"Strona g\u0142\u00f3wna\",\"item\":\"https:\\\/\\\/foliobooks.pl\\\/en\\\/\"},{\"@type\":\"ListItem\",\"position\":2,\"name\":\"Shop\",\"item\":\"https:\\\/\\\/foliobooks.pl\\\/en\\\/shop\\\/\"},{\"@type\":\"ListItem\",\"position\":3,\"name\":\"The Phantom of the Opera\"}]},{\"@type\":\"WebSite\",\"@id\":\"https:\\\/\\\/foliobooks.pl\\\/en\\\/#website\",\"url\":\"https:\\\/\\\/foliobooks.pl\\\/en\\\/\",\"name\":\"Folio\",\"description\":\"Ksi\u0119garnia internetowa\",\"potentialAction\":[{\"@type\":\"SearchAction\",\"target\":{\"@type\":\"EntryPoint\",\"urlTemplate\":\"https:\\\/\\\/foliobooks.pl\\\/en\\\/?s={search_term_string}\"},\"query-input\":{\"@type\":\"PropertyValueSpecification\",\"valueRequired\":true,\"valueName\":\"search_term_string\"}}],\"inLanguage\":\"en-US\"}]}<\/script>\n<!-- \/ Yoast SEO plugin. -->","yoast_head_json":{"title":"The Phantom of the Opera (Gaston Leroux) - book \/ album - Folio","description":"Wejd\u017a i kup ksi\u0105\u017ck\u0119 The Phantom of the Opera autorstwa Gaston Leroux wydan\u0105 przez Penguin (2025-02-01) w formacie 20,6 x 13,8 cm (ISBN: 9780241725429). Zapraszamy!","robots":{"index":"index","follow":"follow","max-snippet":"max-snippet:-1","max-image-preview":"max-image-preview:large","max-video-preview":"max-video-preview:-1"},"canonical":"https:\/\/foliobooks.pl\/en\/shop\/the-phantom-of-the-opera\/","og_locale":"en_US","og_type":"article","og_title":"The Phantom of the Opera (Gaston Leroux) - book \/ album - Folio","og_description":"Wejd\u017a i kup ksi\u0105\u017ck\u0119 The Phantom of the Opera autorstwa Gaston Leroux wydan\u0105 przez Penguin (2025-02-01) w formacie 20,6 x 13,8 cm (ISBN: 9780241725429). Zapraszamy!","og_url":"https:\/\/foliobooks.pl\/en\/shop\/the-phantom-of-the-opera\/","og_site_name":"Folio","article_modified_time":"2026-03-19T14:08:29+00:00","og_image":[{"width":570,"height":708,"url":"https:\/\/foliobooks.pl\/wp-content\/uploads\/2026\/02\/9780241725429.png","type":"image\/png"}],"twitter_card":"summary_large_image","twitter_misc":{"Est. reading time":"1 minute"},"schema":{"@context":"https:\/\/schema.org","@graph":[{"@type":"WebPage","@id":"https:\/\/foliobooks.pl\/en\/shop\/the-phantom-of-the-opera\/","url":"https:\/\/foliobooks.pl\/en\/shop\/the-phantom-of-the-opera\/","name":"The Phantom of the Opera (Gaston Leroux) - book \/ album - Folio","isPartOf":{"@id":"https:\/\/foliobooks.pl\/en\/#website"},"primaryImageOfPage":{"@id":"https:\/\/foliobooks.pl\/en\/shop\/the-phantom-of-the-opera\/#primaryimage"},"image":{"@id":"https:\/\/foliobooks.pl\/en\/shop\/the-phantom-of-the-opera\/#primaryimage"},"thumbnailUrl":"https:\/\/foliobooks.pl\/wp-content\/uploads\/2026\/02\/9780241725429.png","datePublished":"2026-02-17T12:43:58+00:00","dateModified":"2026-03-19T14:08:29+00:00","description":"Wejd\u017a i kup ksi\u0105\u017ck\u0119 The Phantom of the Opera autorstwa Gaston Leroux wydan\u0105 przez Penguin (2025-02-01) w formacie 20,6 x 13,8 cm (ISBN: 9780241725429). Zapraszamy!","breadcrumb":{"@id":"https:\/\/foliobooks.pl\/en\/shop\/the-phantom-of-the-opera\/#breadcrumb"},"inLanguage":"en-US","potentialAction":[{"@type":"ReadAction","target":["https:\/\/foliobooks.pl\/en\/shop\/the-phantom-of-the-opera\/"]}]},{"@type":"ImageObject","inLanguage":"en-US","@id":"https:\/\/foliobooks.pl\/en\/shop\/the-phantom-of-the-opera\/#primaryimage","url":"https:\/\/foliobooks.pl\/wp-content\/uploads\/2026\/02\/9780241725429.png","contentUrl":"https:\/\/foliobooks.pl\/wp-content\/uploads\/2026\/02\/9780241725429.png","width":570,"height":708},{"@type":"BreadcrumbList","@id":"https:\/\/foliobooks.pl\/en\/shop\/the-phantom-of-the-opera\/#breadcrumb","itemListElement":[{"@type":"ListItem","position":1,"name":"Strona g\u0142\u00f3wna","item":"https:\/\/foliobooks.pl\/en\/"},{"@type":"ListItem","position":2,"name":"Shop","item":"https:\/\/foliobooks.pl\/en\/shop\/"},{"@type":"ListItem","position":3,"name":"The Phantom of the Opera"}]},{"@type":"WebSite","@id":"https:\/\/foliobooks.pl\/en\/#website","url":"https:\/\/foliobooks.pl\/en\/","name":"Folio","description":"Ksi\u0119garnia internetowa","potentialAction":[{"@type":"SearchAction","target":{"@type":"EntryPoint","urlTemplate":"https:\/\/foliobooks.pl\/en\/?s={search_term_string}"},"query-input":{"@type":"PropertyValueSpecification","valueRequired":true,"valueName":"search_term_string"}}],"inLanguage":"en-US"}]}},"_links":{"self":[{"href":"https:\/\/foliobooks.pl\/en\/wp-json\/wp\/v2\/product\/109029","targetHints":{"allow":["GET"]}}],"collection":[{"href":"https:\/\/foliobooks.pl\/en\/wp-json\/wp\/v2\/product"}],"about":[{"href":"https:\/\/foliobooks.pl\/en\/wp-json\/wp\/v2\/types\/product"}],"replies":[{"embeddable":true,"href":"https:\/\/foliobooks.pl\/en\/wp-json\/wp\/v2\/comments?post=109029"}],"wp:featuredmedia":[{"embeddable":true,"href":"https:\/\/foliobooks.pl\/en\/wp-json\/wp\/v2\/media\/109030"}],"wp:attachment":[{"href":"https:\/\/foliobooks.pl\/en\/wp-json\/wp\/v2\/media?parent=109029"}],"wp:term":[{"taxonomy":"product_brand","embeddable":true,"href":"https:\/\/foliobooks.pl\/en\/wp-json\/wp\/v2\/product_brand?post=109029"},{"taxonomy":"product_cat","embeddable":true,"href":"https:\/\/foliobooks.pl\/en\/wp-json\/wp\/v2\/product_cat?post=109029"},{"taxonomy":"product_tag","embeddable":true,"href":"https:\/\/foliobooks.pl\/en\/wp-json\/wp\/v2\/product_tag?post=109029"}],"curies":[{"name":"wp","href":"https:\/\/api.w.org\/{rel}","templated":true}]}}