{"id":108984,"date":"2026-02-10T21:50:04","date_gmt":"2026-02-10T20:50:04","guid":{"rendered":"https:\/\/foliobooks.pl\/sklep\/vitra-anatomy-of-a-design-company\/"},"modified":"2026-03-18T11:47:46","modified_gmt":"2026-03-18T10:47:46","slug":"vitra-anatomy-of-a-design-company","status":"publish","type":"product","link":"https:\/\/foliobooks.pl\/en\/shop\/vitra-anatomy-of-a-design-company\/","title":{"rendered":"Vitra. Anatomy of a design company"},"content":{"rendered":"<p>The in-depth story of one of the world&#8217;s most innovative and influential design companies<\/p>\n<p>In the recent history of contemporary design and architecture, no company has had more influence than Vitra. From the 1950s to the present day, Vitra has worked with succeeding generations of designers &#8211; from Ray and Charles Eames to Frank Gehry and Zaha Hadid, to Ron Arad, Jasper Morrison, and Virgil Abloh. With its forward-thinking approach, Vitra has defined and shaped the way that we live and work.<\/p>\n<p>Written by Deyan Sudjic, Vitra: The Anatomy of a Design Company, tells the story of the three generations behind Vitra. Driven by a sense of cultural and social mission, Vitra has had a major influence on every aspect of contemporary design, from architecture to graphics, photography, product design, and the landscape.<\/p>\n<p>It has shaped our understanding of such major figures as Jean Prouv\u00e9 and Verner Panton. It has encouraged designers at the start of their careers including Jasper Morrison and Ronan and Erwan Bouroullec. It has safeguarded the archives of such key figures as Luis Barragan and Alexander Girard, and built one of the world&#8217;s most important design museums.<\/p>\n<p>The book also features inserts written by design consultant and writer Karen Stein, as well as a photographic essay by acclaimed architectural photographer Iwan Baan.<\/p>\n<p>Spanning more than 450 pages and over 400 illustrations, this substantial volume covers Vitra&#8217;s working relationship with designers, the rich architectural heritage of the Vitra Campus, with buildings by Tadao Ando, Herzog &amp; de Meuron, and Alvaro Siza. It provides an essential account of contemporary design history, offers a unique insight into the role of design in business, and documents the nature of a design process that results in successful products.<\/p>\n","protected":false},"excerpt":{"rendered":"<p>The in-depth story of one of the world&#8217;s most innovative and influential design companies In the recent history of contemporary design and architecture, no company has had more influence than Vitra. From the 1950s to the present day, Vitra has worked with succeeding generations of designers &#8211; from Ray and Charles Eames to Frank Gehry&#8230;<\/p>\n","protected":false},"featured_media":108985,"comment_status":"closed","ping_status":"closed","template":"","meta":[],"product_brand":[],"product_cat":[13533,4523,4525],"product_tag":[4524],"class_list":{"0":"post-108984","1":"product","2":"type-product","3":"status-publish","4":"has-post-thumbnail","6":"product_cat-books","7":"product_cat-design-en-en","8":"product_cat-graphic-design","9":"product_tag-design-en-en","10":"pa_author_att-deyan-sudjic","11":"pa_cover-hardcover","12":"pa_format-223-x-278-cm","13":"pa_isbn-20979","14":"pa_language-eng","15":"pa_pages-452-en","16":"pa_published-2025-11-01","17":"pa_publisher-phaidon-en","19":"first","20":"instock","21":"sold-individually","22":"shipping-taxable","23":"purchasable","24":"product-type-simple"},"yoast_head":"<!-- This site is optimized with the Yoast SEO plugin v27.4 - https:\/\/yoast.com\/product\/yoast-seo-wordpress\/ -->\n<title>Vitra. Anatomy of a design company (Deyan Sudjic) - book \/ album - Folio<\/title>\n<meta name=\"description\" content=\"Wejd\u017a i kup ksi\u0105\u017ck\u0119 Vitra. Anatomy of a design company autorstwa Deyan Sudjic wydan\u0105 przez PHAIDON (2025-11-01) w formacie 22,3 x 27,8 cm (ISBN: 9781837290000). Zapraszamy!\" \/>\n<meta name=\"robots\" content=\"index, follow, max-snippet:-1, max-image-preview:large, max-video-preview:-1\" \/>\n<link rel=\"canonical\" href=\"https:\/\/foliobooks.pl\/en\/shop\/vitra-anatomy-of-a-design-company\/\" \/>\n<meta property=\"og:locale\" content=\"en_US\" \/>\n<meta property=\"og:type\" content=\"article\" \/>\n<meta property=\"og:title\" content=\"Vitra. Anatomy of a design company (Deyan Sudjic) - book \/ album - Folio\" \/>\n<meta property=\"og:description\" content=\"Wejd\u017a i kup ksi\u0105\u017ck\u0119 Vitra. Anatomy of a design company autorstwa Deyan Sudjic wydan\u0105 przez PHAIDON (2025-11-01) w formacie 22,3 x 27,8 cm (ISBN: 9781837290000). Zapraszamy!\" \/>\n<meta property=\"og:url\" content=\"https:\/\/foliobooks.pl\/en\/shop\/vitra-anatomy-of-a-design-company\/\" \/>\n<meta property=\"og:site_name\" content=\"Folio\" \/>\n<meta property=\"article:modified_time\" content=\"2026-03-18T10:47:46+00:00\" \/>\n<meta property=\"og:image\" content=\"https:\/\/foliobooks.pl\/wp-content\/uploads\/2026\/02\/9781837290000.png\" \/>\n\t<meta property=\"og:image:width\" content=\"570\" \/>\n\t<meta property=\"og:image:height\" content=\"708\" \/>\n\t<meta property=\"og:image:type\" content=\"image\/png\" \/>\n<meta name=\"twitter:card\" content=\"summary_large_image\" \/>\n<meta name=\"twitter:label1\" content=\"Est. reading time\" \/>\n\t<meta name=\"twitter:data1\" content=\"2 minutes\" \/>\n<script type=\"application\/ld+json\" class=\"yoast-schema-graph\">{\"@context\":\"https:\\\/\\\/schema.org\",\"@graph\":[{\"@type\":\"WebPage\",\"@id\":\"https:\\\/\\\/foliobooks.pl\\\/en\\\/shop\\\/vitra-anatomy-of-a-design-company\\\/\",\"url\":\"https:\\\/\\\/foliobooks.pl\\\/en\\\/shop\\\/vitra-anatomy-of-a-design-company\\\/\",\"name\":\"Vitra. Anatomy of a design company (Deyan Sudjic) - book \\\/ album - Folio\",\"isPartOf\":{\"@id\":\"https:\\\/\\\/foliobooks.pl\\\/en\\\/#website\"},\"primaryImageOfPage\":{\"@id\":\"https:\\\/\\\/foliobooks.pl\\\/en\\\/shop\\\/vitra-anatomy-of-a-design-company\\\/#primaryimage\"},\"image\":{\"@id\":\"https:\\\/\\\/foliobooks.pl\\\/en\\\/shop\\\/vitra-anatomy-of-a-design-company\\\/#primaryimage\"},\"thumbnailUrl\":\"https:\\\/\\\/foliobooks.pl\\\/wp-content\\\/uploads\\\/2026\\\/02\\\/9781837290000.png\",\"datePublished\":\"2026-02-10T20:50:04+00:00\",\"dateModified\":\"2026-03-18T10:47:46+00:00\",\"description\":\"Wejd\u017a i kup ksi\u0105\u017ck\u0119 Vitra. Anatomy of a design company autorstwa Deyan Sudjic wydan\u0105 przez PHAIDON (2025-11-01) w formacie 22,3 x 27,8 cm (ISBN: 9781837290000). Zapraszamy!\",\"breadcrumb\":{\"@id\":\"https:\\\/\\\/foliobooks.pl\\\/en\\\/shop\\\/vitra-anatomy-of-a-design-company\\\/#breadcrumb\"},\"inLanguage\":\"en-US\",\"potentialAction\":[{\"@type\":\"ReadAction\",\"target\":[\"https:\\\/\\\/foliobooks.pl\\\/en\\\/shop\\\/vitra-anatomy-of-a-design-company\\\/\"]}]},{\"@type\":\"ImageObject\",\"inLanguage\":\"en-US\",\"@id\":\"https:\\\/\\\/foliobooks.pl\\\/en\\\/shop\\\/vitra-anatomy-of-a-design-company\\\/#primaryimage\",\"url\":\"https:\\\/\\\/foliobooks.pl\\\/wp-content\\\/uploads\\\/2026\\\/02\\\/9781837290000.png\",\"contentUrl\":\"https:\\\/\\\/foliobooks.pl\\\/wp-content\\\/uploads\\\/2026\\\/02\\\/9781837290000.png\",\"width\":570,\"height\":708},{\"@type\":\"BreadcrumbList\",\"@id\":\"https:\\\/\\\/foliobooks.pl\\\/en\\\/shop\\\/vitra-anatomy-of-a-design-company\\\/#breadcrumb\",\"itemListElement\":[{\"@type\":\"ListItem\",\"position\":1,\"name\":\"Strona g\u0142\u00f3wna\",\"item\":\"https:\\\/\\\/foliobooks.pl\\\/en\\\/\"},{\"@type\":\"ListItem\",\"position\":2,\"name\":\"Shop\",\"item\":\"https:\\\/\\\/foliobooks.pl\\\/en\\\/shop\\\/\"},{\"@type\":\"ListItem\",\"position\":3,\"name\":\"Vitra. Anatomy of a design company\"}]},{\"@type\":\"WebSite\",\"@id\":\"https:\\\/\\\/foliobooks.pl\\\/en\\\/#website\",\"url\":\"https:\\\/\\\/foliobooks.pl\\\/en\\\/\",\"name\":\"Folio\",\"description\":\"Ksi\u0119garnia internetowa\",\"potentialAction\":[{\"@type\":\"SearchAction\",\"target\":{\"@type\":\"EntryPoint\",\"urlTemplate\":\"https:\\\/\\\/foliobooks.pl\\\/en\\\/?s={search_term_string}\"},\"query-input\":{\"@type\":\"PropertyValueSpecification\",\"valueRequired\":true,\"valueName\":\"search_term_string\"}}],\"inLanguage\":\"en-US\"}]}<\/script>\n<!-- \/ Yoast SEO plugin. -->","yoast_head_json":{"title":"Vitra. Anatomy of a design company (Deyan Sudjic) - book \/ album - Folio","description":"Wejd\u017a i kup ksi\u0105\u017ck\u0119 Vitra. Anatomy of a design company autorstwa Deyan Sudjic wydan\u0105 przez PHAIDON (2025-11-01) w formacie 22,3 x 27,8 cm (ISBN: 9781837290000). Zapraszamy!","robots":{"index":"index","follow":"follow","max-snippet":"max-snippet:-1","max-image-preview":"max-image-preview:large","max-video-preview":"max-video-preview:-1"},"canonical":"https:\/\/foliobooks.pl\/en\/shop\/vitra-anatomy-of-a-design-company\/","og_locale":"en_US","og_type":"article","og_title":"Vitra. Anatomy of a design company (Deyan Sudjic) - book \/ album - Folio","og_description":"Wejd\u017a i kup ksi\u0105\u017ck\u0119 Vitra. Anatomy of a design company autorstwa Deyan Sudjic wydan\u0105 przez PHAIDON (2025-11-01) w formacie 22,3 x 27,8 cm (ISBN: 9781837290000). Zapraszamy!","og_url":"https:\/\/foliobooks.pl\/en\/shop\/vitra-anatomy-of-a-design-company\/","og_site_name":"Folio","article_modified_time":"2026-03-18T10:47:46+00:00","og_image":[{"width":570,"height":708,"url":"https:\/\/foliobooks.pl\/wp-content\/uploads\/2026\/02\/9781837290000.png","type":"image\/png"}],"twitter_card":"summary_large_image","twitter_misc":{"Est. reading time":"2 minutes"},"schema":{"@context":"https:\/\/schema.org","@graph":[{"@type":"WebPage","@id":"https:\/\/foliobooks.pl\/en\/shop\/vitra-anatomy-of-a-design-company\/","url":"https:\/\/foliobooks.pl\/en\/shop\/vitra-anatomy-of-a-design-company\/","name":"Vitra. Anatomy of a design company (Deyan Sudjic) - book \/ album - Folio","isPartOf":{"@id":"https:\/\/foliobooks.pl\/en\/#website"},"primaryImageOfPage":{"@id":"https:\/\/foliobooks.pl\/en\/shop\/vitra-anatomy-of-a-design-company\/#primaryimage"},"image":{"@id":"https:\/\/foliobooks.pl\/en\/shop\/vitra-anatomy-of-a-design-company\/#primaryimage"},"thumbnailUrl":"https:\/\/foliobooks.pl\/wp-content\/uploads\/2026\/02\/9781837290000.png","datePublished":"2026-02-10T20:50:04+00:00","dateModified":"2026-03-18T10:47:46+00:00","description":"Wejd\u017a i kup ksi\u0105\u017ck\u0119 Vitra. Anatomy of a design company autorstwa Deyan Sudjic wydan\u0105 przez PHAIDON (2025-11-01) w formacie 22,3 x 27,8 cm (ISBN: 9781837290000). Zapraszamy!","breadcrumb":{"@id":"https:\/\/foliobooks.pl\/en\/shop\/vitra-anatomy-of-a-design-company\/#breadcrumb"},"inLanguage":"en-US","potentialAction":[{"@type":"ReadAction","target":["https:\/\/foliobooks.pl\/en\/shop\/vitra-anatomy-of-a-design-company\/"]}]},{"@type":"ImageObject","inLanguage":"en-US","@id":"https:\/\/foliobooks.pl\/en\/shop\/vitra-anatomy-of-a-design-company\/#primaryimage","url":"https:\/\/foliobooks.pl\/wp-content\/uploads\/2026\/02\/9781837290000.png","contentUrl":"https:\/\/foliobooks.pl\/wp-content\/uploads\/2026\/02\/9781837290000.png","width":570,"height":708},{"@type":"BreadcrumbList","@id":"https:\/\/foliobooks.pl\/en\/shop\/vitra-anatomy-of-a-design-company\/#breadcrumb","itemListElement":[{"@type":"ListItem","position":1,"name":"Strona g\u0142\u00f3wna","item":"https:\/\/foliobooks.pl\/en\/"},{"@type":"ListItem","position":2,"name":"Shop","item":"https:\/\/foliobooks.pl\/en\/shop\/"},{"@type":"ListItem","position":3,"name":"Vitra. Anatomy of a design company"}]},{"@type":"WebSite","@id":"https:\/\/foliobooks.pl\/en\/#website","url":"https:\/\/foliobooks.pl\/en\/","name":"Folio","description":"Ksi\u0119garnia internetowa","potentialAction":[{"@type":"SearchAction","target":{"@type":"EntryPoint","urlTemplate":"https:\/\/foliobooks.pl\/en\/?s={search_term_string}"},"query-input":{"@type":"PropertyValueSpecification","valueRequired":true,"valueName":"search_term_string"}}],"inLanguage":"en-US"}]}},"_links":{"self":[{"href":"https:\/\/foliobooks.pl\/en\/wp-json\/wp\/v2\/product\/108984","targetHints":{"allow":["GET"]}}],"collection":[{"href":"https:\/\/foliobooks.pl\/en\/wp-json\/wp\/v2\/product"}],"about":[{"href":"https:\/\/foliobooks.pl\/en\/wp-json\/wp\/v2\/types\/product"}],"replies":[{"embeddable":true,"href":"https:\/\/foliobooks.pl\/en\/wp-json\/wp\/v2\/comments?post=108984"}],"wp:featuredmedia":[{"embeddable":true,"href":"https:\/\/foliobooks.pl\/en\/wp-json\/wp\/v2\/media\/108985"}],"wp:attachment":[{"href":"https:\/\/foliobooks.pl\/en\/wp-json\/wp\/v2\/media?parent=108984"}],"wp:term":[{"taxonomy":"product_brand","embeddable":true,"href":"https:\/\/foliobooks.pl\/en\/wp-json\/wp\/v2\/product_brand?post=108984"},{"taxonomy":"product_cat","embeddable":true,"href":"https:\/\/foliobooks.pl\/en\/wp-json\/wp\/v2\/product_cat?post=108984"},{"taxonomy":"product_tag","embeddable":true,"href":"https:\/\/foliobooks.pl\/en\/wp-json\/wp\/v2\/product_tag?post=108984"}],"curies":[{"name":"wp","href":"https:\/\/api.w.org\/{rel}","templated":true}]}}