{"id":108960,"date":"2026-02-10T21:37:13","date_gmt":"2026-02-10T20:37:13","guid":{"rendered":"https:\/\/foliobooks.pl\/sklep\/sebastiao-salgado-genesis-45th-ed\/"},"modified":"2026-02-10T21:37:13","modified_gmt":"2026-02-10T20:37:13","slug":"sebastiao-salgado-genesis-45th-ed","status":"publish","type":"product","link":"https:\/\/foliobooks.pl\/en\/shop\/sebastiao-salgado-genesis-45th-ed\/","title":{"rendered":"Sebasti\u00e3o Salgado. Genesis. 45th Ed."},"content":{"rendered":"<p>Earth Eternal<\/p>\n<p>A photographic homage to our planet<\/p>\n<p>\u201cIn GENESIS, my camera allowed nature to speak to me. And it was my privilege to listen.\u201d \u2014Sebasti\u00e3o Salgado<\/p>\n<p>On a very fortuitous day in 1970, 26-year-old Sebasti\u00e3o Salgado held a camera for the first time. When he looked through the viewfinder, he experienced a revelation: suddenly life made sense. From that day onward\u2014though it took years of hard work before he had the experience to earn his living as a photographer\u2014the camera became his tool for interacting with the world. Salgado, who \u201calways preferred the chiaroscuro palette of black-and-white images,\u201d shot very little color in his early career before giving it up completely.<\/p>\n<p>Raised on a farm in Brazil, Salgado possessed a deep love and respect for nature; he was also particularly sensitive to the ways in which human beings are affected by their often devastating socio-economic conditions. Of the myriad works Salgado has produced in his acclaimed career, three long-term projects stand out: Workers (1993), documenting the vanishing way of life of manual laborers across the world; Migrations (2000), a tribute to mass migration driven by hunger, natural disasters, environmental degradation and demographic pressure; and this new opus, GENESIS, the result of an epic eight-year expedition to rediscover the mountains, deserts and oceans, the animals and peoples that have so far escaped the imprint of modern society\u2014the land and life of a still-pristine planet. \u201cSome 46% of the planet is still as it was in the time of genesis,\u201d Salgado reminds us. \u201cWe must preserve what exists.\u201d The GENESIS project, along with the Salgados\u2019 Instituto Terra, are dedicated to showing the beauty of our planet, reversing the damage done to it, and preserving it for the future.<\/p>\n<p>Over 30 trips\u2014traveled by foot, light aircraft, seagoing vessels, canoes, and even balloons, through extreme heat and cold and in sometimes dangerous conditions\u2014Salgado created a collection of images showing us nature, animals, and indigenous peoples in breathtaking beauty. What does one discover in GENESIS? The animal species and volcanoes of the Gal\u00e1pagos; penguins, sea lions, cormorants, and whales of the Antarctic and South Atlantic; Brazilian alligators and jaguars; African lions, leopards, and elephants; the isolated Zo\u2019\u00e9 tribe deep in the Amazon jungle; the Stone Age Korowai people of West Papua; nomadic Dinka cattle farmers in Sudan; Nenet nomads and their reindeer herds in the Arctic Circle; Mentawai jungle communities on islands west of Sumatra; the icebergs of the Antarctic; the volcanoes of Central Africa and the Kamchatka Peninsula; Saharan deserts; the Negro and Juru\u00e1 rivers in the Amazon; the ravines of the Grand Canyon; the glaciers of Alaska&#8230; and beyond. Having dedicated so much time, energy, and passion to the making of this work, Salgado calls GENESIS \u201cmy love letter to the planet.\u201d<\/p>\n","protected":false},"excerpt":{"rendered":"<p>Earth Eternal A photographic homage to our planet \u201cIn GENESIS, my camera allowed nature to speak to me. And it was my privilege to listen.\u201d \u2014Sebasti\u00e3o Salgado On a very fortuitous day in 1970, 26-year-old Sebasti\u00e3o Salgado held a camera for the first time. When he looked through the viewfinder, he experienced a revelation: suddenly&#8230;<\/p>\n","protected":false},"featured_media":108961,"comment_status":"closed","ping_status":"closed","template":"","meta":[],"product_brand":[],"product_cat":[13533,4517],"product_tag":[6121],"class_list":{"0":"post-108960","1":"product","2":"type-product","3":"status-publish","4":"has-post-thumbnail","6":"product_cat-books","7":"product_cat-photography-en","8":"product_tag-photography","9":"pa_author_att-sebastiao-salgado-en","10":"pa_cover-hardcover","11":"pa_format-156-x-217-cm-en","12":"pa_isbn-20970","13":"pa_language-eng","14":"pa_pages-512-en","15":"pa_published-2026-01-14","16":"pa_publisher-taschen-en-en","18":"first","19":"instock","20":"sold-individually","21":"shipping-taxable","22":"purchasable","23":"product-type-simple"},"yoast_head":"<!-- This site is optimized with the Yoast SEO plugin v27.4 - https:\/\/yoast.com\/product\/yoast-seo-wordpress\/ -->\n<title>Sebasti\u00e3o Salgado. Genesis. 45th Ed. (Sebastiao Salgado) - book \/ album - Folio<\/title>\n<meta name=\"description\" content=\"Wejd\u017a i kup ksi\u0105\u017ck\u0119 Sebasti\u00e3o Salgado. Genesis. 45th Ed. autorstwa Sebastiao Salgado wydan\u0105 przez TASCHEN (2026-01-14) w formacie 15,6 x 21,7 cm (ISBN: 9783754403358). Zapraszamy!\" \/>\n<meta name=\"robots\" content=\"index, follow, max-snippet:-1, max-image-preview:large, max-video-preview:-1\" \/>\n<link rel=\"canonical\" href=\"https:\/\/foliobooks.pl\/en\/shop\/sebastiao-salgado-genesis-45th-ed\/\" \/>\n<meta property=\"og:locale\" content=\"en_US\" \/>\n<meta property=\"og:type\" content=\"article\" \/>\n<meta property=\"og:title\" content=\"Sebasti\u00e3o Salgado. Genesis. 45th Ed. (Sebastiao Salgado) - book \/ album - Folio\" \/>\n<meta property=\"og:description\" content=\"Wejd\u017a i kup ksi\u0105\u017ck\u0119 Sebasti\u00e3o Salgado. Genesis. 45th Ed. autorstwa Sebastiao Salgado wydan\u0105 przez TASCHEN (2026-01-14) w formacie 15,6 x 21,7 cm (ISBN: 9783754403358). Zapraszamy!\" \/>\n<meta property=\"og:url\" content=\"https:\/\/foliobooks.pl\/en\/shop\/sebastiao-salgado-genesis-45th-ed\/\" \/>\n<meta property=\"og:site_name\" content=\"Folio\" \/>\n<meta name=\"twitter:card\" content=\"summary_large_image\" \/>\n<meta name=\"twitter:label1\" content=\"Est. reading time\" \/>\n\t<meta name=\"twitter:data1\" content=\"2 minutes\" \/>\n<script type=\"application\/ld+json\" class=\"yoast-schema-graph\">{\"@context\":\"https:\\\/\\\/schema.org\",\"@graph\":[{\"@type\":\"WebPage\",\"@id\":\"https:\\\/\\\/foliobooks.pl\\\/en\\\/shop\\\/sebastiao-salgado-genesis-45th-ed\\\/\",\"url\":\"https:\\\/\\\/foliobooks.pl\\\/en\\\/shop\\\/sebastiao-salgado-genesis-45th-ed\\\/\",\"name\":\"Sebasti\u00e3o Salgado. Genesis. 45th Ed. (Sebastiao Salgado) - book \\\/ album - Folio\",\"isPartOf\":{\"@id\":\"https:\\\/\\\/foliobooks.pl\\\/en\\\/#website\"},\"primaryImageOfPage\":{\"@id\":\"https:\\\/\\\/foliobooks.pl\\\/en\\\/shop\\\/sebastiao-salgado-genesis-45th-ed\\\/#primaryimage\"},\"image\":{\"@id\":\"https:\\\/\\\/foliobooks.pl\\\/en\\\/shop\\\/sebastiao-salgado-genesis-45th-ed\\\/#primaryimage\"},\"thumbnailUrl\":\"https:\\\/\\\/foliobooks.pl\\\/wp-content\\\/uploads\\\/2026\\\/02\\\/9783754403358.png\",\"datePublished\":\"2026-02-10T20:37:13+00:00\",\"description\":\"Wejd\u017a i kup ksi\u0105\u017ck\u0119 Sebasti\u00e3o Salgado. Genesis. 45th Ed. autorstwa Sebastiao Salgado wydan\u0105 przez TASCHEN (2026-01-14) w formacie 15,6 x 21,7 cm (ISBN: 9783754403358). Zapraszamy!\",\"breadcrumb\":{\"@id\":\"https:\\\/\\\/foliobooks.pl\\\/en\\\/shop\\\/sebastiao-salgado-genesis-45th-ed\\\/#breadcrumb\"},\"inLanguage\":\"en-US\",\"potentialAction\":[{\"@type\":\"ReadAction\",\"target\":[\"https:\\\/\\\/foliobooks.pl\\\/en\\\/shop\\\/sebastiao-salgado-genesis-45th-ed\\\/\"]}]},{\"@type\":\"ImageObject\",\"inLanguage\":\"en-US\",\"@id\":\"https:\\\/\\\/foliobooks.pl\\\/en\\\/shop\\\/sebastiao-salgado-genesis-45th-ed\\\/#primaryimage\",\"url\":\"https:\\\/\\\/foliobooks.pl\\\/wp-content\\\/uploads\\\/2026\\\/02\\\/9783754403358.png\",\"contentUrl\":\"https:\\\/\\\/foliobooks.pl\\\/wp-content\\\/uploads\\\/2026\\\/02\\\/9783754403358.png\",\"width\":570,\"height\":708},{\"@type\":\"BreadcrumbList\",\"@id\":\"https:\\\/\\\/foliobooks.pl\\\/en\\\/shop\\\/sebastiao-salgado-genesis-45th-ed\\\/#breadcrumb\",\"itemListElement\":[{\"@type\":\"ListItem\",\"position\":1,\"name\":\"Strona g\u0142\u00f3wna\",\"item\":\"https:\\\/\\\/foliobooks.pl\\\/en\\\/\"},{\"@type\":\"ListItem\",\"position\":2,\"name\":\"Shop\",\"item\":\"https:\\\/\\\/foliobooks.pl\\\/en\\\/shop\\\/\"},{\"@type\":\"ListItem\",\"position\":3,\"name\":\"Sebasti\u00e3o Salgado. Genesis. 45th Ed.\"}]},{\"@type\":\"WebSite\",\"@id\":\"https:\\\/\\\/foliobooks.pl\\\/en\\\/#website\",\"url\":\"https:\\\/\\\/foliobooks.pl\\\/en\\\/\",\"name\":\"Folio\",\"description\":\"Ksi\u0119garnia internetowa\",\"potentialAction\":[{\"@type\":\"SearchAction\",\"target\":{\"@type\":\"EntryPoint\",\"urlTemplate\":\"https:\\\/\\\/foliobooks.pl\\\/en\\\/?s={search_term_string}\"},\"query-input\":{\"@type\":\"PropertyValueSpecification\",\"valueRequired\":true,\"valueName\":\"search_term_string\"}}],\"inLanguage\":\"en-US\"}]}<\/script>\n<!-- \/ Yoast SEO plugin. -->","yoast_head_json":{"title":"Sebasti\u00e3o Salgado. Genesis. 45th Ed. (Sebastiao Salgado) - book \/ album - Folio","description":"Wejd\u017a i kup ksi\u0105\u017ck\u0119 Sebasti\u00e3o Salgado. Genesis. 45th Ed. autorstwa Sebastiao Salgado wydan\u0105 przez TASCHEN (2026-01-14) w formacie 15,6 x 21,7 cm (ISBN: 9783754403358). Zapraszamy!","robots":{"index":"index","follow":"follow","max-snippet":"max-snippet:-1","max-image-preview":"max-image-preview:large","max-video-preview":"max-video-preview:-1"},"canonical":"https:\/\/foliobooks.pl\/en\/shop\/sebastiao-salgado-genesis-45th-ed\/","og_locale":"en_US","og_type":"article","og_title":"Sebasti\u00e3o Salgado. Genesis. 45th Ed. (Sebastiao Salgado) - book \/ album - Folio","og_description":"Wejd\u017a i kup ksi\u0105\u017ck\u0119 Sebasti\u00e3o Salgado. Genesis. 45th Ed. autorstwa Sebastiao Salgado wydan\u0105 przez TASCHEN (2026-01-14) w formacie 15,6 x 21,7 cm (ISBN: 9783754403358). Zapraszamy!","og_url":"https:\/\/foliobooks.pl\/en\/shop\/sebastiao-salgado-genesis-45th-ed\/","og_site_name":"Folio","twitter_card":"summary_large_image","twitter_misc":{"Est. reading time":"2 minutes"},"schema":{"@context":"https:\/\/schema.org","@graph":[{"@type":"WebPage","@id":"https:\/\/foliobooks.pl\/en\/shop\/sebastiao-salgado-genesis-45th-ed\/","url":"https:\/\/foliobooks.pl\/en\/shop\/sebastiao-salgado-genesis-45th-ed\/","name":"Sebasti\u00e3o Salgado. Genesis. 45th Ed. (Sebastiao Salgado) - book \/ album - Folio","isPartOf":{"@id":"https:\/\/foliobooks.pl\/en\/#website"},"primaryImageOfPage":{"@id":"https:\/\/foliobooks.pl\/en\/shop\/sebastiao-salgado-genesis-45th-ed\/#primaryimage"},"image":{"@id":"https:\/\/foliobooks.pl\/en\/shop\/sebastiao-salgado-genesis-45th-ed\/#primaryimage"},"thumbnailUrl":"https:\/\/foliobooks.pl\/wp-content\/uploads\/2026\/02\/9783754403358.png","datePublished":"2026-02-10T20:37:13+00:00","description":"Wejd\u017a i kup ksi\u0105\u017ck\u0119 Sebasti\u00e3o Salgado. Genesis. 45th Ed. autorstwa Sebastiao Salgado wydan\u0105 przez TASCHEN (2026-01-14) w formacie 15,6 x 21,7 cm (ISBN: 9783754403358). Zapraszamy!","breadcrumb":{"@id":"https:\/\/foliobooks.pl\/en\/shop\/sebastiao-salgado-genesis-45th-ed\/#breadcrumb"},"inLanguage":"en-US","potentialAction":[{"@type":"ReadAction","target":["https:\/\/foliobooks.pl\/en\/shop\/sebastiao-salgado-genesis-45th-ed\/"]}]},{"@type":"ImageObject","inLanguage":"en-US","@id":"https:\/\/foliobooks.pl\/en\/shop\/sebastiao-salgado-genesis-45th-ed\/#primaryimage","url":"https:\/\/foliobooks.pl\/wp-content\/uploads\/2026\/02\/9783754403358.png","contentUrl":"https:\/\/foliobooks.pl\/wp-content\/uploads\/2026\/02\/9783754403358.png","width":570,"height":708},{"@type":"BreadcrumbList","@id":"https:\/\/foliobooks.pl\/en\/shop\/sebastiao-salgado-genesis-45th-ed\/#breadcrumb","itemListElement":[{"@type":"ListItem","position":1,"name":"Strona g\u0142\u00f3wna","item":"https:\/\/foliobooks.pl\/en\/"},{"@type":"ListItem","position":2,"name":"Shop","item":"https:\/\/foliobooks.pl\/en\/shop\/"},{"@type":"ListItem","position":3,"name":"Sebasti\u00e3o Salgado. Genesis. 45th Ed."}]},{"@type":"WebSite","@id":"https:\/\/foliobooks.pl\/en\/#website","url":"https:\/\/foliobooks.pl\/en\/","name":"Folio","description":"Ksi\u0119garnia internetowa","potentialAction":[{"@type":"SearchAction","target":{"@type":"EntryPoint","urlTemplate":"https:\/\/foliobooks.pl\/en\/?s={search_term_string}"},"query-input":{"@type":"PropertyValueSpecification","valueRequired":true,"valueName":"search_term_string"}}],"inLanguage":"en-US"}]}},"_links":{"self":[{"href":"https:\/\/foliobooks.pl\/en\/wp-json\/wp\/v2\/product\/108960","targetHints":{"allow":["GET"]}}],"collection":[{"href":"https:\/\/foliobooks.pl\/en\/wp-json\/wp\/v2\/product"}],"about":[{"href":"https:\/\/foliobooks.pl\/en\/wp-json\/wp\/v2\/types\/product"}],"replies":[{"embeddable":true,"href":"https:\/\/foliobooks.pl\/en\/wp-json\/wp\/v2\/comments?post=108960"}],"wp:featuredmedia":[{"embeddable":true,"href":"https:\/\/foliobooks.pl\/en\/wp-json\/wp\/v2\/media\/108961"}],"wp:attachment":[{"href":"https:\/\/foliobooks.pl\/en\/wp-json\/wp\/v2\/media?parent=108960"}],"wp:term":[{"taxonomy":"product_brand","embeddable":true,"href":"https:\/\/foliobooks.pl\/en\/wp-json\/wp\/v2\/product_brand?post=108960"},{"taxonomy":"product_cat","embeddable":true,"href":"https:\/\/foliobooks.pl\/en\/wp-json\/wp\/v2\/product_cat?post=108960"},{"taxonomy":"product_tag","embeddable":true,"href":"https:\/\/foliobooks.pl\/en\/wp-json\/wp\/v2\/product_tag?post=108960"}],"curies":[{"name":"wp","href":"https:\/\/api.w.org\/{rel}","templated":true}]}}