{"id":108909,"date":"2026-02-10T21:03:02","date_gmt":"2026-02-10T20:03:02","guid":{"rendered":"https:\/\/foliobooks.pl\/sklep\/great-escapes-yoga-the-retreat-book\/"},"modified":"2026-02-10T21:03:02","modified_gmt":"2026-02-10T20:03:02","slug":"great-escapes-yoga-the-retreat-book","status":"publish","type":"product","link":"https:\/\/foliobooks.pl\/en\/shop\/great-escapes-yoga-the-retreat-book\/","title":{"rendered":"Great Escapes Yoga. The Retreat Book"},"content":{"rendered":"<p>Namaste<br \/>\nThese restorative retreats have it all<br \/>\nLooking for a vacation that leaves you relaxed, restored, and uplifted? In this gorgeous updated guide, Angelika Taschen gathers the most exquisite and inspirational yoga retreats around the world, from an exotic luxury hotel in Bhutan to a spiritual ashram in India, a beach resort in Mexico to a tucked-away treasure in Brazil\u2019s tropical forests.<\/p>\n<p>Highlights include the Parmarth Niketan Ashram in Rishikesh\u2014one of the holy cities of the Ganges and a renowned pilgrimage site where the Beatles attended the Maharishi\u2019s ashram in 1968; and Santani, a 48-acre former tea plantation in Sri Lanka where restorative bliss meets the highest sustainable and eco-standards. Italy is not just a destination for the cultural and culinary traveler but also for the dedicated yogi: Santa Maria del Sole in Puglia strike a balance between yoga and the sensual Italian lifestyle. A hidden gem in the high planes of Brazil, Alto Para\u00edso is nestled in lush tropical forest, home to some of the world\u2019s most diverse flora and fauna. The Esalen Institute in Big Sur is a legendary New Age destination, offering yoga and much more, with over 500 spiritual and physical workshops; Kretashala, one of Europe\u2019s most popular sites for Vinyasa Yoga, offers authentic Cretan cuisine and breathtaking views of the endless expanse of the Libyan sea; while Amansala\u2019s Bikini Boot Camp in Tulum, Mexico, combines beach life with yoga classes.<\/p>\n","protected":false},"excerpt":{"rendered":"<p>Namaste These restorative retreats have it all Looking for a vacation that leaves you relaxed, restored, and uplifted? In this gorgeous updated guide, Angelika Taschen gathers the most exquisite and inspirational yoga retreats around the world, from an exotic luxury hotel in Bhutan to a spiritual ashram in India, a beach resort in Mexico to&#8230;<\/p>\n","protected":false},"featured_media":108910,"comment_status":"closed","ping_status":"closed","template":"","meta":[],"product_brand":[],"product_cat":[13533,4517],"product_tag":[3109],"class_list":{"0":"post-108909","1":"product","2":"type-product","3":"status-publish","4":"has-post-thumbnail","6":"product_cat-books","7":"product_cat-photography-en","8":"product_tag-yoga-en","9":"pa_author_att-angelika-taschen-en","10":"pa_cover-hardcover","11":"pa_format-238-x-302-cm-en","12":"pa_isbn-20957","13":"pa_language-eng-f-ger","14":"pa_pages-360-en","15":"pa_published-2020-08-20-en","16":"pa_publisher-taschen-en-en","18":"first","19":"instock","20":"sold-individually","21":"shipping-taxable","22":"purchasable","23":"product-type-simple"},"yoast_head":"<!-- This site is optimized with the Yoast SEO plugin v27.6 - https:\/\/yoast.com\/product\/yoast-seo-wordpress\/ -->\n<title>Great Escapes Yoga. The Retreat Book (Angelika Taschen) - book \/ album - Folio<\/title>\n<meta name=\"description\" content=\"Wejd\u017a i kup ksi\u0105\u017ck\u0119 Great Escapes Yoga. The Retreat Book autorstwa Angelika Taschen wydan\u0105 przez TASCHEN (2020-08-20) w formacie 23,8 x 30,2 cm (ISBN: 9783836582131). Zapraszamy!\" \/>\n<meta name=\"robots\" content=\"index, follow, max-snippet:-1, max-image-preview:large, max-video-preview:-1\" \/>\n<link rel=\"canonical\" href=\"https:\/\/foliobooks.pl\/en\/shop\/great-escapes-yoga-the-retreat-book\/\" \/>\n<meta property=\"og:locale\" content=\"en_US\" \/>\n<meta property=\"og:type\" content=\"article\" \/>\n<meta property=\"og:title\" content=\"Great Escapes Yoga. The Retreat Book (Angelika Taschen) - book \/ album - Folio\" \/>\n<meta property=\"og:description\" content=\"Wejd\u017a i kup ksi\u0105\u017ck\u0119 Great Escapes Yoga. The Retreat Book autorstwa Angelika Taschen wydan\u0105 przez TASCHEN (2020-08-20) w formacie 23,8 x 30,2 cm (ISBN: 9783836582131). Zapraszamy!\" \/>\n<meta property=\"og:url\" content=\"https:\/\/foliobooks.pl\/en\/shop\/great-escapes-yoga-the-retreat-book\/\" \/>\n<meta property=\"og:site_name\" content=\"Folio\" \/>\n<meta name=\"twitter:card\" content=\"summary_large_image\" \/>\n<meta name=\"twitter:label1\" content=\"Est. reading time\" \/>\n\t<meta name=\"twitter:data1\" content=\"1 minute\" \/>\n<script type=\"application\/ld+json\" class=\"yoast-schema-graph\">{\"@context\":\"https:\\\/\\\/schema.org\",\"@graph\":[{\"@type\":\"WebPage\",\"@id\":\"https:\\\/\\\/foliobooks.pl\\\/en\\\/shop\\\/great-escapes-yoga-the-retreat-book\\\/\",\"url\":\"https:\\\/\\\/foliobooks.pl\\\/en\\\/shop\\\/great-escapes-yoga-the-retreat-book\\\/\",\"name\":\"Great Escapes Yoga. The Retreat Book (Angelika Taschen) - book \\\/ album - Folio\",\"isPartOf\":{\"@id\":\"https:\\\/\\\/foliobooks.pl\\\/en\\\/#website\"},\"primaryImageOfPage\":{\"@id\":\"https:\\\/\\\/foliobooks.pl\\\/en\\\/shop\\\/great-escapes-yoga-the-retreat-book\\\/#primaryimage\"},\"image\":{\"@id\":\"https:\\\/\\\/foliobooks.pl\\\/en\\\/shop\\\/great-escapes-yoga-the-retreat-book\\\/#primaryimage\"},\"thumbnailUrl\":\"https:\\\/\\\/foliobooks.pl\\\/wp-content\\\/uploads\\\/2026\\\/02\\\/9783836582131.png\",\"datePublished\":\"2026-02-10T20:03:02+00:00\",\"description\":\"Wejd\u017a i kup ksi\u0105\u017ck\u0119 Great Escapes Yoga. The Retreat Book autorstwa Angelika Taschen wydan\u0105 przez TASCHEN (2020-08-20) w formacie 23,8 x 30,2 cm (ISBN: 9783836582131). Zapraszamy!\",\"breadcrumb\":{\"@id\":\"https:\\\/\\\/foliobooks.pl\\\/en\\\/shop\\\/great-escapes-yoga-the-retreat-book\\\/#breadcrumb\"},\"inLanguage\":\"en-US\",\"potentialAction\":[{\"@type\":\"ReadAction\",\"target\":[\"https:\\\/\\\/foliobooks.pl\\\/en\\\/shop\\\/great-escapes-yoga-the-retreat-book\\\/\"]}]},{\"@type\":\"ImageObject\",\"inLanguage\":\"en-US\",\"@id\":\"https:\\\/\\\/foliobooks.pl\\\/en\\\/shop\\\/great-escapes-yoga-the-retreat-book\\\/#primaryimage\",\"url\":\"https:\\\/\\\/foliobooks.pl\\\/wp-content\\\/uploads\\\/2026\\\/02\\\/9783836582131.png\",\"contentUrl\":\"https:\\\/\\\/foliobooks.pl\\\/wp-content\\\/uploads\\\/2026\\\/02\\\/9783836582131.png\",\"width\":570,\"height\":708},{\"@type\":\"BreadcrumbList\",\"@id\":\"https:\\\/\\\/foliobooks.pl\\\/en\\\/shop\\\/great-escapes-yoga-the-retreat-book\\\/#breadcrumb\",\"itemListElement\":[{\"@type\":\"ListItem\",\"position\":1,\"name\":\"Strona g\u0142\u00f3wna\",\"item\":\"https:\\\/\\\/foliobooks.pl\\\/en\\\/\"},{\"@type\":\"ListItem\",\"position\":2,\"name\":\"Shop\",\"item\":\"https:\\\/\\\/foliobooks.pl\\\/en\\\/shop\\\/\"},{\"@type\":\"ListItem\",\"position\":3,\"name\":\"Great Escapes Yoga. The Retreat Book\"}]},{\"@type\":\"WebSite\",\"@id\":\"https:\\\/\\\/foliobooks.pl\\\/en\\\/#website\",\"url\":\"https:\\\/\\\/foliobooks.pl\\\/en\\\/\",\"name\":\"Folio\",\"description\":\"Ksi\u0119garnia internetowa\",\"potentialAction\":[{\"@type\":\"SearchAction\",\"target\":{\"@type\":\"EntryPoint\",\"urlTemplate\":\"https:\\\/\\\/foliobooks.pl\\\/en\\\/?s={search_term_string}\"},\"query-input\":{\"@type\":\"PropertyValueSpecification\",\"valueRequired\":true,\"valueName\":\"search_term_string\"}}],\"inLanguage\":\"en-US\"}]}<\/script>\n<!-- \/ Yoast SEO plugin. -->","yoast_head_json":{"title":"Great Escapes Yoga. The Retreat Book (Angelika Taschen) - book \/ album - Folio","description":"Wejd\u017a i kup ksi\u0105\u017ck\u0119 Great Escapes Yoga. The Retreat Book autorstwa Angelika Taschen wydan\u0105 przez TASCHEN (2020-08-20) w formacie 23,8 x 30,2 cm (ISBN: 9783836582131). Zapraszamy!","robots":{"index":"index","follow":"follow","max-snippet":"max-snippet:-1","max-image-preview":"max-image-preview:large","max-video-preview":"max-video-preview:-1"},"canonical":"https:\/\/foliobooks.pl\/en\/shop\/great-escapes-yoga-the-retreat-book\/","og_locale":"en_US","og_type":"article","og_title":"Great Escapes Yoga. The Retreat Book (Angelika Taschen) - book \/ album - Folio","og_description":"Wejd\u017a i kup ksi\u0105\u017ck\u0119 Great Escapes Yoga. The Retreat Book autorstwa Angelika Taschen wydan\u0105 przez TASCHEN (2020-08-20) w formacie 23,8 x 30,2 cm (ISBN: 9783836582131). Zapraszamy!","og_url":"https:\/\/foliobooks.pl\/en\/shop\/great-escapes-yoga-the-retreat-book\/","og_site_name":"Folio","twitter_card":"summary_large_image","twitter_misc":{"Est. reading time":"1 minute"},"schema":{"@context":"https:\/\/schema.org","@graph":[{"@type":"WebPage","@id":"https:\/\/foliobooks.pl\/en\/shop\/great-escapes-yoga-the-retreat-book\/","url":"https:\/\/foliobooks.pl\/en\/shop\/great-escapes-yoga-the-retreat-book\/","name":"Great Escapes Yoga. The Retreat Book (Angelika Taschen) - book \/ album - Folio","isPartOf":{"@id":"https:\/\/foliobooks.pl\/en\/#website"},"primaryImageOfPage":{"@id":"https:\/\/foliobooks.pl\/en\/shop\/great-escapes-yoga-the-retreat-book\/#primaryimage"},"image":{"@id":"https:\/\/foliobooks.pl\/en\/shop\/great-escapes-yoga-the-retreat-book\/#primaryimage"},"thumbnailUrl":"https:\/\/foliobooks.pl\/wp-content\/uploads\/2026\/02\/9783836582131.png","datePublished":"2026-02-10T20:03:02+00:00","description":"Wejd\u017a i kup ksi\u0105\u017ck\u0119 Great Escapes Yoga. The Retreat Book autorstwa Angelika Taschen wydan\u0105 przez TASCHEN (2020-08-20) w formacie 23,8 x 30,2 cm (ISBN: 9783836582131). Zapraszamy!","breadcrumb":{"@id":"https:\/\/foliobooks.pl\/en\/shop\/great-escapes-yoga-the-retreat-book\/#breadcrumb"},"inLanguage":"en-US","potentialAction":[{"@type":"ReadAction","target":["https:\/\/foliobooks.pl\/en\/shop\/great-escapes-yoga-the-retreat-book\/"]}]},{"@type":"ImageObject","inLanguage":"en-US","@id":"https:\/\/foliobooks.pl\/en\/shop\/great-escapes-yoga-the-retreat-book\/#primaryimage","url":"https:\/\/foliobooks.pl\/wp-content\/uploads\/2026\/02\/9783836582131.png","contentUrl":"https:\/\/foliobooks.pl\/wp-content\/uploads\/2026\/02\/9783836582131.png","width":570,"height":708},{"@type":"BreadcrumbList","@id":"https:\/\/foliobooks.pl\/en\/shop\/great-escapes-yoga-the-retreat-book\/#breadcrumb","itemListElement":[{"@type":"ListItem","position":1,"name":"Strona g\u0142\u00f3wna","item":"https:\/\/foliobooks.pl\/en\/"},{"@type":"ListItem","position":2,"name":"Shop","item":"https:\/\/foliobooks.pl\/en\/shop\/"},{"@type":"ListItem","position":3,"name":"Great Escapes Yoga. The Retreat Book"}]},{"@type":"WebSite","@id":"https:\/\/foliobooks.pl\/en\/#website","url":"https:\/\/foliobooks.pl\/en\/","name":"Folio","description":"Ksi\u0119garnia internetowa","potentialAction":[{"@type":"SearchAction","target":{"@type":"EntryPoint","urlTemplate":"https:\/\/foliobooks.pl\/en\/?s={search_term_string}"},"query-input":{"@type":"PropertyValueSpecification","valueRequired":true,"valueName":"search_term_string"}}],"inLanguage":"en-US"}]}},"_links":{"self":[{"href":"https:\/\/foliobooks.pl\/en\/wp-json\/wp\/v2\/product\/108909","targetHints":{"allow":["GET"]}}],"collection":[{"href":"https:\/\/foliobooks.pl\/en\/wp-json\/wp\/v2\/product"}],"about":[{"href":"https:\/\/foliobooks.pl\/en\/wp-json\/wp\/v2\/types\/product"}],"replies":[{"embeddable":true,"href":"https:\/\/foliobooks.pl\/en\/wp-json\/wp\/v2\/comments?post=108909"}],"wp:featuredmedia":[{"embeddable":true,"href":"https:\/\/foliobooks.pl\/en\/wp-json\/wp\/v2\/media\/108910"}],"wp:attachment":[{"href":"https:\/\/foliobooks.pl\/en\/wp-json\/wp\/v2\/media?parent=108909"}],"wp:term":[{"taxonomy":"product_brand","embeddable":true,"href":"https:\/\/foliobooks.pl\/en\/wp-json\/wp\/v2\/product_brand?post=108909"},{"taxonomy":"product_cat","embeddable":true,"href":"https:\/\/foliobooks.pl\/en\/wp-json\/wp\/v2\/product_cat?post=108909"},{"taxonomy":"product_tag","embeddable":true,"href":"https:\/\/foliobooks.pl\/en\/wp-json\/wp\/v2\/product_tag?post=108909"}],"curies":[{"name":"wp","href":"https:\/\/api.w.org\/{rel}","templated":true}]}}