{"id":108870,"date":"2026-02-10T20:16:36","date_gmt":"2026-02-10T19:16:36","guid":{"rendered":"https:\/\/foliobooks.pl\/sklep\/great-escapes-germany-the-hotel-book\/"},"modified":"2026-02-10T20:16:36","modified_gmt":"2026-02-10T19:16:36","slug":"great-escapes-germany-the-hotel-book","status":"publish","type":"product","link":"https:\/\/foliobooks.pl\/en\/shop\/great-escapes-germany-the-hotel-book\/","title":{"rendered":"Great Escapes Germany. The Hotel Book"},"content":{"rendered":"<p>Baltic Sea to Black Forest<br \/>\nDiscover the country\u2019s most beautiful places to stay<\/p>\n<p>Germany is a land of astounding variety \u2013 from cities founded by the Romans and medieval trade routes to breathtaking coastlines, rivers, and mountains that inspired great 18th- and 19th-century artists. It\u2019s a place to encounter towns, castles, and palaces with gripping histories, and the Moselle Valley, Black Forest, and the Allg\u00e4u region \u2013 all rightly world-famous for their beauty.<\/p>\n<p>Angelika Taschen has traversed the country, staying at its most unforgettable destinations. Like the elegant Reederin, former HQ of a shipping line in the Hanseatic city of L\u00fcbeck, or the Grand Hotel Heiligendamm, named for Germany\u2019s first seaside resort, and the idyllically-sited St. Oberholz Retreat in Mecklenburg-Vorpommern. The Bauhaus Dessau Atelierhaus once housed students of the Bauhaus school and the charming Hotel Stadthaus Arnstadt in Thuringia is an essential stop for Bach enthusiasts.<\/p>\n<p>Admire the architecture of Max Dudler in the Gut Cantzheim on the River Saar, while enjoying its art collection and the estate\u2019s delightful Riesling, explore the Black Forest from the family-run Spielweg hotel, or experience Konstanz from the bed-and-breakfast Zum Egle 1336, in a 700-year-old building.<\/p>\n<p>In Rothenburg ob der Tauber, the Romantik Hotel Markusturm stands next to one of the Old Town\u2019s 46 towers, visitors to Ulm can literally lean towards the river at the Schiefes Haus \u2013 the Crooked House \u2013 or experience total tranquillity in the stylish Beuerberg Abbey in Bavaria.<\/p>\n<p>Whether it\u2019s a luxury hotel, a guest house, a palace, or glamping tent, every destination in this tenth volume of the Great Escapes series teams large-format photos with fascinating texts and practical details, plus book recommendations to pack for your trip.<\/p>\n","protected":false},"excerpt":{"rendered":"<p>Baltic Sea to Black Forest Discover the country\u2019s most beautiful places to stay Germany is a land of astounding variety \u2013 from cities founded by the Romans and medieval trade routes to breathtaking coastlines, rivers, and mountains that inspired great 18th- and 19th-century artists. It\u2019s a place to encounter towns, castles, and palaces with gripping&#8230;<\/p>\n","protected":false},"featured_media":108871,"comment_status":"closed","ping_status":"closed","template":"","meta":[],"product_brand":[],"product_cat":[4516,13533,4517],"product_tag":[10854],"class_list":{"0":"post-108870","1":"product","2":"type-product","3":"status-publish","4":"has-post-thumbnail","6":"product_cat-architecture-en","7":"product_cat-books","8":"product_cat-photography-en","9":"product_tag-hotels-en","10":"pa_author_att-angelika-taschen-en","11":"pa_cover-hardcover","12":"pa_format-238-x-302-cm-en","13":"pa_isbn-20951","14":"pa_language-eng-f-ger","15":"pa_pages-360-en","16":"pa_published-2025-03-25-en","17":"pa_publisher-taschen-en-en","19":"first","20":"instock","21":"sold-individually","22":"shipping-taxable","23":"purchasable","24":"product-type-simple"},"yoast_head":"<!-- This site is optimized with the Yoast SEO plugin v27.4 - https:\/\/yoast.com\/product\/yoast-seo-wordpress\/ -->\n<title>Great Escapes Germany. The Hotel Book (Angelika Taschen) - book \/ album - Folio<\/title>\n<meta name=\"description\" content=\"Wejd\u017a i kup ksi\u0105\u017ck\u0119 Great Escapes Germany. The Hotel Book autorstwa Angelika Taschen wydan\u0105 przez TASCHEN (2025-03-25) w formacie 23,8 x 30,2 cm (ISBN: 9783754400678). Zapraszamy!\" \/>\n<meta name=\"robots\" content=\"index, follow, max-snippet:-1, max-image-preview:large, max-video-preview:-1\" \/>\n<link rel=\"canonical\" href=\"https:\/\/foliobooks.pl\/en\/shop\/great-escapes-germany-the-hotel-book\/\" \/>\n<meta property=\"og:locale\" content=\"en_US\" \/>\n<meta property=\"og:type\" content=\"article\" \/>\n<meta property=\"og:title\" content=\"Great Escapes Germany. The Hotel Book (Angelika Taschen) - book \/ album - Folio\" \/>\n<meta property=\"og:description\" content=\"Wejd\u017a i kup ksi\u0105\u017ck\u0119 Great Escapes Germany. The Hotel Book autorstwa Angelika Taschen wydan\u0105 przez TASCHEN (2025-03-25) w formacie 23,8 x 30,2 cm (ISBN: 9783754400678). Zapraszamy!\" \/>\n<meta property=\"og:url\" content=\"https:\/\/foliobooks.pl\/en\/shop\/great-escapes-germany-the-hotel-book\/\" \/>\n<meta property=\"og:site_name\" content=\"Folio\" \/>\n<meta name=\"twitter:card\" content=\"summary_large_image\" \/>\n<meta name=\"twitter:label1\" content=\"Est. reading time\" \/>\n\t<meta name=\"twitter:data1\" content=\"1 minute\" \/>\n<script type=\"application\/ld+json\" class=\"yoast-schema-graph\">{\"@context\":\"https:\\\/\\\/schema.org\",\"@graph\":[{\"@type\":\"WebPage\",\"@id\":\"https:\\\/\\\/foliobooks.pl\\\/en\\\/shop\\\/great-escapes-germany-the-hotel-book\\\/\",\"url\":\"https:\\\/\\\/foliobooks.pl\\\/en\\\/shop\\\/great-escapes-germany-the-hotel-book\\\/\",\"name\":\"Great Escapes Germany. The Hotel Book (Angelika Taschen) - book \\\/ album - Folio\",\"isPartOf\":{\"@id\":\"https:\\\/\\\/foliobooks.pl\\\/en\\\/#website\"},\"primaryImageOfPage\":{\"@id\":\"https:\\\/\\\/foliobooks.pl\\\/en\\\/shop\\\/great-escapes-germany-the-hotel-book\\\/#primaryimage\"},\"image\":{\"@id\":\"https:\\\/\\\/foliobooks.pl\\\/en\\\/shop\\\/great-escapes-germany-the-hotel-book\\\/#primaryimage\"},\"thumbnailUrl\":\"https:\\\/\\\/foliobooks.pl\\\/wp-content\\\/uploads\\\/2026\\\/02\\\/9783754400678.png\",\"datePublished\":\"2026-02-10T19:16:36+00:00\",\"description\":\"Wejd\u017a i kup ksi\u0105\u017ck\u0119 Great Escapes Germany. The Hotel Book autorstwa Angelika Taschen wydan\u0105 przez TASCHEN (2025-03-25) w formacie 23,8 x 30,2 cm (ISBN: 9783754400678). Zapraszamy!\",\"breadcrumb\":{\"@id\":\"https:\\\/\\\/foliobooks.pl\\\/en\\\/shop\\\/great-escapes-germany-the-hotel-book\\\/#breadcrumb\"},\"inLanguage\":\"en-US\",\"potentialAction\":[{\"@type\":\"ReadAction\",\"target\":[\"https:\\\/\\\/foliobooks.pl\\\/en\\\/shop\\\/great-escapes-germany-the-hotel-book\\\/\"]}]},{\"@type\":\"ImageObject\",\"inLanguage\":\"en-US\",\"@id\":\"https:\\\/\\\/foliobooks.pl\\\/en\\\/shop\\\/great-escapes-germany-the-hotel-book\\\/#primaryimage\",\"url\":\"https:\\\/\\\/foliobooks.pl\\\/wp-content\\\/uploads\\\/2026\\\/02\\\/9783754400678.png\",\"contentUrl\":\"https:\\\/\\\/foliobooks.pl\\\/wp-content\\\/uploads\\\/2026\\\/02\\\/9783754400678.png\",\"width\":570,\"height\":708},{\"@type\":\"BreadcrumbList\",\"@id\":\"https:\\\/\\\/foliobooks.pl\\\/en\\\/shop\\\/great-escapes-germany-the-hotel-book\\\/#breadcrumb\",\"itemListElement\":[{\"@type\":\"ListItem\",\"position\":1,\"name\":\"Strona g\u0142\u00f3wna\",\"item\":\"https:\\\/\\\/foliobooks.pl\\\/en\\\/\"},{\"@type\":\"ListItem\",\"position\":2,\"name\":\"Shop\",\"item\":\"https:\\\/\\\/foliobooks.pl\\\/en\\\/shop\\\/\"},{\"@type\":\"ListItem\",\"position\":3,\"name\":\"Great Escapes Germany. The Hotel Book\"}]},{\"@type\":\"WebSite\",\"@id\":\"https:\\\/\\\/foliobooks.pl\\\/en\\\/#website\",\"url\":\"https:\\\/\\\/foliobooks.pl\\\/en\\\/\",\"name\":\"Folio\",\"description\":\"Ksi\u0119garnia internetowa\",\"potentialAction\":[{\"@type\":\"SearchAction\",\"target\":{\"@type\":\"EntryPoint\",\"urlTemplate\":\"https:\\\/\\\/foliobooks.pl\\\/en\\\/?s={search_term_string}\"},\"query-input\":{\"@type\":\"PropertyValueSpecification\",\"valueRequired\":true,\"valueName\":\"search_term_string\"}}],\"inLanguage\":\"en-US\"}]}<\/script>\n<!-- \/ Yoast SEO plugin. -->","yoast_head_json":{"title":"Great Escapes Germany. The Hotel Book (Angelika Taschen) - book \/ album - Folio","description":"Wejd\u017a i kup ksi\u0105\u017ck\u0119 Great Escapes Germany. The Hotel Book autorstwa Angelika Taschen wydan\u0105 przez TASCHEN (2025-03-25) w formacie 23,8 x 30,2 cm (ISBN: 9783754400678). Zapraszamy!","robots":{"index":"index","follow":"follow","max-snippet":"max-snippet:-1","max-image-preview":"max-image-preview:large","max-video-preview":"max-video-preview:-1"},"canonical":"https:\/\/foliobooks.pl\/en\/shop\/great-escapes-germany-the-hotel-book\/","og_locale":"en_US","og_type":"article","og_title":"Great Escapes Germany. The Hotel Book (Angelika Taschen) - book \/ album - Folio","og_description":"Wejd\u017a i kup ksi\u0105\u017ck\u0119 Great Escapes Germany. The Hotel Book autorstwa Angelika Taschen wydan\u0105 przez TASCHEN (2025-03-25) w formacie 23,8 x 30,2 cm (ISBN: 9783754400678). Zapraszamy!","og_url":"https:\/\/foliobooks.pl\/en\/shop\/great-escapes-germany-the-hotel-book\/","og_site_name":"Folio","twitter_card":"summary_large_image","twitter_misc":{"Est. reading time":"1 minute"},"schema":{"@context":"https:\/\/schema.org","@graph":[{"@type":"WebPage","@id":"https:\/\/foliobooks.pl\/en\/shop\/great-escapes-germany-the-hotel-book\/","url":"https:\/\/foliobooks.pl\/en\/shop\/great-escapes-germany-the-hotel-book\/","name":"Great Escapes Germany. The Hotel Book (Angelika Taschen) - book \/ album - Folio","isPartOf":{"@id":"https:\/\/foliobooks.pl\/en\/#website"},"primaryImageOfPage":{"@id":"https:\/\/foliobooks.pl\/en\/shop\/great-escapes-germany-the-hotel-book\/#primaryimage"},"image":{"@id":"https:\/\/foliobooks.pl\/en\/shop\/great-escapes-germany-the-hotel-book\/#primaryimage"},"thumbnailUrl":"https:\/\/foliobooks.pl\/wp-content\/uploads\/2026\/02\/9783754400678.png","datePublished":"2026-02-10T19:16:36+00:00","description":"Wejd\u017a i kup ksi\u0105\u017ck\u0119 Great Escapes Germany. The Hotel Book autorstwa Angelika Taschen wydan\u0105 przez TASCHEN (2025-03-25) w formacie 23,8 x 30,2 cm (ISBN: 9783754400678). Zapraszamy!","breadcrumb":{"@id":"https:\/\/foliobooks.pl\/en\/shop\/great-escapes-germany-the-hotel-book\/#breadcrumb"},"inLanguage":"en-US","potentialAction":[{"@type":"ReadAction","target":["https:\/\/foliobooks.pl\/en\/shop\/great-escapes-germany-the-hotel-book\/"]}]},{"@type":"ImageObject","inLanguage":"en-US","@id":"https:\/\/foliobooks.pl\/en\/shop\/great-escapes-germany-the-hotel-book\/#primaryimage","url":"https:\/\/foliobooks.pl\/wp-content\/uploads\/2026\/02\/9783754400678.png","contentUrl":"https:\/\/foliobooks.pl\/wp-content\/uploads\/2026\/02\/9783754400678.png","width":570,"height":708},{"@type":"BreadcrumbList","@id":"https:\/\/foliobooks.pl\/en\/shop\/great-escapes-germany-the-hotel-book\/#breadcrumb","itemListElement":[{"@type":"ListItem","position":1,"name":"Strona g\u0142\u00f3wna","item":"https:\/\/foliobooks.pl\/en\/"},{"@type":"ListItem","position":2,"name":"Shop","item":"https:\/\/foliobooks.pl\/en\/shop\/"},{"@type":"ListItem","position":3,"name":"Great Escapes Germany. The Hotel Book"}]},{"@type":"WebSite","@id":"https:\/\/foliobooks.pl\/en\/#website","url":"https:\/\/foliobooks.pl\/en\/","name":"Folio","description":"Ksi\u0119garnia internetowa","potentialAction":[{"@type":"SearchAction","target":{"@type":"EntryPoint","urlTemplate":"https:\/\/foliobooks.pl\/en\/?s={search_term_string}"},"query-input":{"@type":"PropertyValueSpecification","valueRequired":true,"valueName":"search_term_string"}}],"inLanguage":"en-US"}]}},"_links":{"self":[{"href":"https:\/\/foliobooks.pl\/en\/wp-json\/wp\/v2\/product\/108870","targetHints":{"allow":["GET"]}}],"collection":[{"href":"https:\/\/foliobooks.pl\/en\/wp-json\/wp\/v2\/product"}],"about":[{"href":"https:\/\/foliobooks.pl\/en\/wp-json\/wp\/v2\/types\/product"}],"replies":[{"embeddable":true,"href":"https:\/\/foliobooks.pl\/en\/wp-json\/wp\/v2\/comments?post=108870"}],"wp:featuredmedia":[{"embeddable":true,"href":"https:\/\/foliobooks.pl\/en\/wp-json\/wp\/v2\/media\/108871"}],"wp:attachment":[{"href":"https:\/\/foliobooks.pl\/en\/wp-json\/wp\/v2\/media?parent=108870"}],"wp:term":[{"taxonomy":"product_brand","embeddable":true,"href":"https:\/\/foliobooks.pl\/en\/wp-json\/wp\/v2\/product_brand?post=108870"},{"taxonomy":"product_cat","embeddable":true,"href":"https:\/\/foliobooks.pl\/en\/wp-json\/wp\/v2\/product_cat?post=108870"},{"taxonomy":"product_tag","embeddable":true,"href":"https:\/\/foliobooks.pl\/en\/wp-json\/wp\/v2\/product_tag?post=108870"}],"curies":[{"name":"wp","href":"https:\/\/api.w.org\/{rel}","templated":true}]}}