{"id":108823,"date":"2026-02-10T19:31:25","date_gmt":"2026-02-10T18:31:25","guid":{"rendered":"https:\/\/foliobooks.pl\/sklep\/architectural-theory-pioneering-texts-on-architecture-from-the-renaissance-to-today\/"},"modified":"2026-02-10T19:31:25","modified_gmt":"2026-02-10T18:31:25","slug":"architectural-theory-pioneering-texts-on-architecture-from-the-renaissance-to-today","status":"publish","type":"product","link":"https:\/\/foliobooks.pl\/en\/shop\/architectural-theory-pioneering-texts-on-architecture-from-the-renaissance-to-today\/","title":{"rendered":"Architectural Theory. Pioneering Texts on Architecture from the Renaissance to Today"},"content":{"rendered":"<p>Sentence Structures<\/p>\n<p>The architectural treatises which shaped our world<\/p>\n<p>If you\u2019ve ever wondered what goes through architects\u2019 minds when they design buildings, you\u2019ll be happy to know that there\u2019s no shortage of brilliant reading material to satisfy your curiosity. Wading through the archives at your local library may prove fruitful to your endeavor, but it won\u2019t give you the instant gratification that Architectural Theory will.<\/p>\n<p>This book brings together all of the most important and influential essays about architecture written since the Renaissance, copiously illustrated and neatly organized chronologically by country. From Alberti and Palladio to Le Corbusier and Koolhaas, the best treatises by architecture\u2019s greatest masters are gathered here, each accompanied by an essay discussing its historical context and significance. This is the all-in-one, must-have book for anyone interested in what architects have to say about their craft.<\/p>\n<p>The comprehensive overview that will help transform even the most uninformed novices into well-informed connoisseurs!<\/p>\n","protected":false},"excerpt":{"rendered":"<p>Sentence Structures The architectural treatises which shaped our world If you\u2019ve ever wondered what goes through architects\u2019 minds when they design buildings, you\u2019ll be happy to know that there\u2019s no shortage of brilliant reading material to satisfy your curiosity. Wading through the archives at your local library may prove fruitful to your endeavor, but it&#8230;<\/p>\n","protected":false},"featured_media":108824,"comment_status":"closed","ping_status":"closed","template":"","meta":[],"product_brand":[],"product_cat":[4516,13533],"product_tag":[6124],"class_list":{"0":"post-108823","1":"product","2":"type-product","3":"status-publish","4":"has-post-thumbnail","6":"product_cat-architecture-en","7":"product_cat-books","8":"product_tag-architecture-en","9":"pa_author_att-bernd-evers","10":"pa_cover-hardcover","11":"pa_format-17-x-24-cm-en","12":"pa_isbn-20943","13":"pa_language-eng","14":"pa_pages-680-en","15":"pa_published-2025-09-10","16":"pa_publisher-taschen-en-en","18":"first","19":"instock","20":"sold-individually","21":"shipping-taxable","22":"purchasable","23":"product-type-simple"},"yoast_head":"<!-- This site is optimized with the Yoast SEO plugin v27.4 - https:\/\/yoast.com\/product\/yoast-seo-wordpress\/ -->\n<title>Architectural Theory. Pioneering Texts on Architecture from the Renaissance to Today (Bernd Evers) - book \/ album - Folio<\/title>\n<meta name=\"description\" content=\"Wejd\u017a i kup ksi\u0105\u017ck\u0119 Architectural Theory. Pioneering Texts on Architecture from the Renaissance to Today autorstwa Bernd Evers wydan\u0105 przez TASCHEN (2025-09-10) w formacie 17 x 24 cm (ISBN: 9783836599627). Zapraszamy!\" \/>\n<meta name=\"robots\" content=\"index, follow, max-snippet:-1, max-image-preview:large, max-video-preview:-1\" \/>\n<link rel=\"canonical\" href=\"https:\/\/foliobooks.pl\/en\/shop\/architectural-theory-pioneering-texts-on-architecture-from-the-renaissance-to-today\/\" \/>\n<meta property=\"og:locale\" content=\"en_US\" \/>\n<meta property=\"og:type\" content=\"article\" \/>\n<meta property=\"og:title\" content=\"Architectural Theory. Pioneering Texts on Architecture from the Renaissance to Today (Bernd Evers) - book \/ album - Folio\" \/>\n<meta property=\"og:description\" content=\"Wejd\u017a i kup ksi\u0105\u017ck\u0119 Architectural Theory. Pioneering Texts on Architecture from the Renaissance to Today autorstwa Bernd Evers wydan\u0105 przez TASCHEN (2025-09-10) w formacie 17 x 24 cm (ISBN: 9783836599627). Zapraszamy!\" \/>\n<meta property=\"og:url\" content=\"https:\/\/foliobooks.pl\/en\/shop\/architectural-theory-pioneering-texts-on-architecture-from-the-renaissance-to-today\/\" \/>\n<meta property=\"og:site_name\" content=\"Folio\" \/>\n<meta name=\"twitter:card\" content=\"summary_large_image\" \/>\n<meta name=\"twitter:label1\" content=\"Est. reading time\" \/>\n\t<meta name=\"twitter:data1\" content=\"1 minute\" \/>\n<script type=\"application\/ld+json\" class=\"yoast-schema-graph\">{\"@context\":\"https:\\\/\\\/schema.org\",\"@graph\":[{\"@type\":\"WebPage\",\"@id\":\"https:\\\/\\\/foliobooks.pl\\\/en\\\/shop\\\/architectural-theory-pioneering-texts-on-architecture-from-the-renaissance-to-today\\\/\",\"url\":\"https:\\\/\\\/foliobooks.pl\\\/en\\\/shop\\\/architectural-theory-pioneering-texts-on-architecture-from-the-renaissance-to-today\\\/\",\"name\":\"Architectural Theory. Pioneering Texts on Architecture from the Renaissance to Today (Bernd Evers) - book \\\/ album - Folio\",\"isPartOf\":{\"@id\":\"https:\\\/\\\/foliobooks.pl\\\/en\\\/#website\"},\"primaryImageOfPage\":{\"@id\":\"https:\\\/\\\/foliobooks.pl\\\/en\\\/shop\\\/architectural-theory-pioneering-texts-on-architecture-from-the-renaissance-to-today\\\/#primaryimage\"},\"image\":{\"@id\":\"https:\\\/\\\/foliobooks.pl\\\/en\\\/shop\\\/architectural-theory-pioneering-texts-on-architecture-from-the-renaissance-to-today\\\/#primaryimage\"},\"thumbnailUrl\":\"https:\\\/\\\/foliobooks.pl\\\/wp-content\\\/uploads\\\/2026\\\/02\\\/9783836599627.png\",\"datePublished\":\"2026-02-10T18:31:25+00:00\",\"description\":\"Wejd\u017a i kup ksi\u0105\u017ck\u0119 Architectural Theory. Pioneering Texts on Architecture from the Renaissance to Today autorstwa Bernd Evers wydan\u0105 przez TASCHEN (2025-09-10) w formacie 17 x 24 cm (ISBN: 9783836599627). Zapraszamy!\",\"breadcrumb\":{\"@id\":\"https:\\\/\\\/foliobooks.pl\\\/en\\\/shop\\\/architectural-theory-pioneering-texts-on-architecture-from-the-renaissance-to-today\\\/#breadcrumb\"},\"inLanguage\":\"en-US\",\"potentialAction\":[{\"@type\":\"ReadAction\",\"target\":[\"https:\\\/\\\/foliobooks.pl\\\/en\\\/shop\\\/architectural-theory-pioneering-texts-on-architecture-from-the-renaissance-to-today\\\/\"]}]},{\"@type\":\"ImageObject\",\"inLanguage\":\"en-US\",\"@id\":\"https:\\\/\\\/foliobooks.pl\\\/en\\\/shop\\\/architectural-theory-pioneering-texts-on-architecture-from-the-renaissance-to-today\\\/#primaryimage\",\"url\":\"https:\\\/\\\/foliobooks.pl\\\/wp-content\\\/uploads\\\/2026\\\/02\\\/9783836599627.png\",\"contentUrl\":\"https:\\\/\\\/foliobooks.pl\\\/wp-content\\\/uploads\\\/2026\\\/02\\\/9783836599627.png\",\"width\":570,\"height\":708},{\"@type\":\"BreadcrumbList\",\"@id\":\"https:\\\/\\\/foliobooks.pl\\\/en\\\/shop\\\/architectural-theory-pioneering-texts-on-architecture-from-the-renaissance-to-today\\\/#breadcrumb\",\"itemListElement\":[{\"@type\":\"ListItem\",\"position\":1,\"name\":\"Strona g\u0142\u00f3wna\",\"item\":\"https:\\\/\\\/foliobooks.pl\\\/en\\\/\"},{\"@type\":\"ListItem\",\"position\":2,\"name\":\"Shop\",\"item\":\"https:\\\/\\\/foliobooks.pl\\\/en\\\/shop\\\/\"},{\"@type\":\"ListItem\",\"position\":3,\"name\":\"Architectural Theory. Pioneering Texts on Architecture from the Renaissance to Today\"}]},{\"@type\":\"WebSite\",\"@id\":\"https:\\\/\\\/foliobooks.pl\\\/en\\\/#website\",\"url\":\"https:\\\/\\\/foliobooks.pl\\\/en\\\/\",\"name\":\"Folio\",\"description\":\"Ksi\u0119garnia internetowa\",\"potentialAction\":[{\"@type\":\"SearchAction\",\"target\":{\"@type\":\"EntryPoint\",\"urlTemplate\":\"https:\\\/\\\/foliobooks.pl\\\/en\\\/?s={search_term_string}\"},\"query-input\":{\"@type\":\"PropertyValueSpecification\",\"valueRequired\":true,\"valueName\":\"search_term_string\"}}],\"inLanguage\":\"en-US\"}]}<\/script>\n<!-- \/ Yoast SEO plugin. -->","yoast_head_json":{"title":"Architectural Theory. Pioneering Texts on Architecture from the Renaissance to Today (Bernd Evers) - book \/ album - Folio","description":"Wejd\u017a i kup ksi\u0105\u017ck\u0119 Architectural Theory. Pioneering Texts on Architecture from the Renaissance to Today autorstwa Bernd Evers wydan\u0105 przez TASCHEN (2025-09-10) w formacie 17 x 24 cm (ISBN: 9783836599627). Zapraszamy!","robots":{"index":"index","follow":"follow","max-snippet":"max-snippet:-1","max-image-preview":"max-image-preview:large","max-video-preview":"max-video-preview:-1"},"canonical":"https:\/\/foliobooks.pl\/en\/shop\/architectural-theory-pioneering-texts-on-architecture-from-the-renaissance-to-today\/","og_locale":"en_US","og_type":"article","og_title":"Architectural Theory. Pioneering Texts on Architecture from the Renaissance to Today (Bernd Evers) - book \/ album - Folio","og_description":"Wejd\u017a i kup ksi\u0105\u017ck\u0119 Architectural Theory. Pioneering Texts on Architecture from the Renaissance to Today autorstwa Bernd Evers wydan\u0105 przez TASCHEN (2025-09-10) w formacie 17 x 24 cm (ISBN: 9783836599627). Zapraszamy!","og_url":"https:\/\/foliobooks.pl\/en\/shop\/architectural-theory-pioneering-texts-on-architecture-from-the-renaissance-to-today\/","og_site_name":"Folio","twitter_card":"summary_large_image","twitter_misc":{"Est. reading time":"1 minute"},"schema":{"@context":"https:\/\/schema.org","@graph":[{"@type":"WebPage","@id":"https:\/\/foliobooks.pl\/en\/shop\/architectural-theory-pioneering-texts-on-architecture-from-the-renaissance-to-today\/","url":"https:\/\/foliobooks.pl\/en\/shop\/architectural-theory-pioneering-texts-on-architecture-from-the-renaissance-to-today\/","name":"Architectural Theory. Pioneering Texts on Architecture from the Renaissance to Today (Bernd Evers) - book \/ album - Folio","isPartOf":{"@id":"https:\/\/foliobooks.pl\/en\/#website"},"primaryImageOfPage":{"@id":"https:\/\/foliobooks.pl\/en\/shop\/architectural-theory-pioneering-texts-on-architecture-from-the-renaissance-to-today\/#primaryimage"},"image":{"@id":"https:\/\/foliobooks.pl\/en\/shop\/architectural-theory-pioneering-texts-on-architecture-from-the-renaissance-to-today\/#primaryimage"},"thumbnailUrl":"https:\/\/foliobooks.pl\/wp-content\/uploads\/2026\/02\/9783836599627.png","datePublished":"2026-02-10T18:31:25+00:00","description":"Wejd\u017a i kup ksi\u0105\u017ck\u0119 Architectural Theory. Pioneering Texts on Architecture from the Renaissance to Today autorstwa Bernd Evers wydan\u0105 przez TASCHEN (2025-09-10) w formacie 17 x 24 cm (ISBN: 9783836599627). Zapraszamy!","breadcrumb":{"@id":"https:\/\/foliobooks.pl\/en\/shop\/architectural-theory-pioneering-texts-on-architecture-from-the-renaissance-to-today\/#breadcrumb"},"inLanguage":"en-US","potentialAction":[{"@type":"ReadAction","target":["https:\/\/foliobooks.pl\/en\/shop\/architectural-theory-pioneering-texts-on-architecture-from-the-renaissance-to-today\/"]}]},{"@type":"ImageObject","inLanguage":"en-US","@id":"https:\/\/foliobooks.pl\/en\/shop\/architectural-theory-pioneering-texts-on-architecture-from-the-renaissance-to-today\/#primaryimage","url":"https:\/\/foliobooks.pl\/wp-content\/uploads\/2026\/02\/9783836599627.png","contentUrl":"https:\/\/foliobooks.pl\/wp-content\/uploads\/2026\/02\/9783836599627.png","width":570,"height":708},{"@type":"BreadcrumbList","@id":"https:\/\/foliobooks.pl\/en\/shop\/architectural-theory-pioneering-texts-on-architecture-from-the-renaissance-to-today\/#breadcrumb","itemListElement":[{"@type":"ListItem","position":1,"name":"Strona g\u0142\u00f3wna","item":"https:\/\/foliobooks.pl\/en\/"},{"@type":"ListItem","position":2,"name":"Shop","item":"https:\/\/foliobooks.pl\/en\/shop\/"},{"@type":"ListItem","position":3,"name":"Architectural Theory. Pioneering Texts on Architecture from the Renaissance to Today"}]},{"@type":"WebSite","@id":"https:\/\/foliobooks.pl\/en\/#website","url":"https:\/\/foliobooks.pl\/en\/","name":"Folio","description":"Ksi\u0119garnia internetowa","potentialAction":[{"@type":"SearchAction","target":{"@type":"EntryPoint","urlTemplate":"https:\/\/foliobooks.pl\/en\/?s={search_term_string}"},"query-input":{"@type":"PropertyValueSpecification","valueRequired":true,"valueName":"search_term_string"}}],"inLanguage":"en-US"}]}},"_links":{"self":[{"href":"https:\/\/foliobooks.pl\/en\/wp-json\/wp\/v2\/product\/108823","targetHints":{"allow":["GET"]}}],"collection":[{"href":"https:\/\/foliobooks.pl\/en\/wp-json\/wp\/v2\/product"}],"about":[{"href":"https:\/\/foliobooks.pl\/en\/wp-json\/wp\/v2\/types\/product"}],"replies":[{"embeddable":true,"href":"https:\/\/foliobooks.pl\/en\/wp-json\/wp\/v2\/comments?post=108823"}],"wp:featuredmedia":[{"embeddable":true,"href":"https:\/\/foliobooks.pl\/en\/wp-json\/wp\/v2\/media\/108824"}],"wp:attachment":[{"href":"https:\/\/foliobooks.pl\/en\/wp-json\/wp\/v2\/media?parent=108823"}],"wp:term":[{"taxonomy":"product_brand","embeddable":true,"href":"https:\/\/foliobooks.pl\/en\/wp-json\/wp\/v2\/product_brand?post=108823"},{"taxonomy":"product_cat","embeddable":true,"href":"https:\/\/foliobooks.pl\/en\/wp-json\/wp\/v2\/product_cat?post=108823"},{"taxonomy":"product_tag","embeddable":true,"href":"https:\/\/foliobooks.pl\/en\/wp-json\/wp\/v2\/product_tag?post=108823"}],"curies":[{"name":"wp","href":"https:\/\/api.w.org\/{rel}","templated":true}]}}