{"id":108811,"date":"2026-02-10T19:24:19","date_gmt":"2026-02-10T18:24:19","guid":{"rendered":"https:\/\/foliobooks.pl\/sklep\/a-garden-eden-masterpieces-of-botanical-illustration\/"},"modified":"2026-02-10T19:24:19","modified_gmt":"2026-02-10T18:24:19","slug":"a-garden-eden-masterpieces-of-botanical-illustration","status":"publish","type":"product","link":"https:\/\/foliobooks.pl\/en\/shop\/a-garden-eden-masterpieces-of-botanical-illustration\/","title":{"rendered":"A Garden Eden. Masterpieces of Botanical Illustration"},"content":{"rendered":"<p>Heaven on Earth<br \/>\nBotanical masterworks from the National Library of Vienna<br \/>\nIn pursuit of both knowledge and delight, the craft of botanical illustration has always required not only meticulous draftsmanship but also a rigorous scientific understanding. This new edition of a TASCHEN classic celebrates the botanical tradition and talents with a selection of outstanding works from the National Library of Vienna, including many new images.<\/p>\n<p>From Byzantine manuscripts right through to 19th-century masterpieces, through peonies, callas, and chrysanthemums, these exquisite reproductions dazzle in their accuracy and their aesthetics. Whether in gently furled leaves, precisely textured fruits, or the sheer beauty and variety of colors, we celebrate an art form as tender as it is precise, and ever more resonant amid our growing awareness of our ecological surroundings and the preciousness of natural flora.<\/p>\n","protected":false},"excerpt":{"rendered":"<p>Heaven on Earth Botanical masterworks from the National Library of Vienna In pursuit of both knowledge and delight, the craft of botanical illustration has always required not only meticulous draftsmanship but also a rigorous scientific understanding. This new edition of a TASCHEN classic celebrates the botanical tradition and talents with a selection of outstanding works&#8230;<\/p>\n","protected":false},"featured_media":108812,"comment_status":"closed","ping_status":"closed","template":"","meta":[],"product_brand":[],"product_cat":[4522,13533,4523],"product_tag":[2834,1649],"class_list":{"0":"post-108811","1":"product","2":"type-product","3":"status-publish","4":"has-post-thumbnail","6":"product_cat-art-en","7":"product_cat-books","8":"product_cat-design-en-en","9":"product_tag-flora","10":"product_tag-illustration","11":"pa_author_att-h-walter-lack-en","12":"pa_cover-hardcover","13":"pa_format-25-x-345-cm-en","14":"pa_isbn-20939","15":"pa_language-eng-f-ger","16":"pa_pages-576-en","17":"pa_published-2021-08-01-en","18":"pa_publisher-taschen-en-en","20":"first","21":"instock","22":"sold-individually","23":"shipping-taxable","24":"purchasable","25":"product-type-simple"},"yoast_head":"<!-- This site is optimized with the Yoast SEO plugin v27.4 - https:\/\/yoast.com\/product\/yoast-seo-wordpress\/ -->\n<title>A Garden Eden. Masterpieces of Botanical Illustration (H. Walter Lack) - book \/ album - Folio<\/title>\n<meta name=\"description\" content=\"Wejd\u017a i kup ksi\u0105\u017ck\u0119 A Garden Eden. Masterpieces of Botanical Illustration autorstwa H. Walter Lack wydan\u0105 przez TASCHEN (2021-08-01) w formacie 25 x 34,5 cm (ISBN: 9783836577397). Zapraszamy!\" \/>\n<meta name=\"robots\" content=\"index, follow, max-snippet:-1, max-image-preview:large, max-video-preview:-1\" \/>\n<link rel=\"canonical\" href=\"https:\/\/foliobooks.pl\/en\/shop\/a-garden-eden-masterpieces-of-botanical-illustration\/\" \/>\n<meta property=\"og:locale\" content=\"en_US\" \/>\n<meta property=\"og:type\" content=\"article\" \/>\n<meta property=\"og:title\" content=\"A Garden Eden. Masterpieces of Botanical Illustration (H. Walter Lack) - book \/ album - Folio\" \/>\n<meta property=\"og:description\" content=\"Wejd\u017a i kup ksi\u0105\u017ck\u0119 A Garden Eden. Masterpieces of Botanical Illustration autorstwa H. Walter Lack wydan\u0105 przez TASCHEN (2021-08-01) w formacie 25 x 34,5 cm (ISBN: 9783836577397). Zapraszamy!\" \/>\n<meta property=\"og:url\" content=\"https:\/\/foliobooks.pl\/en\/shop\/a-garden-eden-masterpieces-of-botanical-illustration\/\" \/>\n<meta property=\"og:site_name\" content=\"Folio\" \/>\n<meta name=\"twitter:card\" content=\"summary_large_image\" \/>\n<meta name=\"twitter:label1\" content=\"Est. reading time\" \/>\n\t<meta name=\"twitter:data1\" content=\"1 minute\" \/>\n<script type=\"application\/ld+json\" class=\"yoast-schema-graph\">{\"@context\":\"https:\\\/\\\/schema.org\",\"@graph\":[{\"@type\":\"WebPage\",\"@id\":\"https:\\\/\\\/foliobooks.pl\\\/en\\\/shop\\\/a-garden-eden-masterpieces-of-botanical-illustration\\\/\",\"url\":\"https:\\\/\\\/foliobooks.pl\\\/en\\\/shop\\\/a-garden-eden-masterpieces-of-botanical-illustration\\\/\",\"name\":\"A Garden Eden. Masterpieces of Botanical Illustration (H. Walter Lack) - book \\\/ album - Folio\",\"isPartOf\":{\"@id\":\"https:\\\/\\\/foliobooks.pl\\\/en\\\/#website\"},\"primaryImageOfPage\":{\"@id\":\"https:\\\/\\\/foliobooks.pl\\\/en\\\/shop\\\/a-garden-eden-masterpieces-of-botanical-illustration\\\/#primaryimage\"},\"image\":{\"@id\":\"https:\\\/\\\/foliobooks.pl\\\/en\\\/shop\\\/a-garden-eden-masterpieces-of-botanical-illustration\\\/#primaryimage\"},\"thumbnailUrl\":\"https:\\\/\\\/foliobooks.pl\\\/wp-content\\\/uploads\\\/2026\\\/02\\\/9783836577397.png\",\"datePublished\":\"2026-02-10T18:24:19+00:00\",\"description\":\"Wejd\u017a i kup ksi\u0105\u017ck\u0119 A Garden Eden. Masterpieces of Botanical Illustration autorstwa H. Walter Lack wydan\u0105 przez TASCHEN (2021-08-01) w formacie 25 x 34,5 cm (ISBN: 9783836577397). Zapraszamy!\",\"breadcrumb\":{\"@id\":\"https:\\\/\\\/foliobooks.pl\\\/en\\\/shop\\\/a-garden-eden-masterpieces-of-botanical-illustration\\\/#breadcrumb\"},\"inLanguage\":\"en-US\",\"potentialAction\":[{\"@type\":\"ReadAction\",\"target\":[\"https:\\\/\\\/foliobooks.pl\\\/en\\\/shop\\\/a-garden-eden-masterpieces-of-botanical-illustration\\\/\"]}]},{\"@type\":\"ImageObject\",\"inLanguage\":\"en-US\",\"@id\":\"https:\\\/\\\/foliobooks.pl\\\/en\\\/shop\\\/a-garden-eden-masterpieces-of-botanical-illustration\\\/#primaryimage\",\"url\":\"https:\\\/\\\/foliobooks.pl\\\/wp-content\\\/uploads\\\/2026\\\/02\\\/9783836577397.png\",\"contentUrl\":\"https:\\\/\\\/foliobooks.pl\\\/wp-content\\\/uploads\\\/2026\\\/02\\\/9783836577397.png\",\"width\":570,\"height\":708},{\"@type\":\"BreadcrumbList\",\"@id\":\"https:\\\/\\\/foliobooks.pl\\\/en\\\/shop\\\/a-garden-eden-masterpieces-of-botanical-illustration\\\/#breadcrumb\",\"itemListElement\":[{\"@type\":\"ListItem\",\"position\":1,\"name\":\"Strona g\u0142\u00f3wna\",\"item\":\"https:\\\/\\\/foliobooks.pl\\\/en\\\/\"},{\"@type\":\"ListItem\",\"position\":2,\"name\":\"Shop\",\"item\":\"https:\\\/\\\/foliobooks.pl\\\/en\\\/shop\\\/\"},{\"@type\":\"ListItem\",\"position\":3,\"name\":\"A Garden Eden. Masterpieces of Botanical Illustration\"}]},{\"@type\":\"WebSite\",\"@id\":\"https:\\\/\\\/foliobooks.pl\\\/en\\\/#website\",\"url\":\"https:\\\/\\\/foliobooks.pl\\\/en\\\/\",\"name\":\"Folio\",\"description\":\"Ksi\u0119garnia internetowa\",\"potentialAction\":[{\"@type\":\"SearchAction\",\"target\":{\"@type\":\"EntryPoint\",\"urlTemplate\":\"https:\\\/\\\/foliobooks.pl\\\/en\\\/?s={search_term_string}\"},\"query-input\":{\"@type\":\"PropertyValueSpecification\",\"valueRequired\":true,\"valueName\":\"search_term_string\"}}],\"inLanguage\":\"en-US\"}]}<\/script>\n<!-- \/ Yoast SEO plugin. -->","yoast_head_json":{"title":"A Garden Eden. Masterpieces of Botanical Illustration (H. Walter Lack) - book \/ album - Folio","description":"Wejd\u017a i kup ksi\u0105\u017ck\u0119 A Garden Eden. Masterpieces of Botanical Illustration autorstwa H. Walter Lack wydan\u0105 przez TASCHEN (2021-08-01) w formacie 25 x 34,5 cm (ISBN: 9783836577397). Zapraszamy!","robots":{"index":"index","follow":"follow","max-snippet":"max-snippet:-1","max-image-preview":"max-image-preview:large","max-video-preview":"max-video-preview:-1"},"canonical":"https:\/\/foliobooks.pl\/en\/shop\/a-garden-eden-masterpieces-of-botanical-illustration\/","og_locale":"en_US","og_type":"article","og_title":"A Garden Eden. Masterpieces of Botanical Illustration (H. Walter Lack) - book \/ album - Folio","og_description":"Wejd\u017a i kup ksi\u0105\u017ck\u0119 A Garden Eden. Masterpieces of Botanical Illustration autorstwa H. Walter Lack wydan\u0105 przez TASCHEN (2021-08-01) w formacie 25 x 34,5 cm (ISBN: 9783836577397). Zapraszamy!","og_url":"https:\/\/foliobooks.pl\/en\/shop\/a-garden-eden-masterpieces-of-botanical-illustration\/","og_site_name":"Folio","twitter_card":"summary_large_image","twitter_misc":{"Est. reading time":"1 minute"},"schema":{"@context":"https:\/\/schema.org","@graph":[{"@type":"WebPage","@id":"https:\/\/foliobooks.pl\/en\/shop\/a-garden-eden-masterpieces-of-botanical-illustration\/","url":"https:\/\/foliobooks.pl\/en\/shop\/a-garden-eden-masterpieces-of-botanical-illustration\/","name":"A Garden Eden. Masterpieces of Botanical Illustration (H. Walter Lack) - book \/ album - Folio","isPartOf":{"@id":"https:\/\/foliobooks.pl\/en\/#website"},"primaryImageOfPage":{"@id":"https:\/\/foliobooks.pl\/en\/shop\/a-garden-eden-masterpieces-of-botanical-illustration\/#primaryimage"},"image":{"@id":"https:\/\/foliobooks.pl\/en\/shop\/a-garden-eden-masterpieces-of-botanical-illustration\/#primaryimage"},"thumbnailUrl":"https:\/\/foliobooks.pl\/wp-content\/uploads\/2026\/02\/9783836577397.png","datePublished":"2026-02-10T18:24:19+00:00","description":"Wejd\u017a i kup ksi\u0105\u017ck\u0119 A Garden Eden. Masterpieces of Botanical Illustration autorstwa H. Walter Lack wydan\u0105 przez TASCHEN (2021-08-01) w formacie 25 x 34,5 cm (ISBN: 9783836577397). Zapraszamy!","breadcrumb":{"@id":"https:\/\/foliobooks.pl\/en\/shop\/a-garden-eden-masterpieces-of-botanical-illustration\/#breadcrumb"},"inLanguage":"en-US","potentialAction":[{"@type":"ReadAction","target":["https:\/\/foliobooks.pl\/en\/shop\/a-garden-eden-masterpieces-of-botanical-illustration\/"]}]},{"@type":"ImageObject","inLanguage":"en-US","@id":"https:\/\/foliobooks.pl\/en\/shop\/a-garden-eden-masterpieces-of-botanical-illustration\/#primaryimage","url":"https:\/\/foliobooks.pl\/wp-content\/uploads\/2026\/02\/9783836577397.png","contentUrl":"https:\/\/foliobooks.pl\/wp-content\/uploads\/2026\/02\/9783836577397.png","width":570,"height":708},{"@type":"BreadcrumbList","@id":"https:\/\/foliobooks.pl\/en\/shop\/a-garden-eden-masterpieces-of-botanical-illustration\/#breadcrumb","itemListElement":[{"@type":"ListItem","position":1,"name":"Strona g\u0142\u00f3wna","item":"https:\/\/foliobooks.pl\/en\/"},{"@type":"ListItem","position":2,"name":"Shop","item":"https:\/\/foliobooks.pl\/en\/shop\/"},{"@type":"ListItem","position":3,"name":"A Garden Eden. Masterpieces of Botanical Illustration"}]},{"@type":"WebSite","@id":"https:\/\/foliobooks.pl\/en\/#website","url":"https:\/\/foliobooks.pl\/en\/","name":"Folio","description":"Ksi\u0119garnia internetowa","potentialAction":[{"@type":"SearchAction","target":{"@type":"EntryPoint","urlTemplate":"https:\/\/foliobooks.pl\/en\/?s={search_term_string}"},"query-input":{"@type":"PropertyValueSpecification","valueRequired":true,"valueName":"search_term_string"}}],"inLanguage":"en-US"}]}},"_links":{"self":[{"href":"https:\/\/foliobooks.pl\/en\/wp-json\/wp\/v2\/product\/108811","targetHints":{"allow":["GET"]}}],"collection":[{"href":"https:\/\/foliobooks.pl\/en\/wp-json\/wp\/v2\/product"}],"about":[{"href":"https:\/\/foliobooks.pl\/en\/wp-json\/wp\/v2\/types\/product"}],"replies":[{"embeddable":true,"href":"https:\/\/foliobooks.pl\/en\/wp-json\/wp\/v2\/comments?post=108811"}],"wp:featuredmedia":[{"embeddable":true,"href":"https:\/\/foliobooks.pl\/en\/wp-json\/wp\/v2\/media\/108812"}],"wp:attachment":[{"href":"https:\/\/foliobooks.pl\/en\/wp-json\/wp\/v2\/media?parent=108811"}],"wp:term":[{"taxonomy":"product_brand","embeddable":true,"href":"https:\/\/foliobooks.pl\/en\/wp-json\/wp\/v2\/product_brand?post=108811"},{"taxonomy":"product_cat","embeddable":true,"href":"https:\/\/foliobooks.pl\/en\/wp-json\/wp\/v2\/product_cat?post=108811"},{"taxonomy":"product_tag","embeddable":true,"href":"https:\/\/foliobooks.pl\/en\/wp-json\/wp\/v2\/product_tag?post=108811"}],"curies":[{"name":"wp","href":"https:\/\/api.w.org\/{rel}","templated":true}]}}