{"id":108752,"date":"2026-01-07T17:30:16","date_gmt":"2026-01-07T16:30:16","guid":{"rendered":"https:\/\/foliobooks.pl\/sklep\/valentino-a-grand-italian-epic\/"},"modified":"2026-01-07T17:30:16","modified_gmt":"2026-01-07T16:30:16","slug":"valentino-a-grand-italian-epic","status":"publish","type":"product","link":"https:\/\/foliobooks.pl\/en\/shop\/valentino-a-grand-italian-epic\/","title":{"rendered":"Valentino. A Grand Italian Epic"},"content":{"rendered":"<p>Genius, Glamour, And Magnificent Gowns<\/p>\n<p>Valentino Garavani: the greatest name in Italian couture<\/p>\n<p>For almost half a century Valentino dominated Italian haute couture, dressing the world\u2019s wealthiest and most glamorous women. Only a few years after opening his fashion house in Rome in 1959, Valentino could already count Elizabeth Taylor, Jackie Kennedy, and Audrey Hepburn among his devotees. Despite his retirement in 2007 little has changed; his brand continues to thrive and prosper, and is worn by celebrities like Gwyneth Paltrow and Jennifer Lopez. Valentino has always designed magnificent gowns, never wavering from his signature style despite fads like grunge, deconstruction, and minimalism.<\/p>\n<p>This book traces Valentino\u2019s illustrious career through copious images from his archives, including drawings, magazine editorial shoots, advertisements, portraits, and documentary photographs. Presented chronologically, the visual material is accompanied by a vast array of newspaper and magazine articles about Valentino throughout the years. Combined, they provide an in-depth look at the man, his lifestyle, and his genius.<\/p>\n","protected":false},"excerpt":{"rendered":"<p>Genius, Glamour, And Magnificent Gowns Valentino Garavani: the greatest name in Italian couture For almost half a century Valentino dominated Italian haute couture, dressing the world\u2019s wealthiest and most glamorous women. Only a few years after opening his fashion house in Rome in 1959, Valentino could already count Elizabeth Taylor, Jackie Kennedy, and Audrey Hepburn&#8230;<\/p>\n","protected":false},"featured_media":108753,"comment_status":"closed","ping_status":"closed","template":"","meta":[],"product_brand":[],"product_cat":[13533,4519],"product_tag":[6125],"class_list":{"0":"post-108752","1":"product","2":"type-product","3":"status-publish","4":"has-post-thumbnail","6":"product_cat-books","7":"product_cat-fashion-en-en","8":"product_tag-fashion","9":"pa_author_att-matt-tyrnauer-en","10":"pa_cover-hardcover","11":"pa_format-25-x-334-cm-en","12":"pa_isbn-20937","13":"pa_language-eng","14":"pa_pages-576-en","15":"pa_published-2025-10-01","16":"pa_publisher-taschen-en-en","18":"first","19":"instock","20":"sold-individually","21":"shipping-taxable","22":"purchasable","23":"product-type-simple"},"yoast_head":"<!-- This site is optimized with the Yoast SEO plugin v27.4 - https:\/\/yoast.com\/product\/yoast-seo-wordpress\/ -->\n<title>Valentino. A Grand Italian Epic (Matt Tyrnauer) - book \/ album - Folio<\/title>\n<meta name=\"description\" content=\"Wejd\u017a i kup ksi\u0105\u017ck\u0119 Valentino. A Grand Italian Epic autorstwa Matt Tyrnauer wydan\u0105 przez TASCHEN (2025-10-01) w formacie 25 x 33,4 cm (ISBN: 9783754400692). Zapraszamy!\" \/>\n<meta name=\"robots\" content=\"index, follow, max-snippet:-1, max-image-preview:large, max-video-preview:-1\" \/>\n<link rel=\"canonical\" href=\"https:\/\/foliobooks.pl\/en\/shop\/valentino-a-grand-italian-epic\/\" \/>\n<meta property=\"og:locale\" content=\"en_US\" \/>\n<meta property=\"og:type\" content=\"article\" \/>\n<meta property=\"og:title\" content=\"Valentino. A Grand Italian Epic (Matt Tyrnauer) - book \/ album - Folio\" \/>\n<meta property=\"og:description\" content=\"Wejd\u017a i kup ksi\u0105\u017ck\u0119 Valentino. A Grand Italian Epic autorstwa Matt Tyrnauer wydan\u0105 przez TASCHEN (2025-10-01) w formacie 25 x 33,4 cm (ISBN: 9783754400692). Zapraszamy!\" \/>\n<meta property=\"og:url\" content=\"https:\/\/foliobooks.pl\/en\/shop\/valentino-a-grand-italian-epic\/\" \/>\n<meta property=\"og:site_name\" content=\"Folio\" \/>\n<meta property=\"og:image\" content=\"https:\/\/foliobooks.pl\/wp-content\/uploads\/2026\/01\/9783754400692.png\" \/>\n\t<meta property=\"og:image:width\" content=\"570\" \/>\n\t<meta property=\"og:image:height\" content=\"708\" \/>\n\t<meta property=\"og:image:type\" content=\"image\/png\" \/>\n<meta name=\"twitter:card\" content=\"summary_large_image\" \/>\n<meta name=\"twitter:label1\" content=\"Est. reading time\" \/>\n\t<meta name=\"twitter:data1\" content=\"2 minutes\" \/>\n<script type=\"application\/ld+json\" class=\"yoast-schema-graph\">{\"@context\":\"https:\\\/\\\/schema.org\",\"@graph\":[{\"@type\":\"WebPage\",\"@id\":\"https:\\\/\\\/foliobooks.pl\\\/en\\\/shop\\\/valentino-a-grand-italian-epic\\\/\",\"url\":\"https:\\\/\\\/foliobooks.pl\\\/en\\\/shop\\\/valentino-a-grand-italian-epic\\\/\",\"name\":\"Valentino. A Grand Italian Epic (Matt Tyrnauer) - book \\\/ album - Folio\",\"isPartOf\":{\"@id\":\"https:\\\/\\\/foliobooks.pl\\\/en\\\/#website\"},\"primaryImageOfPage\":{\"@id\":\"https:\\\/\\\/foliobooks.pl\\\/en\\\/shop\\\/valentino-a-grand-italian-epic\\\/#primaryimage\"},\"image\":{\"@id\":\"https:\\\/\\\/foliobooks.pl\\\/en\\\/shop\\\/valentino-a-grand-italian-epic\\\/#primaryimage\"},\"thumbnailUrl\":\"https:\\\/\\\/foliobooks.pl\\\/wp-content\\\/uploads\\\/2026\\\/01\\\/9783754400692.png\",\"datePublished\":\"2026-01-07T16:30:16+00:00\",\"description\":\"Wejd\u017a i kup ksi\u0105\u017ck\u0119 Valentino. A Grand Italian Epic autorstwa Matt Tyrnauer wydan\u0105 przez TASCHEN (2025-10-01) w formacie 25 x 33,4 cm (ISBN: 9783754400692). Zapraszamy!\",\"breadcrumb\":{\"@id\":\"https:\\\/\\\/foliobooks.pl\\\/en\\\/shop\\\/valentino-a-grand-italian-epic\\\/#breadcrumb\"},\"inLanguage\":\"en-US\",\"potentialAction\":[{\"@type\":\"ReadAction\",\"target\":[\"https:\\\/\\\/foliobooks.pl\\\/en\\\/shop\\\/valentino-a-grand-italian-epic\\\/\"]}]},{\"@type\":\"ImageObject\",\"inLanguage\":\"en-US\",\"@id\":\"https:\\\/\\\/foliobooks.pl\\\/en\\\/shop\\\/valentino-a-grand-italian-epic\\\/#primaryimage\",\"url\":\"https:\\\/\\\/foliobooks.pl\\\/wp-content\\\/uploads\\\/2026\\\/01\\\/9783754400692.png\",\"contentUrl\":\"https:\\\/\\\/foliobooks.pl\\\/wp-content\\\/uploads\\\/2026\\\/01\\\/9783754400692.png\",\"width\":570,\"height\":708},{\"@type\":\"BreadcrumbList\",\"@id\":\"https:\\\/\\\/foliobooks.pl\\\/en\\\/shop\\\/valentino-a-grand-italian-epic\\\/#breadcrumb\",\"itemListElement\":[{\"@type\":\"ListItem\",\"position\":1,\"name\":\"Strona g\u0142\u00f3wna\",\"item\":\"https:\\\/\\\/foliobooks.pl\\\/en\\\/\"},{\"@type\":\"ListItem\",\"position\":2,\"name\":\"Shop\",\"item\":\"https:\\\/\\\/foliobooks.pl\\\/en\\\/shop\\\/\"},{\"@type\":\"ListItem\",\"position\":3,\"name\":\"Valentino. A Grand Italian Epic\"}]},{\"@type\":\"WebSite\",\"@id\":\"https:\\\/\\\/foliobooks.pl\\\/en\\\/#website\",\"url\":\"https:\\\/\\\/foliobooks.pl\\\/en\\\/\",\"name\":\"Folio\",\"description\":\"Ksi\u0119garnia internetowa\",\"potentialAction\":[{\"@type\":\"SearchAction\",\"target\":{\"@type\":\"EntryPoint\",\"urlTemplate\":\"https:\\\/\\\/foliobooks.pl\\\/en\\\/?s={search_term_string}\"},\"query-input\":{\"@type\":\"PropertyValueSpecification\",\"valueRequired\":true,\"valueName\":\"search_term_string\"}}],\"inLanguage\":\"en-US\"}]}<\/script>\n<!-- \/ Yoast SEO plugin. -->","yoast_head_json":{"title":"Valentino. A Grand Italian Epic (Matt Tyrnauer) - book \/ album - Folio","description":"Wejd\u017a i kup ksi\u0105\u017ck\u0119 Valentino. A Grand Italian Epic autorstwa Matt Tyrnauer wydan\u0105 przez TASCHEN (2025-10-01) w formacie 25 x 33,4 cm (ISBN: 9783754400692). Zapraszamy!","robots":{"index":"index","follow":"follow","max-snippet":"max-snippet:-1","max-image-preview":"max-image-preview:large","max-video-preview":"max-video-preview:-1"},"canonical":"https:\/\/foliobooks.pl\/en\/shop\/valentino-a-grand-italian-epic\/","og_locale":"en_US","og_type":"article","og_title":"Valentino. A Grand Italian Epic (Matt Tyrnauer) - book \/ album - Folio","og_description":"Wejd\u017a i kup ksi\u0105\u017ck\u0119 Valentino. A Grand Italian Epic autorstwa Matt Tyrnauer wydan\u0105 przez TASCHEN (2025-10-01) w formacie 25 x 33,4 cm (ISBN: 9783754400692). Zapraszamy!","og_url":"https:\/\/foliobooks.pl\/en\/shop\/valentino-a-grand-italian-epic\/","og_site_name":"Folio","og_image":[{"width":570,"height":708,"url":"https:\/\/foliobooks.pl\/wp-content\/uploads\/2026\/01\/9783754400692.png","type":"image\/png"}],"twitter_card":"summary_large_image","twitter_misc":{"Est. reading time":"2 minutes"},"schema":{"@context":"https:\/\/schema.org","@graph":[{"@type":"WebPage","@id":"https:\/\/foliobooks.pl\/en\/shop\/valentino-a-grand-italian-epic\/","url":"https:\/\/foliobooks.pl\/en\/shop\/valentino-a-grand-italian-epic\/","name":"Valentino. A Grand Italian Epic (Matt Tyrnauer) - book \/ album - Folio","isPartOf":{"@id":"https:\/\/foliobooks.pl\/en\/#website"},"primaryImageOfPage":{"@id":"https:\/\/foliobooks.pl\/en\/shop\/valentino-a-grand-italian-epic\/#primaryimage"},"image":{"@id":"https:\/\/foliobooks.pl\/en\/shop\/valentino-a-grand-italian-epic\/#primaryimage"},"thumbnailUrl":"https:\/\/foliobooks.pl\/wp-content\/uploads\/2026\/01\/9783754400692.png","datePublished":"2026-01-07T16:30:16+00:00","description":"Wejd\u017a i kup ksi\u0105\u017ck\u0119 Valentino. A Grand Italian Epic autorstwa Matt Tyrnauer wydan\u0105 przez TASCHEN (2025-10-01) w formacie 25 x 33,4 cm (ISBN: 9783754400692). Zapraszamy!","breadcrumb":{"@id":"https:\/\/foliobooks.pl\/en\/shop\/valentino-a-grand-italian-epic\/#breadcrumb"},"inLanguage":"en-US","potentialAction":[{"@type":"ReadAction","target":["https:\/\/foliobooks.pl\/en\/shop\/valentino-a-grand-italian-epic\/"]}]},{"@type":"ImageObject","inLanguage":"en-US","@id":"https:\/\/foliobooks.pl\/en\/shop\/valentino-a-grand-italian-epic\/#primaryimage","url":"https:\/\/foliobooks.pl\/wp-content\/uploads\/2026\/01\/9783754400692.png","contentUrl":"https:\/\/foliobooks.pl\/wp-content\/uploads\/2026\/01\/9783754400692.png","width":570,"height":708},{"@type":"BreadcrumbList","@id":"https:\/\/foliobooks.pl\/en\/shop\/valentino-a-grand-italian-epic\/#breadcrumb","itemListElement":[{"@type":"ListItem","position":1,"name":"Strona g\u0142\u00f3wna","item":"https:\/\/foliobooks.pl\/en\/"},{"@type":"ListItem","position":2,"name":"Shop","item":"https:\/\/foliobooks.pl\/en\/shop\/"},{"@type":"ListItem","position":3,"name":"Valentino. A Grand Italian Epic"}]},{"@type":"WebSite","@id":"https:\/\/foliobooks.pl\/en\/#website","url":"https:\/\/foliobooks.pl\/en\/","name":"Folio","description":"Ksi\u0119garnia internetowa","potentialAction":[{"@type":"SearchAction","target":{"@type":"EntryPoint","urlTemplate":"https:\/\/foliobooks.pl\/en\/?s={search_term_string}"},"query-input":{"@type":"PropertyValueSpecification","valueRequired":true,"valueName":"search_term_string"}}],"inLanguage":"en-US"}]}},"_links":{"self":[{"href":"https:\/\/foliobooks.pl\/en\/wp-json\/wp\/v2\/product\/108752","targetHints":{"allow":["GET"]}}],"collection":[{"href":"https:\/\/foliobooks.pl\/en\/wp-json\/wp\/v2\/product"}],"about":[{"href":"https:\/\/foliobooks.pl\/en\/wp-json\/wp\/v2\/types\/product"}],"replies":[{"embeddable":true,"href":"https:\/\/foliobooks.pl\/en\/wp-json\/wp\/v2\/comments?post=108752"}],"wp:featuredmedia":[{"embeddable":true,"href":"https:\/\/foliobooks.pl\/en\/wp-json\/wp\/v2\/media\/108753"}],"wp:attachment":[{"href":"https:\/\/foliobooks.pl\/en\/wp-json\/wp\/v2\/media?parent=108752"}],"wp:term":[{"taxonomy":"product_brand","embeddable":true,"href":"https:\/\/foliobooks.pl\/en\/wp-json\/wp\/v2\/product_brand?post=108752"},{"taxonomy":"product_cat","embeddable":true,"href":"https:\/\/foliobooks.pl\/en\/wp-json\/wp\/v2\/product_cat?post=108752"},{"taxonomy":"product_tag","embeddable":true,"href":"https:\/\/foliobooks.pl\/en\/wp-json\/wp\/v2\/product_tag?post=108752"}],"curies":[{"name":"wp","href":"https:\/\/api.w.org\/{rel}","templated":true}]}}