{"id":108728,"date":"2026-01-07T17:20:37","date_gmt":"2026-01-07T16:20:37","guid":{"rendered":"https:\/\/foliobooks.pl\/sklep\/tadao-ando-sketches-drawings-and-architecture\/"},"modified":"2026-01-07T17:20:37","modified_gmt":"2026-01-07T16:20:37","slug":"tadao-ando-sketches-drawings-and-architecture","status":"publish","type":"product","link":"https:\/\/foliobooks.pl\/en\/shop\/tadao-ando-sketches-drawings-and-architecture\/","title":{"rendered":"Tadao Ando. Sketches, Drawings, and Architecture"},"content":{"rendered":"<p>The Visual Language of an Architect<br \/>\nTadao Ando\u2019s sketches and drawings<br \/>\nThis hugely revealing journey through the mind and memory of one of architecture\u2019s great poets is told in Tadao Ando\u2019s own words. A very personal volume, it traces five decades of prolific creativity, gathering over 750 sketches, models, and technical drawings that reveal the essence of his practice. From the raw immediacy of pencil lines to the precision of technical drawings, witness the evolution of many of his most famous projects\u2014 among them Row House in Sumiyoshi, Rokko Housing, Chichu Art Museum, Bourse de Commerce\u2014not as isolated moments of inspiration, but as living architectural projects, shaped by time, travel, and reflection.<\/p>\n<p>More than a monograph, this is a map of Ando\u2019s inner landscape. He remembers light of a stone monastery in southern France, the deep spatial resonance of a stepwell in Ahmedabad, and the labyrinthine mystery of cave dwellings in Cappadocia. Experienced during his early travels in his youth, these memories became seeds. Learn how these fragments of experience, filtered through body and emotion, reemerged as intense spatial dramas, rendered in concrete, glass and light.<\/p>\n<p>Ando has remained faithful to the fragility of the hand-drawn line. For him, it is not the slick perfection of digital models, but the struggle and spontaneity of sketching that captures the true heartbeat of architecture. This book is both a record and a reverie: a meditation on how buildings begin, and how they belong to the flow of time, to memory, and the enduring pursuit of beauty. Also included is an appendix with a complete listing of Ando\u2019s built and unbuilt projects.<\/p>\n<p>In Ando\u2019s own words: \u201cOur imaginations may expand endlessly, shaping the invisible scenes in our minds\u2014this is the never-ending story of architecture.\u201d<\/p>\n","protected":false},"excerpt":{"rendered":"<p>The Visual Language of an Architect Tadao Ando\u2019s sketches and drawings This hugely revealing journey through the mind and memory of one of architecture\u2019s great poets is told in Tadao Ando\u2019s own words. A very personal volume, it traces five decades of prolific creativity, gathering over 750 sketches, models, and technical drawings that reveal the&#8230;<\/p>\n","protected":false},"featured_media":108729,"comment_status":"closed","ping_status":"closed","template":"","meta":[],"product_brand":[],"product_cat":[4516,13533],"product_tag":[6124],"class_list":{"0":"post-108728","1":"product","2":"type-product","3":"status-publish","4":"has-post-thumbnail","6":"product_cat-architecture-en","7":"product_cat-books","8":"product_tag-architecture-en","9":"pa_author_att-tadao-ando","10":"pa_cover-hardcover","11":"pa_format-28-x-337-cm","12":"pa_isbn-20931","13":"pa_language-eng-f-ger","14":"pa_published-2025-12-24","15":"pa_publisher-taschen-en-en","17":"first","18":"outofstock","19":"sold-individually","20":"shipping-taxable","21":"purchasable","22":"product-type-simple"},"yoast_head":"<!-- This site is optimized with the Yoast SEO plugin v27.4 - https:\/\/yoast.com\/product\/yoast-seo-wordpress\/ -->\n<title>Tadao Ando. Sketches, Drawings, and Architecture (Tadao Ando) - book \/ album - Folio<\/title>\n<meta name=\"description\" content=\"Wejd\u017a i kup ksi\u0105\u017ck\u0119 Tadao Ando. Sketches, Drawings, and Architecture autorstwa Tadao Ando wydan\u0105 przez TASCHEN (2025-12-24) w formacie 28 x 33,7 cm (ISBN: 9783836586016). Zapraszamy!\" \/>\n<meta name=\"robots\" content=\"index, follow, max-snippet:-1, max-image-preview:large, max-video-preview:-1\" \/>\n<link rel=\"canonical\" href=\"https:\/\/foliobooks.pl\/en\/shop\/tadao-ando-sketches-drawings-and-architecture\/\" \/>\n<meta property=\"og:locale\" content=\"en_US\" \/>\n<meta property=\"og:type\" content=\"article\" \/>\n<meta property=\"og:title\" content=\"Tadao Ando. Sketches, Drawings, and Architecture (Tadao Ando) - book \/ album - Folio\" \/>\n<meta property=\"og:description\" content=\"Wejd\u017a i kup ksi\u0105\u017ck\u0119 Tadao Ando. Sketches, Drawings, and Architecture autorstwa Tadao Ando wydan\u0105 przez TASCHEN (2025-12-24) w formacie 28 x 33,7 cm (ISBN: 9783836586016). Zapraszamy!\" \/>\n<meta property=\"og:url\" content=\"https:\/\/foliobooks.pl\/en\/shop\/tadao-ando-sketches-drawings-and-architecture\/\" \/>\n<meta property=\"og:site_name\" content=\"Folio\" \/>\n<meta property=\"og:image\" content=\"https:\/\/foliobooks.pl\/wp-content\/uploads\/2026\/01\/9783836586016.png\" \/>\n\t<meta property=\"og:image:width\" content=\"570\" \/>\n\t<meta property=\"og:image:height\" content=\"708\" \/>\n\t<meta property=\"og:image:type\" content=\"image\/png\" \/>\n<meta name=\"twitter:card\" content=\"summary_large_image\" \/>\n<meta name=\"twitter:label1\" content=\"Est. reading time\" \/>\n\t<meta name=\"twitter:data1\" content=\"2 minutes\" \/>\n<script type=\"application\/ld+json\" class=\"yoast-schema-graph\">{\"@context\":\"https:\\\/\\\/schema.org\",\"@graph\":[{\"@type\":\"WebPage\",\"@id\":\"https:\\\/\\\/foliobooks.pl\\\/en\\\/shop\\\/tadao-ando-sketches-drawings-and-architecture\\\/\",\"url\":\"https:\\\/\\\/foliobooks.pl\\\/en\\\/shop\\\/tadao-ando-sketches-drawings-and-architecture\\\/\",\"name\":\"Tadao Ando. Sketches, Drawings, and Architecture (Tadao Ando) - book \\\/ album - Folio\",\"isPartOf\":{\"@id\":\"https:\\\/\\\/foliobooks.pl\\\/en\\\/#website\"},\"primaryImageOfPage\":{\"@id\":\"https:\\\/\\\/foliobooks.pl\\\/en\\\/shop\\\/tadao-ando-sketches-drawings-and-architecture\\\/#primaryimage\"},\"image\":{\"@id\":\"https:\\\/\\\/foliobooks.pl\\\/en\\\/shop\\\/tadao-ando-sketches-drawings-and-architecture\\\/#primaryimage\"},\"thumbnailUrl\":\"https:\\\/\\\/foliobooks.pl\\\/wp-content\\\/uploads\\\/2026\\\/01\\\/9783836586016.png\",\"datePublished\":\"2026-01-07T16:20:37+00:00\",\"description\":\"Wejd\u017a i kup ksi\u0105\u017ck\u0119 Tadao Ando. Sketches, Drawings, and Architecture autorstwa Tadao Ando wydan\u0105 przez TASCHEN (2025-12-24) w formacie 28 x 33,7 cm (ISBN: 9783836586016). Zapraszamy!\",\"breadcrumb\":{\"@id\":\"https:\\\/\\\/foliobooks.pl\\\/en\\\/shop\\\/tadao-ando-sketches-drawings-and-architecture\\\/#breadcrumb\"},\"inLanguage\":\"en-US\",\"potentialAction\":[{\"@type\":\"ReadAction\",\"target\":[\"https:\\\/\\\/foliobooks.pl\\\/en\\\/shop\\\/tadao-ando-sketches-drawings-and-architecture\\\/\"]}]},{\"@type\":\"ImageObject\",\"inLanguage\":\"en-US\",\"@id\":\"https:\\\/\\\/foliobooks.pl\\\/en\\\/shop\\\/tadao-ando-sketches-drawings-and-architecture\\\/#primaryimage\",\"url\":\"https:\\\/\\\/foliobooks.pl\\\/wp-content\\\/uploads\\\/2026\\\/01\\\/9783836586016.png\",\"contentUrl\":\"https:\\\/\\\/foliobooks.pl\\\/wp-content\\\/uploads\\\/2026\\\/01\\\/9783836586016.png\",\"width\":570,\"height\":708},{\"@type\":\"BreadcrumbList\",\"@id\":\"https:\\\/\\\/foliobooks.pl\\\/en\\\/shop\\\/tadao-ando-sketches-drawings-and-architecture\\\/#breadcrumb\",\"itemListElement\":[{\"@type\":\"ListItem\",\"position\":1,\"name\":\"Strona g\u0142\u00f3wna\",\"item\":\"https:\\\/\\\/foliobooks.pl\\\/en\\\/\"},{\"@type\":\"ListItem\",\"position\":2,\"name\":\"Shop\",\"item\":\"https:\\\/\\\/foliobooks.pl\\\/en\\\/shop\\\/\"},{\"@type\":\"ListItem\",\"position\":3,\"name\":\"Tadao Ando. Sketches, Drawings, and Architecture\"}]},{\"@type\":\"WebSite\",\"@id\":\"https:\\\/\\\/foliobooks.pl\\\/en\\\/#website\",\"url\":\"https:\\\/\\\/foliobooks.pl\\\/en\\\/\",\"name\":\"Folio\",\"description\":\"Ksi\u0119garnia internetowa\",\"potentialAction\":[{\"@type\":\"SearchAction\",\"target\":{\"@type\":\"EntryPoint\",\"urlTemplate\":\"https:\\\/\\\/foliobooks.pl\\\/en\\\/?s={search_term_string}\"},\"query-input\":{\"@type\":\"PropertyValueSpecification\",\"valueRequired\":true,\"valueName\":\"search_term_string\"}}],\"inLanguage\":\"en-US\"}]}<\/script>\n<!-- \/ Yoast SEO plugin. -->","yoast_head_json":{"title":"Tadao Ando. Sketches, Drawings, and Architecture (Tadao Ando) - book \/ album - Folio","description":"Wejd\u017a i kup ksi\u0105\u017ck\u0119 Tadao Ando. Sketches, Drawings, and Architecture autorstwa Tadao Ando wydan\u0105 przez TASCHEN (2025-12-24) w formacie 28 x 33,7 cm (ISBN: 9783836586016). Zapraszamy!","robots":{"index":"index","follow":"follow","max-snippet":"max-snippet:-1","max-image-preview":"max-image-preview:large","max-video-preview":"max-video-preview:-1"},"canonical":"https:\/\/foliobooks.pl\/en\/shop\/tadao-ando-sketches-drawings-and-architecture\/","og_locale":"en_US","og_type":"article","og_title":"Tadao Ando. Sketches, Drawings, and Architecture (Tadao Ando) - book \/ album - Folio","og_description":"Wejd\u017a i kup ksi\u0105\u017ck\u0119 Tadao Ando. Sketches, Drawings, and Architecture autorstwa Tadao Ando wydan\u0105 przez TASCHEN (2025-12-24) w formacie 28 x 33,7 cm (ISBN: 9783836586016). Zapraszamy!","og_url":"https:\/\/foliobooks.pl\/en\/shop\/tadao-ando-sketches-drawings-and-architecture\/","og_site_name":"Folio","og_image":[{"width":570,"height":708,"url":"https:\/\/foliobooks.pl\/wp-content\/uploads\/2026\/01\/9783836586016.png","type":"image\/png"}],"twitter_card":"summary_large_image","twitter_misc":{"Est. reading time":"2 minutes"},"schema":{"@context":"https:\/\/schema.org","@graph":[{"@type":"WebPage","@id":"https:\/\/foliobooks.pl\/en\/shop\/tadao-ando-sketches-drawings-and-architecture\/","url":"https:\/\/foliobooks.pl\/en\/shop\/tadao-ando-sketches-drawings-and-architecture\/","name":"Tadao Ando. Sketches, Drawings, and Architecture (Tadao Ando) - book \/ album - Folio","isPartOf":{"@id":"https:\/\/foliobooks.pl\/en\/#website"},"primaryImageOfPage":{"@id":"https:\/\/foliobooks.pl\/en\/shop\/tadao-ando-sketches-drawings-and-architecture\/#primaryimage"},"image":{"@id":"https:\/\/foliobooks.pl\/en\/shop\/tadao-ando-sketches-drawings-and-architecture\/#primaryimage"},"thumbnailUrl":"https:\/\/foliobooks.pl\/wp-content\/uploads\/2026\/01\/9783836586016.png","datePublished":"2026-01-07T16:20:37+00:00","description":"Wejd\u017a i kup ksi\u0105\u017ck\u0119 Tadao Ando. Sketches, Drawings, and Architecture autorstwa Tadao Ando wydan\u0105 przez TASCHEN (2025-12-24) w formacie 28 x 33,7 cm (ISBN: 9783836586016). Zapraszamy!","breadcrumb":{"@id":"https:\/\/foliobooks.pl\/en\/shop\/tadao-ando-sketches-drawings-and-architecture\/#breadcrumb"},"inLanguage":"en-US","potentialAction":[{"@type":"ReadAction","target":["https:\/\/foliobooks.pl\/en\/shop\/tadao-ando-sketches-drawings-and-architecture\/"]}]},{"@type":"ImageObject","inLanguage":"en-US","@id":"https:\/\/foliobooks.pl\/en\/shop\/tadao-ando-sketches-drawings-and-architecture\/#primaryimage","url":"https:\/\/foliobooks.pl\/wp-content\/uploads\/2026\/01\/9783836586016.png","contentUrl":"https:\/\/foliobooks.pl\/wp-content\/uploads\/2026\/01\/9783836586016.png","width":570,"height":708},{"@type":"BreadcrumbList","@id":"https:\/\/foliobooks.pl\/en\/shop\/tadao-ando-sketches-drawings-and-architecture\/#breadcrumb","itemListElement":[{"@type":"ListItem","position":1,"name":"Strona g\u0142\u00f3wna","item":"https:\/\/foliobooks.pl\/en\/"},{"@type":"ListItem","position":2,"name":"Shop","item":"https:\/\/foliobooks.pl\/en\/shop\/"},{"@type":"ListItem","position":3,"name":"Tadao Ando. Sketches, Drawings, and Architecture"}]},{"@type":"WebSite","@id":"https:\/\/foliobooks.pl\/en\/#website","url":"https:\/\/foliobooks.pl\/en\/","name":"Folio","description":"Ksi\u0119garnia internetowa","potentialAction":[{"@type":"SearchAction","target":{"@type":"EntryPoint","urlTemplate":"https:\/\/foliobooks.pl\/en\/?s={search_term_string}"},"query-input":{"@type":"PropertyValueSpecification","valueRequired":true,"valueName":"search_term_string"}}],"inLanguage":"en-US"}]}},"_links":{"self":[{"href":"https:\/\/foliobooks.pl\/en\/wp-json\/wp\/v2\/product\/108728","targetHints":{"allow":["GET"]}}],"collection":[{"href":"https:\/\/foliobooks.pl\/en\/wp-json\/wp\/v2\/product"}],"about":[{"href":"https:\/\/foliobooks.pl\/en\/wp-json\/wp\/v2\/types\/product"}],"replies":[{"embeddable":true,"href":"https:\/\/foliobooks.pl\/en\/wp-json\/wp\/v2\/comments?post=108728"}],"wp:featuredmedia":[{"embeddable":true,"href":"https:\/\/foliobooks.pl\/en\/wp-json\/wp\/v2\/media\/108729"}],"wp:attachment":[{"href":"https:\/\/foliobooks.pl\/en\/wp-json\/wp\/v2\/media?parent=108728"}],"wp:term":[{"taxonomy":"product_brand","embeddable":true,"href":"https:\/\/foliobooks.pl\/en\/wp-json\/wp\/v2\/product_brand?post=108728"},{"taxonomy":"product_cat","embeddable":true,"href":"https:\/\/foliobooks.pl\/en\/wp-json\/wp\/v2\/product_cat?post=108728"},{"taxonomy":"product_tag","embeddable":true,"href":"https:\/\/foliobooks.pl\/en\/wp-json\/wp\/v2\/product_tag?post=108728"}],"curies":[{"name":"wp","href":"https:\/\/api.w.org\/{rel}","templated":true}]}}