{"id":108716,"date":"2026-01-07T17:13:19","date_gmt":"2026-01-07T16:13:19","guid":{"rendered":"https:\/\/foliobooks.pl\/sklep\/sebastiao-salgado-amazonia-45th-ed\/"},"modified":"2026-01-07T17:13:19","modified_gmt":"2026-01-07T16:13:19","slug":"sebastiao-salgado-amazonia-45th-ed","status":"publish","type":"product","link":"https:\/\/foliobooks.pl\/en\/shop\/sebastiao-salgado-amazonia-45th-ed\/","title":{"rendered":"Sebasti\u00e3o Salgado. Amaz\u00f4nia. 45th Ed."},"content":{"rendered":"<p>Endangered Paradise<br \/>\nSebasti\u00e3o Salgado on the traces of the indigenous peoples of the Amazon rainforest<\/p>\n<p>Sebasti\u00e3o Salgado traveled the Brazilian Amazon and photographed the unparalleled beauty of this extraordinary region for six years: the forest, the rivers, the mountains, the people who live there\u2014an irreplaceable treasure of humanity.<\/p>\n<p>Salgado described the Brazilian Amazon as &#8220;the last frontier, a mysterious universe of its own, where the immense power of nature can be felt as nowhere else on earth. Here is a forest stretching to infinity that contains one-tenth of all living plant and animal species, the world\u2019s largest single natural laboratory.\u201d<\/p>\n<p>Salgado visited a dozen indigenous tribes that exist in small communities scattered across the largest tropical rainforest in the world. He documented the daily life of the Yanomami, the Ash\u00e1ninka, the Yawanaw\u00e1, the Suruwah\u00e1, the Zo\u2019\u00e9, the Kuikuro, the Waur\u00e1, the Kamayur\u00e1, the Korubo, the Marubo, the Aw\u00e1, and the Macuxi\u2014their warm family bonds, their hunting and fishing, the manner in which they prepare and share meals, their marvelous talent for painting their faces and bodies, the significance of their shamans, and their dances and rituals.<\/p>\n<p>Sebasti\u00e3o Salgado has dedicated this book to the indigenous peoples of Brazil\u2019s Amazon region: \u201cMy wish, with all my heart, with all my energy, with all the passion I possess, is that in 50 years\u2019 time this book will not resemble a record of a lost world. Amaz\u00f4nia must live on.\u201d<\/p>\n<p>INSTITUTO TERRA<br \/>\nFounded in 1998 at Aimor\u00e9s in the state of Minas Gerais, Instituto Terra is the culmination of L\u00e9lia Wanick Salgado and Sebasti\u00e3o Salgado\u2019s lifelong activism and work as cultural documentarians. Through a scientific program of planting and raising saplings, the organization has performed a miraculous reforestation of the once infertile region and furthered the Salgados\u2019 mission of reversing the damage done to our planet.<\/p>\n","protected":false},"excerpt":{"rendered":"<p>Endangered Paradise Sebasti\u00e3o Salgado on the traces of the indigenous peoples of the Amazon rainforest Sebasti\u00e3o Salgado traveled the Brazilian Amazon and photographed the unparalleled beauty of this extraordinary region for six years: the forest, the rivers, the mountains, the people who live there\u2014an irreplaceable treasure of humanity. Salgado described the Brazilian Amazon as &#8220;the&#8230;<\/p>\n","protected":false},"featured_media":108717,"comment_status":"closed","ping_status":"closed","template":"","meta":[],"product_brand":[],"product_cat":[13533,4517],"product_tag":[6121],"class_list":{"0":"post-108716","1":"product","2":"type-product","3":"status-publish","4":"has-post-thumbnail","6":"product_cat-books","7":"product_cat-photography-en","8":"product_tag-photography","9":"pa_author_att-sebastiao-salgado-en","10":"pa_cover-hardcover","11":"pa_format-156-x-217-cm-en","12":"pa_isbn-20923","13":"pa_language-eng","14":"pa_pages-512-en","15":"pa_published-2026-01-15","16":"pa_publisher-taschen-en-en","18":"first","19":"instock","20":"sold-individually","21":"shipping-taxable","22":"purchasable","23":"product-type-simple"},"yoast_head":"<!-- This site is optimized with the Yoast SEO plugin v27.4 - https:\/\/yoast.com\/product\/yoast-seo-wordpress\/ -->\n<title>Sebasti\u00e3o Salgado. Amaz\u00f4nia. 45th Ed. (Sebastiao Salgado) - book \/ album - Folio<\/title>\n<meta name=\"description\" content=\"Wejd\u017a i kup ksi\u0105\u017ck\u0119 Sebasti\u00e3o Salgado. Amaz\u00f4nia. 45th Ed. autorstwa Sebastiao Salgado wydan\u0105 przez TASCHEN (2026-01-15) w formacie 15,6 x 21,7 cm (ISBN: 9783754403419). Zapraszamy!\" \/>\n<meta name=\"robots\" content=\"index, follow, max-snippet:-1, max-image-preview:large, max-video-preview:-1\" \/>\n<link rel=\"canonical\" href=\"https:\/\/foliobooks.pl\/en\/shop\/sebastiao-salgado-amazonia-45th-ed\/\" \/>\n<meta property=\"og:locale\" content=\"en_US\" \/>\n<meta property=\"og:type\" content=\"article\" \/>\n<meta property=\"og:title\" content=\"Sebasti\u00e3o Salgado. Amaz\u00f4nia. 45th Ed. (Sebastiao Salgado) - book \/ album - Folio\" \/>\n<meta property=\"og:description\" content=\"Wejd\u017a i kup ksi\u0105\u017ck\u0119 Sebasti\u00e3o Salgado. Amaz\u00f4nia. 45th Ed. autorstwa Sebastiao Salgado wydan\u0105 przez TASCHEN (2026-01-15) w formacie 15,6 x 21,7 cm (ISBN: 9783754403419). Zapraszamy!\" \/>\n<meta property=\"og:url\" content=\"https:\/\/foliobooks.pl\/en\/shop\/sebastiao-salgado-amazonia-45th-ed\/\" \/>\n<meta property=\"og:site_name\" content=\"Folio\" \/>\n<meta property=\"og:image\" content=\"https:\/\/foliobooks.pl\/wp-content\/uploads\/2026\/01\/9783754403419.png\" \/>\n\t<meta property=\"og:image:width\" content=\"570\" \/>\n\t<meta property=\"og:image:height\" content=\"708\" \/>\n\t<meta property=\"og:image:type\" content=\"image\/png\" \/>\n<meta name=\"twitter:card\" content=\"summary_large_image\" \/>\n<meta name=\"twitter:label1\" content=\"Est. reading time\" \/>\n\t<meta name=\"twitter:data1\" content=\"3 minutes\" \/>\n<script type=\"application\/ld+json\" class=\"yoast-schema-graph\">{\"@context\":\"https:\\\/\\\/schema.org\",\"@graph\":[{\"@type\":\"WebPage\",\"@id\":\"https:\\\/\\\/foliobooks.pl\\\/en\\\/shop\\\/sebastiao-salgado-amazonia-45th-ed\\\/\",\"url\":\"https:\\\/\\\/foliobooks.pl\\\/en\\\/shop\\\/sebastiao-salgado-amazonia-45th-ed\\\/\",\"name\":\"Sebasti\u00e3o Salgado. Amaz\u00f4nia. 45th Ed. (Sebastiao Salgado) - book \\\/ album - Folio\",\"isPartOf\":{\"@id\":\"https:\\\/\\\/foliobooks.pl\\\/en\\\/#website\"},\"primaryImageOfPage\":{\"@id\":\"https:\\\/\\\/foliobooks.pl\\\/en\\\/shop\\\/sebastiao-salgado-amazonia-45th-ed\\\/#primaryimage\"},\"image\":{\"@id\":\"https:\\\/\\\/foliobooks.pl\\\/en\\\/shop\\\/sebastiao-salgado-amazonia-45th-ed\\\/#primaryimage\"},\"thumbnailUrl\":\"https:\\\/\\\/foliobooks.pl\\\/wp-content\\\/uploads\\\/2026\\\/01\\\/9783754403419.png\",\"datePublished\":\"2026-01-07T16:13:19+00:00\",\"description\":\"Wejd\u017a i kup ksi\u0105\u017ck\u0119 Sebasti\u00e3o Salgado. Amaz\u00f4nia. 45th Ed. autorstwa Sebastiao Salgado wydan\u0105 przez TASCHEN (2026-01-15) w formacie 15,6 x 21,7 cm (ISBN: 9783754403419). Zapraszamy!\",\"breadcrumb\":{\"@id\":\"https:\\\/\\\/foliobooks.pl\\\/en\\\/shop\\\/sebastiao-salgado-amazonia-45th-ed\\\/#breadcrumb\"},\"inLanguage\":\"en-US\",\"potentialAction\":[{\"@type\":\"ReadAction\",\"target\":[\"https:\\\/\\\/foliobooks.pl\\\/en\\\/shop\\\/sebastiao-salgado-amazonia-45th-ed\\\/\"]}]},{\"@type\":\"ImageObject\",\"inLanguage\":\"en-US\",\"@id\":\"https:\\\/\\\/foliobooks.pl\\\/en\\\/shop\\\/sebastiao-salgado-amazonia-45th-ed\\\/#primaryimage\",\"url\":\"https:\\\/\\\/foliobooks.pl\\\/wp-content\\\/uploads\\\/2026\\\/01\\\/9783754403419.png\",\"contentUrl\":\"https:\\\/\\\/foliobooks.pl\\\/wp-content\\\/uploads\\\/2026\\\/01\\\/9783754403419.png\",\"width\":570,\"height\":708},{\"@type\":\"BreadcrumbList\",\"@id\":\"https:\\\/\\\/foliobooks.pl\\\/en\\\/shop\\\/sebastiao-salgado-amazonia-45th-ed\\\/#breadcrumb\",\"itemListElement\":[{\"@type\":\"ListItem\",\"position\":1,\"name\":\"Strona g\u0142\u00f3wna\",\"item\":\"https:\\\/\\\/foliobooks.pl\\\/en\\\/\"},{\"@type\":\"ListItem\",\"position\":2,\"name\":\"Shop\",\"item\":\"https:\\\/\\\/foliobooks.pl\\\/en\\\/shop\\\/\"},{\"@type\":\"ListItem\",\"position\":3,\"name\":\"Sebasti\u00e3o Salgado. Amaz\u00f4nia. 45th Ed.\"}]},{\"@type\":\"WebSite\",\"@id\":\"https:\\\/\\\/foliobooks.pl\\\/en\\\/#website\",\"url\":\"https:\\\/\\\/foliobooks.pl\\\/en\\\/\",\"name\":\"Folio\",\"description\":\"Ksi\u0119garnia internetowa\",\"potentialAction\":[{\"@type\":\"SearchAction\",\"target\":{\"@type\":\"EntryPoint\",\"urlTemplate\":\"https:\\\/\\\/foliobooks.pl\\\/en\\\/?s={search_term_string}\"},\"query-input\":{\"@type\":\"PropertyValueSpecification\",\"valueRequired\":true,\"valueName\":\"search_term_string\"}}],\"inLanguage\":\"en-US\"}]}<\/script>\n<!-- \/ Yoast SEO plugin. -->","yoast_head_json":{"title":"Sebasti\u00e3o Salgado. Amaz\u00f4nia. 45th Ed. (Sebastiao Salgado) - book \/ album - Folio","description":"Wejd\u017a i kup ksi\u0105\u017ck\u0119 Sebasti\u00e3o Salgado. Amaz\u00f4nia. 45th Ed. autorstwa Sebastiao Salgado wydan\u0105 przez TASCHEN (2026-01-15) w formacie 15,6 x 21,7 cm (ISBN: 9783754403419). Zapraszamy!","robots":{"index":"index","follow":"follow","max-snippet":"max-snippet:-1","max-image-preview":"max-image-preview:large","max-video-preview":"max-video-preview:-1"},"canonical":"https:\/\/foliobooks.pl\/en\/shop\/sebastiao-salgado-amazonia-45th-ed\/","og_locale":"en_US","og_type":"article","og_title":"Sebasti\u00e3o Salgado. Amaz\u00f4nia. 45th Ed. (Sebastiao Salgado) - book \/ album - Folio","og_description":"Wejd\u017a i kup ksi\u0105\u017ck\u0119 Sebasti\u00e3o Salgado. Amaz\u00f4nia. 45th Ed. autorstwa Sebastiao Salgado wydan\u0105 przez TASCHEN (2026-01-15) w formacie 15,6 x 21,7 cm (ISBN: 9783754403419). Zapraszamy!","og_url":"https:\/\/foliobooks.pl\/en\/shop\/sebastiao-salgado-amazonia-45th-ed\/","og_site_name":"Folio","og_image":[{"width":570,"height":708,"url":"https:\/\/foliobooks.pl\/wp-content\/uploads\/2026\/01\/9783754403419.png","type":"image\/png"}],"twitter_card":"summary_large_image","twitter_misc":{"Est. reading time":"3 minutes"},"schema":{"@context":"https:\/\/schema.org","@graph":[{"@type":"WebPage","@id":"https:\/\/foliobooks.pl\/en\/shop\/sebastiao-salgado-amazonia-45th-ed\/","url":"https:\/\/foliobooks.pl\/en\/shop\/sebastiao-salgado-amazonia-45th-ed\/","name":"Sebasti\u00e3o Salgado. Amaz\u00f4nia. 45th Ed. (Sebastiao Salgado) - book \/ album - Folio","isPartOf":{"@id":"https:\/\/foliobooks.pl\/en\/#website"},"primaryImageOfPage":{"@id":"https:\/\/foliobooks.pl\/en\/shop\/sebastiao-salgado-amazonia-45th-ed\/#primaryimage"},"image":{"@id":"https:\/\/foliobooks.pl\/en\/shop\/sebastiao-salgado-amazonia-45th-ed\/#primaryimage"},"thumbnailUrl":"https:\/\/foliobooks.pl\/wp-content\/uploads\/2026\/01\/9783754403419.png","datePublished":"2026-01-07T16:13:19+00:00","description":"Wejd\u017a i kup ksi\u0105\u017ck\u0119 Sebasti\u00e3o Salgado. Amaz\u00f4nia. 45th Ed. autorstwa Sebastiao Salgado wydan\u0105 przez TASCHEN (2026-01-15) w formacie 15,6 x 21,7 cm (ISBN: 9783754403419). Zapraszamy!","breadcrumb":{"@id":"https:\/\/foliobooks.pl\/en\/shop\/sebastiao-salgado-amazonia-45th-ed\/#breadcrumb"},"inLanguage":"en-US","potentialAction":[{"@type":"ReadAction","target":["https:\/\/foliobooks.pl\/en\/shop\/sebastiao-salgado-amazonia-45th-ed\/"]}]},{"@type":"ImageObject","inLanguage":"en-US","@id":"https:\/\/foliobooks.pl\/en\/shop\/sebastiao-salgado-amazonia-45th-ed\/#primaryimage","url":"https:\/\/foliobooks.pl\/wp-content\/uploads\/2026\/01\/9783754403419.png","contentUrl":"https:\/\/foliobooks.pl\/wp-content\/uploads\/2026\/01\/9783754403419.png","width":570,"height":708},{"@type":"BreadcrumbList","@id":"https:\/\/foliobooks.pl\/en\/shop\/sebastiao-salgado-amazonia-45th-ed\/#breadcrumb","itemListElement":[{"@type":"ListItem","position":1,"name":"Strona g\u0142\u00f3wna","item":"https:\/\/foliobooks.pl\/en\/"},{"@type":"ListItem","position":2,"name":"Shop","item":"https:\/\/foliobooks.pl\/en\/shop\/"},{"@type":"ListItem","position":3,"name":"Sebasti\u00e3o Salgado. Amaz\u00f4nia. 45th Ed."}]},{"@type":"WebSite","@id":"https:\/\/foliobooks.pl\/en\/#website","url":"https:\/\/foliobooks.pl\/en\/","name":"Folio","description":"Ksi\u0119garnia internetowa","potentialAction":[{"@type":"SearchAction","target":{"@type":"EntryPoint","urlTemplate":"https:\/\/foliobooks.pl\/en\/?s={search_term_string}"},"query-input":{"@type":"PropertyValueSpecification","valueRequired":true,"valueName":"search_term_string"}}],"inLanguage":"en-US"}]}},"_links":{"self":[{"href":"https:\/\/foliobooks.pl\/en\/wp-json\/wp\/v2\/product\/108716","targetHints":{"allow":["GET"]}}],"collection":[{"href":"https:\/\/foliobooks.pl\/en\/wp-json\/wp\/v2\/product"}],"about":[{"href":"https:\/\/foliobooks.pl\/en\/wp-json\/wp\/v2\/types\/product"}],"replies":[{"embeddable":true,"href":"https:\/\/foliobooks.pl\/en\/wp-json\/wp\/v2\/comments?post=108716"}],"wp:featuredmedia":[{"embeddable":true,"href":"https:\/\/foliobooks.pl\/en\/wp-json\/wp\/v2\/media\/108717"}],"wp:attachment":[{"href":"https:\/\/foliobooks.pl\/en\/wp-json\/wp\/v2\/media?parent=108716"}],"wp:term":[{"taxonomy":"product_brand","embeddable":true,"href":"https:\/\/foliobooks.pl\/en\/wp-json\/wp\/v2\/product_brand?post=108716"},{"taxonomy":"product_cat","embeddable":true,"href":"https:\/\/foliobooks.pl\/en\/wp-json\/wp\/v2\/product_cat?post=108716"},{"taxonomy":"product_tag","embeddable":true,"href":"https:\/\/foliobooks.pl\/en\/wp-json\/wp\/v2\/product_tag?post=108716"}],"curies":[{"name":"wp","href":"https:\/\/api.w.org\/{rel}","templated":true}]}}