{"id":108704,"date":"2026-01-07T17:07:25","date_gmt":"2026-01-07T16:07:25","guid":{"rendered":"https:\/\/foliobooks.pl\/sklep\/niki-de-saint-phalle\/"},"modified":"2026-01-07T17:07:25","modified_gmt":"2026-01-07T16:07:25","slug":"niki-de-saint-phalle","status":"publish","type":"product","link":"https:\/\/foliobooks.pl\/en\/shop\/niki-de-saint-phalle\/","title":{"rendered":"Niki de Saint Phalle"},"content":{"rendered":"<p>Tirs and Tarot<\/p>\n<p>New possibilities for painting and sculpture<\/p>\n<p>A key contributor to Nouveau R\u00e9alisme in early 1960s Paris, Niki de Saint Phalle (1930-2002) worked alongside artists such as Arman, Yves Klein, and Jean Tinguely, scavenging real objects in place of traditional art materials. She connected art to life by instrumentalizing household items, machine parts, and even toys for her early assemblages. Saint Phalle created her first shooting painting, or Tir, in 1961, and went on to conduct these performances in such varied locations as the Impasse Ronsin in Paris, a garden in Amsterdam, a sandpit outside Stockholm, and the Malibu Hills. Reliefs made of plaster, small objects, paint, wood, and wire were punctured by the bullets of a gun.<\/p>\n<p>This book provides an introduction to Saint Phalle\u2019s work, highlighting some of her most important contributions to 20th century art. From birthing mothers to harbingers of death, she created sculptures that celebrated and exposed the female form in works such as Pink Birth (1964) and Hon En Kathedral (1966). She also used real-life figures as inspiration: her early Nana sculptures are named after the artist\u2019s women friends and family members. She later extended her practice to films such as Daddy (1973), artist\u2019s books including AIDS: You Can\u2019t Catch it Holding Hands (1987), and the Tarot Garden, a monumental sculpture park with figures modeled on the 22 named cards of the Major Arcana figures in the Tarot deck, the karmic cards of destiny.<\/p>\n","protected":false},"excerpt":{"rendered":"<p>Tirs and Tarot New possibilities for painting and sculpture A key contributor to Nouveau R\u00e9alisme in early 1960s Paris, Niki de Saint Phalle (1930-2002) worked alongside artists such as Arman, Yves Klein, and Jean Tinguely, scavenging real objects in place of traditional art materials. She connected art to life by instrumentalizing household items, machine parts,&#8230;<\/p>\n","protected":false},"featured_media":108705,"comment_status":"closed","ping_status":"closed","template":"","meta":[],"product_brand":[],"product_cat":[4522,13533],"product_tag":[9083,1702],"class_list":{"0":"post-108704","1":"product","2":"type-product","3":"status-publish","4":"has-post-thumbnail","6":"product_cat-art-en","7":"product_cat-books","8":"product_tag-art-en","9":"product_tag-artists","10":"pa_author_att-janis-mink-en","11":"pa_cover-hardcover","12":"pa_format-21-x-26-cm-en","13":"pa_isbn-20920","14":"pa_language-eng","15":"pa_pages-96-en","16":"pa_published-2025-08-12","17":"pa_publisher-taschen-en-en","19":"first","20":"instock","21":"sold-individually","22":"shipping-taxable","23":"purchasable","24":"product-type-simple"},"yoast_head":"<!-- This site is optimized with the Yoast SEO plugin v27.4 - https:\/\/yoast.com\/product\/yoast-seo-wordpress\/ -->\n<title>Niki de Saint Phalle (Janis Mink) - book \/ album - Folio<\/title>\n<meta name=\"description\" content=\"Wejd\u017a i kup ksi\u0105\u017ck\u0119 Niki de Saint Phalle autorstwa Janis Mink wydan\u0105 przez TASCHEN (2025-08-12) w formacie 21 x 26 cm (ISBN: 9783754400050). Zapraszamy!\" \/>\n<meta name=\"robots\" content=\"index, follow, max-snippet:-1, max-image-preview:large, max-video-preview:-1\" \/>\n<link rel=\"canonical\" href=\"https:\/\/foliobooks.pl\/en\/shop\/niki-de-saint-phalle\/\" \/>\n<meta property=\"og:locale\" content=\"en_US\" \/>\n<meta property=\"og:type\" content=\"article\" \/>\n<meta property=\"og:title\" content=\"Niki de Saint Phalle (Janis Mink) - book \/ album - Folio\" \/>\n<meta property=\"og:description\" content=\"Wejd\u017a i kup ksi\u0105\u017ck\u0119 Niki de Saint Phalle autorstwa Janis Mink wydan\u0105 przez TASCHEN (2025-08-12) w formacie 21 x 26 cm (ISBN: 9783754400050). Zapraszamy!\" \/>\n<meta property=\"og:url\" content=\"https:\/\/foliobooks.pl\/en\/shop\/niki-de-saint-phalle\/\" \/>\n<meta property=\"og:site_name\" content=\"Folio\" \/>\n<meta property=\"og:image\" content=\"https:\/\/foliobooks.pl\/wp-content\/uploads\/2026\/01\/9783754400050.png\" \/>\n\t<meta property=\"og:image:width\" content=\"570\" \/>\n\t<meta property=\"og:image:height\" content=\"708\" \/>\n\t<meta property=\"og:image:type\" content=\"image\/png\" \/>\n<meta name=\"twitter:card\" content=\"summary_large_image\" \/>\n<meta name=\"twitter:label1\" content=\"Est. reading time\" \/>\n\t<meta name=\"twitter:data1\" content=\"2 minutes\" \/>\n<script type=\"application\/ld+json\" class=\"yoast-schema-graph\">{\"@context\":\"https:\\\/\\\/schema.org\",\"@graph\":[{\"@type\":\"WebPage\",\"@id\":\"https:\\\/\\\/foliobooks.pl\\\/en\\\/shop\\\/niki-de-saint-phalle\\\/\",\"url\":\"https:\\\/\\\/foliobooks.pl\\\/en\\\/shop\\\/niki-de-saint-phalle\\\/\",\"name\":\"Niki de Saint Phalle (Janis Mink) - book \\\/ album - Folio\",\"isPartOf\":{\"@id\":\"https:\\\/\\\/foliobooks.pl\\\/en\\\/#website\"},\"primaryImageOfPage\":{\"@id\":\"https:\\\/\\\/foliobooks.pl\\\/en\\\/shop\\\/niki-de-saint-phalle\\\/#primaryimage\"},\"image\":{\"@id\":\"https:\\\/\\\/foliobooks.pl\\\/en\\\/shop\\\/niki-de-saint-phalle\\\/#primaryimage\"},\"thumbnailUrl\":\"https:\\\/\\\/foliobooks.pl\\\/wp-content\\\/uploads\\\/2026\\\/01\\\/9783754400050.png\",\"datePublished\":\"2026-01-07T16:07:25+00:00\",\"description\":\"Wejd\u017a i kup ksi\u0105\u017ck\u0119 Niki de Saint Phalle autorstwa Janis Mink wydan\u0105 przez TASCHEN (2025-08-12) w formacie 21 x 26 cm (ISBN: 9783754400050). Zapraszamy!\",\"breadcrumb\":{\"@id\":\"https:\\\/\\\/foliobooks.pl\\\/en\\\/shop\\\/niki-de-saint-phalle\\\/#breadcrumb\"},\"inLanguage\":\"en-US\",\"potentialAction\":[{\"@type\":\"ReadAction\",\"target\":[\"https:\\\/\\\/foliobooks.pl\\\/en\\\/shop\\\/niki-de-saint-phalle\\\/\"]}]},{\"@type\":\"ImageObject\",\"inLanguage\":\"en-US\",\"@id\":\"https:\\\/\\\/foliobooks.pl\\\/en\\\/shop\\\/niki-de-saint-phalle\\\/#primaryimage\",\"url\":\"https:\\\/\\\/foliobooks.pl\\\/wp-content\\\/uploads\\\/2026\\\/01\\\/9783754400050.png\",\"contentUrl\":\"https:\\\/\\\/foliobooks.pl\\\/wp-content\\\/uploads\\\/2026\\\/01\\\/9783754400050.png\",\"width\":570,\"height\":708},{\"@type\":\"BreadcrumbList\",\"@id\":\"https:\\\/\\\/foliobooks.pl\\\/en\\\/shop\\\/niki-de-saint-phalle\\\/#breadcrumb\",\"itemListElement\":[{\"@type\":\"ListItem\",\"position\":1,\"name\":\"Strona g\u0142\u00f3wna\",\"item\":\"https:\\\/\\\/foliobooks.pl\\\/en\\\/\"},{\"@type\":\"ListItem\",\"position\":2,\"name\":\"Shop\",\"item\":\"https:\\\/\\\/foliobooks.pl\\\/en\\\/shop\\\/\"},{\"@type\":\"ListItem\",\"position\":3,\"name\":\"Niki de Saint Phalle\"}]},{\"@type\":\"WebSite\",\"@id\":\"https:\\\/\\\/foliobooks.pl\\\/en\\\/#website\",\"url\":\"https:\\\/\\\/foliobooks.pl\\\/en\\\/\",\"name\":\"Folio\",\"description\":\"Ksi\u0119garnia internetowa\",\"potentialAction\":[{\"@type\":\"SearchAction\",\"target\":{\"@type\":\"EntryPoint\",\"urlTemplate\":\"https:\\\/\\\/foliobooks.pl\\\/en\\\/?s={search_term_string}\"},\"query-input\":{\"@type\":\"PropertyValueSpecification\",\"valueRequired\":true,\"valueName\":\"search_term_string\"}}],\"inLanguage\":\"en-US\"}]}<\/script>\n<!-- \/ Yoast SEO plugin. -->","yoast_head_json":{"title":"Niki de Saint Phalle (Janis Mink) - book \/ album - Folio","description":"Wejd\u017a i kup ksi\u0105\u017ck\u0119 Niki de Saint Phalle autorstwa Janis Mink wydan\u0105 przez TASCHEN (2025-08-12) w formacie 21 x 26 cm (ISBN: 9783754400050). Zapraszamy!","robots":{"index":"index","follow":"follow","max-snippet":"max-snippet:-1","max-image-preview":"max-image-preview:large","max-video-preview":"max-video-preview:-1"},"canonical":"https:\/\/foliobooks.pl\/en\/shop\/niki-de-saint-phalle\/","og_locale":"en_US","og_type":"article","og_title":"Niki de Saint Phalle (Janis Mink) - book \/ album - Folio","og_description":"Wejd\u017a i kup ksi\u0105\u017ck\u0119 Niki de Saint Phalle autorstwa Janis Mink wydan\u0105 przez TASCHEN (2025-08-12) w formacie 21 x 26 cm (ISBN: 9783754400050). Zapraszamy!","og_url":"https:\/\/foliobooks.pl\/en\/shop\/niki-de-saint-phalle\/","og_site_name":"Folio","og_image":[{"width":570,"height":708,"url":"https:\/\/foliobooks.pl\/wp-content\/uploads\/2026\/01\/9783754400050.png","type":"image\/png"}],"twitter_card":"summary_large_image","twitter_misc":{"Est. reading time":"2 minutes"},"schema":{"@context":"https:\/\/schema.org","@graph":[{"@type":"WebPage","@id":"https:\/\/foliobooks.pl\/en\/shop\/niki-de-saint-phalle\/","url":"https:\/\/foliobooks.pl\/en\/shop\/niki-de-saint-phalle\/","name":"Niki de Saint Phalle (Janis Mink) - book \/ album - Folio","isPartOf":{"@id":"https:\/\/foliobooks.pl\/en\/#website"},"primaryImageOfPage":{"@id":"https:\/\/foliobooks.pl\/en\/shop\/niki-de-saint-phalle\/#primaryimage"},"image":{"@id":"https:\/\/foliobooks.pl\/en\/shop\/niki-de-saint-phalle\/#primaryimage"},"thumbnailUrl":"https:\/\/foliobooks.pl\/wp-content\/uploads\/2026\/01\/9783754400050.png","datePublished":"2026-01-07T16:07:25+00:00","description":"Wejd\u017a i kup ksi\u0105\u017ck\u0119 Niki de Saint Phalle autorstwa Janis Mink wydan\u0105 przez TASCHEN (2025-08-12) w formacie 21 x 26 cm (ISBN: 9783754400050). Zapraszamy!","breadcrumb":{"@id":"https:\/\/foliobooks.pl\/en\/shop\/niki-de-saint-phalle\/#breadcrumb"},"inLanguage":"en-US","potentialAction":[{"@type":"ReadAction","target":["https:\/\/foliobooks.pl\/en\/shop\/niki-de-saint-phalle\/"]}]},{"@type":"ImageObject","inLanguage":"en-US","@id":"https:\/\/foliobooks.pl\/en\/shop\/niki-de-saint-phalle\/#primaryimage","url":"https:\/\/foliobooks.pl\/wp-content\/uploads\/2026\/01\/9783754400050.png","contentUrl":"https:\/\/foliobooks.pl\/wp-content\/uploads\/2026\/01\/9783754400050.png","width":570,"height":708},{"@type":"BreadcrumbList","@id":"https:\/\/foliobooks.pl\/en\/shop\/niki-de-saint-phalle\/#breadcrumb","itemListElement":[{"@type":"ListItem","position":1,"name":"Strona g\u0142\u00f3wna","item":"https:\/\/foliobooks.pl\/en\/"},{"@type":"ListItem","position":2,"name":"Shop","item":"https:\/\/foliobooks.pl\/en\/shop\/"},{"@type":"ListItem","position":3,"name":"Niki de Saint Phalle"}]},{"@type":"WebSite","@id":"https:\/\/foliobooks.pl\/en\/#website","url":"https:\/\/foliobooks.pl\/en\/","name":"Folio","description":"Ksi\u0119garnia internetowa","potentialAction":[{"@type":"SearchAction","target":{"@type":"EntryPoint","urlTemplate":"https:\/\/foliobooks.pl\/en\/?s={search_term_string}"},"query-input":{"@type":"PropertyValueSpecification","valueRequired":true,"valueName":"search_term_string"}}],"inLanguage":"en-US"}]}},"_links":{"self":[{"href":"https:\/\/foliobooks.pl\/en\/wp-json\/wp\/v2\/product\/108704","targetHints":{"allow":["GET"]}}],"collection":[{"href":"https:\/\/foliobooks.pl\/en\/wp-json\/wp\/v2\/product"}],"about":[{"href":"https:\/\/foliobooks.pl\/en\/wp-json\/wp\/v2\/types\/product"}],"replies":[{"embeddable":true,"href":"https:\/\/foliobooks.pl\/en\/wp-json\/wp\/v2\/comments?post=108704"}],"wp:featuredmedia":[{"embeddable":true,"href":"https:\/\/foliobooks.pl\/en\/wp-json\/wp\/v2\/media\/108705"}],"wp:attachment":[{"href":"https:\/\/foliobooks.pl\/en\/wp-json\/wp\/v2\/media?parent=108704"}],"wp:term":[{"taxonomy":"product_brand","embeddable":true,"href":"https:\/\/foliobooks.pl\/en\/wp-json\/wp\/v2\/product_brand?post=108704"},{"taxonomy":"product_cat","embeddable":true,"href":"https:\/\/foliobooks.pl\/en\/wp-json\/wp\/v2\/product_cat?post=108704"},{"taxonomy":"product_tag","embeddable":true,"href":"https:\/\/foliobooks.pl\/en\/wp-json\/wp\/v2\/product_tag?post=108704"}],"curies":[{"name":"wp","href":"https:\/\/api.w.org\/{rel}","templated":true}]}}