{"id":108666,"date":"2026-01-07T16:36:23","date_gmt":"2026-01-07T15:36:23","guid":{"rendered":"https:\/\/foliobooks.pl\/sklep\/on-nfts\/"},"modified":"2026-01-07T16:36:23","modified_gmt":"2026-01-07T15:36:23","slug":"on-nfts","status":"publish","type":"product","link":"https:\/\/foliobooks.pl\/en\/shop\/on-nfts\/","title":{"rendered":"On NFTs"},"content":{"rendered":"<p>Art, Reprogrammed<\/p>\n<p>A definitive guide to the art and impact of NFTs, now in a compact, budget-friendly edition<\/p>\n<p>Formerly published as a Collector\u2019s Edition, the first major art historical survey on the most compelling, disruptive area of contemporary art is now available in an updated, more affordable edition which includes 11 additional artists. A rigorous examination of all facets of the NFT ecosystem, it takes a multidimensional, artist-led approach to give a richer understanding of a topic often shrouded in pixelated mystery.<\/p>\n<p>Featuring insight from the leading voices in art and the blockchain, including Hans Ulrich Obrist, On NFTs celebrates unlikely and thought-provoking connections from across art history. Expect to find Rembrandts examined alongside CryptoPunk avatars, and 10 extensive essays explaining the nitty-gritty of NFTs\u2014including Sol LeWitt\u2019s influence on today\u2019s artistic algorithms\u2014plus behind-the-scenes glimpses of the creative processes of pioneering artists, from Beeple and Emily Xie to Snowfro and Refik Anadol.<\/p>\n<p>In examinging the evolution of NFTs from the 1960s onwards, the author references artists and projects electrifying the digital art space up to the present day. With about 1,400 images and nearly 200 QR codes, readers can explore the works interactively and in rich visual detail. In addition to a glossary of terms, and a comprehensive exhibition history and timeline, there\u2019s a survey of 111 key practitioners working today, with each profile uniquely authored by experts, including curators, critics, artists, and AI.<\/p>\n<p>On NFTs captures a seismic shift in art history, inviting both natives and newcomers to experience the bold, boundary-breaking future of creativity.<\/p>\n","protected":false},"excerpt":{"rendered":"<p>Art, Reprogrammed A definitive guide to the art and impact of NFTs, now in a compact, budget-friendly edition Formerly published as a Collector\u2019s Edition, the first major art historical survey on the most compelling, disruptive area of contemporary art is now available in an updated, more affordable edition which includes 11 additional artists. A rigorous&#8230;<\/p>\n","protected":false},"featured_media":108667,"comment_status":"closed","ping_status":"closed","template":"","meta":[],"product_brand":[],"product_cat":[13533,4517],"product_tag":[7262],"class_list":{"0":"post-108666","1":"product","2":"type-product","3":"status-publish","4":"has-post-thumbnail","6":"product_cat-books","7":"product_cat-photography-en","8":"product_tag-technology-en","9":"pa_author_att-robert-alice","10":"pa_cover-hardcover","11":"pa_format-196-x-255-cm-en","12":"pa_isbn-20914","13":"pa_language-eng","14":"pa_pages-656-en","15":"pa_published-2025-11-01","16":"pa_publisher-taschen-en-en","18":"first","19":"instock","20":"sold-individually","21":"shipping-taxable","22":"purchasable","23":"product-type-simple"},"yoast_head":"<!-- This site is optimized with the Yoast SEO plugin v27.4 - https:\/\/yoast.com\/product\/yoast-seo-wordpress\/ -->\n<title>On NFTs (Robert Alice) - book \/ album - Folio<\/title>\n<meta name=\"description\" content=\"Wejd\u017a i kup ksi\u0105\u017ck\u0119 On NFTs autorstwa Robert Alice wydan\u0105 przez TASCHEN (2025-11-01) w formacie 19,6 x 25,5 cm (ISBN: 9783836593458). Zapraszamy!\" \/>\n<meta name=\"robots\" content=\"index, follow, max-snippet:-1, max-image-preview:large, max-video-preview:-1\" \/>\n<link rel=\"canonical\" href=\"https:\/\/foliobooks.pl\/en\/shop\/on-nfts\/\" \/>\n<meta property=\"og:locale\" content=\"en_US\" \/>\n<meta property=\"og:type\" content=\"article\" \/>\n<meta property=\"og:title\" content=\"On NFTs (Robert Alice) - book \/ album - Folio\" \/>\n<meta property=\"og:description\" content=\"Wejd\u017a i kup ksi\u0105\u017ck\u0119 On NFTs autorstwa Robert Alice wydan\u0105 przez TASCHEN (2025-11-01) w formacie 19,6 x 25,5 cm (ISBN: 9783836593458). Zapraszamy!\" \/>\n<meta property=\"og:url\" content=\"https:\/\/foliobooks.pl\/en\/shop\/on-nfts\/\" \/>\n<meta property=\"og:site_name\" content=\"Folio\" \/>\n<meta property=\"og:image\" content=\"https:\/\/foliobooks.pl\/wp-content\/uploads\/2026\/01\/9783836593458.png\" \/>\n\t<meta property=\"og:image:width\" content=\"570\" \/>\n\t<meta property=\"og:image:height\" content=\"708\" \/>\n\t<meta property=\"og:image:type\" content=\"image\/png\" \/>\n<meta name=\"twitter:card\" content=\"summary_large_image\" \/>\n<meta name=\"twitter:label1\" content=\"Est. reading time\" \/>\n\t<meta name=\"twitter:data1\" content=\"2 minutes\" \/>\n<script type=\"application\/ld+json\" class=\"yoast-schema-graph\">{\"@context\":\"https:\\\/\\\/schema.org\",\"@graph\":[{\"@type\":\"WebPage\",\"@id\":\"https:\\\/\\\/foliobooks.pl\\\/en\\\/shop\\\/on-nfts\\\/\",\"url\":\"https:\\\/\\\/foliobooks.pl\\\/en\\\/shop\\\/on-nfts\\\/\",\"name\":\"On NFTs (Robert Alice) - book \\\/ album - Folio\",\"isPartOf\":{\"@id\":\"https:\\\/\\\/foliobooks.pl\\\/en\\\/#website\"},\"primaryImageOfPage\":{\"@id\":\"https:\\\/\\\/foliobooks.pl\\\/en\\\/shop\\\/on-nfts\\\/#primaryimage\"},\"image\":{\"@id\":\"https:\\\/\\\/foliobooks.pl\\\/en\\\/shop\\\/on-nfts\\\/#primaryimage\"},\"thumbnailUrl\":\"https:\\\/\\\/foliobooks.pl\\\/wp-content\\\/uploads\\\/2026\\\/01\\\/9783836593458.png\",\"datePublished\":\"2026-01-07T15:36:23+00:00\",\"description\":\"Wejd\u017a i kup ksi\u0105\u017ck\u0119 On NFTs autorstwa Robert Alice wydan\u0105 przez TASCHEN (2025-11-01) w formacie 19,6 x 25,5 cm (ISBN: 9783836593458). Zapraszamy!\",\"breadcrumb\":{\"@id\":\"https:\\\/\\\/foliobooks.pl\\\/en\\\/shop\\\/on-nfts\\\/#breadcrumb\"},\"inLanguage\":\"en-US\",\"potentialAction\":[{\"@type\":\"ReadAction\",\"target\":[\"https:\\\/\\\/foliobooks.pl\\\/en\\\/shop\\\/on-nfts\\\/\"]}]},{\"@type\":\"ImageObject\",\"inLanguage\":\"en-US\",\"@id\":\"https:\\\/\\\/foliobooks.pl\\\/en\\\/shop\\\/on-nfts\\\/#primaryimage\",\"url\":\"https:\\\/\\\/foliobooks.pl\\\/wp-content\\\/uploads\\\/2026\\\/01\\\/9783836593458.png\",\"contentUrl\":\"https:\\\/\\\/foliobooks.pl\\\/wp-content\\\/uploads\\\/2026\\\/01\\\/9783836593458.png\",\"width\":570,\"height\":708},{\"@type\":\"BreadcrumbList\",\"@id\":\"https:\\\/\\\/foliobooks.pl\\\/en\\\/shop\\\/on-nfts\\\/#breadcrumb\",\"itemListElement\":[{\"@type\":\"ListItem\",\"position\":1,\"name\":\"Strona g\u0142\u00f3wna\",\"item\":\"https:\\\/\\\/foliobooks.pl\\\/en\\\/\"},{\"@type\":\"ListItem\",\"position\":2,\"name\":\"Shop\",\"item\":\"https:\\\/\\\/foliobooks.pl\\\/en\\\/shop\\\/\"},{\"@type\":\"ListItem\",\"position\":3,\"name\":\"On NFTs\"}]},{\"@type\":\"WebSite\",\"@id\":\"https:\\\/\\\/foliobooks.pl\\\/en\\\/#website\",\"url\":\"https:\\\/\\\/foliobooks.pl\\\/en\\\/\",\"name\":\"Folio\",\"description\":\"Ksi\u0119garnia internetowa\",\"potentialAction\":[{\"@type\":\"SearchAction\",\"target\":{\"@type\":\"EntryPoint\",\"urlTemplate\":\"https:\\\/\\\/foliobooks.pl\\\/en\\\/?s={search_term_string}\"},\"query-input\":{\"@type\":\"PropertyValueSpecification\",\"valueRequired\":true,\"valueName\":\"search_term_string\"}}],\"inLanguage\":\"en-US\"}]}<\/script>\n<!-- \/ Yoast SEO plugin. -->","yoast_head_json":{"title":"On NFTs (Robert Alice) - book \/ album - Folio","description":"Wejd\u017a i kup ksi\u0105\u017ck\u0119 On NFTs autorstwa Robert Alice wydan\u0105 przez TASCHEN (2025-11-01) w formacie 19,6 x 25,5 cm (ISBN: 9783836593458). Zapraszamy!","robots":{"index":"index","follow":"follow","max-snippet":"max-snippet:-1","max-image-preview":"max-image-preview:large","max-video-preview":"max-video-preview:-1"},"canonical":"https:\/\/foliobooks.pl\/en\/shop\/on-nfts\/","og_locale":"en_US","og_type":"article","og_title":"On NFTs (Robert Alice) - book \/ album - Folio","og_description":"Wejd\u017a i kup ksi\u0105\u017ck\u0119 On NFTs autorstwa Robert Alice wydan\u0105 przez TASCHEN (2025-11-01) w formacie 19,6 x 25,5 cm (ISBN: 9783836593458). Zapraszamy!","og_url":"https:\/\/foliobooks.pl\/en\/shop\/on-nfts\/","og_site_name":"Folio","og_image":[{"width":570,"height":708,"url":"https:\/\/foliobooks.pl\/wp-content\/uploads\/2026\/01\/9783836593458.png","type":"image\/png"}],"twitter_card":"summary_large_image","twitter_misc":{"Est. reading time":"2 minutes"},"schema":{"@context":"https:\/\/schema.org","@graph":[{"@type":"WebPage","@id":"https:\/\/foliobooks.pl\/en\/shop\/on-nfts\/","url":"https:\/\/foliobooks.pl\/en\/shop\/on-nfts\/","name":"On NFTs (Robert Alice) - book \/ album - Folio","isPartOf":{"@id":"https:\/\/foliobooks.pl\/en\/#website"},"primaryImageOfPage":{"@id":"https:\/\/foliobooks.pl\/en\/shop\/on-nfts\/#primaryimage"},"image":{"@id":"https:\/\/foliobooks.pl\/en\/shop\/on-nfts\/#primaryimage"},"thumbnailUrl":"https:\/\/foliobooks.pl\/wp-content\/uploads\/2026\/01\/9783836593458.png","datePublished":"2026-01-07T15:36:23+00:00","description":"Wejd\u017a i kup ksi\u0105\u017ck\u0119 On NFTs autorstwa Robert Alice wydan\u0105 przez TASCHEN (2025-11-01) w formacie 19,6 x 25,5 cm (ISBN: 9783836593458). Zapraszamy!","breadcrumb":{"@id":"https:\/\/foliobooks.pl\/en\/shop\/on-nfts\/#breadcrumb"},"inLanguage":"en-US","potentialAction":[{"@type":"ReadAction","target":["https:\/\/foliobooks.pl\/en\/shop\/on-nfts\/"]}]},{"@type":"ImageObject","inLanguage":"en-US","@id":"https:\/\/foliobooks.pl\/en\/shop\/on-nfts\/#primaryimage","url":"https:\/\/foliobooks.pl\/wp-content\/uploads\/2026\/01\/9783836593458.png","contentUrl":"https:\/\/foliobooks.pl\/wp-content\/uploads\/2026\/01\/9783836593458.png","width":570,"height":708},{"@type":"BreadcrumbList","@id":"https:\/\/foliobooks.pl\/en\/shop\/on-nfts\/#breadcrumb","itemListElement":[{"@type":"ListItem","position":1,"name":"Strona g\u0142\u00f3wna","item":"https:\/\/foliobooks.pl\/en\/"},{"@type":"ListItem","position":2,"name":"Shop","item":"https:\/\/foliobooks.pl\/en\/shop\/"},{"@type":"ListItem","position":3,"name":"On NFTs"}]},{"@type":"WebSite","@id":"https:\/\/foliobooks.pl\/en\/#website","url":"https:\/\/foliobooks.pl\/en\/","name":"Folio","description":"Ksi\u0119garnia internetowa","potentialAction":[{"@type":"SearchAction","target":{"@type":"EntryPoint","urlTemplate":"https:\/\/foliobooks.pl\/en\/?s={search_term_string}"},"query-input":{"@type":"PropertyValueSpecification","valueRequired":true,"valueName":"search_term_string"}}],"inLanguage":"en-US"}]}},"_links":{"self":[{"href":"https:\/\/foliobooks.pl\/en\/wp-json\/wp\/v2\/product\/108666","targetHints":{"allow":["GET"]}}],"collection":[{"href":"https:\/\/foliobooks.pl\/en\/wp-json\/wp\/v2\/product"}],"about":[{"href":"https:\/\/foliobooks.pl\/en\/wp-json\/wp\/v2\/types\/product"}],"replies":[{"embeddable":true,"href":"https:\/\/foliobooks.pl\/en\/wp-json\/wp\/v2\/comments?post=108666"}],"wp:featuredmedia":[{"embeddable":true,"href":"https:\/\/foliobooks.pl\/en\/wp-json\/wp\/v2\/media\/108667"}],"wp:attachment":[{"href":"https:\/\/foliobooks.pl\/en\/wp-json\/wp\/v2\/media?parent=108666"}],"wp:term":[{"taxonomy":"product_brand","embeddable":true,"href":"https:\/\/foliobooks.pl\/en\/wp-json\/wp\/v2\/product_brand?post=108666"},{"taxonomy":"product_cat","embeddable":true,"href":"https:\/\/foliobooks.pl\/en\/wp-json\/wp\/v2\/product_cat?post=108666"},{"taxonomy":"product_tag","embeddable":true,"href":"https:\/\/foliobooks.pl\/en\/wp-json\/wp\/v2\/product_tag?post=108666"}],"curies":[{"name":"wp","href":"https:\/\/api.w.org\/{rel}","templated":true}]}}