{"id":108640,"date":"2026-01-07T15:30:22","date_gmt":"2026-01-07T14:30:22","guid":{"rendered":"https:\/\/foliobooks.pl\/sklep\/issey-miyake\/"},"modified":"2026-01-07T15:30:22","modified_gmt":"2026-01-07T14:30:22","slug":"issey-miyake","status":"publish","type":"product","link":"https:\/\/foliobooks.pl\/en\/shop\/issey-miyake\/","title":{"rendered":"Issey Miyake"},"content":{"rendered":"<p>Lyrical Life-Wear<\/p>\n<p>A tribute to the designer Issey Miyake<\/p>\n<p>In 1983, Japanese designer Issey Miyake told The New Yorker that he aspired \u201cto forge ahead, to break the mold.\u201d With the boundary-defying fashion lines that followed, he not only broke molds, but recast clothing altogether. With a unique fusion of poetry and practicality, his creations blur the boundaries between tradition, modern technology, and everyday function.<\/p>\n<p>This definitive history of Miyake\u2019s clothes from 1960 to 2022 offers expert insight into the designer\u2019s vision and daring. Initiated and conceived by Midori Kitamura, the book looks at the texture-driven originality of Miyake\u2019s materials and techniques from the very earliest days of his career, before he had even established the Miyake Design Studio. Drawing on nearly 50 years of collaborative work with Miyake, Kitamura creates an encyclopedic reference of his material and technical innovations through the clothes based on A Piece of Cloth concept, Body Series of the 1980s, Miyake Pleats series, and such practical, everyday designs as Pleats Please pieces.<\/p>\n<p>Stunning photographs capture his clothes in their particular quotidian originality. In her far-reaching essay, meanwhile, leading cultural figure Kazuko Koike offers both a complete chronology of Miyake\u2019s work, and an unprecedented personal profile, looking at the ambition and inspirations that have driven his repertoire from tender teenage years. A must-have for designers, students, and fashion devotees, this is a timeless tribute to one of the most innovative makers of our age.<\/p>\n","protected":false},"excerpt":{"rendered":"<p>Lyrical Life-Wear A tribute to the designer Issey Miyake In 1983, Japanese designer Issey Miyake told The New Yorker that he aspired \u201cto forge ahead, to break the mold.\u201d With the boundary-defying fashion lines that followed, he not only broke molds, but recast clothing altogether. With a unique fusion of poetry and practicality, his creations&#8230;<\/p>\n","protected":false},"featured_media":108641,"comment_status":"closed","ping_status":"closed","template":"","meta":[],"product_brand":[],"product_cat":[13533,4519,4517],"product_tag":[6125],"class_list":{"0":"post-108640","1":"product","2":"type-product","3":"status-publish","4":"has-post-thumbnail","6":"product_cat-books","7":"product_cat-fashion-en-en","8":"product_cat-photography-en","9":"product_tag-fashion","10":"pa_author_att-midori-kitamura-en","11":"pa_cover-hardcover","12":"pa_format-30-x-30-cm-en","13":"pa_isbn-20908","14":"pa_language-english-and-japanese","15":"pa_pages-448-en","16":"pa_published-2024-06-20-en","17":"pa_publisher-taschen-en-en","19":"first","20":"instock","21":"sold-individually","22":"shipping-taxable","23":"purchasable","24":"product-type-simple"},"yoast_head":"<!-- This site is optimized with the Yoast SEO plugin v27.4 - https:\/\/yoast.com\/product\/yoast-seo-wordpress\/ -->\n<title>Issey Miyake (Midori Kitamura) - book \/ album - Folio<\/title>\n<meta name=\"description\" content=\"Wejd\u017a i kup ksi\u0105\u017ck\u0119 Issey Miyake autorstwa Midori Kitamura wydan\u0105 przez TASCHEN (2024-06-20) w formacie 30 x 30 cm (ISBN: 9783836596053). Zapraszamy!\" \/>\n<meta name=\"robots\" content=\"index, follow, max-snippet:-1, max-image-preview:large, max-video-preview:-1\" \/>\n<link rel=\"canonical\" href=\"https:\/\/foliobooks.pl\/en\/shop\/issey-miyake\/\" \/>\n<meta property=\"og:locale\" content=\"en_US\" \/>\n<meta property=\"og:type\" content=\"article\" \/>\n<meta property=\"og:title\" content=\"Issey Miyake (Midori Kitamura) - book \/ album - Folio\" \/>\n<meta property=\"og:description\" content=\"Wejd\u017a i kup ksi\u0105\u017ck\u0119 Issey Miyake autorstwa Midori Kitamura wydan\u0105 przez TASCHEN (2024-06-20) w formacie 30 x 30 cm (ISBN: 9783836596053). Zapraszamy!\" \/>\n<meta property=\"og:url\" content=\"https:\/\/foliobooks.pl\/en\/shop\/issey-miyake\/\" \/>\n<meta property=\"og:site_name\" content=\"Folio\" \/>\n<meta property=\"og:image\" content=\"https:\/\/foliobooks.pl\/wp-content\/uploads\/2026\/01\/9783836596053.png\" \/>\n\t<meta property=\"og:image:width\" content=\"570\" \/>\n\t<meta property=\"og:image:height\" content=\"708\" \/>\n\t<meta property=\"og:image:type\" content=\"image\/png\" \/>\n<meta name=\"twitter:card\" content=\"summary_large_image\" \/>\n<meta name=\"twitter:label1\" content=\"Est. reading time\" \/>\n\t<meta name=\"twitter:data1\" content=\"2 minutes\" \/>\n<script type=\"application\/ld+json\" class=\"yoast-schema-graph\">{\"@context\":\"https:\\\/\\\/schema.org\",\"@graph\":[{\"@type\":\"WebPage\",\"@id\":\"https:\\\/\\\/foliobooks.pl\\\/en\\\/shop\\\/issey-miyake\\\/\",\"url\":\"https:\\\/\\\/foliobooks.pl\\\/en\\\/shop\\\/issey-miyake\\\/\",\"name\":\"Issey Miyake (Midori Kitamura) - book \\\/ album - Folio\",\"isPartOf\":{\"@id\":\"https:\\\/\\\/foliobooks.pl\\\/en\\\/#website\"},\"primaryImageOfPage\":{\"@id\":\"https:\\\/\\\/foliobooks.pl\\\/en\\\/shop\\\/issey-miyake\\\/#primaryimage\"},\"image\":{\"@id\":\"https:\\\/\\\/foliobooks.pl\\\/en\\\/shop\\\/issey-miyake\\\/#primaryimage\"},\"thumbnailUrl\":\"https:\\\/\\\/foliobooks.pl\\\/wp-content\\\/uploads\\\/2026\\\/01\\\/9783836596053.png\",\"datePublished\":\"2026-01-07T14:30:22+00:00\",\"description\":\"Wejd\u017a i kup ksi\u0105\u017ck\u0119 Issey Miyake autorstwa Midori Kitamura wydan\u0105 przez TASCHEN (2024-06-20) w formacie 30 x 30 cm (ISBN: 9783836596053). Zapraszamy!\",\"breadcrumb\":{\"@id\":\"https:\\\/\\\/foliobooks.pl\\\/en\\\/shop\\\/issey-miyake\\\/#breadcrumb\"},\"inLanguage\":\"en-US\",\"potentialAction\":[{\"@type\":\"ReadAction\",\"target\":[\"https:\\\/\\\/foliobooks.pl\\\/en\\\/shop\\\/issey-miyake\\\/\"]}]},{\"@type\":\"ImageObject\",\"inLanguage\":\"en-US\",\"@id\":\"https:\\\/\\\/foliobooks.pl\\\/en\\\/shop\\\/issey-miyake\\\/#primaryimage\",\"url\":\"https:\\\/\\\/foliobooks.pl\\\/wp-content\\\/uploads\\\/2026\\\/01\\\/9783836596053.png\",\"contentUrl\":\"https:\\\/\\\/foliobooks.pl\\\/wp-content\\\/uploads\\\/2026\\\/01\\\/9783836596053.png\",\"width\":570,\"height\":708},{\"@type\":\"BreadcrumbList\",\"@id\":\"https:\\\/\\\/foliobooks.pl\\\/en\\\/shop\\\/issey-miyake\\\/#breadcrumb\",\"itemListElement\":[{\"@type\":\"ListItem\",\"position\":1,\"name\":\"Strona g\u0142\u00f3wna\",\"item\":\"https:\\\/\\\/foliobooks.pl\\\/en\\\/\"},{\"@type\":\"ListItem\",\"position\":2,\"name\":\"Shop\",\"item\":\"https:\\\/\\\/foliobooks.pl\\\/en\\\/shop\\\/\"},{\"@type\":\"ListItem\",\"position\":3,\"name\":\"Issey Miyake\"}]},{\"@type\":\"WebSite\",\"@id\":\"https:\\\/\\\/foliobooks.pl\\\/en\\\/#website\",\"url\":\"https:\\\/\\\/foliobooks.pl\\\/en\\\/\",\"name\":\"Folio\",\"description\":\"Ksi\u0119garnia internetowa\",\"potentialAction\":[{\"@type\":\"SearchAction\",\"target\":{\"@type\":\"EntryPoint\",\"urlTemplate\":\"https:\\\/\\\/foliobooks.pl\\\/en\\\/?s={search_term_string}\"},\"query-input\":{\"@type\":\"PropertyValueSpecification\",\"valueRequired\":true,\"valueName\":\"search_term_string\"}}],\"inLanguage\":\"en-US\"}]}<\/script>\n<!-- \/ Yoast SEO plugin. -->","yoast_head_json":{"title":"Issey Miyake (Midori Kitamura) - book \/ album - Folio","description":"Wejd\u017a i kup ksi\u0105\u017ck\u0119 Issey Miyake autorstwa Midori Kitamura wydan\u0105 przez TASCHEN (2024-06-20) w formacie 30 x 30 cm (ISBN: 9783836596053). Zapraszamy!","robots":{"index":"index","follow":"follow","max-snippet":"max-snippet:-1","max-image-preview":"max-image-preview:large","max-video-preview":"max-video-preview:-1"},"canonical":"https:\/\/foliobooks.pl\/en\/shop\/issey-miyake\/","og_locale":"en_US","og_type":"article","og_title":"Issey Miyake (Midori Kitamura) - book \/ album - Folio","og_description":"Wejd\u017a i kup ksi\u0105\u017ck\u0119 Issey Miyake autorstwa Midori Kitamura wydan\u0105 przez TASCHEN (2024-06-20) w formacie 30 x 30 cm (ISBN: 9783836596053). Zapraszamy!","og_url":"https:\/\/foliobooks.pl\/en\/shop\/issey-miyake\/","og_site_name":"Folio","og_image":[{"width":570,"height":708,"url":"https:\/\/foliobooks.pl\/wp-content\/uploads\/2026\/01\/9783836596053.png","type":"image\/png"}],"twitter_card":"summary_large_image","twitter_misc":{"Est. reading time":"2 minutes"},"schema":{"@context":"https:\/\/schema.org","@graph":[{"@type":"WebPage","@id":"https:\/\/foliobooks.pl\/en\/shop\/issey-miyake\/","url":"https:\/\/foliobooks.pl\/en\/shop\/issey-miyake\/","name":"Issey Miyake (Midori Kitamura) - book \/ album - Folio","isPartOf":{"@id":"https:\/\/foliobooks.pl\/en\/#website"},"primaryImageOfPage":{"@id":"https:\/\/foliobooks.pl\/en\/shop\/issey-miyake\/#primaryimage"},"image":{"@id":"https:\/\/foliobooks.pl\/en\/shop\/issey-miyake\/#primaryimage"},"thumbnailUrl":"https:\/\/foliobooks.pl\/wp-content\/uploads\/2026\/01\/9783836596053.png","datePublished":"2026-01-07T14:30:22+00:00","description":"Wejd\u017a i kup ksi\u0105\u017ck\u0119 Issey Miyake autorstwa Midori Kitamura wydan\u0105 przez TASCHEN (2024-06-20) w formacie 30 x 30 cm (ISBN: 9783836596053). Zapraszamy!","breadcrumb":{"@id":"https:\/\/foliobooks.pl\/en\/shop\/issey-miyake\/#breadcrumb"},"inLanguage":"en-US","potentialAction":[{"@type":"ReadAction","target":["https:\/\/foliobooks.pl\/en\/shop\/issey-miyake\/"]}]},{"@type":"ImageObject","inLanguage":"en-US","@id":"https:\/\/foliobooks.pl\/en\/shop\/issey-miyake\/#primaryimage","url":"https:\/\/foliobooks.pl\/wp-content\/uploads\/2026\/01\/9783836596053.png","contentUrl":"https:\/\/foliobooks.pl\/wp-content\/uploads\/2026\/01\/9783836596053.png","width":570,"height":708},{"@type":"BreadcrumbList","@id":"https:\/\/foliobooks.pl\/en\/shop\/issey-miyake\/#breadcrumb","itemListElement":[{"@type":"ListItem","position":1,"name":"Strona g\u0142\u00f3wna","item":"https:\/\/foliobooks.pl\/en\/"},{"@type":"ListItem","position":2,"name":"Shop","item":"https:\/\/foliobooks.pl\/en\/shop\/"},{"@type":"ListItem","position":3,"name":"Issey Miyake"}]},{"@type":"WebSite","@id":"https:\/\/foliobooks.pl\/en\/#website","url":"https:\/\/foliobooks.pl\/en\/","name":"Folio","description":"Ksi\u0119garnia internetowa","potentialAction":[{"@type":"SearchAction","target":{"@type":"EntryPoint","urlTemplate":"https:\/\/foliobooks.pl\/en\/?s={search_term_string}"},"query-input":{"@type":"PropertyValueSpecification","valueRequired":true,"valueName":"search_term_string"}}],"inLanguage":"en-US"}]}},"_links":{"self":[{"href":"https:\/\/foliobooks.pl\/en\/wp-json\/wp\/v2\/product\/108640","targetHints":{"allow":["GET"]}}],"collection":[{"href":"https:\/\/foliobooks.pl\/en\/wp-json\/wp\/v2\/product"}],"about":[{"href":"https:\/\/foliobooks.pl\/en\/wp-json\/wp\/v2\/types\/product"}],"replies":[{"embeddable":true,"href":"https:\/\/foliobooks.pl\/en\/wp-json\/wp\/v2\/comments?post=108640"}],"wp:featuredmedia":[{"embeddable":true,"href":"https:\/\/foliobooks.pl\/en\/wp-json\/wp\/v2\/media\/108641"}],"wp:attachment":[{"href":"https:\/\/foliobooks.pl\/en\/wp-json\/wp\/v2\/media?parent=108640"}],"wp:term":[{"taxonomy":"product_brand","embeddable":true,"href":"https:\/\/foliobooks.pl\/en\/wp-json\/wp\/v2\/product_brand?post=108640"},{"taxonomy":"product_cat","embeddable":true,"href":"https:\/\/foliobooks.pl\/en\/wp-json\/wp\/v2\/product_cat?post=108640"},{"taxonomy":"product_tag","embeddable":true,"href":"https:\/\/foliobooks.pl\/en\/wp-json\/wp\/v2\/product_tag?post=108640"}],"curies":[{"name":"wp","href":"https:\/\/api.w.org\/{rel}","templated":true}]}}