{"id":108613,"date":"2026-01-07T14:50:51","date_gmt":"2026-01-07T13:50:51","guid":{"rendered":"https:\/\/foliobooks.pl\/sklep\/homes-for-our-time-small-houses-45th-ed\/"},"modified":"2026-01-07T14:50:51","modified_gmt":"2026-01-07T13:50:51","slug":"homes-for-our-time-small-houses-45th-ed","status":"publish","type":"product","link":"https:\/\/foliobooks.pl\/en\/shop\/homes-for-our-time-small-houses-45th-ed\/","title":{"rendered":"Homes For Our Time. Small Houses. 45th Ed."},"content":{"rendered":"<p>Petite but Powerful<\/p>\n<p>A sweeping survey of small-scale architectural invention<\/p>\n<p>Small Houses is a tribute to the endless artistic inventiveness of architects and ingenuity of perception of the familiar and known concepts. It is also a conscious pivot towards sustainability and reduction of impact on the environment as well as a daring attitude of change in lifestyle. As humanity faces inevitable pressures such as climate change, an increase in population, and strain on resources, these solutions are helping shape what the world may look like in the future.<\/p>\n<p>Whether in the dense urban areas of Tokyo, the wilderness of Australia, the woods of Canada, or a rooftop in Ecuador, this is the world of Small Houses. The one common point they share, is that they all have an area of no more than 100 square meters. Spanning 25 countries such as Brazil, Hungary, South Korea, Netherlands, USA, Japan, and Australia, described here there are houses designed by 54 architects, including Takeshi Hosaka\u2019s Love2 House, Aranza de Ari\u00f1o\u2019s Casa Tiny, and the work of Jakub Szcz\u0119sny, Charles Pictet, Lada Hr\u0161ak, BIG, and Fran Silvestre. This is a journey not only through recent evolutions in architectural design and creativity, but it is also a step toward a more sustainable world.<\/p>\n","protected":false},"excerpt":{"rendered":"<p>Petite but Powerful A sweeping survey of small-scale architectural invention Small Houses is a tribute to the endless artistic inventiveness of architects and ingenuity of perception of the familiar and known concepts. It is also a conscious pivot towards sustainability and reduction of impact on the environment as well as a daring attitude of change&#8230;<\/p>\n","protected":false},"featured_media":108614,"comment_status":"closed","ping_status":"closed","template":"","meta":[],"product_brand":[],"product_cat":[4516,13533],"product_tag":[6124,1122],"class_list":{"0":"post-108613","1":"product","2":"type-product","3":"status-publish","4":"has-post-thumbnail","6":"product_cat-architecture-en","7":"product_cat-books","8":"product_tag-architecture-en","9":"product_tag-houses-en","10":"pa_author_att-philip-jodidio-en","11":"pa_cover-hardcover","12":"pa_format-156-x-217-cm-en","13":"pa_isbn-20904","14":"pa_language-eng-f-ger","15":"pa_pages-488-en","16":"pa_published-2025-12-24","17":"pa_publisher-taschen-en-en","19":"first","20":"instock","21":"sold-individually","22":"shipping-taxable","23":"purchasable","24":"product-type-simple"},"yoast_head":"<!-- This site is optimized with the Yoast SEO plugin v27.4 - https:\/\/yoast.com\/product\/yoast-seo-wordpress\/ -->\n<title>Homes For Our Time. Small Houses. 45th Ed. (Philip Jodidio) - book \/ album - Folio<\/title>\n<meta name=\"description\" content=\"Wejd\u017a i kup ksi\u0105\u017ck\u0119 Homes For Our Time. Small Houses. 45th Ed. autorstwa Philip Jodidio wydan\u0105 przez TASCHEN (2025-12-24) w formacie 15,6 x 21,7 cm (ISBN: 9783836598903). Zapraszamy!\" \/>\n<meta name=\"robots\" content=\"index, follow, max-snippet:-1, max-image-preview:large, max-video-preview:-1\" \/>\n<link rel=\"canonical\" href=\"https:\/\/foliobooks.pl\/en\/shop\/homes-for-our-time-small-houses-45th-ed\/\" \/>\n<meta property=\"og:locale\" content=\"en_US\" \/>\n<meta property=\"og:type\" content=\"article\" \/>\n<meta property=\"og:title\" content=\"Homes For Our Time. Small Houses. 45th Ed. (Philip Jodidio) - book \/ album - Folio\" \/>\n<meta property=\"og:description\" content=\"Wejd\u017a i kup ksi\u0105\u017ck\u0119 Homes For Our Time. Small Houses. 45th Ed. autorstwa Philip Jodidio wydan\u0105 przez TASCHEN (2025-12-24) w formacie 15,6 x 21,7 cm (ISBN: 9783836598903). Zapraszamy!\" \/>\n<meta property=\"og:url\" content=\"https:\/\/foliobooks.pl\/en\/shop\/homes-for-our-time-small-houses-45th-ed\/\" \/>\n<meta property=\"og:site_name\" content=\"Folio\" \/>\n<meta property=\"og:image\" content=\"https:\/\/foliobooks.pl\/wp-content\/uploads\/2026\/01\/9783836598903.png\" \/>\n\t<meta property=\"og:image:width\" content=\"570\" \/>\n\t<meta property=\"og:image:height\" content=\"708\" \/>\n\t<meta property=\"og:image:type\" content=\"image\/png\" \/>\n<meta name=\"twitter:card\" content=\"summary_large_image\" \/>\n<meta name=\"twitter:label1\" content=\"Est. reading time\" \/>\n\t<meta name=\"twitter:data1\" content=\"2 minutes\" \/>\n<script type=\"application\/ld+json\" class=\"yoast-schema-graph\">{\"@context\":\"https:\\\/\\\/schema.org\",\"@graph\":[{\"@type\":\"WebPage\",\"@id\":\"https:\\\/\\\/foliobooks.pl\\\/en\\\/shop\\\/homes-for-our-time-small-houses-45th-ed\\\/\",\"url\":\"https:\\\/\\\/foliobooks.pl\\\/en\\\/shop\\\/homes-for-our-time-small-houses-45th-ed\\\/\",\"name\":\"Homes For Our Time. Small Houses. 45th Ed. (Philip Jodidio) - book \\\/ album - Folio\",\"isPartOf\":{\"@id\":\"https:\\\/\\\/foliobooks.pl\\\/en\\\/#website\"},\"primaryImageOfPage\":{\"@id\":\"https:\\\/\\\/foliobooks.pl\\\/en\\\/shop\\\/homes-for-our-time-small-houses-45th-ed\\\/#primaryimage\"},\"image\":{\"@id\":\"https:\\\/\\\/foliobooks.pl\\\/en\\\/shop\\\/homes-for-our-time-small-houses-45th-ed\\\/#primaryimage\"},\"thumbnailUrl\":\"https:\\\/\\\/foliobooks.pl\\\/wp-content\\\/uploads\\\/2026\\\/01\\\/9783836598903.png\",\"datePublished\":\"2026-01-07T13:50:51+00:00\",\"description\":\"Wejd\u017a i kup ksi\u0105\u017ck\u0119 Homes For Our Time. Small Houses. 45th Ed. autorstwa Philip Jodidio wydan\u0105 przez TASCHEN (2025-12-24) w formacie 15,6 x 21,7 cm (ISBN: 9783836598903). Zapraszamy!\",\"breadcrumb\":{\"@id\":\"https:\\\/\\\/foliobooks.pl\\\/en\\\/shop\\\/homes-for-our-time-small-houses-45th-ed\\\/#breadcrumb\"},\"inLanguage\":\"en-US\",\"potentialAction\":[{\"@type\":\"ReadAction\",\"target\":[\"https:\\\/\\\/foliobooks.pl\\\/en\\\/shop\\\/homes-for-our-time-small-houses-45th-ed\\\/\"]}]},{\"@type\":\"ImageObject\",\"inLanguage\":\"en-US\",\"@id\":\"https:\\\/\\\/foliobooks.pl\\\/en\\\/shop\\\/homes-for-our-time-small-houses-45th-ed\\\/#primaryimage\",\"url\":\"https:\\\/\\\/foliobooks.pl\\\/wp-content\\\/uploads\\\/2026\\\/01\\\/9783836598903.png\",\"contentUrl\":\"https:\\\/\\\/foliobooks.pl\\\/wp-content\\\/uploads\\\/2026\\\/01\\\/9783836598903.png\",\"width\":570,\"height\":708},{\"@type\":\"BreadcrumbList\",\"@id\":\"https:\\\/\\\/foliobooks.pl\\\/en\\\/shop\\\/homes-for-our-time-small-houses-45th-ed\\\/#breadcrumb\",\"itemListElement\":[{\"@type\":\"ListItem\",\"position\":1,\"name\":\"Strona g\u0142\u00f3wna\",\"item\":\"https:\\\/\\\/foliobooks.pl\\\/en\\\/\"},{\"@type\":\"ListItem\",\"position\":2,\"name\":\"Shop\",\"item\":\"https:\\\/\\\/foliobooks.pl\\\/en\\\/shop\\\/\"},{\"@type\":\"ListItem\",\"position\":3,\"name\":\"Homes For Our Time. Small Houses. 45th Ed.\"}]},{\"@type\":\"WebSite\",\"@id\":\"https:\\\/\\\/foliobooks.pl\\\/en\\\/#website\",\"url\":\"https:\\\/\\\/foliobooks.pl\\\/en\\\/\",\"name\":\"Folio\",\"description\":\"Ksi\u0119garnia internetowa\",\"potentialAction\":[{\"@type\":\"SearchAction\",\"target\":{\"@type\":\"EntryPoint\",\"urlTemplate\":\"https:\\\/\\\/foliobooks.pl\\\/en\\\/?s={search_term_string}\"},\"query-input\":{\"@type\":\"PropertyValueSpecification\",\"valueRequired\":true,\"valueName\":\"search_term_string\"}}],\"inLanguage\":\"en-US\"}]}<\/script>\n<!-- \/ Yoast SEO plugin. -->","yoast_head_json":{"title":"Homes For Our Time. Small Houses. 45th Ed. (Philip Jodidio) - book \/ album - Folio","description":"Wejd\u017a i kup ksi\u0105\u017ck\u0119 Homes For Our Time. Small Houses. 45th Ed. autorstwa Philip Jodidio wydan\u0105 przez TASCHEN (2025-12-24) w formacie 15,6 x 21,7 cm (ISBN: 9783836598903). Zapraszamy!","robots":{"index":"index","follow":"follow","max-snippet":"max-snippet:-1","max-image-preview":"max-image-preview:large","max-video-preview":"max-video-preview:-1"},"canonical":"https:\/\/foliobooks.pl\/en\/shop\/homes-for-our-time-small-houses-45th-ed\/","og_locale":"en_US","og_type":"article","og_title":"Homes For Our Time. Small Houses. 45th Ed. (Philip Jodidio) - book \/ album - Folio","og_description":"Wejd\u017a i kup ksi\u0105\u017ck\u0119 Homes For Our Time. Small Houses. 45th Ed. autorstwa Philip Jodidio wydan\u0105 przez TASCHEN (2025-12-24) w formacie 15,6 x 21,7 cm (ISBN: 9783836598903). Zapraszamy!","og_url":"https:\/\/foliobooks.pl\/en\/shop\/homes-for-our-time-small-houses-45th-ed\/","og_site_name":"Folio","og_image":[{"width":570,"height":708,"url":"https:\/\/foliobooks.pl\/wp-content\/uploads\/2026\/01\/9783836598903.png","type":"image\/png"}],"twitter_card":"summary_large_image","twitter_misc":{"Est. reading time":"2 minutes"},"schema":{"@context":"https:\/\/schema.org","@graph":[{"@type":"WebPage","@id":"https:\/\/foliobooks.pl\/en\/shop\/homes-for-our-time-small-houses-45th-ed\/","url":"https:\/\/foliobooks.pl\/en\/shop\/homes-for-our-time-small-houses-45th-ed\/","name":"Homes For Our Time. Small Houses. 45th Ed. (Philip Jodidio) - book \/ album - Folio","isPartOf":{"@id":"https:\/\/foliobooks.pl\/en\/#website"},"primaryImageOfPage":{"@id":"https:\/\/foliobooks.pl\/en\/shop\/homes-for-our-time-small-houses-45th-ed\/#primaryimage"},"image":{"@id":"https:\/\/foliobooks.pl\/en\/shop\/homes-for-our-time-small-houses-45th-ed\/#primaryimage"},"thumbnailUrl":"https:\/\/foliobooks.pl\/wp-content\/uploads\/2026\/01\/9783836598903.png","datePublished":"2026-01-07T13:50:51+00:00","description":"Wejd\u017a i kup ksi\u0105\u017ck\u0119 Homes For Our Time. Small Houses. 45th Ed. autorstwa Philip Jodidio wydan\u0105 przez TASCHEN (2025-12-24) w formacie 15,6 x 21,7 cm (ISBN: 9783836598903). Zapraszamy!","breadcrumb":{"@id":"https:\/\/foliobooks.pl\/en\/shop\/homes-for-our-time-small-houses-45th-ed\/#breadcrumb"},"inLanguage":"en-US","potentialAction":[{"@type":"ReadAction","target":["https:\/\/foliobooks.pl\/en\/shop\/homes-for-our-time-small-houses-45th-ed\/"]}]},{"@type":"ImageObject","inLanguage":"en-US","@id":"https:\/\/foliobooks.pl\/en\/shop\/homes-for-our-time-small-houses-45th-ed\/#primaryimage","url":"https:\/\/foliobooks.pl\/wp-content\/uploads\/2026\/01\/9783836598903.png","contentUrl":"https:\/\/foliobooks.pl\/wp-content\/uploads\/2026\/01\/9783836598903.png","width":570,"height":708},{"@type":"BreadcrumbList","@id":"https:\/\/foliobooks.pl\/en\/shop\/homes-for-our-time-small-houses-45th-ed\/#breadcrumb","itemListElement":[{"@type":"ListItem","position":1,"name":"Strona g\u0142\u00f3wna","item":"https:\/\/foliobooks.pl\/en\/"},{"@type":"ListItem","position":2,"name":"Shop","item":"https:\/\/foliobooks.pl\/en\/shop\/"},{"@type":"ListItem","position":3,"name":"Homes For Our Time. Small Houses. 45th Ed."}]},{"@type":"WebSite","@id":"https:\/\/foliobooks.pl\/en\/#website","url":"https:\/\/foliobooks.pl\/en\/","name":"Folio","description":"Ksi\u0119garnia internetowa","potentialAction":[{"@type":"SearchAction","target":{"@type":"EntryPoint","urlTemplate":"https:\/\/foliobooks.pl\/en\/?s={search_term_string}"},"query-input":{"@type":"PropertyValueSpecification","valueRequired":true,"valueName":"search_term_string"}}],"inLanguage":"en-US"}]}},"_links":{"self":[{"href":"https:\/\/foliobooks.pl\/en\/wp-json\/wp\/v2\/product\/108613","targetHints":{"allow":["GET"]}}],"collection":[{"href":"https:\/\/foliobooks.pl\/en\/wp-json\/wp\/v2\/product"}],"about":[{"href":"https:\/\/foliobooks.pl\/en\/wp-json\/wp\/v2\/types\/product"}],"replies":[{"embeddable":true,"href":"https:\/\/foliobooks.pl\/en\/wp-json\/wp\/v2\/comments?post=108613"}],"wp:featuredmedia":[{"embeddable":true,"href":"https:\/\/foliobooks.pl\/en\/wp-json\/wp\/v2\/media\/108614"}],"wp:attachment":[{"href":"https:\/\/foliobooks.pl\/en\/wp-json\/wp\/v2\/media?parent=108613"}],"wp:term":[{"taxonomy":"product_brand","embeddable":true,"href":"https:\/\/foliobooks.pl\/en\/wp-json\/wp\/v2\/product_brand?post=108613"},{"taxonomy":"product_cat","embeddable":true,"href":"https:\/\/foliobooks.pl\/en\/wp-json\/wp\/v2\/product_cat?post=108613"},{"taxonomy":"product_tag","embeddable":true,"href":"https:\/\/foliobooks.pl\/en\/wp-json\/wp\/v2\/product_tag?post=108613"}],"curies":[{"name":"wp","href":"https:\/\/api.w.org\/{rel}","templated":true}]}}