{"id":108446,"date":"2025-12-18T22:44:31","date_gmt":"2025-12-18T21:44:31","guid":{"rendered":"https:\/\/foliobooks.pl\/sklep\/art-for-all-impressionists\/"},"modified":"2025-12-18T22:44:31","modified_gmt":"2025-12-18T21:44:31","slug":"art-for-all-impressionists","status":"publish","type":"product","link":"https:\/\/foliobooks.pl\/en\/shop\/art-for-all-impressionists\/","title":{"rendered":"Art for All. Impressionists"},"content":{"rendered":"<p>Brushed by Light<br \/>\nDiscover the lives and work of five iconic Impressionist artists<br \/>\nThis inspiring collection covers the work, the lives, and the enduring impact of five key Impressionists, in one volume that\u2019s a primer and a celebration of probably the most popular artistic genre of all time. Each featured artist broke boundaries in different ways, astounding late 19th-century society with their boldness of vision and technique.<\/p>\n<p>Edgar Degas explored movement and the human form with masterly style and innovative compositions, most famously of dancers, racehorses, and busy streetscapes. Claude Monet was a maestro of light and atmosphere, capturing the fleeting moment with his iconic water lilies and series paintings. Pierre-Auguste Renoir celebrated beauty and sensuality, bringing vibrancy to everyday scenes with lush brushwork and a radiant palette. Paul Gauguin sought inspiration in the exotic, using bold colors and symbolism, often to unsettling effect. Finally, Vincent van Gogh\u2019s highly emotive use of color and vigorous brushstrokes conveyed his private turmoil and did much to lay the groundwork for Expressionism.<\/p>\n<p>Together, these five creative masters redefined what art dared to achieve, emphasizing personal expression alongside their exploration of light, color, and perspective. Their output marked a pivotal shift to modern artistic freedoms and expectations.<\/p>\n<p>This collection looks beyond their most famous works and includes an extensive text on each artist\u2019s oeuvre, alongside a detailed biography and more than 400 high-quality color illustrations.<\/p>\n","protected":false},"excerpt":{"rendered":"<p>Brushed by Light Discover the lives and work of five iconic Impressionist artists This inspiring collection covers the work, the lives, and the enduring impact of five key Impressionists, in one volume that\u2019s a primer and a celebration of probably the most popular artistic genre of all time. Each featured artist broke boundaries in different&#8230;<\/p>\n","protected":false},"featured_media":108447,"comment_status":"closed","ping_status":"closed","template":"","meta":[],"product_brand":[],"product_cat":[4522,13533],"product_tag":[9083,524],"class_list":{"0":"post-108446","1":"product","2":"type-product","3":"status-publish","4":"has-post-thumbnail","6":"product_cat-art-en","7":"product_cat-books","8":"product_tag-art-en","9":"product_tag-painting-en","10":"pa_author_att-bernd-growe-en","11":"pa_cover-hardcover","12":"pa_format-17x24cm-2-en","13":"pa_isbn-20875","14":"pa_language-eng","15":"pa_pages-504-en","16":"pa_published-2025-08-12","17":"pa_publisher-taschen-en-en","19":"first","20":"instock","21":"sold-individually","22":"shipping-taxable","23":"purchasable","24":"product-type-simple"},"yoast_head":"<!-- This site is optimized with the Yoast SEO plugin v27.6 - https:\/\/yoast.com\/product\/yoast-seo-wordpress\/ -->\n<title>Art for All. Impressionists (Bernd Growe) - book \/ album - Folio<\/title>\n<meta name=\"description\" content=\"Wejd\u017a i kup ksi\u0105\u017ck\u0119 Art for All. Impressionists autorstwa Bernd Growe wydan\u0105 przez TASCHEN (2025-08-12) w formacie 17\u2009x\u200924\u2009cm (ISBN: 9783754401415). Zapraszamy!\" \/>\n<meta name=\"robots\" content=\"index, follow, max-snippet:-1, max-image-preview:large, max-video-preview:-1\" \/>\n<link rel=\"canonical\" href=\"https:\/\/foliobooks.pl\/en\/shop\/art-for-all-impressionists\/\" \/>\n<meta property=\"og:locale\" content=\"en_US\" \/>\n<meta property=\"og:type\" content=\"article\" \/>\n<meta property=\"og:title\" content=\"Art for All. Impressionists (Bernd Growe) - book \/ album - Folio\" \/>\n<meta property=\"og:description\" content=\"Wejd\u017a i kup ksi\u0105\u017ck\u0119 Art for All. Impressionists autorstwa Bernd Growe wydan\u0105 przez TASCHEN (2025-08-12) w formacie 17\u2009x\u200924\u2009cm (ISBN: 9783754401415). Zapraszamy!\" \/>\n<meta property=\"og:url\" content=\"https:\/\/foliobooks.pl\/en\/shop\/art-for-all-impressionists\/\" \/>\n<meta property=\"og:site_name\" content=\"Folio\" \/>\n<meta property=\"og:image\" content=\"https:\/\/foliobooks.pl\/wp-content\/uploads\/2025\/12\/9783754401415.png\" \/>\n\t<meta property=\"og:image:width\" content=\"570\" \/>\n\t<meta property=\"og:image:height\" content=\"708\" \/>\n\t<meta property=\"og:image:type\" content=\"image\/png\" \/>\n<meta name=\"twitter:card\" content=\"summary_large_image\" \/>\n<meta name=\"twitter:label1\" content=\"Est. reading time\" \/>\n\t<meta name=\"twitter:data1\" content=\"2 minutes\" \/>\n<script type=\"application\/ld+json\" class=\"yoast-schema-graph\">{\"@context\":\"https:\\\/\\\/schema.org\",\"@graph\":[{\"@type\":\"WebPage\",\"@id\":\"https:\\\/\\\/foliobooks.pl\\\/en\\\/shop\\\/art-for-all-impressionists\\\/\",\"url\":\"https:\\\/\\\/foliobooks.pl\\\/en\\\/shop\\\/art-for-all-impressionists\\\/\",\"name\":\"Art for All. Impressionists (Bernd Growe) - book \\\/ album - Folio\",\"isPartOf\":{\"@id\":\"https:\\\/\\\/foliobooks.pl\\\/en\\\/#website\"},\"primaryImageOfPage\":{\"@id\":\"https:\\\/\\\/foliobooks.pl\\\/en\\\/shop\\\/art-for-all-impressionists\\\/#primaryimage\"},\"image\":{\"@id\":\"https:\\\/\\\/foliobooks.pl\\\/en\\\/shop\\\/art-for-all-impressionists\\\/#primaryimage\"},\"thumbnailUrl\":\"https:\\\/\\\/foliobooks.pl\\\/wp-content\\\/uploads\\\/2025\\\/12\\\/9783754401415.png\",\"datePublished\":\"2025-12-18T21:44:31+00:00\",\"description\":\"Wejd\u017a i kup ksi\u0105\u017ck\u0119 Art for All. Impressionists autorstwa Bernd Growe wydan\u0105 przez TASCHEN (2025-08-12) w formacie 17\u2009x\u200924\u2009cm (ISBN: 9783754401415). Zapraszamy!\",\"breadcrumb\":{\"@id\":\"https:\\\/\\\/foliobooks.pl\\\/en\\\/shop\\\/art-for-all-impressionists\\\/#breadcrumb\"},\"inLanguage\":\"en-US\",\"potentialAction\":[{\"@type\":\"ReadAction\",\"target\":[\"https:\\\/\\\/foliobooks.pl\\\/en\\\/shop\\\/art-for-all-impressionists\\\/\"]}]},{\"@type\":\"ImageObject\",\"inLanguage\":\"en-US\",\"@id\":\"https:\\\/\\\/foliobooks.pl\\\/en\\\/shop\\\/art-for-all-impressionists\\\/#primaryimage\",\"url\":\"https:\\\/\\\/foliobooks.pl\\\/wp-content\\\/uploads\\\/2025\\\/12\\\/9783754401415.png\",\"contentUrl\":\"https:\\\/\\\/foliobooks.pl\\\/wp-content\\\/uploads\\\/2025\\\/12\\\/9783754401415.png\",\"width\":570,\"height\":708},{\"@type\":\"BreadcrumbList\",\"@id\":\"https:\\\/\\\/foliobooks.pl\\\/en\\\/shop\\\/art-for-all-impressionists\\\/#breadcrumb\",\"itemListElement\":[{\"@type\":\"ListItem\",\"position\":1,\"name\":\"Strona g\u0142\u00f3wna\",\"item\":\"https:\\\/\\\/foliobooks.pl\\\/en\\\/\"},{\"@type\":\"ListItem\",\"position\":2,\"name\":\"Shop\",\"item\":\"https:\\\/\\\/foliobooks.pl\\\/en\\\/shop\\\/\"},{\"@type\":\"ListItem\",\"position\":3,\"name\":\"Art for All. Impressionists\"}]},{\"@type\":\"WebSite\",\"@id\":\"https:\\\/\\\/foliobooks.pl\\\/en\\\/#website\",\"url\":\"https:\\\/\\\/foliobooks.pl\\\/en\\\/\",\"name\":\"Folio\",\"description\":\"Ksi\u0119garnia internetowa\",\"potentialAction\":[{\"@type\":\"SearchAction\",\"target\":{\"@type\":\"EntryPoint\",\"urlTemplate\":\"https:\\\/\\\/foliobooks.pl\\\/en\\\/?s={search_term_string}\"},\"query-input\":{\"@type\":\"PropertyValueSpecification\",\"valueRequired\":true,\"valueName\":\"search_term_string\"}}],\"inLanguage\":\"en-US\"}]}<\/script>\n<!-- \/ Yoast SEO plugin. -->","yoast_head_json":{"title":"Art for All. Impressionists (Bernd Growe) - book \/ album - Folio","description":"Wejd\u017a i kup ksi\u0105\u017ck\u0119 Art for All. Impressionists autorstwa Bernd Growe wydan\u0105 przez TASCHEN (2025-08-12) w formacie 17\u2009x\u200924\u2009cm (ISBN: 9783754401415). Zapraszamy!","robots":{"index":"index","follow":"follow","max-snippet":"max-snippet:-1","max-image-preview":"max-image-preview:large","max-video-preview":"max-video-preview:-1"},"canonical":"https:\/\/foliobooks.pl\/en\/shop\/art-for-all-impressionists\/","og_locale":"en_US","og_type":"article","og_title":"Art for All. Impressionists (Bernd Growe) - book \/ album - Folio","og_description":"Wejd\u017a i kup ksi\u0105\u017ck\u0119 Art for All. Impressionists autorstwa Bernd Growe wydan\u0105 przez TASCHEN (2025-08-12) w formacie 17\u2009x\u200924\u2009cm (ISBN: 9783754401415). Zapraszamy!","og_url":"https:\/\/foliobooks.pl\/en\/shop\/art-for-all-impressionists\/","og_site_name":"Folio","og_image":[{"width":570,"height":708,"url":"https:\/\/foliobooks.pl\/wp-content\/uploads\/2025\/12\/9783754401415.png","type":"image\/png"}],"twitter_card":"summary_large_image","twitter_misc":{"Est. reading time":"2 minutes"},"schema":{"@context":"https:\/\/schema.org","@graph":[{"@type":"WebPage","@id":"https:\/\/foliobooks.pl\/en\/shop\/art-for-all-impressionists\/","url":"https:\/\/foliobooks.pl\/en\/shop\/art-for-all-impressionists\/","name":"Art for All. Impressionists (Bernd Growe) - book \/ album - Folio","isPartOf":{"@id":"https:\/\/foliobooks.pl\/en\/#website"},"primaryImageOfPage":{"@id":"https:\/\/foliobooks.pl\/en\/shop\/art-for-all-impressionists\/#primaryimage"},"image":{"@id":"https:\/\/foliobooks.pl\/en\/shop\/art-for-all-impressionists\/#primaryimage"},"thumbnailUrl":"https:\/\/foliobooks.pl\/wp-content\/uploads\/2025\/12\/9783754401415.png","datePublished":"2025-12-18T21:44:31+00:00","description":"Wejd\u017a i kup ksi\u0105\u017ck\u0119 Art for All. Impressionists autorstwa Bernd Growe wydan\u0105 przez TASCHEN (2025-08-12) w formacie 17\u2009x\u200924\u2009cm (ISBN: 9783754401415). Zapraszamy!","breadcrumb":{"@id":"https:\/\/foliobooks.pl\/en\/shop\/art-for-all-impressionists\/#breadcrumb"},"inLanguage":"en-US","potentialAction":[{"@type":"ReadAction","target":["https:\/\/foliobooks.pl\/en\/shop\/art-for-all-impressionists\/"]}]},{"@type":"ImageObject","inLanguage":"en-US","@id":"https:\/\/foliobooks.pl\/en\/shop\/art-for-all-impressionists\/#primaryimage","url":"https:\/\/foliobooks.pl\/wp-content\/uploads\/2025\/12\/9783754401415.png","contentUrl":"https:\/\/foliobooks.pl\/wp-content\/uploads\/2025\/12\/9783754401415.png","width":570,"height":708},{"@type":"BreadcrumbList","@id":"https:\/\/foliobooks.pl\/en\/shop\/art-for-all-impressionists\/#breadcrumb","itemListElement":[{"@type":"ListItem","position":1,"name":"Strona g\u0142\u00f3wna","item":"https:\/\/foliobooks.pl\/en\/"},{"@type":"ListItem","position":2,"name":"Shop","item":"https:\/\/foliobooks.pl\/en\/shop\/"},{"@type":"ListItem","position":3,"name":"Art for All. Impressionists"}]},{"@type":"WebSite","@id":"https:\/\/foliobooks.pl\/en\/#website","url":"https:\/\/foliobooks.pl\/en\/","name":"Folio","description":"Ksi\u0119garnia internetowa","potentialAction":[{"@type":"SearchAction","target":{"@type":"EntryPoint","urlTemplate":"https:\/\/foliobooks.pl\/en\/?s={search_term_string}"},"query-input":{"@type":"PropertyValueSpecification","valueRequired":true,"valueName":"search_term_string"}}],"inLanguage":"en-US"}]}},"_links":{"self":[{"href":"https:\/\/foliobooks.pl\/en\/wp-json\/wp\/v2\/product\/108446","targetHints":{"allow":["GET"]}}],"collection":[{"href":"https:\/\/foliobooks.pl\/en\/wp-json\/wp\/v2\/product"}],"about":[{"href":"https:\/\/foliobooks.pl\/en\/wp-json\/wp\/v2\/types\/product"}],"replies":[{"embeddable":true,"href":"https:\/\/foliobooks.pl\/en\/wp-json\/wp\/v2\/comments?post=108446"}],"wp:featuredmedia":[{"embeddable":true,"href":"https:\/\/foliobooks.pl\/en\/wp-json\/wp\/v2\/media\/108447"}],"wp:attachment":[{"href":"https:\/\/foliobooks.pl\/en\/wp-json\/wp\/v2\/media?parent=108446"}],"wp:term":[{"taxonomy":"product_brand","embeddable":true,"href":"https:\/\/foliobooks.pl\/en\/wp-json\/wp\/v2\/product_brand?post=108446"},{"taxonomy":"product_cat","embeddable":true,"href":"https:\/\/foliobooks.pl\/en\/wp-json\/wp\/v2\/product_cat?post=108446"},{"taxonomy":"product_tag","embeddable":true,"href":"https:\/\/foliobooks.pl\/en\/wp-json\/wp\/v2\/product_tag?post=108446"}],"curies":[{"name":"wp","href":"https:\/\/api.w.org\/{rel}","templated":true}]}}