{"id":108434,"date":"2025-12-18T22:36:36","date_gmt":"2025-12-18T21:36:36","guid":{"rendered":"https:\/\/foliobooks.pl\/sklep\/andre-butzer-friedrich-holderlin-die-jahreszeiten-the-seasons\/"},"modified":"2025-12-18T22:36:36","modified_gmt":"2025-12-18T21:36:36","slug":"andre-butzer-friedrich-holderlin-die-jahreszeiten-the-seasons","status":"publish","type":"product","link":"https:\/\/foliobooks.pl\/en\/shop\/andre-butzer-friedrich-holderlin-die-jahreszeiten-the-seasons\/","title":{"rendered":"Andr\u00e9 Butzer. Friedrich H\u00f6lderlin. Die Jahreszeiten \/ The Seasons"},"content":{"rendered":"<p>Longings put to use<\/p>\n<p>The Seasons according to Friedrich H\u00f6lderlin and Andr\u00e9 Butzer<\/p>\n<p>Friedrich H\u00f6lderlin is probably Andr\u00e9 Butzer\u2019s favorite poet and ranks alongside Walt Disney and Henri Matisse among his \u201cfavorite people ever.\u201d His identification with the poet goes even further, as H\u00f6lderlin\u2019s day of death is Butzer\u2019s own birthday.<\/p>\n<p>As Butzer moved to Los Angeles, the land of his youthful dreams, for the first time in 2001, he got homesick. The home he longed for lay neither in the old world nor in the new. In California, he read H\u00f6lderlin\u2019s Hyperion and was shaken: \u201cAs I read, I felt that I understood every word. I thought these words came from me.\u201d<\/p>\n<p>Butzer recognizes himself in H\u00f6lderlin\u2019s fateful protagonist and invents the figure of the homeless Wanderer. His home is in painting, and so he sets off down \u201cHyperion Ave\u201d\u2014the street on which The Walt Disney Studio opened in 1926. According to Butzer, \u201cH\u00f6lderlin, just like Disney, expresses longings. And these can be put to use.\u201d<\/p>\n<p>For H\u00f6lderlin, poetry is the place that makes human existence on earth possible. For Butzer, it is painting. In poetry, he finds succor to settle and reconcile the extreme contradictions of the world through his painting.<\/p>\n<p>In this artist\u2019s book, Butzer has compiled 47 poems written by H\u00f6lderlin between 1793 and 1843 on the four seasons. These poems link the cycle of the seasons with man\u2019s path of life like a parable: the autumnal fulfillment of summer\u2019s maturation, the blossoming of life in spring and the experienced barrenness of winter.<\/p>\n<p>The poems may sound simple, but in them H\u00f6lderlin gives shape to human endurance in seemingly hopeless conditions: hope, doubt, wonder, longing, love. Matters of the heart, simple, lucid and vulnerable.<\/p>\n<p>Just take H\u00f6lderlin\u2019s beloved Diotima. In Untitled (Diotima), she gazes towards a place hidden from our view. Is she looking into her innermost self or into the inaccessible distance? Seeing her see, we recognize ourselves in her gaze.<\/p>\n<p>To accompany the poems, Butzer has created 40 watercolors. His iconic characters\u2014the Wanderer, the Woman, the Peace-Siemens\u2014cyclically fade and reappear in the delicate colors. Each figure, each thing, each stroke, each patch and each hue of color carries itself. Yet time and again, a fragile harmony emerges from their contrary bonding.<\/p>\n<p>The book does neither adhere to the chronological everyday time nor the \u2018factual\u2019 succession of the seasons. Instead, Butzer has placed the poems and watercolors intuitively, forming open constellations. This corresponds to H\u00f6lderlin\u2019s wackily fantastic dating, in which a poem from 1843, for instance, can be attributed to 1758, 1648 or 1940. In the persistent poetic time, the past and the future are one complete whole.<\/p>\n<p>In unison words and images ponder man\u2019s dwelling upon this earth, in the humblest and most poetic way.<\/p>\n","protected":false},"excerpt":{"rendered":"<p>Longings put to use The Seasons according to Friedrich H\u00f6lderlin and Andr\u00e9 Butzer Friedrich H\u00f6lderlin is probably Andr\u00e9 Butzer\u2019s favorite poet and ranks alongside Walt Disney and Henri Matisse among his \u201cfavorite people ever.\u201d His identification with the poet goes even further, as H\u00f6lderlin\u2019s day of death is Butzer\u2019s own birthday. As Butzer moved to&#8230;<\/p>\n","protected":false},"featured_media":108435,"comment_status":"closed","ping_status":"closed","template":"","meta":[],"product_brand":[],"product_cat":[4522,13533],"product_tag":[9083,524],"class_list":{"0":"post-108434","1":"product","2":"type-product","3":"status-publish","4":"has-post-thumbnail","6":"product_cat-art-en","7":"product_cat-books","8":"product_tag-art-en","9":"product_tag-painting-en","10":"pa_author_att-andre-butzer","11":"pa_cover-hardcover","12":"pa_format-248-x-335-cm","13":"pa_isbn-20873","14":"pa_language-eng-ger","15":"pa_pages-204-en","16":"pa_published-2025-10-01","17":"pa_publisher-taschen-en-en","19":"first","20":"instock","21":"sold-individually","22":"shipping-taxable","23":"purchasable","24":"product-type-simple"},"yoast_head":"<!-- This site is optimized with the Yoast SEO plugin v27.4 - https:\/\/yoast.com\/product\/yoast-seo-wordpress\/ -->\n<title>Andr\u00e9 Butzer. Friedrich H\u00f6lderlin. Die Jahreszeiten \/ The Seasons (Andr\u00e9 Butzer) - book \/ album - Folio<\/title>\n<meta name=\"description\" content=\"Wejd\u017a i kup ksi\u0105\u017ck\u0119 Andr\u00e9 Butzer. Friedrich H\u00f6lderlin. Die Jahreszeiten \/ The Seasons autorstwa Andr\u00e9 Butzer wydan\u0105 przez TASCHEN (2025-10-01) w formacie 24,8 x 33,5 cm (ISBN: 9783754400159). Zapraszamy!\" \/>\n<meta name=\"robots\" content=\"index, follow, max-snippet:-1, max-image-preview:large, max-video-preview:-1\" \/>\n<link rel=\"canonical\" href=\"https:\/\/foliobooks.pl\/en\/shop\/andre-butzer-friedrich-holderlin-die-jahreszeiten-the-seasons\/\" \/>\n<meta property=\"og:locale\" content=\"en_US\" \/>\n<meta property=\"og:type\" content=\"article\" \/>\n<meta property=\"og:title\" content=\"Andr\u00e9 Butzer. Friedrich H\u00f6lderlin. Die Jahreszeiten \/ The Seasons (Andr\u00e9 Butzer) - book \/ album - Folio\" \/>\n<meta property=\"og:description\" content=\"Wejd\u017a i kup ksi\u0105\u017ck\u0119 Andr\u00e9 Butzer. Friedrich H\u00f6lderlin. Die Jahreszeiten \/ The Seasons autorstwa Andr\u00e9 Butzer wydan\u0105 przez TASCHEN (2025-10-01) w formacie 24,8 x 33,5 cm (ISBN: 9783754400159). Zapraszamy!\" \/>\n<meta property=\"og:url\" content=\"https:\/\/foliobooks.pl\/en\/shop\/andre-butzer-friedrich-holderlin-die-jahreszeiten-the-seasons\/\" \/>\n<meta property=\"og:site_name\" content=\"Folio\" \/>\n<meta property=\"og:image\" content=\"https:\/\/foliobooks.pl\/wp-content\/uploads\/2025\/12\/9783754400159.png\" \/>\n\t<meta property=\"og:image:width\" content=\"570\" \/>\n\t<meta property=\"og:image:height\" content=\"708\" \/>\n\t<meta property=\"og:image:type\" content=\"image\/png\" \/>\n<meta name=\"twitter:card\" content=\"summary_large_image\" \/>\n<meta name=\"twitter:label1\" content=\"Est. reading time\" \/>\n\t<meta name=\"twitter:data1\" content=\"3 minutes\" \/>\n<script type=\"application\/ld+json\" class=\"yoast-schema-graph\">{\"@context\":\"https:\\\/\\\/schema.org\",\"@graph\":[{\"@type\":\"WebPage\",\"@id\":\"https:\\\/\\\/foliobooks.pl\\\/en\\\/shop\\\/andre-butzer-friedrich-holderlin-die-jahreszeiten-the-seasons\\\/\",\"url\":\"https:\\\/\\\/foliobooks.pl\\\/en\\\/shop\\\/andre-butzer-friedrich-holderlin-die-jahreszeiten-the-seasons\\\/\",\"name\":\"Andr\u00e9 Butzer. Friedrich H\u00f6lderlin. Die Jahreszeiten \\\/ The Seasons (Andr\u00e9 Butzer) - book \\\/ album - Folio\",\"isPartOf\":{\"@id\":\"https:\\\/\\\/foliobooks.pl\\\/en\\\/#website\"},\"primaryImageOfPage\":{\"@id\":\"https:\\\/\\\/foliobooks.pl\\\/en\\\/shop\\\/andre-butzer-friedrich-holderlin-die-jahreszeiten-the-seasons\\\/#primaryimage\"},\"image\":{\"@id\":\"https:\\\/\\\/foliobooks.pl\\\/en\\\/shop\\\/andre-butzer-friedrich-holderlin-die-jahreszeiten-the-seasons\\\/#primaryimage\"},\"thumbnailUrl\":\"https:\\\/\\\/foliobooks.pl\\\/wp-content\\\/uploads\\\/2025\\\/12\\\/9783754400159.png\",\"datePublished\":\"2025-12-18T21:36:36+00:00\",\"description\":\"Wejd\u017a i kup ksi\u0105\u017ck\u0119 Andr\u00e9 Butzer. Friedrich H\u00f6lderlin. Die Jahreszeiten \\\/ The Seasons autorstwa Andr\u00e9 Butzer wydan\u0105 przez TASCHEN (2025-10-01) w formacie 24,8 x 33,5 cm (ISBN: 9783754400159). Zapraszamy!\",\"breadcrumb\":{\"@id\":\"https:\\\/\\\/foliobooks.pl\\\/en\\\/shop\\\/andre-butzer-friedrich-holderlin-die-jahreszeiten-the-seasons\\\/#breadcrumb\"},\"inLanguage\":\"en-US\",\"potentialAction\":[{\"@type\":\"ReadAction\",\"target\":[\"https:\\\/\\\/foliobooks.pl\\\/en\\\/shop\\\/andre-butzer-friedrich-holderlin-die-jahreszeiten-the-seasons\\\/\"]}]},{\"@type\":\"ImageObject\",\"inLanguage\":\"en-US\",\"@id\":\"https:\\\/\\\/foliobooks.pl\\\/en\\\/shop\\\/andre-butzer-friedrich-holderlin-die-jahreszeiten-the-seasons\\\/#primaryimage\",\"url\":\"https:\\\/\\\/foliobooks.pl\\\/wp-content\\\/uploads\\\/2025\\\/12\\\/9783754400159.png\",\"contentUrl\":\"https:\\\/\\\/foliobooks.pl\\\/wp-content\\\/uploads\\\/2025\\\/12\\\/9783754400159.png\",\"width\":570,\"height\":708},{\"@type\":\"BreadcrumbList\",\"@id\":\"https:\\\/\\\/foliobooks.pl\\\/en\\\/shop\\\/andre-butzer-friedrich-holderlin-die-jahreszeiten-the-seasons\\\/#breadcrumb\",\"itemListElement\":[{\"@type\":\"ListItem\",\"position\":1,\"name\":\"Strona g\u0142\u00f3wna\",\"item\":\"https:\\\/\\\/foliobooks.pl\\\/en\\\/\"},{\"@type\":\"ListItem\",\"position\":2,\"name\":\"Shop\",\"item\":\"https:\\\/\\\/foliobooks.pl\\\/en\\\/shop\\\/\"},{\"@type\":\"ListItem\",\"position\":3,\"name\":\"Andr\u00e9 Butzer. Friedrich H\u00f6lderlin. Die Jahreszeiten \\\/ The Seasons\"}]},{\"@type\":\"WebSite\",\"@id\":\"https:\\\/\\\/foliobooks.pl\\\/en\\\/#website\",\"url\":\"https:\\\/\\\/foliobooks.pl\\\/en\\\/\",\"name\":\"Folio\",\"description\":\"Ksi\u0119garnia internetowa\",\"potentialAction\":[{\"@type\":\"SearchAction\",\"target\":{\"@type\":\"EntryPoint\",\"urlTemplate\":\"https:\\\/\\\/foliobooks.pl\\\/en\\\/?s={search_term_string}\"},\"query-input\":{\"@type\":\"PropertyValueSpecification\",\"valueRequired\":true,\"valueName\":\"search_term_string\"}}],\"inLanguage\":\"en-US\"}]}<\/script>\n<!-- \/ Yoast SEO plugin. -->","yoast_head_json":{"title":"Andr\u00e9 Butzer. Friedrich H\u00f6lderlin. Die Jahreszeiten \/ The Seasons (Andr\u00e9 Butzer) - book \/ album - Folio","description":"Wejd\u017a i kup ksi\u0105\u017ck\u0119 Andr\u00e9 Butzer. Friedrich H\u00f6lderlin. Die Jahreszeiten \/ The Seasons autorstwa Andr\u00e9 Butzer wydan\u0105 przez TASCHEN (2025-10-01) w formacie 24,8 x 33,5 cm (ISBN: 9783754400159). Zapraszamy!","robots":{"index":"index","follow":"follow","max-snippet":"max-snippet:-1","max-image-preview":"max-image-preview:large","max-video-preview":"max-video-preview:-1"},"canonical":"https:\/\/foliobooks.pl\/en\/shop\/andre-butzer-friedrich-holderlin-die-jahreszeiten-the-seasons\/","og_locale":"en_US","og_type":"article","og_title":"Andr\u00e9 Butzer. Friedrich H\u00f6lderlin. Die Jahreszeiten \/ The Seasons (Andr\u00e9 Butzer) - book \/ album - Folio","og_description":"Wejd\u017a i kup ksi\u0105\u017ck\u0119 Andr\u00e9 Butzer. Friedrich H\u00f6lderlin. Die Jahreszeiten \/ The Seasons autorstwa Andr\u00e9 Butzer wydan\u0105 przez TASCHEN (2025-10-01) w formacie 24,8 x 33,5 cm (ISBN: 9783754400159). Zapraszamy!","og_url":"https:\/\/foliobooks.pl\/en\/shop\/andre-butzer-friedrich-holderlin-die-jahreszeiten-the-seasons\/","og_site_name":"Folio","og_image":[{"width":570,"height":708,"url":"https:\/\/foliobooks.pl\/wp-content\/uploads\/2025\/12\/9783754400159.png","type":"image\/png"}],"twitter_card":"summary_large_image","twitter_misc":{"Est. reading time":"3 minutes"},"schema":{"@context":"https:\/\/schema.org","@graph":[{"@type":"WebPage","@id":"https:\/\/foliobooks.pl\/en\/shop\/andre-butzer-friedrich-holderlin-die-jahreszeiten-the-seasons\/","url":"https:\/\/foliobooks.pl\/en\/shop\/andre-butzer-friedrich-holderlin-die-jahreszeiten-the-seasons\/","name":"Andr\u00e9 Butzer. Friedrich H\u00f6lderlin. Die Jahreszeiten \/ The Seasons (Andr\u00e9 Butzer) - book \/ album - Folio","isPartOf":{"@id":"https:\/\/foliobooks.pl\/en\/#website"},"primaryImageOfPage":{"@id":"https:\/\/foliobooks.pl\/en\/shop\/andre-butzer-friedrich-holderlin-die-jahreszeiten-the-seasons\/#primaryimage"},"image":{"@id":"https:\/\/foliobooks.pl\/en\/shop\/andre-butzer-friedrich-holderlin-die-jahreszeiten-the-seasons\/#primaryimage"},"thumbnailUrl":"https:\/\/foliobooks.pl\/wp-content\/uploads\/2025\/12\/9783754400159.png","datePublished":"2025-12-18T21:36:36+00:00","description":"Wejd\u017a i kup ksi\u0105\u017ck\u0119 Andr\u00e9 Butzer. Friedrich H\u00f6lderlin. Die Jahreszeiten \/ The Seasons autorstwa Andr\u00e9 Butzer wydan\u0105 przez TASCHEN (2025-10-01) w formacie 24,8 x 33,5 cm (ISBN: 9783754400159). Zapraszamy!","breadcrumb":{"@id":"https:\/\/foliobooks.pl\/en\/shop\/andre-butzer-friedrich-holderlin-die-jahreszeiten-the-seasons\/#breadcrumb"},"inLanguage":"en-US","potentialAction":[{"@type":"ReadAction","target":["https:\/\/foliobooks.pl\/en\/shop\/andre-butzer-friedrich-holderlin-die-jahreszeiten-the-seasons\/"]}]},{"@type":"ImageObject","inLanguage":"en-US","@id":"https:\/\/foliobooks.pl\/en\/shop\/andre-butzer-friedrich-holderlin-die-jahreszeiten-the-seasons\/#primaryimage","url":"https:\/\/foliobooks.pl\/wp-content\/uploads\/2025\/12\/9783754400159.png","contentUrl":"https:\/\/foliobooks.pl\/wp-content\/uploads\/2025\/12\/9783754400159.png","width":570,"height":708},{"@type":"BreadcrumbList","@id":"https:\/\/foliobooks.pl\/en\/shop\/andre-butzer-friedrich-holderlin-die-jahreszeiten-the-seasons\/#breadcrumb","itemListElement":[{"@type":"ListItem","position":1,"name":"Strona g\u0142\u00f3wna","item":"https:\/\/foliobooks.pl\/en\/"},{"@type":"ListItem","position":2,"name":"Shop","item":"https:\/\/foliobooks.pl\/en\/shop\/"},{"@type":"ListItem","position":3,"name":"Andr\u00e9 Butzer. Friedrich H\u00f6lderlin. Die Jahreszeiten \/ The Seasons"}]},{"@type":"WebSite","@id":"https:\/\/foliobooks.pl\/en\/#website","url":"https:\/\/foliobooks.pl\/en\/","name":"Folio","description":"Ksi\u0119garnia internetowa","potentialAction":[{"@type":"SearchAction","target":{"@type":"EntryPoint","urlTemplate":"https:\/\/foliobooks.pl\/en\/?s={search_term_string}"},"query-input":{"@type":"PropertyValueSpecification","valueRequired":true,"valueName":"search_term_string"}}],"inLanguage":"en-US"}]}},"_links":{"self":[{"href":"https:\/\/foliobooks.pl\/en\/wp-json\/wp\/v2\/product\/108434","targetHints":{"allow":["GET"]}}],"collection":[{"href":"https:\/\/foliobooks.pl\/en\/wp-json\/wp\/v2\/product"}],"about":[{"href":"https:\/\/foliobooks.pl\/en\/wp-json\/wp\/v2\/types\/product"}],"replies":[{"embeddable":true,"href":"https:\/\/foliobooks.pl\/en\/wp-json\/wp\/v2\/comments?post=108434"}],"wp:featuredmedia":[{"embeddable":true,"href":"https:\/\/foliobooks.pl\/en\/wp-json\/wp\/v2\/media\/108435"}],"wp:attachment":[{"href":"https:\/\/foliobooks.pl\/en\/wp-json\/wp\/v2\/media?parent=108434"}],"wp:term":[{"taxonomy":"product_brand","embeddable":true,"href":"https:\/\/foliobooks.pl\/en\/wp-json\/wp\/v2\/product_brand?post=108434"},{"taxonomy":"product_cat","embeddable":true,"href":"https:\/\/foliobooks.pl\/en\/wp-json\/wp\/v2\/product_cat?post=108434"},{"taxonomy":"product_tag","embeddable":true,"href":"https:\/\/foliobooks.pl\/en\/wp-json\/wp\/v2\/product_tag?post=108434"}],"curies":[{"name":"wp","href":"https:\/\/api.w.org\/{rel}","templated":true}]}}